{"id":5346,"date":"2017-09-06T11:07:53","date_gmt":"2017-09-06T11:07:53","guid":{"rendered":"http:\/\/sileu.com\/?page_id=5346\/"},"modified":"2020-08-28T16:02:17","modified_gmt":"2020-08-28T16:02:17","slug":"ueber-sileucup-menstruationstassen","status":"publish","type":"page","link":"https:\/\/sileu.com\/de\/ueber-sileucup-menstruationstassen\/","title":{"rendered":"\u00dcber SileuCup Menstruationstassen"},"content":{"rendered":"\t\t<div data-elementor-type=\"wp-page\" data-elementor-id=\"5346\" class=\"elementor elementor-5346 elementor-3640\" data-elementor-post-type=\"page\">\n\t\t\t\t\t\t<section class=\"elementor-section elementor-top-section elementor-element elementor-element-8fe5948 elementor-section-boxed elementor-section-height-default elementor-section-height-default\" data-id=\"8fe5948\" data-element_type=\"section\" data-settings=\"{&quot;background_background&quot;:&quot;classic&quot;}\">\n\t\t\t\t\t\t<div class=\"elementor-container elementor-column-gap-default\">\n\t\t\t\t\t<div class=\"elementor-column elementor-col-100 elementor-top-column elementor-element elementor-element-b4a0ac0\" data-id=\"b4a0ac0\" data-element_type=\"column\">\n\t\t\t<div class=\"elementor-widget-wrap elementor-element-populated\">\n\t\t\t\t\t\t\t<\/div>\n\t\t<\/div>\n\t\t\t\t\t<\/div>\n\t\t<\/section>\n\t\t\t\t<section class=\"elementor-section elementor-top-section elementor-element elementor-element-132d4507 elementor-section-boxed elementor-section-height-default elementor-section-height-default\" data-id=\"132d4507\" data-element_type=\"section\">\n\t\t\t\t\t\t<div class=\"elementor-container elementor-column-gap-default\">\n\t\t\t\t\t<div class=\"elementor-column elementor-col-100 elementor-top-column elementor-element elementor-element-5c2917e\" data-id=\"5c2917e\" data-element_type=\"column\">\n\t\t\t<div class=\"elementor-widget-wrap elementor-element-populated\">\n\t\t\t\t\t\t<div class=\"elementor-element elementor-element-4355a79 elementor-widget elementor-widget-accordion\" data-id=\"4355a79\" data-element_type=\"widget\" data-widget_type=\"accordion.default\">\n\t\t\t\t<div class=\"elementor-widget-container\">\n\t\t\t\t\t\t\t<div class=\"elementor-accordion\">\n\t\t\t\t\t\t\t<div class=\"elementor-accordion-item\">\n\t\t\t\t\t<div id=\"elementor-tab-title-7061\" class=\"elementor-tab-title\" data-tab=\"1\" role=\"button\" aria-controls=\"elementor-tab-content-7061\" aria-expanded=\"false\">\n\t\t\t\t\t\t\t\t\t\t\t\t\t<span class=\"elementor-accordion-icon elementor-accordion-icon-right\" aria-hidden=\"true\">\n\t\t\t\t\t\t\t\t\t\t\t\t\t\t\t<span class=\"elementor-accordion-icon-closed\"><i class=\"fas fa-plus\"><\/i><\/span>\n\t\t\t\t\t\t\t\t<span class=\"elementor-accordion-icon-opened\"><i class=\"fas fa-minus\"><\/i><\/span>\n\t\t\t\t\t\t\t\t\t\t\t\t\t\t<\/span>\n\t\t\t\t\t\t\t\t\t\t\t\t<a class=\"elementor-accordion-title\" tabindex=\"0\">Was ist eine Menstruationstasse<\/a>\n\t\t\t\t\t<\/div>\n\t\t\t\t\t<div id=\"elementor-tab-content-7061\" class=\"elementor-tab-content elementor-clearfix\" data-tab=\"1\" role=\"region\" aria-labelledby=\"elementor-tab-title-7061\"><p>Die Sileu-Menstruationstassen sind die Zukunft in der weiblichen intimen Hygiene, eine Revolution in der Art, wie Frauen ihre Menstruation als etwas Sauberes und Nat\u00fcrliches verstehen lernen. Es ist eine einfache in der Anwendung, sichere, wiederverwendbare und umweltfreundliche Alternative.<\/p><p>Die Verwendung einer Sileu-Menstruationstasse ist so einfach wie die Verwendung eines Tampons, jedoch k\u00f6nnen Sie die Tasse f\u00fcr 12 Stunden bedenkenlos vergessen und sp\u00fcren gar nicht, dass Sie eine tragen. Sie f\u00e4ngt die Fl\u00fcssigkeiten auf, anstatt sie zu absorbieren, indem Ihr Innenraum nat\u00fcrlich geschmiert und gesund bleibt, ohne Trockenheit zu verursachen oder Spuren von Fasern zu hinterlassen. Statt die Tasse st\u00e4ndig zu wechseln, wie bei der Verwendung von traditionellen Methoden, ist sie waschbar und wiederverwendbar. Sie kann demnach nicht aufgebraucht werden. Die Menstruationstasse wird mit einer einfachen und funktionellen Baumwolltasche mitgeliefert, um sie zu aufbewahren und sie mit Ihnen \u00fcberall zu tragen und immer griffbereit zu haben. Mit der Menstruationstasse von Sileu k\u00f6nnen Sie sich einfach entspannen und Ihren Tag problemlos fortsetzen.<\/p><\/div>\n\t\t\t\t<\/div>\n\t\t\t\t\t\t\t<div class=\"elementor-accordion-item\">\n\t\t\t\t\t<div id=\"elementor-tab-title-7062\" class=\"elementor-tab-title\" data-tab=\"2\" role=\"button\" aria-controls=\"elementor-tab-content-7062\" aria-expanded=\"false\">\n\t\t\t\t\t\t\t\t\t\t\t\t\t<span class=\"elementor-accordion-icon elementor-accordion-icon-right\" aria-hidden=\"true\">\n\t\t\t\t\t\t\t\t\t\t\t\t\t\t\t<span class=\"elementor-accordion-icon-closed\"><i class=\"fas fa-plus\"><\/i><\/span>\n\t\t\t\t\t\t\t\t<span class=\"elementor-accordion-icon-opened\"><i class=\"fas fa-minus\"><\/i><\/span>\n\t\t\t\t\t\t\t\t\t\t\t\t\t\t<\/span>\n\t\t\t\t\t\t\t\t\t\t\t\t<a class=\"elementor-accordion-title\" tabindex=\"0\">Genie\u00dfen Sie unbegrenzte Vorteile<\/a>\n\t\t\t\t\t<\/div>\n\t\t\t\t\t<div id=\"elementor-tab-content-7062\" class=\"elementor-tab-content elementor-clearfix\" data-tab=\"2\" role=\"region\" aria-labelledby=\"elementor-tab-title-7062\"><ul><li>Sie k\u00f6nnen sie bis zu 12 Stunden ohne Sorgen tragen. Sie ist leicht und sauber zu entleeren. Waschen Sie Ihre Tasse und sie ist zur Verwendung bereit.<\/li><li>Mit ausreichender Wartung kann sie bis zu 10 Jahre verwendet werden, mit der daraus folgenden Geldersparnis auf Damenbinden und Tampons.<\/li><li>Sie kann einfach mit Wasser und milder Seife gereinigt werden. Wenn der Zyklus zu Ende ist, sterilisieren Sie sie einfach mit kochendem Wasser oder einer Sterilisationstablette. In unserer Zubeh\u00f6rabteilung finden Sie alles was Sie brauchen f\u00fcr die richtige Reinigung und Wartung.<\/li><li>Alle unsere Produkte sind aus hochwertigem medizinischen Silikon hergestellt, das auch bei Operationen verwendet wird. Sie sind 100% hypoallergen, so dass jede Frau sie ohne Gefahr verwenden kann.<\/li><li>Die Menstruationstassen verformen sich nicht und trocknen oder kratzen die nat\u00fcrliche Vaginalumgebung ebenfalls nicht. Keine Bakterien k\u00f6nnen auf der Oberfl\u00e4che des Bechers leben, wenn er richtig sterilisiert wird, wodurch Verbleibungen von Fasern, vaginale Infektionen, toxisches Schocksyndrom und Krankheiten wie Candidiasis und Zystitis vermieden werden.<\/li><li>Sie sind kompatibel mit der Verwendung eines Intrauterinpessars und eines Verh\u00fctungsringes.<\/li><li>Unser Silikon ist umweltfreundlich, die Verwendung der Menstruationstasse beugt das Erzeugen von Abf\u00e4llen in Form von Binden und Tampons vor, die mit hochverschmutzenden und sch\u00e4dlichen Chemikalien wie Chlor produziert werden. So hilft die Tasse der Umwelt.<\/li><\/ul><\/div>\n\t\t\t\t<\/div>\n\t\t\t\t\t\t\t<div class=\"elementor-accordion-item\">\n\t\t\t\t\t<div id=\"elementor-tab-title-7063\" class=\"elementor-tab-title\" data-tab=\"3\" role=\"button\" aria-controls=\"elementor-tab-content-7063\" aria-expanded=\"false\">\n\t\t\t\t\t\t\t\t\t\t\t\t\t<span class=\"elementor-accordion-icon elementor-accordion-icon-right\" aria-hidden=\"true\">\n\t\t\t\t\t\t\t\t\t\t\t\t\t\t\t<span class=\"elementor-accordion-icon-closed\"><i class=\"fas fa-plus\"><\/i><\/span>\n\t\t\t\t\t\t\t\t<span class=\"elementor-accordion-icon-opened\"><i class=\"fas fa-minus\"><\/i><\/span>\n\t\t\t\t\t\t\t\t\t\t\t\t\t\t<\/span>\n\t\t\t\t\t\t\t\t\t\t\t\t<a class=\"elementor-accordion-title\" tabindex=\"0\">Qualit\u00e4tsstandards der Sileu-Menstruationstassen<\/a>\n\t\t\t\t\t<\/div>\n\t\t\t\t\t<div id=\"elementor-tab-content-7063\" class=\"elementor-tab-content elementor-clearfix\" data-tab=\"3\" role=\"region\" aria-labelledby=\"elementor-tab-title-7063\"><p><img decoding=\"async\" class=\"irc_mi iG_UN1fWpPWg-pQOPx8XEepE alignleft\" src=\"http:\/\/www.sgs.com\/images\/SGS_Logo_500px_RGB.jpg\" alt=\"Resultado de imagen de sgs\" width=\"158\" height=\"158\" title=\"\">Die Menstruationstassen Sileucup folgen den strengsten Protokollen der Kontrolle und Qualit\u00e4t in ihrer Produktion. Das Silikon wird vom Lieferanten bis zum Endprodukt \u00fcberpr\u00fcft, mit einer detaillierten Qualit\u00e4tskontrolle in jeder Phase der Herstellung, um maximale Sicherheit und Gesundheitspflege zu gew\u00e4hrleisten. Sobald die Tasse fertig ist, wird sie in Plastikbeutel versiegelt, in eine Baumwolltasche eingelegt und zusammen mit der Bedienungsanleitung in die entsprechende Box eingepackt, so dass sie nicht in irgendeiner Weise manipuliert wird, bis sie zu Ihnen ankommt.<\/p><p>Die Sileucup-Menstruationsschale wurde von Intertek getestet, um sicherzustellen, dass sie frei von toxischen oder besorgniserregenden Stoffen ist. Die Menstruationstasse selbst sowie das Silikon, das in der Herstellung verwendet wurde, haben den SVHC-Test (REACH) erfolgreich bestanden. Diese doppelte Analyse garantiert die maximale Qualit\u00e4t und Sicherheit der Verwendung unserer Menstruationstassen, die v\u00f6llig frei von jeglicher Art von Substanz sind, die sch\u00e4dlich f\u00fcr den menschlichen K\u00f6rper ist.<\/p><\/div>\n\t\t\t\t<\/div>\n\t\t\t\t\t\t\t\t<\/div>\n\t\t\t\t\t\t<\/div>\n\t\t\t\t<\/div>\n\t\t\t\t<div class=\"elementor-element elementor-element-b66b15b elementor-widget elementor-widget-spacer\" data-id=\"b66b15b\" data-element_type=\"widget\" data-widget_type=\"spacer.default\">\n\t\t\t\t<div class=\"elementor-widget-container\">\n\t\t\t\t\t\t\t<div class=\"elementor-spacer\">\n\t\t\t<div class=\"elementor-spacer-inner\"><\/div>\n\t\t<\/div>\n\t\t\t\t\t\t<\/div>\n\t\t\t\t<\/div>\n\t\t\t\t\t<\/div>\n\t\t<\/div>\n\t\t\t\t\t<\/div>\n\t\t<\/section>\n\t\t\t\t<\/div>\n\t\t","protected":false},"excerpt":{"rendered":"<p>Was ist eine Menstruationstasse Die Sileu-Menstruationstassen sind die Zukunft in der weiblichen intimen Hygiene, eine Revolution in der Art, wie Frauen ihre Menstruation als etwas Sauberes und Nat\u00fcrliches verstehen lernen. Es ist eine einfache in der Anwendung, sichere, wiederverwendbare und umweltfreundliche Alternative. Die Verwendung einer Sileu-Menstruationstasse ist so einfach wie die Verwendung eines Tampons, jedoch [&hellip;]<\/p>\n","protected":false},"author":4815,"featured_media":0,"parent":0,"menu_order":0,"comment_status":"closed","ping_status":"closed","template":"elementor_header_footer","meta":{"footnotes":""},"class_list":["post-5346","page","type-page","status-publish","hentry"],"_links":{"self":[{"href":"https:\/\/sileu.com\/de\/wp-json\/wp\/v2\/pages\/5346","targetHints":{"allow":["GET"]}}],"collection":[{"href":"https:\/\/sileu.com\/de\/wp-json\/wp\/v2\/pages"}],"about":[{"href":"https:\/\/sileu.com\/de\/wp-json\/wp\/v2\/types\/page"}],"author":[{"embeddable":true,"href":"https:\/\/sileu.com\/de\/wp-json\/wp\/v2\/users\/4815"}],"replies":[{"embeddable":true,"href":"https:\/\/sileu.com\/de\/wp-json\/wp\/v2\/comments?post=5346"}],"version-history":[{"count":2,"href":"https:\/\/sileu.com\/de\/wp-json\/wp\/v2\/pages\/5346\/revisions"}],"predecessor-version":[{"id":77208,"href":"https:\/\/sileu.com\/de\/wp-json\/wp\/v2\/pages\/5346\/revisions\/77208"}],"wp:attachment":[{"href":"https:\/\/sileu.com\/de\/wp-json\/wp\/v2\/media?parent=5346"}],"curies":[{"name":"wp","href":"https:\/\/api.w.org\/{rel}","templated":true}]}}