{"id":5348,"date":"2017-09-06T11:09:30","date_gmt":"2017-09-06T11:09:30","guid":{"rendered":"http:\/\/sileu.com\/?page_id=5348\/"},"modified":"2018-10-25T09:41:46","modified_gmt":"2018-10-25T09:41:46","slug":"rechtliche-warnung","status":"publish","type":"page","link":"https:\/\/sileu.com\/de\/rechtliche-warnung\/","title":{"rendered":"Rechtliche Warnung"},"content":{"rendered":"<ol>\n<li>Firmendaten: In \u00dcbereinstimmung mit \u00a710 des Gesetzes 34\/2002 vom 11. Juli \u00fcber die Dienste der Informationsgesellschaft und des elektronischen Handels, die folgende Angaben sind die Identifikationsdaten des Unternehmens. Firmenname: Fulfillment Warehouse Spanien S.L., domiziliert an der<br \/>\nCalle Buend\u00eda 11, 19005, Guadalajara, Spanien, B19316165.<\/li>\n<\/ol>\n<p>&nbsp;<\/p>\n<ol start=\"2\">\n<li>Geistiges Eigentum: Der Quellcode, die grafischen Entw\u00fcrfe, Bilder, Fotografien, T\u00f6ne, Animationen, Software, Texte sowie die auf dieser Website enthaltenen Informationen und Inhalte sind durch die spanischen Gesetze \u00fcber Rechte an geistigem und gewerblichem Eigentum zu Gunsten der Fulfillment Warehouse Spain S.L. gesch\u00fctzt sowie die vollst\u00e4ndige oder teilweise Vervielf\u00e4ltigung und \/ oder Ver\u00f6ffentlichung der Website, deren Verarbeitung, Verteilung, Verbreitung oder Ver\u00e4nderung, Umwandlung oder Dekompilierung oder sonstige gesetzlich anerkannte Rechte ohne vorherige schriftliche Zustimmung von Fulfillment Warehouse Spain S.L. Der Nutzer darf das Material dieser Webseite nur pers\u00f6nlich und privat verwenden, wobei es seine Verwendung zu kommerziellen Zwecken oder in illegalen T\u00e4tigkeiten verboten ist. Alle Rechte bez\u00fcglich den geistigen Eigentum sind von Fulfillment Warehouse Spain S.L. ausdr\u00fccklich vorbehalten, Fulfillment Warehouse Spain S.L. wird die Einhaltung der oben genannten Bedingungen sowie die Nutzung der Inhalte auf ihren Webseiten, Aus\u00fcbung aller Zivilklagen und Strafen, die Ihnen im Falle eines Versto\u00dfes oder einer Nichteinhaltung dieser Rechte durch den Benutzer entsprechen.<\/li>\n<\/ol>\n<p>&nbsp;<\/p>\n<ol start=\"3\">\n<li>Schutz personenbezogener Daten. Im Rahmen der Einhaltung der geltenden Rechtsvorschriften, wie sie im Organgesetz 15\/1999 vom 13. Dezember zum Schutz personenbezogener Daten (LOPD) festgelegt sind, deren Zweck es ist, was die Behandlung personenbezogener Daten betrifft, Freiheiten und Rechte nat\u00fcrlicher Personen und vor allem ihre Ehre und Privatsph\u00e4re zu garantieren und zu sch\u00fctzen, Fulfillment Warehouse Spain S.L. informiert die Nutzer, dass die personenbezogene Daten auf dieser Website nicht angefordert oder aufgenommen werden. 4. Unterschiedliches A. &#8211; Fulfillment Warehouse Spanien S.L. verwendet keine Cookies, die auf dem Computer gespeichert sind. Cookies sind kleine Dateien, die unser Computer an Sie sendet, aber sie geben uns keine Informationen \u00fcber Ihren Namen oder irgendwelche pers\u00f6nlichen Daten von Ihnen. Wenn der Benutzer die Webseiten von Fulfillment Warehouse Spain S.L. durchsucht, erkennt unser Server automatisch, wo er gehostet wird, die IP-Adresse Ihres Computers, den Tag und die Uhrzeit, an dem der Besuch beginnt, wann der Nutzer die Webseite verl\u00e4sst, sowie Informationen \u00fcber die besuchten Abschnitte. Es ist notwendig, dass der Server diese Daten kennt, um in der Lage zu sein, die Anfrage zu senden und diese \u00fcber den Browser auf dem Bildschirm zu proizieren. B.- Fulfillment Warehouse Spanien S.L. k\u00f6nnen die auf ihrer Website enthaltenen Informationen sowie deren Konfiguration und Pr\u00e4sentation ohne vorherige Ank\u00fcndigung \u00e4ndern. C.- Fulfillment Warehouse Spain S.L. verpflichtet sich hiermit, sich NICHT IN IRREF\u00dcHRENDE WERBUNG EINZUS\u00c4TZEN. Zu diesen Effekten sind daher die formalen oder numerischen Fehler, die im gesamten Inhalt der verschiedenen Abschnitte der Website von Fulfillment Warehouse Spain S.L. gefunden werden k\u00f6nnen, gelten als Ergebnis einer Instandhaltung und \/ oder Aktualisierung unvollst\u00e4ndiger oder fehlerhafter Informationen in diesen Abschnitten. Fulfillment Warehouse Spanien S.L., als Folge der Bestimmungen dieses Abschnitts, verpflichtet sich, solche Fehler zu korrigieren, sobald es zur Kenntnis solcher Fehlern kommt. D.- Fulfillment Warehouse Spanien S.L. verpflichtet sich, WERBUNGSKORRESPONDENZ OHNE NACHSTEHENDE INFORMATIONEN NICHT ZU BEZEICHNEN, gem\u00e4\u00df den Bestimmungen des Gesetzes 34\/2002 \u00fcber die Dienste der Informationsgesellschaft und des elektronischen Gesch\u00e4ftsverkehrs. Zu diesen Effekten wurden keine Informationen an die Kunden des Fulfillment Warehouse Spain S.L. gesendet, sofern es darum geht, das bestehende Vertragsverh\u00e4ltnis zwischen dem Kunden und dem Fulfillment Warehouse Spain S.L. sowie die Durchf\u00fchrung von Informationen, Schulungen und sonstigen Aktivit\u00e4ten durch den Kunde mit dem Unternehmen nicht beauftragt ist. E.- Fulfillment Warehouse Spanien S.L. ist nicht verantwortlich f\u00fcr die Verletzung einer anwendbaren Norm, die der Nutzer beim Zugriff auf die Website und \/ oder bei der Nutzung der darin enthaltenen Informationen erleiden kann. F.- Fulfillment Warehouse Spanien S.L. haftet nicht f\u00fcr Sch\u00e4den und Verluste, die durch die Verwendung der Informationen verursacht werden k\u00f6nnen, die auf dieser Website und die darin enthaltenen Programme enthalten sind. Die Links und Hypertext, die es dem Benutzer erm\u00f6glichen, auf die Dienste von Fulfillment Warehouse Spain S.L. und Dienste von Dritten zuzugreifen, auf diese Website angeboten werden, geh\u00f6ren nicht zu und sind nicht unter der Kontrolle von Fulfillment Warehouse Spain S.L.; Fulfillment Warehouse Spain S.L. ist nicht verantwortlich f\u00fcr die darin enthaltenen Informationen oder irgendwelche Auswirkungen, die sich aus diesen Informationen ergeben k\u00f6nnen. G. &#8211; Fulfillment Warehouse Spain S.L. ist nicht verantwortlich f\u00fcr die uneheliche Verwendung von Markennamen, Produktnamen, Handelsnamen bei Dritten, die, obwohl sie nicht im Besitz dieser Organisation sind, erscheinen auf dieser Website. Fulfillment Warehouse Spain S.L. ist auch nicht verantwortlich f\u00fcr die Integrit\u00e4t, Richtigkeit und Rechtm\u00e4\u00dfigkeit des Inhalts der Links zu den Webseiten, auf die von dieser Website aus zugegriffen werden kann. H.- Kurzum, der Benutzer ist allein verantwortlich f\u00fcr die Nutzung der Dienste, Inhalte, Links und Hypertext, die solche Websiten enthalten.<\/li>\n<\/ol>\n","protected":false},"excerpt":{"rendered":"<p>Firmendaten: In \u00dcbereinstimmung mit \u00a710 des Gesetzes 34\/2002 vom 11. Juli \u00fcber die Dienste der Informationsgesellschaft und des elektronischen Handels, die folgende Angaben sind die Identifikationsdaten des Unternehmens. Firmenname: Fulfillment Warehouse Spanien S.L., domiziliert an der Calle Buend\u00eda 11, 19005, Guadalajara, Spanien, B19316165. &nbsp; Geistiges Eigentum: Der Quellcode, die grafischen Entw\u00fcrfe, Bilder, Fotografien, T\u00f6ne, Animationen, [&hellip;]<\/p>\n","protected":false},"author":4815,"featured_media":0,"parent":0,"menu_order":0,"comment_status":"closed","ping_status":"closed","template":"","meta":{"footnotes":""},"class_list":["post-5348","page","type-page","status-publish","hentry"],"_links":{"self":[{"href":"https:\/\/sileu.com\/de\/wp-json\/wp\/v2\/pages\/5348","targetHints":{"allow":["GET"]}}],"collection":[{"href":"https:\/\/sileu.com\/de\/wp-json\/wp\/v2\/pages"}],"about":[{"href":"https:\/\/sileu.com\/de\/wp-json\/wp\/v2\/types\/page"}],"author":[{"embeddable":true,"href":"https:\/\/sileu.com\/de\/wp-json\/wp\/v2\/users\/4815"}],"replies":[{"embeddable":true,"href":"https:\/\/sileu.com\/de\/wp-json\/wp\/v2\/comments?post=5348"}],"version-history":[{"count":3,"href":"https:\/\/sileu.com\/de\/wp-json\/wp\/v2\/pages\/5348\/revisions"}],"predecessor-version":[{"id":7326,"href":"https:\/\/sileu.com\/de\/wp-json\/wp\/v2\/pages\/5348\/revisions\/7326"}],"wp:attachment":[{"href":"https:\/\/sileu.com\/de\/wp-json\/wp\/v2\/media?parent=5348"}],"curies":[{"name":"wp","href":"https:\/\/api.w.org\/{rel}","templated":true}]}}