{"id":5350,"date":"2017-09-06T11:11:13","date_gmt":"2017-09-06T11:11:13","guid":{"rendered":"http:\/\/sileu.com\/?page_id=5350\/"},"modified":"2020-08-28T16:10:40","modified_gmt":"2020-08-28T16:10:40","slug":"qualitaet-und-qualitaetsnormen-von-sileucup","status":"publish","type":"page","link":"https:\/\/sileu.com\/de\/qualitaet-und-qualitaetsnormen-von-sileucup\/","title":{"rendered":"Qualit\u00e4t und Qualit\u00e4tsnormen von SileuCup"},"content":{"rendered":"\t\t<div data-elementor-type=\"wp-page\" data-elementor-id=\"5350\" class=\"elementor elementor-5350 elementor-4143\" data-elementor-post-type=\"page\">\n\t\t\t\t\t\t<section class=\"elementor-section elementor-top-section elementor-element elementor-element-4a60646 elementor-section-boxed elementor-section-height-default elementor-section-height-default\" data-id=\"4a60646\" data-element_type=\"section\" data-settings=\"{&quot;background_background&quot;:&quot;classic&quot;}\">\n\t\t\t\t\t\t<div class=\"elementor-container elementor-column-gap-default\">\n\t\t\t\t\t<div class=\"elementor-column elementor-col-100 elementor-top-column elementor-element elementor-element-a755a84\" data-id=\"a755a84\" data-element_type=\"column\">\n\t\t\t<div class=\"elementor-widget-wrap elementor-element-populated\">\n\t\t\t\t\t\t\t<\/div>\n\t\t<\/div>\n\t\t\t\t\t<\/div>\n\t\t<\/section>\n\t\t\t\t<section class=\"elementor-section elementor-top-section elementor-element elementor-element-b3df437 elementor-section-boxed elementor-section-height-default elementor-section-height-default\" data-id=\"b3df437\" data-element_type=\"section\">\n\t\t\t\t\t\t<div class=\"elementor-container elementor-column-gap-default\">\n\t\t\t\t\t<div class=\"elementor-column elementor-col-100 elementor-top-column elementor-element elementor-element-322cee38\" data-id=\"322cee38\" data-element_type=\"column\">\n\t\t\t<div class=\"elementor-widget-wrap elementor-element-populated\">\n\t\t\t\t\t\t<div class=\"elementor-element elementor-element-590f2e4c elementor-widget elementor-widget-text-editor\" data-id=\"590f2e4c\" data-element_type=\"widget\" data-widget_type=\"text-editor.default\">\n\t\t\t\t<div class=\"elementor-widget-container\">\n\t\t\t\t\t\t\t\t\t<p>Unsere Menstruationstassen werden aus dem hochwertigsten chirurgischen Silikon angefertigt, das gleiche das zum Beispiel, f\u00fcr die Herstellung von chirurgischen Instrumenten, Zitzen f\u00fcr Beruhigungssauger und Babyflaschen oder Brustimplantate verwendet wird.<\/p><p>Alle unsere Menstruationstassen wurden von Intertek in ihrem unabh\u00e4ngigen Labor in Deutschland durch eine Laboranalyse getestet, die nach den gef\u00e4hrlichen Chemikalien namens SVHC (besonders besorgniserregende Stoffe) sucht. Diese Stoffe sind in der REACH-Verordnung im Folgenden katalogisiert:<\/p><ul><li>Krebserzeugende Stoffe<\/li><li>Mutagene Substanzen<\/li><li>Reproduktionstoxische (fortpflanzungsgef\u00e4hrdende) Stoffe<\/li><li>Persistente, bioakkumulative und toxische Substanzen<\/li><li>Stoffe, die &#8220;nach wissenschaftlichen Erkenntnissen wahrscheinlich schwerwiegende Wirkungen auf die menschliche Gesundheit oder auf die Umwelt haben, die ebenso besorgniserregend sind&#8221;<\/li><\/ul><p>\u00a0<\/p><p>Keine Spuren von SVHC wurden in Sileu-Menstruationstassen gefunden; daher haben unsere Produkte die Qualit\u00e4tssiegel: &#8220;nach PAH getestet&#8221; (keine polyzyklischen aromatischen Kohlenwasserstoffe), &#8220;bleifrei&#8221;, &#8220;cadmiumfrei&#8221; und &#8220;nach zinnorganische Verunreinigungen getestet&#8221;.<\/p><p>Intertek ist ein international f\u00fchrendes Unternehmen in der Produktzertifizierung mit \u00fcber 36.000 Mitarbeitern und 1.000 Standorten in mehr als 100 L\u00e4ndern weltweit. Sie sorgen durch Laboranalyse, dass die analysierten Produkte die h\u00f6chsten Standards an Qualit\u00e4t, Gesundheit, Sicherheit, Umwelt und sozialer Verantwortung auf jedem Markt der Welt erf\u00fcllen.<\/p><p>Deshalb sind unsere Menstruationstassen die einzigen, die 100% die h\u00f6chste Qualit\u00e4t und Sicherheit garantieren k\u00f6nnen, was in Ihrem Seelenfrieden bei der Benutzung \u00fcbersetzt wird. Sie sind sehr langlebig und leicht zu sterilisieren und mit ausreichender Wartung k\u00f6nnen sie bis zu 10 Jahre Ihnen dienen.<\/p><p>Bei SileuCup glauben wir fest an die Beseitigung von Tabus in Bezug auf die Menstruation, so dass wir alle unsere Periode als etwas Sch\u00f6nes und Nat\u00fcrliches genie\u00dfen k\u00f6nnen. Wir wollen den alten Mentalit\u00e4ten, die die Menstruation als etwas Negatives sehen, einen ganz anderen Standpunkt geben und die Verwendung von traditionellen und wegwerfbaren Menstruationsprodukten rechtfertigen, die wegen den verwendeten Chemikalien f\u00fcr unsere Gesundheit sch\u00e4dlich sowie umweltverschmutzend sind.<\/p><p>Wir denken, dass wir alle das Recht haben, unsere Menstruation in einer gl\u00fccklichen und gesunden Weise zu erleben. Deshalb machen wir alle Anstrengungen, um sicherzustellen, dass alle unsere Produkte zertifiziert, registriert und mit Gesundheit und Komfort im Fokus angefertigt werden.<\/p><h5 style=\"text-align: center\"><strong><em><span style=\"color: #ff0000\">SileuCup ist ein Team von Frauen, die f\u00fcr alle Frauen arbeiten, f\u00fcr ihre Erm\u00e4chtigung und f\u00fcr eine bessere Welt.<\/span><\/em><\/strong><\/h5>\t\t\t\t\t\t\t\t<\/div>\n\t\t\t\t<\/div>\n\t\t\t\t<div class=\"elementor-element elementor-element-a536d2d elementor-widget elementor-widget-spacer\" data-id=\"a536d2d\" data-element_type=\"widget\" data-widget_type=\"spacer.default\">\n\t\t\t\t<div class=\"elementor-widget-container\">\n\t\t\t\t\t\t\t<div class=\"elementor-spacer\">\n\t\t\t<div class=\"elementor-spacer-inner\"><\/div>\n\t\t<\/div>\n\t\t\t\t\t\t<\/div>\n\t\t\t\t<\/div>\n\t\t\t\t\t<\/div>\n\t\t<\/div>\n\t\t\t\t\t<\/div>\n\t\t<\/section>\n\t\t\t\t<\/div>\n\t\t","protected":false},"excerpt":{"rendered":"<p>Unsere Menstruationstassen werden aus dem hochwertigsten chirurgischen Silikon angefertigt, das gleiche das zum Beispiel, f\u00fcr die Herstellung von chirurgischen Instrumenten, Zitzen f\u00fcr Beruhigungssauger und Babyflaschen oder Brustimplantate verwendet wird. Alle unsere Menstruationstassen wurden von Intertek in ihrem unabh\u00e4ngigen Labor in Deutschland durch eine Laboranalyse getestet, die nach den gef\u00e4hrlichen Chemikalien namens SVHC (besonders besorgniserregende Stoffe) [&hellip;]<\/p>\n","protected":false},"author":4815,"featured_media":0,"parent":0,"menu_order":0,"comment_status":"closed","ping_status":"closed","template":"elementor_header_footer","meta":{"footnotes":""},"class_list":["post-5350","page","type-page","status-publish","hentry"],"_links":{"self":[{"href":"https:\/\/sileu.com\/de\/wp-json\/wp\/v2\/pages\/5350","targetHints":{"allow":["GET"]}}],"collection":[{"href":"https:\/\/sileu.com\/de\/wp-json\/wp\/v2\/pages"}],"about":[{"href":"https:\/\/sileu.com\/de\/wp-json\/wp\/v2\/types\/page"}],"author":[{"embeddable":true,"href":"https:\/\/sileu.com\/de\/wp-json\/wp\/v2\/users\/4815"}],"replies":[{"embeddable":true,"href":"https:\/\/sileu.com\/de\/wp-json\/wp\/v2\/comments?post=5350"}],"version-history":[{"count":3,"href":"https:\/\/sileu.com\/de\/wp-json\/wp\/v2\/pages\/5350\/revisions"}],"predecessor-version":[{"id":77210,"href":"https:\/\/sileu.com\/de\/wp-json\/wp\/v2\/pages\/5350\/revisions\/77210"}],"wp:attachment":[{"href":"https:\/\/sileu.com\/de\/wp-json\/wp\/v2\/media?parent=5350"}],"curies":[{"name":"wp","href":"https:\/\/api.w.org\/{rel}","templated":true}]}}