{"id":5352,"date":"2017-09-06T11:15:37","date_gmt":"2017-09-06T11:15:37","guid":{"rendered":"http:\/\/sileu.com\/?page_id=5352\/"},"modified":"2020-08-28T16:14:05","modified_gmt":"2020-08-28T16:14:05","slug":"waehlen-sie-ihre-ideale-menstruationsschale-sileucup","status":"publish","type":"page","link":"https:\/\/sileu.com\/de\/waehlen-sie-ihre-ideale-menstruationsschale-sileucup\/","title":{"rendered":"So w\u00e4hlen Sie Ihre ideale Menstruationsschale SileuCup"},"content":{"rendered":"\t\t<div data-elementor-type=\"wp-page\" data-elementor-id=\"5352\" class=\"elementor elementor-5352 elementor-4343\" data-elementor-post-type=\"page\">\n\t\t\t\t<section class=\"elementor-section elementor-top-section elementor-element elementor-element-887ba90 elementor-section-boxed elementor-section-height-default elementor-section-height-default\" data-id=\"887ba90\" data-element_type=\"section\" data-settings=\"{&quot;background_background&quot;:&quot;classic&quot;}\">\n\t\t\t\t\t\t<div class=\"elementor-container elementor-column-gap-default\">\n\t\t\t\t\t<div class=\"elementor-column elementor-col-100 elementor-top-column elementor-element elementor-element-cb5e2e2\" data-id=\"cb5e2e2\" data-element_type=\"column\">\n\t\t\t<div class=\"elementor-widget-wrap elementor-element-populated\">\n\t\t\t\t\t\t\t<\/div>\n\t\t<\/div>\n\t\t\t\t\t<\/div>\n\t\t<\/section>\n\t\t\t\t<section class=\"elementor-section elementor-top-section elementor-element elementor-element-d25e8ee elementor-section-boxed elementor-section-height-default elementor-section-height-default\" data-id=\"d25e8ee\" data-element_type=\"section\">\n\t\t\t\t\t\t<div class=\"elementor-container elementor-column-gap-default\">\n\t\t\t\t\t<div class=\"elementor-column elementor-col-100 elementor-top-column elementor-element elementor-element-51abe40a\" data-id=\"51abe40a\" data-element_type=\"column\">\n\t\t\t<div class=\"elementor-widget-wrap elementor-element-populated\">\n\t\t\t\t\t\t<div class=\"elementor-element elementor-element-5235fc95 elementor-widget elementor-widget-text-editor\" data-id=\"5235fc95\" data-element_type=\"widget\" data-widget_type=\"text-editor.default\">\n\t\t\t\t<div class=\"elementor-widget-container\">\n\t\t\t\t\t\t\t\t\t<p>Auf unsere Website k\u00f6nnen Sie unterschiedlichen Modelle von Menstruationstassen finden. Wahrscheinlich stellen Sie sich die Frage, welche von ihnen funktioniert am besten? Welche passt am besten zu mir? Welche soll ich nehmen?<\/p>\n<p>Ohne Zweifel ist der K\u00f6rper jeder Frau einzigartig und es ist schwierig, irgednwelche Ma\u00dfst\u00e4be aufzustellen, die alle Frauen gleicherma\u00dfen passen werden. Trotzdem haben wir versucht, Empfehlungen zu erarbeiten, die Ihnen helfen werden, Ihre perfekte Menstruationstasse von Sileu zu w\u00e4hlen:<\/p>\n<p>Beachten Sie, dass es verschiedene Parameter gibt, die die Sileucup-Menstruationstassten von anderen unterscheiden, wie z. B. Gr\u00f6\u00dfe, Kapazit\u00e4t, Farbe, Textur, Stilform, Vakuuml\u00f6cher usw. Allerdings sind alle diese Faktoren eher sekund\u00e4r, wenn es um eine optimale Passform geht.<\/p>\n<p>Vor Allem empfehlen wir Ihnen nur einen Parameter zu ber\u00fccksichtigen, der nach unserer Erfahrung der wichtigste ist: die Flexibilit\u00e4t der Menstruationstasse, der eng mit der Kraft des Beckenbodens jeder Frau zusammenh\u00e4ngt. Die Flexibilit\u00e4t liegt im Bereich von 1 bis 10, wobei 1 die am wenigsten flexible und 10 die flexibelste Tasse ist.<\/p>\n<p><img fetchpriority=\"high\" decoding=\"async\" class=\"aligncenter wp-image-76447 size-full\" src=\"https:\/\/sileu.com\/wp-content\/uploads\/2020\/08\/COPAS-ROJAS-JUNTAS.png\" alt=\"\" width=\"600\" height=\"220\" title=\"\" srcset=\"https:\/\/sileu.com\/wp-content\/uploads\/2020\/08\/COPAS-ROJAS-JUNTAS.png 600w, https:\/\/sileu.com\/wp-content\/uploads\/2020\/08\/COPAS-ROJAS-JUNTAS-510x187.png 510w\" sizes=\"(max-width: 600px) 100vw, 600px\" \/><\/p>\n<h4 style=\"text-align: center\"><strong>Hier ist eine detaillierte Beschreibung der einzelnen Modelle. Finden Sie Ihre Sileucup!<\/strong><\/h4>\n<p>Das Sport modell hat eine Flexibilit\u00e4t von 1 und eignet sich besonders f\u00fcr Frauen mit einem gut ausgebildeten \/ trainierten Beckenboden (bei Frauen, die Pilates, Tanzen, Reiten usw. aus\u00fcben). Die Menstruationstasse Sport ist weniger flexibel und setzt mehr Druck auf die Scheidenw\u00e4nde, verhindert das Lecken und passt sich perfekt an. Sie hat nur zwei Vakuuml\u00f6cher, um mehr zu versiegeln und sicher zu sein. Sie ist rosa und etwas h\u00e4rter, als die anderen, aber daf\u00fcr die glatteste. Der Stiel ist flach, jedoch k\u00f6nnen Sie ihn je nach Bed\u00fcrfnis so zurechtschneiden, wie es Ihnen passt.<\/p>\n<p>Das Soft Modell hat eine Flexibilit\u00e4t von 8 und ist die weichste Menstruationstasse, die wir zurzeit zur Verf\u00fcgung haben. Es ist etwas schwieriger sie zu entfalten, aber sie setzt weniger Druck auf die Scheidenw\u00e4nde. Sie hat vier Vakuuml\u00f6cher, so dass es einfacher ist, sie beim Entfernen aufzul\u00f6sen. Dieses Modell wurde speziell f\u00fcr Frauen entwickelt, die einen schwachen oder empfindlichen Beckenboden haben, zum Beispiel, wenn Sie vor kurzem ein Kind bekommen haben, dazu tendieren, an Vaginalkrankheiten zu leiden oder wenn Sie keinen beckenbodenst\u00e4rkenden Sport aus\u00fcben. Es ist lilafarben und f\u00fchlt sich sehr weich und seidig an. Der Stiel ist kurz und rund, kann aber auch auf Ihren Wunsch abgeschnitten werden.<\/p>\n<p>Das Classic Modell hat eine Flexibilit\u00e4t von 5. Ihre mittlere Festigkeit (sie entfaltet sich relativ leicht und \u00fcbt einen Standarddruck auf die Scheidenw\u00e4nde aus) macht sie ideal f\u00fcr die meisten Frauen. Sie hat vier Vakuuml\u00f6cher. Sie ist violett und f\u00fchlt sich weich an. Ihr Stiel ist flach und oval und genau wie bei den anderen Modellen kann auf Wunsch abgeschnitten werden.<\/p>\n<p>Das Tulip Modell hat eine Flexibilit\u00e4t von 5 wie das klassische Modell, mit dem Unterschied, dass die tulpenf\u00f6rmige Gestaltung und der runde Hals ihre Applikation einfacher macht. Eine perfekte Menstruationstasse f\u00fcr Anf\u00e4nger. Genau deswegen empfehlen wir dieses Modell, wenn Sie mit der Verwendung einer Menstruationstasse anfangen wollen. Es ist lilafarben, f\u00fchlt sich weich an und ihr Stiel ist rund und hohl (er kann auch abgeschnitten werden).<\/p>\n<p>Das Valve Modell hat ein kleines Ventil in der Mitte des Bechers. Er erm\u00f6glicht einfache und bequeme Entleerung, indem man einfach die Kugel in Richtung des Ventils bewegt. Wenn die Tasse leer ist, muss man die Kugel einfach zur\u00fccklegen. Die Menstruationstasse Sileu Valve hat eine Flexibilit\u00e4t von 2, transparente Farbe, f\u00fchlt sich weich an und ist im Moment nur in Gr\u00f6\u00dfe S verf\u00fcgbar.<\/p>\n<p>Das Compact Modell faltet sich leicht, schnell und ben\u00f6tigt wenig Platz. Sie k\u00f6nnen sie in Ihrer Handtasche, im Rucksack, im Auto oder sogar in einer Hosentasche verstauen. Die Tasse wird mit einer klaren Plastikbox zur Aufbewahrung geliefert. Sie ist ideal zum Reisen, Wandern, Sporttreiben, usw. Der Stiel ist dem Tulpe-Modell sehr \u00e4hnlich. Die Tasse hat einen Flexibilit\u00e4tsgrad von 9, f\u00fchlt sich weich an, ist transparent und zurzeit nur Gr\u00f6\u00dfe S verf\u00fcgbar.<\/p>\n<p>Alle Tassen enthalten eine Messskala an der Karosserie des Bechers.<\/p>\n<p>In Bezug auf Gr\u00f6\u00dfe: wenn Sie j\u00fcnger als 25 Jahre sind und \/ oder kein Kind bekommen, empfehlen wir Ihnen die Gr\u00f6\u00dfe S auszuprobieren. Wenn Sie \u00e4lter als 25 Jahre sind und \/ oder ein oder mehrere Kinder bekommen haben, ist Ihre empfohlene Gr\u00f6\u00dfe L.<\/p>\n<p>Auf jedem Fall ist jede Frau einzigartig und diese Richtlinien eher allgemein. Sie gelten normalerweise f\u00fcr die meisten Frauen, aber f\u00fcr Sie pers\u00f6nlich k\u00f6nnte ein anderes Modell oder eine andere Gr\u00f6\u00dfe bequemer sein. Unsere Empfehlung ist: probieren Sie es einfach aus.<\/p>\n<p>\u00a0<\/p>\n<p><img decoding=\"async\" class=\"aligncenter wp-image-7929 size-large\" src=\"https:\/\/sileu.com\/wp-content\/uploads\/2019\/04\/CUADRO-COMPARATIVO-PEQUENO-GE-1600x800.jpg\" alt=\"\" width=\"1020\" height=\"510\" title=\"\" srcset=\"https:\/\/sileu.com\/wp-content\/uploads\/2019\/04\/CUADRO-COMPARATIVO-PEQUENO-GE-1600x800.jpg 1600w, https:\/\/sileu.com\/wp-content\/uploads\/2019\/04\/CUADRO-COMPARATIVO-PEQUENO-GE-510x255.jpg 510w, https:\/\/sileu.com\/wp-content\/uploads\/2019\/04\/CUADRO-COMPARATIVO-PEQUENO-GE-800x400.jpg 800w, https:\/\/sileu.com\/wp-content\/uploads\/2019\/04\/CUADRO-COMPARATIVO-PEQUENO-GE-768x384.jpg 768w, https:\/\/sileu.com\/wp-content\/uploads\/2019\/04\/CUADRO-COMPARATIVO-PEQUENO-GE-1320x660.jpg 1320w\" sizes=\"(max-width: 1020px) 100vw, 1020px\" \/><\/p><p>\u00a0<\/p><\/div>\n\t\t\t\t<\/div>\n\t\t\t\t\t<\/div>\n\t\t<\/div>\n\t\t\t\t\t<\/div>\n\t\t<\/section>\t\t<\/div>\n\t\t","protected":false},"excerpt":{"rendered":"<p>Auf unsere Website k\u00f6nnen Sie unterschiedlichen Modelle von Menstruationstassen finden. Wahrscheinlich stellen Sie sich die Frage, welche von ihnen funktioniert am besten? Welche passt am besten zu mir? Welche soll ich nehmen? Ohne Zweifel ist der K\u00f6rper jeder Frau einzigartig und es ist schwierig, irgednwelche Ma\u00dfst\u00e4be aufzustellen, die alle Frauen gleicherma\u00dfen passen werden. Trotzdem haben [&hellip;]<\/p>\n","protected":false},"author":4815,"featured_media":14410,"parent":0,"menu_order":0,"comment_status":"closed","ping_status":"closed","template":"elementor_header_footer","meta":{"footnotes":""},"class_list":["post-5352","page","type-page","status-publish","has-post-thumbnail","hentry"],"_links":{"self":[{"href":"https:\/\/sileu.com\/de\/wp-json\/wp\/v2\/pages\/5352","targetHints":{"allow":["GET"]}}],"collection":[{"href":"https:\/\/sileu.com\/de\/wp-json\/wp\/v2\/pages"}],"about":[{"href":"https:\/\/sileu.com\/de\/wp-json\/wp\/v2\/types\/page"}],"author":[{"embeddable":true,"href":"https:\/\/sileu.com\/de\/wp-json\/wp\/v2\/users\/4815"}],"replies":[{"embeddable":true,"href":"https:\/\/sileu.com\/de\/wp-json\/wp\/v2\/comments?post=5352"}],"version-history":[{"count":4,"href":"https:\/\/sileu.com\/de\/wp-json\/wp\/v2\/pages\/5352\/revisions"}],"predecessor-version":[{"id":77211,"href":"https:\/\/sileu.com\/de\/wp-json\/wp\/v2\/pages\/5352\/revisions\/77211"}],"wp:featuredmedia":[{"embeddable":true,"href":"https:\/\/sileu.com\/de\/wp-json\/wp\/v2\/media\/14410"}],"wp:attachment":[{"href":"https:\/\/sileu.com\/de\/wp-json\/wp\/v2\/media?parent=5352"}],"curies":[{"name":"wp","href":"https:\/\/api.w.org\/{rel}","templated":true}]}}