{"id":5354,"date":"2017-09-06T11:17:39","date_gmt":"2017-09-06T11:17:39","guid":{"rendered":"http:\/\/sileu.com\/?page_id=5354\/"},"modified":"2018-10-25T09:45:19","modified_gmt":"2018-10-25T09:45:19","slug":"allgemeine-verkaufsbedingungen","status":"publish","type":"page","link":"https:\/\/sileu.com\/de\/allgemeine-verkaufsbedingungen\/","title":{"rendered":"Allgemeine Verkaufsbedingungen"},"content":{"rendered":"<p>Diese allgemeinenen Verkaufsbedingungen, auf die sich der K\u00e4ufer ohne Einschr\u00e4nkungen oder Vorbehalte bezieht, gelten f\u00fcr alle Verk\u00e4ufe, die \u00fcber die Internetseite www.sileu.com gemacht werden.<\/p>\n<p>Kaufvertrag zwischen:<\/p>\n<p>Fulfillment Warehouse Spanien, SL<\/p>\n<p>Calle Buend\u00eda 11,<\/p>\n<p>19005 Guadalajara, Spanien<\/p>\n<p>CIF: B19316165<\/p>\n<p>Tel: 957 767 888<\/p>\n<p>Und jeder K\u00e4ufer auf der Website www.sileu.com.<\/p>\n<p>Es wird vereinbart wie folgt:<\/p>\n<p>&nbsp;<\/p>\n<p>1 &#8211; Denfinition<\/p>\n<p>K\u00e4ufer: eine Person, die einen Kauf auf der Website www.sileu.com machen oder machen m\u00f6chte. Wir benennen auch so die Person, die das Paket erh\u00e4lt, auch wenn er \/ sie anders ist als die Person, die den Kauf gemacht hat.<\/p>\n<p>&nbsp;<\/p>\n<p>2 &#8211; Pr\u00e4ambel<\/p>\n<p>Wir versenden \u00fcberall auf der Welt. Durch die blo\u00dfe Tatsache des Kaufens auf der Internetseite www.sileu.com, best\u00e4tigen alle K\u00e4ufer, dass sie voll\u00e4hrig sind und volle Rechtsf\u00e4higkeit haben. Falls der K\u00e4ufer nicht voll\u00e4hrig ist, muss er \/ sie eine vollj\u00e4hrige Person fragen, um den Kauf abzuschlie\u00dfen. Diese Allgemeinene Verkaufsbedingungen k\u00f6nnen jederzeit aktualisiert und \/ oder ver\u00e4ndert werden. Die f\u00fcr einen Kauf geltenden Allgemeinene Verkaufsbedingungen gelten f\u00fcr diejenigen, die am Tag des Kaufs als K\u00e4ufer in Kraft sind. Die Allgemeine Verkaufsbedingungen sind auf der Internetseite www.sileu.com dauerhaft zug\u00e4nglich und k\u00f6nnen gedruckt oder gespeichert werden.<\/p>\n<p>&nbsp;<\/p>\n<p>3 &#8211; DER PROZESS DES ERWERBS EINES PRODUKTES<\/p>\n<p>Wenn der K\u00e4ufer seinen Kauf t\u00e4tigt, stimmt er unwiderruflich zu, den Betrag zu zahlen, der zum Zeitpunkt der Validierung seines Kaufs angegeben ist. Dieser Betrag beinhaltet den Preis der erworbenen Artikel und ggf. die Porto- und Verpackungskosten.<\/p>\n<p>&nbsp;<\/p>\n<p>4 &#8211; KONFORMIT\u00c4T DER ARTIKEL<\/p>\n<p>Wir widmen all unsere Bem\u00fchungen, damit der K\u00e4ufer die Qualit\u00e4t unserer Artikel sch\u00e4tzen kann. Wir beschreiben detailiert und f\u00fcgen eine oder mehrere Fotos zu jedem Artikel hinzu, so dass der K\u00e4ufer eine genaue Vorstellung jedes Produktes haben kann. Der K\u00e4ufer ist sich bewusst, dass die Farben auf einem Bildschirm und auf einem digitalen Foto sich von der tats\u00e4chlichen Farbe unterscheiden k\u00f6nnen. Es h\u00e4ngt von Ihrem Computer-Ausr\u00fcstung, die Qualit\u00e4t Ihres Bildschirms, Bedingungnen zum Zeitpunkt der Fotografie, wie z. B. Helligkeit, Schatten und viele andere Parameter. Daher sind die Farben nicht vertraglich. Falls die Farben f\u00fcr den K\u00e4ufer genau sein sollten, empfehlen wir Ihnen, uns zu kontaktieren, bevor Sie Ihren Kauf abschlie\u00dfen.<\/p>\n<p>&nbsp;<\/p>\n<p>5 &#8211; DIE PREISE<\/p>\n<p>Alle Preise sind in Euro angegeben. F\u00fcr andere L\u00e4nder als Spanien sind die Preise ohne Steuern zu ber\u00fccksichtigen. Die Mehrwertsteuer kann vom K\u00e4ufer direkt von den zust\u00e4ndigen Beh\u00f6rden Ihrer Provinz, Territorium, Staat und \/ oder Land geltend gemacht werden (siehe 6-). K\u00e4ufe werden in Euro in Rechnung gestellt und m\u00fcssen nur in Euro bezahlt werden. Die angegebenen Preise ber\u00fccksichtigen nicht den Versand- und Verpackungskosten. Der Preis muss in voller H\u00f6he und in einer einmaligen Zahlung zum Zeitpunkt des Kaufs bezahlt werden.<\/p>\n<p>&nbsp;<\/p>\n<p>6 &#8211; STEUERN, GEB\u00dcHREN, ZOLL, USW.<\/p>\n<p>Es liegt in der Verantwortung des K\u00e4ufers, die Einfuhrm\u00f6glichkeiten bei den zust\u00e4ndigen Beh\u00f6rden der in Bezug auf das Recht erworbenen Erzeugnisse und die Vorschriften seiner Provinz, des Hoheitsgebiets, des Staates und\/oder des Lieferlandes zu \u00fcberpr\u00fcfen. Es ist m\u00f6glich, dass nach einem Kauf auf der Website www.sileu.com und das Ankommen des Pakets an seinem Bestimmungsort, muss der K\u00e4ufer Steuern, Geb\u00fchren, Z\u00f6lle und \/ oder zus\u00e4tzliche Z\u00f6lle (z. B. Mehrwertsteuer, Steuern, lokale Steuern, Einfuhrz\u00f6lle, staatliche Steuern usw.) an die zust\u00e4ndigen Beh\u00f6rden oder Vermittler, die in der Provinz, dem Gebiet, dem Staat und \/ oder dem Land der Lieferung zahlen, deren Anschrift sich nicht in Spanien befindet. Solche Steuern, Lizenzgeb\u00fchren, Z\u00f6lle und \/ oder Zusatzz\u00f6lle (z. B. Mehrwertsteuer, lokale Steuern, Einfuhrabgaben, staatliche Steuern usw.), die mit der Lieferung eines Gegenstandes verbunden sind, werden vom K\u00e4ufer getragen und sind beide in Bezug auf Ihre Erkl\u00e4rung die Zahlung an die zust\u00e4ndigen Beh\u00f6rden und Organe der Provinz, des Hoheitsgebiets, des Staates und \/ oder des betreffenden Landsorts. Es liegt nicht in der Verantwortung des Unternehmens Fulfillment Warehouse Spanien SL die \u00dcberpr\u00fcfung und die Erteilung der Information \u00fcber die anwendbaren Steuern, Lizenzgeb\u00fchren, Z\u00f6lle und \/ oder zus\u00e4tzliche Z\u00f6lle (z. B. MwSt., Lokale Steuern, Einfuhrz\u00f6lle, staatliche Steuern usw.). Um solche Informationen zu kennen, muss sich der K\u00e4ufer mit den zust\u00e4ndigen Beh\u00f6rden ihrer Provinz, seinem Hoheitsgebiet, seinem Staat und \/ oder seinem Land zuvor im Kontakt setzen.<\/p>\n<p>&nbsp;<\/p>\n<p>7 &#8211; PORTOKOSTEN UND VERPACKUNG<\/p>\n<p>Die Bezahlung der Kosten f\u00fcr Versand und Verpackung ist auf der Website www.sileu.com am Tag erfolgt, an dem der K\u00e4ufer ihren Kauf abschliest. Der Betrag wird auch zum Zeitpunkt der Validierung des Kaufs angegeben.<\/p>\n<p>&nbsp;<\/p>\n<p>8 &#8211; Zahlungsarten<\/p>\n<p>Alle Online-Zahlungen sind \u00fcber unseren Zahlungsdienstleister gesichert. Aufgrund der Anforderungen des Versandhandels \u00fcber eine E-Commerce-Website und angesichts des Interesses des K\u00e4ufers, diese Zahlungsart zu verwenden (Geschwindigkeit der Verarbeitung, schnelle Lieferung des Pakets&#8230;), kann der K\u00e4ufer ihre Eink\u00e4ufe nur online mit einer Bankkarte bezahlen (Visa, Mastercard, Maestro und Visa Electron).<\/p>\n<p>&nbsp;<\/p>\n<p>9 &#8211; LIEFERUNG<\/p>\n<p>Wir versenden \u00fcberall auf der Welt. Das Paket wird an die Adresse geschickt, die Sie uns zum Zeitpunkt Ihres Kaufs gegeben haben. Die Art der Lieferung ist auf der Website www.sileu.com angegeben. Lieferzeiten sind ebenso auf der Website www.sileu.com angegeben. Lieferzeiten auf der Website www.sileu.com sind nicht von uns abh\u00e4ngig und aus diesem Grund k\u00f6nnen wir Ihnen diese nicht garantieren. Im Falle einer versp\u00e4teter Lieferung k\u00f6nnen wir keine Verantwortung \u00fcbernehmen. Allerdings sind wir verpflichtet, einen K\u00e4ufer zu unterst\u00fctzen, der sein Paket innerhalb von 15 bis 30 (f\u00fcnfzehn bis drei\u00dfig) Werktagen nicht erhalten hat, je nach Bestimmungsland, abh\u00e4ngig von der Zeit der \u00dcbergabe eines Pakets an den Spediteur. Wenn wir aus irgendeinem Grund nicht in der Lage sind, einen Kauf innerhalb der auf der Website www.sileu.com angegebenen Fristen zu verschicken, werden wir den K\u00e4ufer sp\u00e4testens am dritten Werktag nach dem Kauf kontaktieren und die Verf\u00fcgbarkeit der Ware benachrichtigen. Der K\u00e4ufer kann dann sich entscheiden, ob er \/ sie unseren Angebot annimmt oder erstatten wir den Kaufbetrag, die Versand- und Verpackungskosten vollst\u00e4ndig zur\u00fcck oder einen anderen Artikel liefern. Im Falle eines Problems bez\u00fcglich der Lieferung eines Pakets muss der K\u00e4ufer uns \u00fcber das Kontaktformular auf der Internetseite www.sileu.com kontaktieren. Im Falle der R\u00fccksendung des Pakets, z. B. &#8220;unvollst\u00e4ndige Anschrift&#8221;, &#8220;unbekannt in der angegebenen Anschrift&#8221;, &#8220;wohnt nicht in der angegebenen Adresse&#8221;, &#8220;es gibt kein Postfach zu diesem Namen&#8221;, &#8220;nicht identifiziertes Postfach&#8221;, &#8220;unzustellbar&#8221;, &#8220;unzul\u00e4ssige Postfach&#8221;, &#8220;abgelehntes Paket&#8221; oder &#8220;Anomalie-Adresse&#8221;, die die Lieferung des Pakets nicht zul\u00e4sst, erstatten wir dem K\u00e4ufer den Preis der Bestellung in H\u00f6he von weniger als 30% (drei\u00dfig Prozent) des Gesamtbetrags des Kaufs mit mindestens 9 \u20ac (neun Euro) des R\u00fcckgabeaufwands, ohne Porto- und Verpackungskosten, innerhalb von drei\u00dfig Tagen nach Eingang der R\u00fccksendung. Aus diesem Grund empfehlen wir dem K\u00e4ufer die mittgeteilte Adresse zu \u00fcberpr\u00fcfen, ob diese korrekt und vollst\u00e4ndig ist.<\/p>\n<p>&nbsp;<\/p>\n<p>10 &#8211; GARANTIEN<\/p>\n<p>Obwohl wir der Auswahl unserer Artikel sowie der Verpackung und dem Versandmodus gro\u00dfe Aufmerksamkeit widmen, ist es m\u00f6glich, dass im Beleg oder bei dem Auspacken des Paketes eine Anomalie vorliegt.<\/p>\n<p>Widerrufsfrist: Sollte ein Artikel nicht zur vollen Zufriedenheit des K\u00e4ufers eingehen, k\u00f6nnen Sie ihn zur\u00fccksenden, mit allen Dokumenten, die im Lieferumfang enthalten sind, sp\u00e4testens 14 (vierzehn) Tage nach dem Datum der Lieferung, unbenutzt, unverschmutzt, unbesch\u00e4digt, in seiner Originalverpackung, an die folgende Adresse zu verschicken. Wir erstatten dem K\u00e4ufer in vierzehn (14) Tage alle Betr\u00e4ge, die f\u00fcr den Kauf dieses Artikels gezahlt werden. Die R\u00fccksendekosten tr\u00e4gt der K\u00e4ufer:<\/p>\n<p>Fulfillment Warehouse Spanien S.L. Calle Los Omeyas 5, Lokal. 14005 C\u00f3rdoba.<\/p>\n<p>Aus offensichtlichen hygenischen Gr\u00fcnden k\u00f6nnen wir die R\u00fcckgabe einer Sileu-Menstruationstasse nicht akzeptieren, deren Verpackung ge\u00f6ffnet oder selbst die Menstruationstasse getestet wurde. Wenn der Grund f\u00fcr die R\u00fccksendung von uns abh\u00e4ngt (z. B.: Lieferung falscher Artikel), erstatten wir den K\u00e4ufer alle gezahlten Betr\u00e4ge und die R\u00fccksendekosten. Wenn der K\u00e4ufer zum Zeitpunkt der Lieferung seines Kaufs feststellt, dass das Paket in schlechtem Zustand durch den Lieferdienst geliefert wurde, empfehlen wir Ihnen dringend dies mitzuteilen. In diesem Fall \u00fcbernehmen wir keine Verantwortung. Die R\u00fcckerstattung erfolgt durch die gleiche Zahlungsart, die der K\u00e4ufer f\u00fcr den Kauf gew\u00e4hlt hat.<\/p>\n<p>&nbsp;<\/p>\n<p>11 &#8211; DATENSCHUTZ<\/p>\n<p>In \u00dcbereinstimmung mit den Bestimmungen des Organic Law 15\/1999 \u00fcber den Schutz personenbezogener Daten teilen wir Ihnen mit, dass die zum Zeitpunkt des Kaufs mitgeteilten personenbezogenen Daten f\u00fcr die Kundenakte verwendet werden, die ordnungsgem\u00e4\u00df bei der spanischen Agentur zum Schutz von pers\u00f6nlichen Angaben\/Daten eingetragen werden und von der Firma Fulfillment Warehouse Spanien SL mit dem Zweck der Verwaltung der Kunden und ihre Loyalit\u00e4t und das Senden von kommerziellen Informationen an Kunden verwaltet. Die personenbezogenen Daten werden ausschlie\u00dflich von der Firma Fulfillment Warehouse Spain S.L. genutzt und werden nicht an Dritte \u00fcbergeben. Sie k\u00f6nnen Ihr Recht auf Zugang, \u00c4nderung, L\u00f6schung und Widerspruch aus\u00fcben, indem Sie sich bei uns melden:<\/p>\n<p>Fulfillment Warehouse Spanien, S.L. Calle Los Omeyas 5, Local. 14005 C\u00f3rdoba, Spanien.<\/p>\n<p>Alle an uns \u00fcbermittelten Daten werden unter Beachtung der in Spanien geltenden Gesetze behandelt. Wir versichern die absolute Sicherheit aller an uns \u00fcbermittelten personenbezogenen Daten. Wir informieren Sie auch, dass einige Cookies bestimmte Informationen aufzeichnen, die auf Ihre Festplatte gespeichert sind. Solche Informationen dienen uns im Wesentlichen Statistiken \u00fcber das Publikums der Website zu generieren. Solche Cookies enthalten keine vertraulichen Informationen \u00fcber Sie.<\/p>\n<p>&nbsp;<\/p>\n<p>12 &#8211; \u00dcBERTRAGUNG VON EIGENTUM UND RISIKO<\/p>\n<p>Die \u00dcbertragung des Eigentums der Artikel zum Vorteil des K\u00e4ufers erfolgt erst nach der vollst\u00e4ndigen Bezahlung des Preises. Im Gegenteil, die \u00dcbertragung von Gefahr von Verlust und Wertmiderung der Artikel erfolgt aus der Lieferung und dem Erhalt der Gegenst\u00e4nde durch den K\u00e4ufer<\/p>\n<p>&nbsp;<\/p>\n<p>13 &#8211; VERANTWORTLICHKEITEN<\/p>\n<p>Wir sind verpflichtet, jeden unserer K\u00e4ufer w\u00e4hrend des gesamten Kaufprozesses auf der Website www.sileu.com vollst\u00e4ndig zu befriedigen. Wir versuchen, so viele Details wie m\u00f6glich zu jedem Artikel zu liefern, die auf der Website www.sileu.com verkauft wird. Wir \u00fcbernehmen jedoch keine Verantwortung f\u00fcr den Fall, dass die Nichtdurchf\u00fchrung unserer Verpflichtungen entweder wegen einer unvorhersehbaren und un\u00fcberwindbaren Tatsache eines Dritten oder wegen einen Fall h\u00f6herer Gewalt (z. B. Streik, \u00dcberschwemmung, Feuer&#8230;) zurechenbar ist. Wir \u00fcbernehmen auch keine Verantwortung f\u00fcr die Unannehmlichkeiten oder Sch\u00e4den, die mit der Nutzung des Internets verbunden sind, insbesondere Serviceunterbrechung, externes Eindringen oder das Vorhandensein von Computerviren&#8230;<\/p>\n<p>&nbsp;<\/p>\n<p>14 &#8211; GEISTIGES EIGENTUM<\/p>\n<p>Alle Elemente der Website www.sileu.com, ob visuell oder audiell, einschlie\u00dflich der zugrunde liegenden Technologie, sind urheberrechtlich gesch\u00fctzt, mit Markenzeichen oder Patent. Sie sind das ausschlie\u00dfliche Eigentum des jeweiligen Eigent\u00fcmers.<\/p>\n<p>&nbsp;<\/p>\n<p>15 &#8211; INTEGRIT\u00c4T<\/p>\n<p>Falls eine der Klauseln dieses Vertrages aufgrund einer \u00c4nderung der Gesetzgebung, der Regulierung oder einer gerichtlichen Entscheidung nichtig ist, w\u00fcrde dies die G\u00fcltigkeit und die Einhaltung dieser Allgemeinen Gesch\u00e4ftsbedingungen nicht beeintr\u00e4chtigen.<\/p>\n<p>&nbsp;<\/p>\n<p>16 &#8211; DAUER<\/p>\n<p>Diese Allgemeinen Verkaufsbedingungen gelten f\u00fcr jeden Kauf, solange die auf der Website www.sileu.com verkauften Artikel online sind.<\/p>\n<p>&nbsp;<\/p>\n<p>17 &#8211; TEST<\/p>\n<p>Computergesteuerte Aufzeichnungen, die in unseren Computersystemen und \/ oder denen unserer Partner in angemessenen Sicherheitsbedingungen aufbewahrt werden, gelten als Nachweis von Mitteilungen, Eink\u00e4ufen und Zahlungen zwischen den Parteien.<\/p>\n<p>&nbsp;<\/p>\n<p>18 &#8211; AUFRECHTERHALTUNG UND DATEI DER TRANSAKTIONEN<\/p>\n<p>Die Datei der Rechnungen wird in einem zuverl\u00e4ssigen und langlebigen Medium gespeichert, so dass sie eine treue und nachhaltige Kopie entsprechen.<\/p>\n<p>&nbsp;<\/p>\n<p>19 &#8211; GELTENDES RECHT<\/p>\n<p>Alle in diesen Allgemeinen Gesch\u00e4ftsbedingungen enthaltenen Klauseln sowie alle Verkaufstransaktionen, auf die sie sich beziehen, unterliegen dem spanischen Recht. Die spanischen Gerichte sind die einzigen, die f\u00fcr alle Rechtsstreitigkeiten zust\u00e4ndig sind, die zwischen den Parteien in Bezug auf die Vollstreckung dieser Allgemeinen Verkaufsbedingungen entstehen k\u00f6nnen.<\/p>\n<p>&nbsp;<\/p>\n<p>20 &#8211; ANERKENNUNG DER ALLGEMEINEN VERKAUFSBEDINGUNGEN DURCH DEN KUNDEN<\/p>\n<p>Diese Allgemeinen Verkaufsbedingungen sowie die Preise werden ausdr\u00fccklich vom K\u00e4ufer genehmigt und anerkannt, der erkl\u00e4rt und anerkennt, dass er sie zur Kentniss genommen hat. Kein anderer Vertrag, was auch immer es sein mag, kann diese Allgemeinen Verkaufsbedingungen bei jedem Kauf auf der Internetseite www.sileu.com ersetzen. Das gleiche bezieht sich auf eventuelle allgemeine Einkaufsbedingungen eines K\u00e4ufers. Der blo\u00dfe Kaufabschluss auf der Website www.sileu.com impliziert die Annahme dieser Allgemeinen Verkaufsbedingungen.<\/p>\n","protected":false},"excerpt":{"rendered":"<p>Diese allgemeinenen Verkaufsbedingungen, auf die sich der K\u00e4ufer ohne Einschr\u00e4nkungen oder Vorbehalte bezieht, gelten f\u00fcr alle Verk\u00e4ufe, die \u00fcber die Internetseite www.sileu.com gemacht werden. Kaufvertrag zwischen: Fulfillment Warehouse Spanien, SL Calle Buend\u00eda 11, 19005 Guadalajara, Spanien CIF: B19316165 Tel: 957 767 888 Und jeder K\u00e4ufer auf der Website www.sileu.com. Es wird vereinbart wie folgt: &nbsp; [&hellip;]<\/p>\n","protected":false},"author":4815,"featured_media":0,"parent":0,"menu_order":0,"comment_status":"closed","ping_status":"closed","template":"","meta":{"footnotes":""},"class_list":["post-5354","page","type-page","status-publish","hentry"],"_links":{"self":[{"href":"https:\/\/sileu.com\/de\/wp-json\/wp\/v2\/pages\/5354","targetHints":{"allow":["GET"]}}],"collection":[{"href":"https:\/\/sileu.com\/de\/wp-json\/wp\/v2\/pages"}],"about":[{"href":"https:\/\/sileu.com\/de\/wp-json\/wp\/v2\/types\/page"}],"author":[{"embeddable":true,"href":"https:\/\/sileu.com\/de\/wp-json\/wp\/v2\/users\/4815"}],"replies":[{"embeddable":true,"href":"https:\/\/sileu.com\/de\/wp-json\/wp\/v2\/comments?post=5354"}],"version-history":[{"count":3,"href":"https:\/\/sileu.com\/de\/wp-json\/wp\/v2\/pages\/5354\/revisions"}],"predecessor-version":[{"id":7335,"href":"https:\/\/sileu.com\/de\/wp-json\/wp\/v2\/pages\/5354\/revisions\/7335"}],"wp:attachment":[{"href":"https:\/\/sileu.com\/de\/wp-json\/wp\/v2\/media?parent=5354"}],"curies":[{"name":"wp","href":"https:\/\/api.w.org\/{rel}","templated":true}]}}