{"id":5358,"date":"2017-09-06T11:20:09","date_gmt":"2017-09-06T11:20:09","guid":{"rendered":"http:\/\/sileu.com\/?page_id=5358\/"},"modified":"2017-09-06T11:20:09","modified_gmt":"2017-09-06T11:20:09","slug":"danke-fuer-ihre-kooperation","status":"publish","type":"page","link":"https:\/\/sileu.com\/de\/danke-fuer-ihre-kooperation\/","title":{"rendered":"Danke f\u00fcr Ihre Kooperation!"},"content":{"rendered":"<h2 style=\"text-align: center;\"><img fetchpriority=\"high\" decoding=\"async\" class=\"alignnone size-full wp-image-3698\" src=\"http:\/\/sileu.com\/wp-content\/uploads\/2016\/12\/Colaboracion-300x259.jpg\" alt=\"colaboracion-300x259\" width=\"300\" height=\"259\" title=\"\"><\/h2>\n<h2 style=\"text-align: center;\">Vielen Dank f\u00fcr Ihre Bestellung!<\/h2>\n<p>Im Namen von Sileu danken wir Ihnen f\u00fcr Ihre Bestellung, wir werden die Menstruationstasse an die Adresse versenden, die Sie angegeben haben.<\/p>\n<p>Wir w\u00fcrden uns freuen, wenn Sie uns Ihre Meinung zu dem Artikel berichten. Des Weiteren w\u00e4re es sch\u00f6n, Ihr Feedback auf Social Media zu sehen. Dies wird uns helfen, die Verwendung von unseren Produkten zu verbreiten.<\/p>\n<p>Derzeit ist das Monopol in der Frauen-K\u00f6rperpflege-Industrie im Besitz von gro\u00dfen Unternehmen wie Johnson &amp; Johnson und P &amp; G, Hersteller von Tampons und Damenbinden. Die Menstruationstassen sind dank der Bem\u00fchungen solcher Unternehmen trotz aller Vorteile in der Verwendung nicht beliebt, da diese Unternehmen durch ihre Wegwerfprodukte viel Geld verdienen und durch Menstruationstassen viele Verluste erleiden w\u00fcrden. Mit Ihrer Hilfe konnten wir die Menstruationstassen zu einem beliebteren Produkt machen und somit helfen, die Umwelt mit weniger Abfall zu schonen.<\/p>\n<p><img decoding=\"async\" class=\"size-full wp-image-3704 aligncenter\" src=\"http:\/\/sileu.com\/wp-content\/uploads\/2016\/12\/gracias.jpg\" alt=\"gracias\" width=\"634\" height=\"349\" title=\"\" srcset=\"https:\/\/sileu.com\/wp-content\/uploads\/2016\/12\/gracias.jpg 634w, https:\/\/sileu.com\/wp-content\/uploads\/2016\/12\/gracias-510x281.jpg 510w\" sizes=\"(max-width: 634px) 100vw, 634px\" \/><\/p>\n<p style=\"text-align: right;\">Viviana Quijano<br \/>\nMarketing<br \/>\nSileu<\/p>\n<p>&nbsp;<\/p>\n","protected":false},"excerpt":{"rendered":"<p>Vielen Dank f\u00fcr Ihre Bestellung! Im Namen von Sileu danken wir Ihnen f\u00fcr Ihre Bestellung, wir werden die Menstruationstasse an die Adresse versenden, die Sie angegeben haben. Wir w\u00fcrden uns freuen, wenn Sie uns Ihre Meinung zu dem Artikel berichten. Des Weiteren w\u00e4re es sch\u00f6n, Ihr Feedback auf Social Media zu sehen. Dies wird uns [&hellip;]<\/p>\n","protected":false},"author":4815,"featured_media":0,"parent":0,"menu_order":0,"comment_status":"closed","ping_status":"closed","template":"","meta":{"footnotes":""},"class_list":["post-5358","page","type-page","status-publish","hentry"],"_links":{"self":[{"href":"https:\/\/sileu.com\/de\/wp-json\/wp\/v2\/pages\/5358","targetHints":{"allow":["GET"]}}],"collection":[{"href":"https:\/\/sileu.com\/de\/wp-json\/wp\/v2\/pages"}],"about":[{"href":"https:\/\/sileu.com\/de\/wp-json\/wp\/v2\/types\/page"}],"author":[{"embeddable":true,"href":"https:\/\/sileu.com\/de\/wp-json\/wp\/v2\/users\/4815"}],"replies":[{"embeddable":true,"href":"https:\/\/sileu.com\/de\/wp-json\/wp\/v2\/comments?post=5358"}],"version-history":[{"count":1,"href":"https:\/\/sileu.com\/de\/wp-json\/wp\/v2\/pages\/5358\/revisions"}],"predecessor-version":[{"id":5359,"href":"https:\/\/sileu.com\/de\/wp-json\/wp\/v2\/pages\/5358\/revisions\/5359"}],"wp:attachment":[{"href":"https:\/\/sileu.com\/de\/wp-json\/wp\/v2\/media?parent=5358"}],"curies":[{"name":"wp","href":"https:\/\/api.w.org\/{rel}","templated":true}]}}