{"id":5360,"date":"2017-09-06T11:24:03","date_gmt":"2017-09-06T11:24:03","guid":{"rendered":"http:\/\/sileu.com\/?page_id=5360\/"},"modified":"2017-09-06T11:24:03","modified_gmt":"2017-09-06T11:24:03","slug":"ueber-uns","status":"publish","type":"page","link":"https:\/\/sileu.com\/de\/ueber-uns\/","title":{"rendered":"\u00dcber uns"},"content":{"rendered":"<p><strong>Kennen Sie unseren Traum<\/strong><\/p>\n<p>Die Menstruationstasse SileuCup wird von Home Health Europe hergestellt, ein Unternehmen voller Leidenschaft und Impuls f\u00fcr die Schaffung eines sozialen Wandels und eine feminine Revolution in der Art, ihren Menstruationszyklus zu verstehen.<\/p>\n<p>Unser Ziel ist die Erm\u00e4chtigung, Kontrolle und Akzeptanz der Frauen \u00fcber ihren eigenen K\u00f6rper, unabh\u00e4ngig von Nationalit\u00e4t, Religion, Farbe, Alter, Ethnizit\u00e4t oder anderen Merkmalen. Wir tr\u00e4umen von einer von Vorurteilen und Tabus freien Welt \u00fcber etwas so nat\u00fcrliches und einfaches wie die Menstruation jeder Frau, dass dies als etwas Sauberes und Gutes und nicht als Grund f\u00fcr Scham, Verh\u00fcllung und sogar Ablehnung gesehen wird.<\/p>\n<p>Wir bieten eine saubere, hygienische, \u00f6konomische und nachhaltige Methode f\u00fcr alle Frauen an, die es nutzen wollen und damit die &#8220;Not&#8221; nach dem Einsatz traditioneller Methoden wie Binden und Tampons loswerden k\u00f6nnen.<\/p>\n<p>&nbsp;<\/p>\n<p><strong>Derzeit f\u00fchren wir einen Kampf gegen zwei Riesen:<\/strong><\/p>\n<p>Der erste sind multinationale Tampons-Hersteller wie J &amp; J oder P &amp; G. Die sind daran interessiert, dass Frauen nichts \u00fcber Menstruationstassen wissen, da wegen diesen die Firmen ihre Milliarden von Dollar verlieren k\u00f6nnten. Die Verwendung einer Menstruationstasse garantiert, dass Sie f\u00fcr ca. 10 Jahre keine andere alternative Methode erwerben m\u00fcssen und ihre Kosten sich in etwa nach zwei Monaten auszahlen werden. Zudem wird Geld gespart und die Umwelt geschont.<\/p>\n<p>Der zweite Riese sind gro\u00dfe Unternehmen, die Menstruationstassen produzieren und diese zu unangemessen hohen Preisen verkaufen. Dies wirkt vom Kauf absto\u00dfend. Wir m\u00f6chten Ihnen unsere Menstruationstassen zu einem fairen Preis anbieten. Die Qualit\u00e4t unserer Produkte ist vergleichbar mit den teureren Menstruationstassen.<\/p>\n<p>&nbsp;<\/p>\n<p><strong>Werte<\/strong><\/p>\n<p>Wir ehren Nachhaltigkeit: wirtschaftliche, soziale und \u00f6kologische. Wir sch\u00e4tzen Transparenz, Integrit\u00e4t und Vertrauen in alle Beziehungen.<\/p>\n<p>Wegen dem Zusammenhang des toxisches Schocksyndroms (TSS) mit dem Einsatz von synthetischen Tampons m\u00fcssten sich viele Frauen auf Alternativen wie Menstruationstassen oder Tampons aus reinem Baumwolle umstellen, die auf dem Markt verf\u00fcgbar sind. TSS, eine manchmal t\u00f6dliche Infektion, die durch Fieber, Durchfall, \u00dcbelkeit, diffuses Erythem und Schock gekennzeichnet wird, tritt vor allem bei Frauen, die Tampons mit hoher Saugf\u00e4higkeit verwenden. Die Anwesenheit von Dioxin (ein Nebenprodukt des Chlorbleichprozesses) in Tampons wirkt sich auch negativ auf die Gesundheit von Frauen aus.<\/p>\n<p>Asbest, Dioxin oder Rayon sind bei der Herstellung der meisten Tampons und Damenbinden vorhanden, genau wie die Gefahr eines toxischen Schocksyndroms (TSS).<\/p>\n","protected":false},"excerpt":{"rendered":"<p>Kennen Sie unseren Traum Die Menstruationstasse SileuCup wird von Home Health Europe hergestellt, ein Unternehmen voller Leidenschaft und Impuls f\u00fcr die Schaffung eines sozialen Wandels und eine feminine Revolution in der Art, ihren Menstruationszyklus zu verstehen. Unser Ziel ist die Erm\u00e4chtigung, Kontrolle und Akzeptanz der Frauen \u00fcber ihren eigenen K\u00f6rper, unabh\u00e4ngig von Nationalit\u00e4t, Religion, Farbe, [&hellip;]<\/p>\n","protected":false},"author":4815,"featured_media":0,"parent":0,"menu_order":0,"comment_status":"closed","ping_status":"closed","template":"page-blank-container.php","meta":{"footnotes":""},"class_list":["post-5360","page","type-page","status-publish","hentry"],"_links":{"self":[{"href":"https:\/\/sileu.com\/de\/wp-json\/wp\/v2\/pages\/5360","targetHints":{"allow":["GET"]}}],"collection":[{"href":"https:\/\/sileu.com\/de\/wp-json\/wp\/v2\/pages"}],"about":[{"href":"https:\/\/sileu.com\/de\/wp-json\/wp\/v2\/types\/page"}],"author":[{"embeddable":true,"href":"https:\/\/sileu.com\/de\/wp-json\/wp\/v2\/users\/4815"}],"replies":[{"embeddable":true,"href":"https:\/\/sileu.com\/de\/wp-json\/wp\/v2\/comments?post=5360"}],"version-history":[{"count":1,"href":"https:\/\/sileu.com\/de\/wp-json\/wp\/v2\/pages\/5360\/revisions"}],"predecessor-version":[{"id":5361,"href":"https:\/\/sileu.com\/de\/wp-json\/wp\/v2\/pages\/5360\/revisions\/5361"}],"wp:attachment":[{"href":"https:\/\/sileu.com\/de\/wp-json\/wp\/v2\/media?parent=5360"}],"curies":[{"name":"wp","href":"https:\/\/api.w.org\/{rel}","templated":true}]}}