{"id":3010,"date":"2016-07-01T15:41:47","date_gmt":"2016-07-01T15:41:47","guid":{"rendered":"http:\/\/sileu.com\/es\/product\/menstruationstasse-sileu-gemacht-in-silikon-besoldungsgruppe-medizinische-wiederverwendbar-farbe-violett-modell-sport\/"},"modified":"2020-04-08T04:24:42","modified_gmt":"2020-04-08T04:24:42","slug":"menstruationstasse-sileu-gemacht-in-silikon-besoldungsgruppe-medizinische-wiederverwendbar-farbe-violett-modell-sport","status":"publish","type":"product","link":"https:\/\/sileu.com\/de\/produkt\/menstruationstasse-sileu-gemacht-in-silikon-besoldungsgruppe-medizinische-wiederverwendbar-farbe-violett-modell-sport\/","title":{"rendered":"Menstruationstasse Modell Sport"},"content":{"rendered":"<p>Die Menstruationskappe ist ein Container medizinischem Silikon, der in der Vagina (wie ein Tampon) eingef\u00fcgt wird, w\u00e4hrend der Menstruation, Anpassung an jede Frau \u00fcberhaupt mal vaginalen W\u00e4nde, ohne zu bef\u00fcrchten, dass Sie verschieben. Sammeln die Str\u00f6mung im Inneren des Glases kann, und es es bis zu 12 Std. auf der Innenseite ohne sorgen. Es hat unbegrenzte Nutzung, da k\u00f6nnen Sie setzen und so oft wie Sie wollen, dass es das Leben des Cups mit eine richtige Pflege ist die Verwendung der Pads und Tampons seit 10 Jahren auf null reduzieren, entfernen. Wenn abgeschlossen den Zyklus haben, Es gibt nicht mehr als es mit kochendem Wasser und sogar sterilisieren Tabletten von Flaschen und Sauger Babys zu sterilisieren und halten Sie sie in Ihrer Tasche bis zu der n\u00e4chsten Regelblutung. Unsere Menstruation sind Poly\u00e4thylen-medizinischer Qualit\u00e4t Silikon (TPE), denken, dass alle Frauen, auch diejenigen, die haben eine Art Allergie nutzen kann, da unsere Getr\u00e4nke Allergen 100 % sind. Chemischen Zus\u00e4tze, die der K\u00f6rper der Frau auswirken k\u00f6nnen ist nicht bei der Herstellung verwendete. Keine Bakterien in ihre v\u00f6llig glatte Oberfl\u00e4che bleiben k\u00f6nnen, und das nicht aufnehmen, keine Fl\u00fcssigkeit, so dass keine Ursache \u00c4nderungen der nat\u00fcrlichen vaginalen Umgebung. Hergestellt aus medizinischen Silikon, nicht Spinne oder die vaginalen W\u00e4nde trocken und nicht zulassen, dass Spuren von Fasern (im Gegensatz zu Tampons und zus\u00e4tzliche Kompressen). Mit seiner Verwendung zu vermeiden verwenden Sie Kompressen und Tampons, hohem Schadstoffaussto\u00df f\u00fcr die Umwelt, da verschiedene Chemikalien, wie z. B. industrielle Aufheller bei der Herstellung dieser Produkte verwendet werden, und au\u00dferdem werden f\u00fcr viele Jahre zu erniedrigen.<\/p>\n<p><strong>CHARAKTERISTIKUM<\/strong><\/p>\n<ul class=\"a-vertical a-spacing-none\">\n<li><span class=\"a-list-item\">Es kann verwendet werden, w\u00e4hrend der gesamten.<\/span><\/li>\n<\/ul>\n<ul class=\"a-vertical a-spacing-none\">\n<li><span class=\"a-list-item\">Nicht Spinne oder die vaginalen W\u00e4nde trocken und nicht zulassen, dass Spuren von Fasern (im Gegensatz zu Tampons und zus\u00e4tzliche Kompressen).<\/span><\/li>\n<\/ul>\n<ul class=\"a-vertical a-spacing-none\">\n<li><span class=\"a-list-item\">Sie bildet eine wichtige speichern, da die Tasse mit einem vorschriftsm\u00e4\u00dfigem dauert 10 Jahre und keine weitere Pads oder Tampons zu kaufen. Nach dem Ende der Menstruation, gibt es mehr zu sterilisieren, kochen es oder die Verwendung von Pillen-Sterilisatoren f\u00fcr Flaschen und Sauger f\u00fcr Baby.<\/span><\/li>\n<\/ul>\n<ul class=\"a-vertical a-spacing-none\">\n<li><span class=\"a-list-item\">Der Cup ist die umweltfreundlichere Alternative: erzeugt keine Abf\u00e4lle oder die Umwelt verschmutzen als ob erleichtert die Verwendung von Tampons und komprimiert.<\/span><\/li>\n<\/ul>\n<ul class=\"a-vertical a-spacing-none\">\n<li><span class=\"a-list-item\">Es passt sich perfekt an die Anatomie der jede Frau und sorgt f\u00fcr einen 12-Stunden-Schutz ohne st\u00e4ndig gereinigt.<\/span><\/li>\n<\/ul>\n","protected":false},"excerpt":{"rendered":"<p>Die Menstruationskappe ist ein Container medizinischem Silikon, der in der Vagina (wie ein Tampon) eingef\u00fcgt wird, w\u00e4hrend der Menstruation, Anpassung an jede Frau \u00fcberhaupt mal vaginalen W\u00e4nde, ohne zu bef\u00fcrchten, dass Sie verschieben. Sammeln die Str\u00f6mung im Inneren des Glases kann, und es es bis zu 12 Std. auf der Innenseite ohne sorgen. Es hat [&hellip;]<\/p>\n","protected":false},"featured_media":81124,"comment_status":"open","ping_status":"closed","template":"","meta":[],"product_brand":[],"product_cat":[50952],"product_tag":[],"class_list":{"0":"post-3010","1":"product","2":"type-product","3":"status-publish","4":"has-post-thumbnail","6":"product_cat-sileu-cup","8":"first","9":"instock","10":"sale","11":"taxable","12":"shipping-taxable","13":"purchasable","14":"product-type-variable"},"supplier_id":null,"supplier_sku":"","barcode":null,"atum_controlled":true,"out_stock_date":null,"out_stock_threshold":null,"inheritable":false,"inbound_stock":null,"stock_on_hold":13,"sold_today":0,"sales_last_days":0,"reserved_stock":null,"customer_returns":null,"warehouse_damage":null,"lost_in_post":null,"other_logs":null,"out_stock_days":null,"lost_sales":0,"has_location":null,"update_date":"2026-03-17T12:12:42","atum_locations":[],"atum_stock_status":"instock","restock_status":false,"low_stock_amount":"","sales_update_date":null,"calc_backorders":null,"_links":{"self":[{"href":"https:\/\/sileu.com\/de\/wp-json\/wp\/v2\/product\/3010","targetHints":{"allow":["GET"]}}],"collection":[{"href":"https:\/\/sileu.com\/de\/wp-json\/wp\/v2\/product"}],"about":[{"href":"https:\/\/sileu.com\/de\/wp-json\/wp\/v2\/types\/product"}],"replies":[{"embeddable":true,"href":"https:\/\/sileu.com\/de\/wp-json\/wp\/v2\/comments?post=3010"}],"wp:featuredmedia":[{"embeddable":true,"href":"https:\/\/sileu.com\/de\/wp-json\/wp\/v2\/media\/81124"}],"wp:attachment":[{"href":"https:\/\/sileu.com\/de\/wp-json\/wp\/v2\/media?parent=3010"}],"wp:term":[{"taxonomy":"product_brand","embeddable":true,"href":"https:\/\/sileu.com\/de\/wp-json\/wp\/v2\/product_brand?post=3010"},{"taxonomy":"product_cat","embeddable":true,"href":"https:\/\/sileu.com\/de\/wp-json\/wp\/v2\/product_cat?post=3010"},{"taxonomy":"product_tag","embeddable":true,"href":"https:\/\/sileu.com\/de\/wp-json\/wp\/v2\/product_tag?post=3010"}],"curies":[{"name":"wp","href":"https:\/\/api.w.org\/{rel}","templated":true}]}}