{"id":3583,"date":"2016-07-05T16:27:13","date_gmt":"2016-07-05T16:27:13","guid":{"rendered":"http:\/\/sileu.com\/es\/product\/sileu-sterilisator-farbe-rosa-mit-der-abdeckung-aus-medizinischem-silikon-ein-ideales-zubehoer-fuer-ihre-menstruationsschale\/"},"modified":"2024-10-19T17:18:03","modified_gmt":"2024-10-19T17:18:03","slug":"sileu-sterilisator-farbe-rosa-mit-der-abdeckung-aus-medizinischem-silikon-ein-ideales-zubehoer-fuer-ihre-menstruationsschale","status":"publish","type":"product","link":"https:\/\/sileu.com\/de\/produkt\/sileu-sterilisator-farbe-rosa-mit-der-abdeckung-aus-medizinischem-silikon-ein-ideales-zubehoer-fuer-ihre-menstruationsschale\/","title":{"rendered":"Sileu Sterilisator"},"content":{"rendered":"<p>Mit diesem faltbaren Sterilisator f\u00fcr Menstruationsschalen k\u00f6nnen Sie Ihre Menstruationsschale einfach in der Mikrowelle sterelisieren, ohne weder K\u00fcchent\u00f6pfe noch entkeimende Tabletten zu benutzen. Hergestellt aus medizinischem Silikon, 100% frei von giftigen Chemikalien, die f\u00fcr Ihre Gesundheit sch\u00e4dlich sind. Dank seinem faltbaren Design braucht er wenig Platz, ist sehr praktisch und leichtverwendbar. Sie konnten den Sterilisator in Ihrer Handtasche, im Koffer, im Rucksack usw. tragen. Er kann auch als ein &#8220;Lager&#8221; f\u00fcr Ihre Ersatzmenstruationsschale verwedet werden. Um Ihre Menstruationsschale zu sterelisieren, m\u00fcssen Sie sie nur entfernen, entleeren und danach reinigen. Legen Sie Ihre Menstruationstasse in den Sterilisator und f\u00fcllen Sie ihn mit Wasser. Legen Sie den Sterilisator in die Mikrowelle (ohne Deckel) und w\u00e4hlen Sie das passende Programm Ihrer Mikrowelle aus, so dass das Wasser in 2 bis 3 Minuten zu kochen anf\u00e4ngt. Durch diesen einfachen Proze\u00df wird Ihre Menstruationsschale schnell und effektiv gereinigt, ohne die Verwendung von Kocht\u00f6pfe oder entkeimenden Tabletten. Eigenschaften<\/p>\n<p>&#8211; Faltbar. Geringer Raumbedarf<\/p>\n<p>&#8211; Hergestellt aus medizinischem Silikon, frei von sch\u00e4dlichen Chemikalien, die Ihre Gesundheit gef\u00e4hrden.<\/p>\n<p>&#8211; Wiederverwendbar Sie k\u00f6nnen ihm f\u00fcr verschiedene Zwecke verwenden und somit Ihr Geld sparen.<\/p>\n<p>&#8211; Dank dem Deckel kann der Sterilisator als ein &#8220;Lager&#8221; f\u00fcr Ihre Menstruationsschale verwendet werden.<\/p>\n","protected":false},"excerpt":{"rendered":"<p>Mit diesem faltbaren Sterilisator f\u00fcr Menstruationsschalen k\u00f6nnen Sie Ihre Menstruationsschale einfach in der Mikrowelle sterelisieren, ohne weder K\u00fcchent\u00f6pfe noch entkeimende Tabletten zu benutzen. Hergestellt aus medizinischem Silikon, 100% frei von giftigen Chemikalien, die f\u00fcr Ihre Gesundheit sch\u00e4dlich sind. Dank seinem faltbaren Design braucht er wenig Platz, ist sehr praktisch und leichtverwendbar. Sie konnten den Sterilisator [&hellip;]<\/p>\n","protected":false},"featured_media":78211,"comment_status":"open","ping_status":"closed","template":"","meta":[],"product_brand":[],"product_cat":[50966,50965,50969,50964,50968,50967,60],"product_tag":[],"class_list":{"0":"post-3583","1":"product","2":"type-product","3":"status-publish","4":"has-post-thumbnail","6":"product_cat-sileu-clean","14":"first","15":"instock","16":"sale","17":"taxable","18":"shipping-taxable","19":"purchasable","20":"product-type-variable"},"supplier_id":null,"supplier_sku":"","barcode":null,"atum_controlled":true,"out_stock_date":null,"out_stock_threshold":null,"inheritable":false,"inbound_stock":null,"stock_on_hold":12,"sold_today":0,"sales_last_days":0,"reserved_stock":null,"customer_returns":null,"warehouse_damage":null,"lost_in_post":null,"other_logs":null,"out_stock_days":null,"lost_sales":0,"has_location":null,"update_date":"2026-02-19T11:09:33","atum_locations":[],"atum_stock_status":"instock","restock_status":false,"low_stock_amount":"","sales_update_date":null,"calc_backorders":null,"_links":{"self":[{"href":"https:\/\/sileu.com\/de\/wp-json\/wp\/v2\/product\/3583","targetHints":{"allow":["GET"]}}],"collection":[{"href":"https:\/\/sileu.com\/de\/wp-json\/wp\/v2\/product"}],"about":[{"href":"https:\/\/sileu.com\/de\/wp-json\/wp\/v2\/types\/product"}],"replies":[{"embeddable":true,"href":"https:\/\/sileu.com\/de\/wp-json\/wp\/v2\/comments?post=3583"}],"wp:featuredmedia":[{"embeddable":true,"href":"https:\/\/sileu.com\/de\/wp-json\/wp\/v2\/media\/78211"}],"wp:attachment":[{"href":"https:\/\/sileu.com\/de\/wp-json\/wp\/v2\/media?parent=3583"}],"wp:term":[{"taxonomy":"product_brand","embeddable":true,"href":"https:\/\/sileu.com\/de\/wp-json\/wp\/v2\/product_brand?post=3583"},{"taxonomy":"product_cat","embeddable":true,"href":"https:\/\/sileu.com\/de\/wp-json\/wp\/v2\/product_cat?post=3583"},{"taxonomy":"product_tag","embeddable":true,"href":"https:\/\/sileu.com\/de\/wp-json\/wp\/v2\/product_tag?post=3583"}],"curies":[{"name":"wp","href":"https:\/\/api.w.org\/{rel}","templated":true}]}}