{"id":4829,"date":"2016-11-22T18:34:05","date_gmt":"2016-11-22T18:34:05","guid":{"rendered":"http:\/\/sileu.com\/cup\/sterilisierende-tabletten-mini-milton-50-einheiten-menstruations-cup-sterilisier-und-desinfektionstabletten-sileu-ideal-fur-den-einsatz-mit-dem-falt-sterilisator-sileu\/"},"modified":"2020-04-14T12:53:21","modified_gmt":"2020-04-14T12:53:21","slug":"sterilisierende-tabletten-mini-milton-50-einheiten-menstruations-cup-sterilisier-und-desinfektionstabletten-sileu-ideal-fur-den-einsatz-mit-dem-falt-sterilisator-sileu","status":"publish","type":"product","link":"https:\/\/sileu.com\/de\/produkt\/sterilisierende-tabletten-mini-milton-50-einheiten-menstruations-cup-sterilisier-und-desinfektionstabletten-sileu-ideal-fur-den-einsatz-mit-dem-falt-sterilisator-sileu\/","title":{"rendered":"Sterilisierende Tabletten"},"content":{"rendered":"<p><b>Milton Ist eine sterilisierende Pille, die Ihnen erlaubt, Ihre Menstruationstasse zu sterilisieren Sileu In kaltem Wasser in nur 15 Minuten, die Herstellung der gleichen Wirkung, als ob Sie Koch es<\/b>. Es ist nicht notwendig, die Tasse nach der Sterilisation zu sp\u00fclen. Milton ist entworfen, um 99,9% der Keime (Bakterien, Pilze und Viren) zu entfernen, und seine L\u00f6sung bleibt f\u00fcr 24 Stunden steril, so dass es w\u00e4hrend dieser Zeit wiederverwendet werden kann. Geeignet zum Desinfizieren von Babyartikeln wie Babyflaschen, Zitzen, Schnuller, Zitzen und Ihrem Menstruationsbecher.<\/p>\n<p><b>Wie benutzt man Milton mit dem Menstruationsbecher?<\/b><\/p>\n<p>Reinigen Sie die Tasse wie gewohnt. Eine Tablette aufl\u00f6sen Milton In ca. 100 ml kaltem Wasser k\u00f6nnen Sie hierzu unsere Falt-Silikon-Sterilisatoren verwenden, da sie sich ideal f\u00fcr diesen Einsatz eignen. Den Menstruationsbecher vollst\u00e4ndig in die Sterilisierl\u00f6sung eintauchen und dabei die Austrittsbereiche in der Luft vermeiden. Nach 15 Minuten waschen Sie Ihre H\u00e4nde und entfernen Sie den Menstruationsbecher aus der L\u00f6sung. Trocknen lassen und ist gebrauchsfertig.<\/p>\n<p><b>teile der Sterilisation der Menstruationsschale Sileu mit Milton:<\/b><\/p>\n<p>&#8211; Sie vermeiden das Risiko, Ihre Menstruationsschale zu verbrennen, indem Sie sie f\u00fcr einen Skandal kochen, f\u00fcr falsche Zeit, etc.<br \/>\n&#8211; Der Becher wird eine Menge seiner urspr\u00fcnglichen Farbe wiederherstellen, da sie oft einen r\u00f6tlichen Farbton f\u00fcr den Gebrauch erwerben.<br \/>\n&#8211; Es ist ideal, wenn Sie unterwegs sind oder kampieren oder einfach nur weg von zu Hause oder bei der Arbeit sind, denn es gibt Ihnen mehr Flexibilit\u00e4t und die F\u00e4higkeit, Ihr Glas jedes Mal zu sterilisieren, wenn Sie wollen.<br \/>\n&#8211; Sie k\u00f6nnen die Tasse in der L\u00f6sung f\u00fcr bis zu 24 Stunden verlassen und bleiben w\u00e4hrend dieser Zeit perfekt sterilisiert.<\/p>\n<p><b>Pathogen-Eliminationszeit:<\/b><\/p>\n<p>1 Minute: Bakterizide EN104, Listeria, salmonella, campylobacter.<br \/>\n5 Minuten: EN1276 Bakterizid.<br \/>\n15 minuten: Virucida NFT72-180.<\/p>\n","protected":false},"excerpt":{"rendered":"<p>Milton Ist eine sterilisierende Pille, die Ihnen erlaubt, Ihre Menstruationstasse zu sterilisieren Sileu In kaltem Wasser in nur 15 Minuten, die Herstellung der gleichen Wirkung, als ob Sie Koch es. Es ist nicht notwendig, die Tasse nach der Sterilisation zu sp\u00fclen. Milton ist entworfen, um 99,9% der Keime (Bakterien, Pilze und Viren) zu entfernen, und [&hellip;]<\/p>\n","protected":false},"featured_media":11370,"comment_status":"open","ping_status":"closed","template":"","meta":[],"product_brand":[],"product_cat":[50966],"product_tag":[],"class_list":{"0":"post-4829","1":"product","2":"type-product","3":"status-publish","4":"has-post-thumbnail","6":"product_cat-sileu-clean","8":"first","9":"instock","10":"sale","11":"taxable","12":"shipping-taxable","13":"purchasable","14":"product-type-variable"},"supplier_id":null,"supplier_sku":"","barcode":null,"atum_controlled":true,"out_stock_date":null,"out_stock_threshold":null,"inheritable":true,"inbound_stock":0,"stock_on_hold":2,"sold_today":0,"sales_last_days":0,"reserved_stock":0,"customer_returns":0,"warehouse_damage":0,"lost_in_post":0,"other_logs":0,"out_stock_days":null,"lost_sales":0,"has_location":false,"update_date":"2026-04-13T07:36:41","atum_locations":[],"atum_stock_status":"instock","restock_status":false,"low_stock_amount":"","sales_update_date":"2025-06-10T19:39:31","calc_backorders":null,"_links":{"self":[{"href":"https:\/\/sileu.com\/de\/wp-json\/wp\/v2\/product\/4829","targetHints":{"allow":["GET"]}}],"collection":[{"href":"https:\/\/sileu.com\/de\/wp-json\/wp\/v2\/product"}],"about":[{"href":"https:\/\/sileu.com\/de\/wp-json\/wp\/v2\/types\/product"}],"replies":[{"embeddable":true,"href":"https:\/\/sileu.com\/de\/wp-json\/wp\/v2\/comments?post=4829"}],"wp:featuredmedia":[{"embeddable":true,"href":"https:\/\/sileu.com\/de\/wp-json\/wp\/v2\/media\/11370"}],"wp:attachment":[{"href":"https:\/\/sileu.com\/de\/wp-json\/wp\/v2\/media?parent=4829"}],"wp:term":[{"taxonomy":"product_brand","embeddable":true,"href":"https:\/\/sileu.com\/de\/wp-json\/wp\/v2\/product_brand?post=4829"},{"taxonomy":"product_cat","embeddable":true,"href":"https:\/\/sileu.com\/de\/wp-json\/wp\/v2\/product_cat?post=4829"},{"taxonomy":"product_tag","embeddable":true,"href":"https:\/\/sileu.com\/de\/wp-json\/wp\/v2\/product_tag?post=4829"}],"curies":[{"name":"wp","href":"https:\/\/api.w.org\/{rel}","templated":true}]}}