{"id":77290,"date":"2019-03-21T10:05:47","date_gmt":"2019-03-21T10:05:47","guid":{"rendered":"https:\/\/sileu.com\/cup\/pack-viaje-sileu-passion-sweet-copa-menstrual-sileu-rose-modelo-iniciacion-principiantes-y-adolescentes-ayuda-a-prevenir-la-cistitis-estuche-en-forma-de-flor-esterilizador-plegable\/"},"modified":"2020-08-28T17:51:05","modified_gmt":"2020-08-28T17:51:05","slug":"pack-viaje-sileu-passion-sweet-copa-menstrual-sileu-rose-modelo-iniciacion-principiantes-y-adolescentes-ayuda-a-prevenir-la-cistitis-estuche-en-forma-de-flor-esterilizador-plegable","status":"publish","type":"product","link":"https:\/\/sileu.com\/de\/produkt\/pack-viaje-sileu-passion-sweet-copa-menstrual-sileu-rose-modelo-iniciacion-principiantes-y-adolescentes-ayuda-a-prevenir-la-cistitis-estuche-en-forma-de-flor-esterilizador-plegable\/","title":{"rendered":"Sileu Travel &#8211; Sileu Rose Menstruationstasse + Blumenf\u00f6rmige H\u00fclle 10 cm + Faltsterilisator"},"content":{"rendered":"<p><strong>WELCHE GR\u00d6SSE W\u00c4HLEN?<\/strong><\/p>\n<ul>\n<li>Gr\u00f6\u00dfe S: Frauen, die nicht durch nat\u00fcrliche Geburt geboren haben.<\/li>\n<li>Gr\u00f6\u00dfe L: Frauen, die durch nat\u00fcrliche Geburt geboren haben.<\/li>\n<\/ul>\n<p><strong>WELCHE FLEXIBILIT\u00c4T ZU W\u00c4HLEN?<\/strong><\/p>\n<ul>\n<li>Die Sileu Rose Sport Menstruationstasse hat eine Flexibilit\u00e4t von 2. Sie ist weniger flexibel als andere Modelle, um sich perfekt an die Vaginalw\u00e4nde anzupassen und Undichtigkeiten zu vermeiden, insbesondere bei Frauen, die h\u00e4ufig Sport treiben und Sportarten wie Pilates aus\u00fcben , Yoga, Tanz, Reiten usw. Es wird auch Frauen mit einem starken und trainierten Beckenboden (zum Beispiel Kegel\u00fcbungen) sowie Sportlern und Leistungssportlern empfohlen.<\/li>\n<li>Die Sileu Rose Standard Menstruationstasse hat eine Flexibilit\u00e4t von 5. Dies macht sie ideal als Startermodell oder wenn Sie sich nicht ganz sicher sind, welche Flexibilit\u00e4t Sie zu Beginn w\u00e4hlen sollen, um es zu versuchen. Dies ist unser beliebtestes Star-Modell und die h\u00e4ufigste Wahl unter Frauen, die unsere Menstruationstassen verwenden, da es aufgrund seines Designs sehr einfach anzuziehen und richtig zu \u00f6ffnen ist.<\/li>\n<li>Die Sileu Rose Soft Menstruationstasse hat eine Flexibilit\u00e4t von 9. Sie ist unsere weichste und flexibelste Menstruationstasse und wird Frauen mit einem schwachen, schlecht trainierten und empfindlichen Beckenboden empfohlen, z. B. Frauen, die k\u00fcrzlich geboren haben und wieder beginnen sie Perioden oder Frauen zu haben, die oft an Vaginal- und \/ oder Harnwegsinfektionen wie Blasenentz\u00fcndung leiden.<\/li>\n<\/ul>\n<p>Wenn Sie Fragen dazu haben, welche Gr\u00f6\u00dfe und Flexibilit\u00e4t f\u00fcr Sie am besten geeignet sind, kontaktieren Sie uns, wir helfen Ihnen gerne weiter.<\/p>\n<p><strong>\u00dcBER SILEU TRAVEL<\/strong><\/p>\n<p>Mit diesem Sileu-Reisepaket k\u00f6nnen Sie Ihre Sileu Rose-Menstruationstasse und Ihren Sterilisator bequem, diskret und elegant in Ihrer Tasche, Ihrem Rucksack, Ihrem Koffer auf Reisen, im Handschuhfach Ihres Autos oder wo immer Sie m\u00f6chten transportieren. Wenn Ihre Periode sinkt, wenn Sie nicht zu Hause sind, k\u00f6nnen Sie mit dem Sileu-Koffer in der Hand oder in Ihrer Tasche diskret auf die Toilette gehen, ohne dass jemand sieht, was Sie tragen.<\/p>\n<p>Alle unsere Menstruationstassen werden aus<strong> ISO 10993-zertifiziertem deutschen medizinischen Silikon<\/strong> sowie unserem roten Farbstoff hergestellt, der biologisch und auch ISO 10993 zertifiziert ist. Die transparente Farbe in unseren Tassen enth\u00e4lt kein Pigment.<\/p>\n<p>Jede Menstruationstasse wird in einem versiegelten Beutel geliefert, um die vollst\u00e4ndige Hygiene zu gew\u00e4hrleisten. Diese Tasche besteht aus PLA, einem nicht-plastischen und biologisch abbaubaren Material, das durch # Null-Kunststoff und # Null-Abfall zur Umwelt beitr\u00e4gt.<\/p>\n<p>In all unseren Gl\u00e4sern ist eine GOTS-zertifizierte Bio-Baumwolltasche als Geschenk enthalten, damit Sie sie aufbewahren k\u00f6nnen, wenn Sie sie nicht verwenden.<\/p>\n<p>Das Geh\u00e4use hat einen Durchmesser von 10 cm und ist speziell f\u00fcr die Aufbewahrung der Menstruationstasse konzipiert. Auf diese Weise wird es vor Staub, Flusen und Schmutz gesch\u00fctzt sowie vor Kratzern oder Besch\u00e4digungen durch andere Gegenst\u00e4nde, die wir transportieren. Es ist immer einsatzbereit, wenn wird gebraucht. Es besteht aus starrem und widerstandsf\u00e4higem Schaum. Dar\u00fcber hinaus ist es in ein Netz integriert, um das Glas einzuhaken und zu verhindern, dass es sich beim \u00d6ffnen des Geh\u00e4uses bewegt oder herunterf\u00e4llt.<\/p>\n<p>Mit dem in der Packung enthaltenen Sterilisator k\u00f6nnen Sie Ihre Menstruationstasse sterilisieren, indem Sie sie in der Mikrowelle kochen. Sie m\u00fcssen nur das Glas einsetzen, Wasser hinzuf\u00fcgen, damit das Glas vollst\u00e4ndig bedeckt ist, und die Mikrowelle auf maximale Leistung einstellen. Sobald das Wasser zu kochen beginnt, sollte das Glas mindestens 3 Minuten im Wasser bleiben, w\u00e4hrend es weiter kocht. Eine Alternative besteht darin, den Sterilisator mit Wasser zu f\u00fcllen, eine Mini-Milton-Sterilisatortablette hinzuzuf\u00fcgen und den Becher nach dem Aufl\u00f6sen mindestens 15 Minuten lang in die L\u00f6sung zu stellen.<\/p>\n<p>Mit dieser praktischen Packung, die keine Probleme mehr bereitet, wenn Ihre Periode pl\u00f6tzlich abf\u00e4llt, haben Sie Ihre Sileu-Menstruationstasse immer und \u00fcberall einsatzbereit!<\/p>\n<p><strong>DASS ICH ERHALTEN WERDE?<\/strong><\/p>\n<p>Die Packung enth\u00e4lt die Menstruationstasse der gew\u00e4hlten Gr\u00f6\u00dfe und Farbe, die in einem biologisch abbaubaren PLA-Beutel versiegelt ist, einen GOTS-zertifizierten Beutel aus Bio-Baumwolle zur Aufbewahrung sowie eine mehrsprachige Bedienungsanleitung (Spanisch, Englisch, Franz\u00f6sisch, Deutsch, Italienisch, Russisch und Portugiesisch) ) mit n\u00fctzlichen Bildern und Tipps zum An- und Ausziehen, einem bl\u00fctenf\u00f6rmigen Geh\u00e4use mit 10 cm Durchmesser in der gew\u00e4hlten Farbe, einem zusammenlegbaren Sterilisator, der in einem biologisch abbaubaren PLA-Beutel versiegelt ist, und einem Karton.<\/p>\n","protected":false},"excerpt":{"rendered":"<p>WELCHE GR\u00d6SSE W\u00c4HLEN? Gr\u00f6\u00dfe S: Frauen, die nicht durch nat\u00fcrliche Geburt geboren haben. Gr\u00f6\u00dfe L: Frauen, die durch nat\u00fcrliche Geburt geboren haben. WELCHE FLEXIBILIT\u00c4T ZU W\u00c4HLEN? Die Sileu Rose Sport Menstruationstasse hat eine Flexibilit\u00e4t von 2. Sie ist weniger flexibel als andere Modelle, um sich perfekt an die Vaginalw\u00e4nde anzupassen und Undichtigkeiten zu vermeiden, insbesondere [&hellip;]<\/p>\n","protected":false},"featured_media":81655,"comment_status":"open","ping_status":"closed","template":"","meta":[],"product_brand":[],"product_cat":[2501],"product_tag":[],"class_list":{"0":"post-77290","1":"product","2":"type-product","3":"status-publish","4":"has-post-thumbnail","6":"product_cat-packs-sileu-de","8":"first","9":"instock","10":"featured","11":"taxable","12":"shipping-taxable","13":"product-type-variable"},"supplier_id":null,"supplier_sku":"","barcode":null,"atum_controlled":true,"out_stock_date":null,"out_stock_threshold":null,"inheritable":false,"inbound_stock":0,"stock_on_hold":11,"sold_today":0,"sales_last_days":0,"reserved_stock":0,"customer_returns":0,"warehouse_damage":0,"lost_in_post":0,"other_logs":0,"out_stock_days":null,"lost_sales":0,"has_location":false,"update_date":"2026-03-31T13:40:36","atum_locations":[],"atum_stock_status":"instock","restock_status":false,"low_stock_amount":"","sales_update_date":"2025-06-10T19:39:04","calc_backorders":null,"_links":{"self":[{"href":"https:\/\/sileu.com\/de\/wp-json\/wp\/v2\/product\/77290","targetHints":{"allow":["GET"]}}],"collection":[{"href":"https:\/\/sileu.com\/de\/wp-json\/wp\/v2\/product"}],"about":[{"href":"https:\/\/sileu.com\/de\/wp-json\/wp\/v2\/types\/product"}],"replies":[{"embeddable":true,"href":"https:\/\/sileu.com\/de\/wp-json\/wp\/v2\/comments?post=77290"}],"wp:featuredmedia":[{"embeddable":true,"href":"https:\/\/sileu.com\/de\/wp-json\/wp\/v2\/media\/81655"}],"wp:attachment":[{"href":"https:\/\/sileu.com\/de\/wp-json\/wp\/v2\/media?parent=77290"}],"wp:term":[{"taxonomy":"product_brand","embeddable":true,"href":"https:\/\/sileu.com\/de\/wp-json\/wp\/v2\/product_brand?post=77290"},{"taxonomy":"product_cat","embeddable":true,"href":"https:\/\/sileu.com\/de\/wp-json\/wp\/v2\/product_cat?post=77290"},{"taxonomy":"product_tag","embeddable":true,"href":"https:\/\/sileu.com\/de\/wp-json\/wp\/v2\/product_tag?post=77290"}],"curies":[{"name":"wp","href":"https:\/\/api.w.org\/{rel}","templated":true}]}}