{"id":77324,"date":"2017-12-12T17:43:29","date_gmt":"2017-12-12T17:43:29","guid":{"rendered":"https:\/\/sileu.com\/cup\/copa-menstrual-sileucup-rose\/"},"modified":"2020-08-28T18:41:50","modified_gmt":"2020-08-28T18:41:50","slug":"copa-menstrual-sileucup-rose","status":"publish","type":"product","link":"https:\/\/sileu.com\/de\/produkt\/copa-menstrual-sileucup-rose\/","title":{"rendered":"Sileu Rose Menstruationstasse"},"content":{"rendered":"<p><strong>WELCHE GR\u00d6SSE W\u00c4HLEN?<\/strong><\/p>\n<ul>\n<li>Gr\u00f6\u00dfe S: Frauen, die nicht durch nat\u00fcrliche Geburt geboren haben.<\/li>\n<li>Gr\u00f6\u00dfe L: Frauen, die durch nat\u00fcrliche Geburt geboren haben.<\/li>\n<\/ul>\n<p><strong>WELCHE FLEXIBILIT\u00c4T ZU W\u00c4HLEN?<\/strong><\/p>\n<ul>\n<li><em><strong>Die Sileu Rose Sport Menstruationstasse hat eine Flexibilit\u00e4t von 2.<\/strong><\/em> Sie ist weniger flexibel als andere Modelle, um sich perfekt an die Vaginalw\u00e4nde anzupassen und Undichtigkeiten zu vermeiden, insbesondere bei Frauen, die h\u00e4ufig Sport treiben und Sportarten wie Pilates aus\u00fcben , Yoga, Tanz, Reiten usw. Es wird auch Frauen mit einem starken und trainierten Beckenboden (zum Beispiel Kegel\u00fcbungen) sowie Sportlern und Leistungssportlern empfohlen.<\/li>\n<li><em><strong>Die Sileu Rose Standard Menstruationstasse hat eine Flexibilit\u00e4t von 5.<\/strong><\/em> Dies macht sie ideal als Startermodell oder wenn Sie sich nicht ganz sicher sind, welche Flexibilit\u00e4t Sie zu Beginn w\u00e4hlen sollen, um es zu versuchen. Dies ist unser beliebtestes Star-Modell und die h\u00e4ufigste Wahl unter Frauen, die unsere Menstruationstassen verwenden, da es aufgrund seines Designs sehr einfach anzuziehen und richtig zu \u00f6ffnen ist.<\/li>\n<li><em><strong>Die Sileu Rose Soft Menstruationstasse hat eine Flexibilit\u00e4t von 9.<\/strong><\/em> Sie ist unsere weichste und flexibelste Menstruationstasse und wird Frauen mit einem schwachen, schlecht trainierten und empfindlichen Beckenboden empfohlen, z. B. Frauen, die k\u00fcrzlich geboren haben und wieder beginnen sie Perioden oder Frauen zu haben, die oft an Vaginal- und \/ oder Harnwegsinfektionen wie Blasenentz\u00fcndung leiden.<\/li>\n<\/ul>\n<p>Wenn Sie Fragen dazu haben, welche Gr\u00f6\u00dfe und Flexibilit\u00e4t f\u00fcr Sie am besten geeignet sind, kontaktieren Sie uns, wir helfen Ihnen gerne weiter.<\/p>\n<p><strong>\u00dcBER SILEU ROSE MENSTRUAL CUP<\/strong><\/p>\n<p>Unser Rose-Modell wurde speziell von uns, dem SileuCup-Team, entwickelt und getestet, um den h\u00f6chsten Komfort und die Bequemlichkeit im t\u00e4glichen Gebrauch zu gew\u00e4hrleisten. Es hat ein v\u00f6llig einzigartiges und unnachahmliches Design, das in Spanien hergestellt wurde und je nach Ihrer Wahl einer sch\u00f6nen roten oder transparenten matten Rose \u00e4hnelt.<\/p>\n<p>Diese sch\u00f6ne Menstruationstasse hat die Note eines Bl\u00fctenblatts, das sehr weich und fest ist, um sicherzustellen, dass es sich beim Einsetzen problemlos \u00f6ffnet und sanft und zart im Intimbereich ist, da es nicht kratzt, trocknet, es hinterl\u00e4sst auch keine R\u00fcckst\u00e4nde. Sie werden noch nie ein weicheres oder leichter zu platzierendes Glas probiert haben!<\/p>\n<p>Alle unsere Menstruationstassen werden aus <em><strong>ISO 10993-zertifiziertem deutschen medizinischen Silikon<\/strong><\/em> sowie unserem roten Farbstoff hergestellt, der biologisch und auch ISO 10993 zertifiziert ist. Die transparente Farbe in unseren Tassen enth\u00e4lt kein Pigment.<\/p>\n<p>Jede Menstruationstasse wird in einem versiegelten Beutel geliefert, um die vollst\u00e4ndige Hygiene zu gew\u00e4hrleisten. Diese Tasche besteht aus PLA, einem nicht-plastischen und biologisch abbaubaren Material, das durch # Null-Kunststoff und # Null-Abfall zur Umwelt beitr\u00e4gt.<\/p>\n<p>In all unseren Gl\u00e4sern ist eine GOTS-zertifizierte Bio-Baumwolltasche als Geschenk enthalten, damit Sie sie aufbewahren k\u00f6nnen, wenn Sie sie nicht verwenden.<\/p>\n<p>Wir haben den K\u00f6rper des Bechers mit gr\u00f6\u00dferer Kapazit\u00e4t hergestellt, ohne den Komfort zu verlieren, indem wir ihn l\u00e4nger gemacht haben. Wir k\u00f6nnen es ohne Bedenken bis zu 12 Stunden in Innenr\u00e4umen aufbewahren und haben genug Kapazit\u00e4t, um die ganze Zeit zu halten, ohne es vollst\u00e4ndig aufzuf\u00fcllen, selbst bei gr\u00f6\u00dferer Durchflussmenge.<\/p>\n<p>Der Stiel kann leicht auf die gew\u00fcnschte H\u00f6he gek\u00fcrzt und sogar vollst\u00e4ndig entfernt werden.<\/p>\n<p>Bei ordnungsgem\u00e4\u00dfer Wartung kann der Sileu Rose-Becher problemlos bis zu 10 Jahre halten, was zu wirtschaftlichen Einsparungen f\u00fchrt, da f\u00fcr die Regel kein Geld f\u00fcr andere Methoden ausgegeben wird und unsere pers\u00f6nlichen Umweltauswirkungen drastisch reduziert werden.<\/p>\n<p>Die Pads und Tampons bestehen aus Fasern, die mit Chemikalien wie Bleichmitteln behandelt wurden, die nicht nur sch\u00e4dlich f\u00fcr uns sind, sondern auch stark verschmutzen. Mit einer Menstruationstasse tragen wir dazu bei, die \u00d6kosysteme zu erhalten. Je mehr wir sind, desto bessere Ergebnisse werden wir erzielen!<\/p>\n<p>Die Verwendung von Sileu Rose ist kein Problem, wenn wir Verh\u00fctungsmittel wie das IUP oder den Verh\u00fctungsring verwenden.<\/p>\n<p><strong>DASS ICH ERHALTEN WERDE?<\/strong><\/p>\n<p>Die Packung enth\u00e4lt die Menstruationstasse der gew\u00e4hlten Gr\u00f6\u00dfe und Farbe, die in einem biologisch abbaubaren PLA-Beutel versiegelt ist, einen GOTS-zertifizierten Beutel aus Bio-Baumwolle zur Aufbewahrung sowie eine mehrsprachige Bedienungsanleitung (Spanisch, Englisch, Franz\u00f6sisch, Deutsch, Italienisch, Russisch und Portugiesisch) ) mit hilfreichen Bildern und Tipps zum An- und Ausziehen sowie einem Karton.<\/p>\n","protected":false},"excerpt":{"rendered":"<p>WELCHE GR\u00d6SSE W\u00c4HLEN? Gr\u00f6\u00dfe S: Frauen, die nicht durch nat\u00fcrliche Geburt geboren haben. Gr\u00f6\u00dfe L: Frauen, die durch nat\u00fcrliche Geburt geboren haben. WELCHE FLEXIBILIT\u00c4T ZU W\u00c4HLEN? Die Sileu Rose Sport Menstruationstasse hat eine Flexibilit\u00e4t von 2. Sie ist weniger flexibel als andere Modelle, um sich perfekt an die Vaginalw\u00e4nde anzupassen und Undichtigkeiten zu vermeiden, insbesondere [&hellip;]<\/p>\n","protected":false},"featured_media":81074,"comment_status":"open","ping_status":"closed","template":"","meta":[],"product_brand":[],"product_cat":[50952],"product_tag":[],"class_list":{"0":"post-77324","1":"product","2":"type-product","3":"status-publish","4":"has-post-thumbnail","6":"product_cat-sileu-cup","8":"first","9":"instock","10":"sale","11":"featured","12":"taxable","13":"shipping-taxable","14":"product-type-variable"},"supplier_id":null,"supplier_sku":"","barcode":null,"atum_controlled":true,"out_stock_date":null,"out_stock_threshold":null,"inheritable":false,"inbound_stock":0,"stock_on_hold":14,"sold_today":0,"sales_last_days":0,"reserved_stock":0,"customer_returns":0,"warehouse_damage":0,"lost_in_post":0,"other_logs":0,"out_stock_days":null,"lost_sales":0,"has_location":false,"update_date":"2026-04-16T09:02:42","atum_locations":[],"atum_stock_status":"instock","restock_status":false,"low_stock_amount":"","sales_update_date":"2025-06-10T19:39:25","calc_backorders":null,"_links":{"self":[{"href":"https:\/\/sileu.com\/de\/wp-json\/wp\/v2\/product\/77324","targetHints":{"allow":["GET"]}}],"collection":[{"href":"https:\/\/sileu.com\/de\/wp-json\/wp\/v2\/product"}],"about":[{"href":"https:\/\/sileu.com\/de\/wp-json\/wp\/v2\/types\/product"}],"replies":[{"embeddable":true,"href":"https:\/\/sileu.com\/de\/wp-json\/wp\/v2\/comments?post=77324"}],"wp:featuredmedia":[{"embeddable":true,"href":"https:\/\/sileu.com\/de\/wp-json\/wp\/v2\/media\/81074"}],"wp:attachment":[{"href":"https:\/\/sileu.com\/de\/wp-json\/wp\/v2\/media?parent=77324"}],"wp:term":[{"taxonomy":"product_brand","embeddable":true,"href":"https:\/\/sileu.com\/de\/wp-json\/wp\/v2\/product_brand?post=77324"},{"taxonomy":"product_cat","embeddable":true,"href":"https:\/\/sileu.com\/de\/wp-json\/wp\/v2\/product_cat?post=77324"},{"taxonomy":"product_tag","embeddable":true,"href":"https:\/\/sileu.com\/de\/wp-json\/wp\/v2\/product_tag?post=77324"}],"curies":[{"name":"wp","href":"https:\/\/api.w.org\/{rel}","templated":true}]}}