{"id":77340,"date":"2016-08-04T17:57:10","date_gmt":"2016-08-04T17:57:10","guid":{"rendered":"https:\/\/sileu.com\/cup\/copa-menstrual-sileucup-divine\/"},"modified":"2020-08-28T19:20:11","modified_gmt":"2020-08-28T19:20:11","slug":"copa-menstrual-sileucup-divine","status":"publish","type":"product","link":"https:\/\/sileu.com\/de\/produkt\/copa-menstrual-sileucup-divine\/","title":{"rendered":"Sileu Divine Menstruationstasse"},"content":{"rendered":"<p><strong>WELCHE GR\u00d6SSE W\u00c4HLEN?<\/strong><\/p>\n<ul>\n<li>Gr\u00f6\u00dfe S: Frauen, die nicht durch nat\u00fcrliche Geburt geboren haben.<\/li>\n<li>Gr\u00f6\u00dfe L: Frauen, die durch nat\u00fcrliche Geburt geboren haben.<\/li>\n<\/ul>\n<p><strong>WAS IST DER MENSTRUAL CUP?<\/strong><\/p>\n<p>Die Menstruationstasse ist ein Beh\u00e4lter aus chirurgischem Silikon, der w\u00e4hrend der Menstruation in die Vagina (wie ein Tampon) eingef\u00fchrt wird und sich jederzeit an die Vaginalw\u00e4nde jeder Frau anpasst, ohne sich darum k\u00fcmmern zu m\u00fcssen Bewegung.<\/p>\n<p>Die Tasse sammelt den Menstruationsfluss im Inneren und kann bis zu 12 Stunden im Inneren tragen, ohne sich Sorgen machen zu m\u00fcssen. Es ist billiger zu verwenden als andere Einwegprodukte, da es bei ordnungsgem\u00e4\u00dfer Wartung bis zu 10 Jahre halten kann und seine Kosten sich in zwei Monaten amortisieren.<\/p>\n<p>Wenn der Zyklus endet, m\u00fcssen Sie ihn nur mit kochendem Wasser in einem Menstruationstassensterilisator oder einem Topf sterilisieren und bis zur n\u00e4chsten Menstruation in Ihrer Tasche aufbewahren.<\/p>\n<p>Alle unsere Menstruationstassen werden aus<strong> ISO 10993-zertifiziertem deutschen medizinischen Silikon<\/strong> sowie unserem roten Farbstoff hergestellt, der biologisch und auch ISO 10993 zertifiziert ist. Die transparente Farbe in unseren Tassen enth\u00e4lt kein Pigment.<\/p>\n<p>Jede Menstruationstasse wird in einem versiegelten Beutel geliefert, um die vollst\u00e4ndige Hygiene zu gew\u00e4hrleisten. Diese Tasche besteht aus PLA, einem nicht-plastischen und biologisch abbaubaren Material, das durch # Null-Kunststoff und # Null-Abfall zur Umwelt beitr\u00e4gt.<\/p>\n<p>In all unseren Gl\u00e4sern ist eine GOTS-zertifizierte Bio-Baumwolltasche als Geschenk enthalten, damit Sie sie aufbewahren k\u00f6nnen, wenn Sie sie nicht verwenden.<\/p>\n<p>Es k\u00f6nnen keine Bakterien auf der vollst\u00e4ndig glatten Oberfl\u00e4che verbleiben und es nimmt keine Fl\u00fcssigkeit auf, sodass sich die nat\u00fcrliche Vaginalumgebung nicht ver\u00e4ndert. Da es aus medizinischem Silikon besteht, kratzt oder trocknet es die Vaginalw\u00e4nde nicht und hinterl\u00e4sst keine Fasern (im Gegensatz zu Tampons und zus\u00e4tzlichen Pads).<\/p>\n<p>Es ist kompatibel mit der Verwendung des IUP und des Verh\u00fctungsrings. Die Verwendung der Menstruationstasse ist mit keinem bekannten Fall eines Toxic Shock Syndroms (TSS) verbunden. Unser Silikon ist umweltfreundlich. Durch die Verwendung vermeiden Sie die Verwendung von Pads und Tampons, die die Umwelt stark belasten, da bei der Herstellung dieser Produkte verschiedene Chemikalien wie Industriebleichmittel verwendet werden und deren Abbau dar\u00fcber hinaus viele Jahre dauert.<\/p>\n","protected":false},"excerpt":{"rendered":"<p>WELCHE GR\u00d6SSE W\u00c4HLEN? Gr\u00f6\u00dfe S: Frauen, die nicht durch nat\u00fcrliche Geburt geboren haben. Gr\u00f6\u00dfe L: Frauen, die durch nat\u00fcrliche Geburt geboren haben. WAS IST DER MENSTRUAL CUP? Die Menstruationstasse ist ein Beh\u00e4lter aus chirurgischem Silikon, der w\u00e4hrend der Menstruation in die Vagina (wie ein Tampon) eingef\u00fchrt wird und sich jederzeit an die Vaginalw\u00e4nde jeder Frau [&hellip;]<\/p>\n","protected":false},"featured_media":81314,"comment_status":"open","ping_status":"closed","template":"","meta":[],"product_brand":[],"product_cat":[50952],"product_tag":[],"class_list":{"0":"post-77340","1":"product","2":"type-product","3":"status-publish","4":"has-post-thumbnail","6":"product_cat-sileu-cup","8":"first","9":"instock","10":"sale","11":"taxable","12":"shipping-taxable","13":"purchasable","14":"product-type-variable"},"supplier_id":null,"supplier_sku":"","barcode":null,"atum_controlled":true,"out_stock_date":null,"out_stock_threshold":null,"inheritable":false,"inbound_stock":0,"stock_on_hold":11,"sold_today":0,"sales_last_days":0,"reserved_stock":0,"customer_returns":0,"warehouse_damage":0,"lost_in_post":0,"other_logs":0,"out_stock_days":null,"lost_sales":0,"has_location":false,"update_date":"2025-07-04T09:59:06","atum_locations":[],"atum_stock_status":"instock","restock_status":false,"low_stock_amount":"","sales_update_date":"2025-06-10T19:39:33","calc_backorders":null,"_links":{"self":[{"href":"https:\/\/sileu.com\/de\/wp-json\/wp\/v2\/product\/77340","targetHints":{"allow":["GET"]}}],"collection":[{"href":"https:\/\/sileu.com\/de\/wp-json\/wp\/v2\/product"}],"about":[{"href":"https:\/\/sileu.com\/de\/wp-json\/wp\/v2\/types\/product"}],"replies":[{"embeddable":true,"href":"https:\/\/sileu.com\/de\/wp-json\/wp\/v2\/comments?post=77340"}],"wp:featuredmedia":[{"embeddable":true,"href":"https:\/\/sileu.com\/de\/wp-json\/wp\/v2\/media\/81314"}],"wp:attachment":[{"href":"https:\/\/sileu.com\/de\/wp-json\/wp\/v2\/media?parent=77340"}],"wp:term":[{"taxonomy":"product_brand","embeddable":true,"href":"https:\/\/sileu.com\/de\/wp-json\/wp\/v2\/product_brand?post=77340"},{"taxonomy":"product_cat","embeddable":true,"href":"https:\/\/sileu.com\/de\/wp-json\/wp\/v2\/product_cat?post=77340"},{"taxonomy":"product_tag","embeddable":true,"href":"https:\/\/sileu.com\/de\/wp-json\/wp\/v2\/product_tag?post=77340"}],"curies":[{"name":"wp","href":"https:\/\/api.w.org\/{rel}","templated":true}]}}