{"id":77728,"date":"2018-10-16T18:18:01","date_gmt":"2018-10-16T18:18:01","guid":{"rendered":"https:\/\/sileu.com\/cup\/estuche-sileucase-copas-menstruales-ideal-llevar-tampon-copa-menstrual-forma-elegante-discreta-bolso-viajes\/"},"modified":"2026-04-15T17:18:36","modified_gmt":"2026-04-15T17:18:36","slug":"estuche-sileucase-copas-menstruales-ideal-llevar-tampon-copa-menstrual-forma-elegante-discreta-bolso-viajes","status":"publish","type":"product","link":"https:\/\/sileu.com\/de\/produkt\/estuche-sileucase-copas-menstruales-ideal-llevar-tampon-copa-menstrual-forma-elegante-discreta-bolso-viajes\/","title":{"rendered":"SileuCase-H\u00fclle f\u00fcr Menstruationstassen &#8211; Ideal, um Ihren Tampon oder Ihre Menstruationstasse elegant und diskret in Ihrer Tasche oder auf Reisen zu tragen"},"content":{"rendered":"<p>Mit dieser praktischen und sch\u00f6nen rosafarbenen H\u00fclle k\u00f6nnen Sie Ihre Menstruationstasse bequem, diskret und elegant in Ihrer Tasche, Ihrem Rucksack, Ihrem Koffer auf Reisen, im Handschuhfach Ihres Autos oder wo immer Sie m\u00f6chten transportieren.<\/p>\n<p>Wenn Sie Ihre Periode verlieren, w\u00e4hrend Sie bei der Arbeit, in einer Besprechung, auf der Stra\u00dfe, im Fitnessstudio usw. sind, k\u00f6nnen Sie diskret mit dem Sileu-Koffer in der Hand oder in Ihrer Tasche mit absoluter Privatsph\u00e4re und ohne jemanden auf die Toilette gehen. sehen Sie, was Sie tragen.<\/p>\n<p>Diese H\u00fclle wurde speziell f\u00fcr die Aufbewahrung der Menstruationstasse entwickelt. Auf diese Weise wird sie vor Staub, Flusen und Schmutz gesch\u00fctzt sowie vor Kratzern oder Besch\u00e4digungen durch andere Gegenst\u00e4nde, die wir tragen, gesch\u00fctzt. Bei Bedarf ist sie immer einsatzbereit.<\/p>\n<p>Es besteht aus starrem, nicht verformbarem und widerstandsf\u00e4higem Schaum. Dar\u00fcber hinaus ist es in ein Netz integriert, um das Glas einzuhaken und zu verhindern, dass es sich beim \u00d6ffnen des Geh\u00e4uses pl\u00f6tzlich bewegt oder herunterf\u00e4llt.<\/p>\n<p>Das Geh\u00e4use ist in zwei Farben erh\u00e4ltlich, Pastellrosa und Rot, und in zwei Gr\u00f6\u00dfen:<\/p>\n<ul>\n<li>Die geringe Gr\u00f6\u00dfe (8 cm Durchmesser): Es ist ideal, eine einzelne Menstruationstasse jederzeit diskret zu tragen und zu verhindern, dass sie im Boden der Handtasche, des Rucksacks, des Koffers, der Tasche usw. verloren geht.<\/li>\n<li>Die gro\u00dfe Gr\u00f6\u00dfe (10 cm Durchmesser): Es ist ideal als Reisegep\u00e4ck, da Sie in dieser Gr\u00f6\u00dfe eine Menstruationstasse, den Sileu Clean Menstruationstassensterilisator und sogar einige Mini-Sterilisationstabletten aufbewahren k\u00f6nnen, um die Tasse zu reinigen, wenn wir nicht zu Hause sind . Es kann auch verwendet werden, um zwei Menstruationstassen aufzubewahren und sie bis zur Verwendung sauber und bereit zu halten.<\/li>\n<\/ul>\n<p>Mit diesem praktischen Fall, der keine Probleme mehr bereitet, wenn Ihre Periode pl\u00f6tzlich abf\u00e4llt, haben Sie Ihre Sileu-Menstruationstasse immer und \u00fcberall einsatzbereit!<\/p>\n<h4><strong>** Beim Kauf dieses Produkts erhalten Sie eine Sileu-H\u00fclle in der gew\u00e4hlten Farbe und Gr\u00f6\u00dfe. Tasse und Zubeh\u00f6r nicht enthalten.<\/strong><\/h4>\n","protected":false},"excerpt":{"rendered":"<p>Mit dieser praktischen und sch\u00f6nen rosafarbenen H\u00fclle k\u00f6nnen Sie Ihre Menstruationstasse bequem, diskret und elegant in Ihrer Tasche, Ihrem Rucksack, Ihrem Koffer auf Reisen, im Handschuhfach Ihres Autos oder wo immer Sie m\u00f6chten transportieren. Wenn Sie Ihre Periode verlieren, w\u00e4hrend Sie bei der Arbeit, in einer Besprechung, auf der Stra\u00dfe, im Fitnessstudio usw. sind, k\u00f6nnen [&hellip;]<\/p>\n","protected":false},"featured_media":81067,"comment_status":"open","ping_status":"closed","template":"","meta":[],"product_brand":[],"product_cat":[50713],"product_tag":[],"class_list":{"0":"post-77728","1":"product","2":"type-product","3":"status-publish","4":"has-post-thumbnail","6":"product_cat-etui","8":"first","9":"instock","10":"sale","11":"featured","12":"taxable","13":"shipping-taxable","14":"purchasable","15":"product-type-variable"},"supplier_id":null,"supplier_sku":"","barcode":null,"atum_controlled":true,"out_stock_date":null,"out_stock_threshold":null,"inheritable":false,"inbound_stock":0,"stock_on_hold":6,"sold_today":0,"sales_last_days":0,"reserved_stock":0,"customer_returns":0,"warehouse_damage":0,"lost_in_post":0,"other_logs":0,"out_stock_days":null,"lost_sales":0,"has_location":false,"update_date":"2026-04-15T17:18:38","atum_locations":[],"atum_stock_status":"instock","restock_status":false,"low_stock_amount":"","sales_update_date":"2025-06-10T19:39:19","calc_backorders":null,"_links":{"self":[{"href":"https:\/\/sileu.com\/de\/wp-json\/wp\/v2\/product\/77728","targetHints":{"allow":["GET"]}}],"collection":[{"href":"https:\/\/sileu.com\/de\/wp-json\/wp\/v2\/product"}],"about":[{"href":"https:\/\/sileu.com\/de\/wp-json\/wp\/v2\/types\/product"}],"replies":[{"embeddable":true,"href":"https:\/\/sileu.com\/de\/wp-json\/wp\/v2\/comments?post=77728"}],"wp:featuredmedia":[{"embeddable":true,"href":"https:\/\/sileu.com\/de\/wp-json\/wp\/v2\/media\/81067"}],"wp:attachment":[{"href":"https:\/\/sileu.com\/de\/wp-json\/wp\/v2\/media?parent=77728"}],"wp:term":[{"taxonomy":"product_brand","embeddable":true,"href":"https:\/\/sileu.com\/de\/wp-json\/wp\/v2\/product_brand?post=77728"},{"taxonomy":"product_cat","embeddable":true,"href":"https:\/\/sileu.com\/de\/wp-json\/wp\/v2\/product_cat?post=77728"},{"taxonomy":"product_tag","embeddable":true,"href":"https:\/\/sileu.com\/de\/wp-json\/wp\/v2\/product_tag?post=77728"}],"curies":[{"name":"wp","href":"https:\/\/api.w.org\/{rel}","templated":true}]}}