{"id":79697,"date":"2019-04-18T22:33:07","date_gmt":"2019-04-18T22:33:07","guid":{"rendered":"https:\/\/sileu.com\/affiliate-area\/"},"modified":"2020-12-17T14:26:20","modified_gmt":"2020-12-17T14:26:20","slug":"affiliate-area","status":"publish","type":"page","link":"https:\/\/sileu.com\/en\/affiliate-area\/","title":{"rendered":"Affiliate Area"},"content":{"rendered":"\n<form id=\"affwp-register-form\" class=\"affwp-form\" action=\"\" method=\"post\">\n\t\n\t<fieldset>\n\t\t<legend>Register a new affiliate account<\/legend>\n\n\t\t\n\t\t<p>\n\t\t\t<label for=\"affwp-user-name\">Your Name<\/label>\n\t\t\t<input id=\"affwp-user-name\" type=\"text\" name=\"affwp_user_name\" value=\"\" title=\"Your Name\"  required='required' \/>\n\t\t<\/p>\n\n\t\t<p>\n\t\t\t<label for=\"affwp-user-login\">Username<\/label>\n\t\t\t<input id=\"affwp-user-login\" required=\"required\" type=\"text\" name=\"affwp_user_login\" maxlength=\"60\" value=\"\" title=\"Username\" \/>\n\t\t<\/p>\n\n\t\t<p>\n\t\t\t<label for=\"affwp-user-email\">Account Email<\/label>\n\t\t\t<input id=\"affwp-user-email\" required=\"required\" type=\"email\" name=\"affwp_user_email\" value=\"\" title=\"Email Address\" \/>\n\t\t<\/p>\n\n\t\t<p>\n\t\t\t<label for=\"affwp-payment-email\">Payment Email<\/label>\n\t\t\t<input id=\"affwp-payment-email\" type=\"email\" name=\"affwp_payment_email\" value=\"\" title=\"Payment Email Address\" \/>\n\t\t<\/p>\n\n\t\t<p>\n\t\t\t<label for=\"affwp-user-url\">Website URL<\/label>\n\t\t\t<input id=\"affwp-user-url\" type=\"text\" name=\"affwp_user_url\" value=\"\" title=\"Website URL\"  required='required' \/>\n\t\t<\/p>\n\n\t\t<p>\n\t\t\t<label for=\"affwp-promotion-method\">How will you promote us?<\/label>\n\t\t\t<textarea id=\"affwp-promotion-method\" name=\"affwp_promotion_method\" rows=\"5\" cols=\"30\"><\/textarea>\n\t\t<\/p>\n\n\t\t\n\t\t\n\t\t\t\t\t\t\t<p>\n\t\t\t\t<label class=\"affwp-tos\" for=\"affwp-tos\">\n\t\t\t\t\t<input id=\"affwp-tos\" required=\"required\" type=\"checkbox\" name=\"affwp_tos\" \/>\n\t\t\t\t\t<a href=\"https:\/\/sileu.com\/es\/aviso-legal\/\" target=\"_blank\">Aceptaci\u00f3n de nuestros t\u00e9rminos de uso y pol\u00edtica de privacidad<\/a>\n\t\t\t\t<\/label>\n\t\t\t<\/p>\n\t\t\n\t\t\n\t\t\n\t\t<p>\n\t\t\t<input type=\"hidden\" name=\"affwp_honeypot\" value=\"\" \/>\n\t\t\t<input type=\"hidden\" name=\"affwp_redirect\" value=\"\"\/>\n\t\t\t<input type=\"hidden\" name=\"affwp_register_nonce\" value=\"3f0bc41814\" \/>\n\t\t\t<input type=\"hidden\" name=\"affwp_action\" value=\"affiliate_register\" \/>\n\t\t\t<input class=\"button\" type=\"submit\" value=\"Register\" \/>\n\t\t<\/p>\n\n\t\t\t<\/fieldset>\n\n\t<\/form>\n\n<form id=\"affwp-login-form\" class=\"affwp-form\" action=\"\" method=\"post\">\n\t\n\t<fieldset>\n\t\t<legend>Log into your account<\/legend>\n\n\t\t\n\t\t<p>\n\t\t\t<label for=\"affwp-login-user-login\">Username<\/label>\n\t\t\t<input id=\"affwp-login-user-login\" class=\"required\" type=\"text\" name=\"affwp_user_login\" title=\"Username\" \/>\n\t\t<\/p>\n\n\t\t<p>\n\t\t\t<label for=\"affwp-login-user-pass\">Password<\/label>\n\t\t\t<input id=\"affwp-login-user-pass\" class=\"password required\" type=\"password\" name=\"affwp_user_pass\" \/>\n\t\t<\/p>\n\n\t\t<p>\n\t\t\t<label class=\"affwp-user-remember\" for=\"affwp-user-remember\">\n\t\t\t\t<input id=\"affwp-user-remember\" type=\"checkbox\" name=\"affwp_user_remember\" value=\"1\" \/> Remember Me\t\t\t<\/label>\n\t\t<\/p>\n\n\t\t<p>\n\t\t\t<input type=\"hidden\" name=\"affwp_redirect\" value=\"\"\/>\n\t\t\t<input type=\"hidden\" name=\"affwp_login_nonce\" value=\"275e5de603\" \/>\n\t\t\t<input type=\"hidden\" name=\"affwp_action\" value=\"user_login\" \/>\n\t\t\t<input type=\"submit\" class=\"button\" value=\"Log In\" \/>\n\t\t<\/p>\n\n\t\t<p class=\"affwp-lost-password\">\n\t\t\t<a href=\"https:\/\/sileu.com\/en\/my-account-2\/lost-password\/\">Lost your password?<\/a>\n\t\t<\/p>\n\n\t\t\t<\/fieldset>\n\n\t<\/form>\n\n","protected":false},"excerpt":{"rendered":"","protected":false},"author":4815,"featured_media":0,"parent":0,"menu_order":0,"comment_status":"closed","ping_status":"closed","template":"","meta":{"footnotes":""},"class_list":["post-79697","page","type-page","status-publish","hentry"],"_links":{"self":[{"href":"https:\/\/sileu.com\/en\/wp-json\/wp\/v2\/pages\/79697","targetHints":{"allow":["GET"]}}],"collection":[{"href":"https:\/\/sileu.com\/en\/wp-json\/wp\/v2\/pages"}],"about":[{"href":"https:\/\/sileu.com\/en\/wp-json\/wp\/v2\/types\/page"}],"author":[{"embeddable":true,"href":"https:\/\/sileu.com\/en\/wp-json\/wp\/v2\/users\/4815"}],"replies":[{"embeddable":true,"href":"https:\/\/sileu.com\/en\/wp-json\/wp\/v2\/comments?post=79697"}],"version-history":[{"count":1,"href":"https:\/\/sileu.com\/en\/wp-json\/wp\/v2\/pages\/79697\/revisions"}],"predecessor-version":[{"id":79724,"href":"https:\/\/sileu.com\/en\/wp-json\/wp\/v2\/pages\/79697\/revisions\/79724"}],"wp:attachment":[{"href":"https:\/\/sileu.com\/en\/wp-json\/wp\/v2\/media?parent=79697"}],"curies":[{"name":"wp","href":"https:\/\/api.w.org\/{rel}","templated":true}]}}