{"id":13674,"date":"2019-08-08T17:46:01","date_gmt":"2019-08-08T17:46:01","guid":{"rendered":"https:\/\/sileu.com\/?page_id=13674"},"modified":"2019-08-22T13:54:58","modified_gmt":"2019-08-22T13:54:58","slug":"packs-sileu","status":"publish","type":"page","link":"https:\/\/sileu.com\/es\/packs-sileu\/","title":{"rendered":"Packs Sileu"},"content":{"rendered":"<p>[ux_banner height=&#8221;600px&#8221; bg=&#8221;13745&#8243; text_color=&#8221;dark&#8221; animated=&#8221;fadeIn&#8221; text_width=&#8221;40%&#8221; text_align=&#8221;center&#8221; text_pos=&#8221;right center&#8221; parallax=&#8221;0&#8243; parallax_text=&#8221;0&#8243;]<\/p>\n<h1 class=\"animated fadeInLeft\"><span style=\"color: #ed1c24\">Con copas sileucup tu periodo no te detiene<\/span><\/h1>\n<p><span style=\"color: #ed1c24\">___<\/span><\/p>\n<h3 class=\"lead thin-font\"><span style=\"color: #ed1c24\">de hacer lo que m\u00e1s te gusta<\/span><\/h3>\n<p>[\/ux_banner]<\/p>\n<p>[row]<\/p>\n<p>[col span=&#8221;1\/1&#8243;]<\/p>\n<h1 class=\"thin-font\" style=\"text-align: center\">Usa la <strong>copa menstrual<\/strong> que mejor se ajuste a tu <span style=\"color: #ed1c24\">actividad diaria<\/span><\/h1>\n<p>[gap height=&#8221;20px&#8221;]<\/p>\n<p>[\/col]<\/p>\n<p>[col span=&#8221;1\/4&#8243; align=&#8221;center&#8221;]<\/p>\n<p>[ux_image id=&#8221;13783&#8243;]<\/p>\n<p>[gap height=&#8221;10px&#8221;]<\/p>\n<p>[button text=&#8221;Sileucup Rose&#8221; link=&#8221;https:\/\/sileu.com\/es\/cup\/copa-menstrual-sileucup-rose\/&#8221; style=&#8221;secondary alt-button&#8221; size=&#8221;normal&#8221;]<\/p>\n<p>[gap height=&#8221;20px&#8221;]<\/p>\n<p>[\/col]<\/p>\n<p>[col span=&#8221;1\/4&#8243; align=&#8221;center&#8221;]<\/p>\n<p>[ux_image id=&#8221;13766&#8243;]<\/p>\n<p>[gap height=&#8221;10px&#8221;]<\/p>\n<p>[button text=&#8221;Sileucup Sport&#8221; link=&#8221;https:\/\/sileu.com\/es\/cup\/copa-menstrual-sileu-fabricada-en-silicona-de-grado-quirurgico-modelo-sport-mujeres-deportistas-o-con-alta-actividad-fisica-volumen-menstrual-escaso-a-abundante-alternativa-natural-a-los-tampones-y\/&#8221; style=&#8221;secondary alt-button&#8221; size=&#8221;normal&#8221;]<\/p>\n<p>[gap height=&#8221;20px&#8221;]<\/p>\n<p>[\/col]<\/p>\n<p>[col span=&#8221;1\/4&#8243; align=&#8221;center&#8221;]<\/p>\n<p>[ux_image id=&#8221;13791&#8243;]<\/p>\n<p>[gap height=&#8221;10px&#8221;]<\/p>\n<p>[button text=&#8221;Sileucup Classic&#8221; link=&#8221;https:\/\/sileu.com\/es\/cup\/copa-menstrual-sileu-fabricada-en-silicona-de-grado-quirurgico-modelo-classic-volumen-menstrual-escaso-a-abundante-alternativa-natural-a-los-tampones-y-compresas\/&#8221; style=&#8221;secondary alt-button&#8221; size=&#8221;normal&#8221;]<\/p>\n<p>[gap height=&#8221;20px&#8221;]<\/p>\n<p>[\/col]<\/p>\n<p>[col span=&#8221;1\/4&#8243; align=&#8221;center&#8221;]<\/p>\n<p>[ux_image id=&#8221;13799&#8243;]<\/p>\n<p>[gap height=&#8221;10px&#8221;]<\/p>\n<p>[button text=&#8221;Sileucup Tulip&#8221; link=&#8221;https:\/\/sileu.com\/es\/cup\/copa-menstrual-sileu-fabricada-en-silicona-de-grado-quirurgico-modelo-tulip-volumen-menstrual-escaso-a-abundante-alternativa-natural-a-los-tampones-y-compresas\/&#8221; style=&#8221;secondary alt-button&#8221; size=&#8221;normal&#8221;]<\/p>\n<p>[gap height=&#8221;20px&#8221;]<\/p>\n<p>[\/col]<\/p>\n<p>[col span=&#8221;1\/4&#8243; align=&#8221;center&#8221;]<\/p>\n<p>[ux_image id=&#8221;13807&#8243;]<\/p>\n<p>[gap height=&#8221;10px&#8221;]<\/p>\n<p>[button text=&#8221;Sileucup Soft&#8221; link=&#8221;https:\/\/sileu.com\/es\/cup\/copa-menstrual-sileu-fabricada-en-silicona-de-grado-quirurgico-modelo-soft-volumen-menstrual-escaso-a-abundante-alternativa-natural-a-los-tampones-y-compresas\/&#8221; style=&#8221;secondary alt-button&#8221; size=&#8221;normal&#8221;]<\/p>\n<p>[gap height=&#8221;20px&#8221;]<\/p>\n<p>[\/col]<\/p>\n<p>[col span=&#8221;1\/4&#8243; align=&#8221;center&#8221;]<\/p>\n<p>[ux_image id=&#8221;13815&#8243;]<\/p>\n<p>[gap height=&#8221;10px&#8221;]<\/p>\n<p>[button text=&#8221;Sileucup Divine&#8221; link=&#8221;https:\/\/sileu.com\/es\/cup\/copa-menstrual-sileucup-divine\/&#8221; style=&#8221;secondary alt-button&#8221; size=&#8221;normal&#8221;]<\/p>\n<p>[gap height=&#8221;20px&#8221;]<\/p>\n<p>[\/col]<\/p>\n<p>[col span=&#8221;1\/4&#8243; align=&#8221;center&#8221;]<\/p>\n<p>[ux_image id=&#8221;13825&#8243;]<\/p>\n<p>[gap height=&#8221;10px&#8221;]<\/p>\n<p>[button text=&#8221;Sileucup Bell&#8221; link=&#8221;https:\/\/sileu.com\/es\/cup\/copa-menstrual-sileucup-bell\/&#8221; style=&#8221;secondary alt-button&#8221; size=&#8221;normal&#8221;]<\/p>\n<p>[gap height=&#8221;20px&#8221;]<\/p>\n<p>[\/col]<\/p>\n<p>[col span=&#8221;1\/4&#8243; align=&#8221;center&#8221;]<\/p>\n<p>[\/col]<\/p>\n<p>[\/row]<\/p>\n<p>[row style=&#8221;collapse&#8221; width=&#8221;100%&#8221;]<\/p>\n<p>[col span=&#8221;1\/4&#8243;]<\/p>\n<p>[ux_banner height=&#8221;400px&#8221; bg=&#8221;#d20000&#8243; text_color=&#8221;light&#8221; animated=&#8221;fadeIn&#8221; text_width=&#8221;60%&#8221; text_align=&#8221;center&#8221; text_pos=&#8221;center&#8221; parallax=&#8221;0&#8243; parallax_text=&#8221;0&#8243;]<\/p>\n<h1>\u00bfC\u00f3mo escoger tu modelo de copa?<\/h1>\n<p>[\/ux_banner]<\/p>\n<p>[\/col]<\/p>\n<p>[col span=&#8221;1\/4&#8243;]<\/p>\n<p>[ux_banner height=&#8221;400px&#8221; bg=&#8221;https:\/\/sileu.com\/wp-content\/uploads\/2019\/08\/elegir-sileu-rose-fondo-400&#215;400-2.jpg&#8221; bg_size=&#8221;original&#8221; text_color=&#8221;light&#8221; animated=&#8221;fadeInUp&#8221; text_width=&#8221;50%&#8221; text_align=&#8221;center&#8221; text_pos=&#8221;center&#8221; parallax=&#8221;0&#8243; parallax_text=&#8221;0&#8243;]<\/p>\n<p style=\"text-align: center;font-size: 18px\"><span style=\"color: #ffffff\">Si quieres una copa <em><strong>&#8220;Todoterreno&#8221;<\/strong><\/em> sencilla de poner, f\u00e1cil de quitar y que se abra f\u00e1cilmente<\/span><\/p>\n<h2 style=\"text-align: center\"><strong>Tu modelo es el Rose<\/strong><\/h2>\n<p>[ux_image id=&#8221;13967&#8243; image_size=&#8221;Original&#8221; lightbox=&#8221;1&#8243;]<\/p>\n<p>[button text=&#8221;Elige tu Copa&#8221; link=&#8221;https:\/\/sileu.com\/es\/cup\/copa-menstrual-sileucup-rose\/&#8221; style=&#8221;secondary&#8221; size=&#8221;large&#8221;]<\/p>\n<p>[\/ux_banner]<\/p>\n<p>[\/col]<\/p>\n<p>[col span=&#8221;1\/4&#8243;]<\/p>\n<p>[ux_banner height=&#8221;400px&#8221; bg=&#8221;https:\/\/sileu.com\/wp-content\/uploads\/2019\/08\/elegir-sileu-sport-fondo-400&#215;400.jpg&#8221; bg_size=&#8221;original&#8221; text_color=&#8221;light&#8221; animated=&#8221;fadeInUp&#8221; text_width=&#8221;50%&#8221; text_align=&#8221;center&#8221; text_pos=&#8221;center&#8221; parallax=&#8221;0&#8243; parallax_text=&#8221;0&#8243;]<\/p>\n<p style=\"text-align: center;font-size: 18px\">Si eres deportistas, atleta o tienes un estilo de vida activo escoge<\/p>\n<h2 style=\"text-align: center\"><strong>El modelo Sport<\/strong><\/h2>\n<p>[ux_image id=&#8221;14012&#8243; image_size=&#8221;Original&#8221; lightbox=&#8221;1&#8243;]<\/p>\n<p>[button text=&#8221;Elige tu Copa&#8221; link=&#8221;https:\/\/sileu.com\/es\/cup\/copa-menstrual-sileu-fabricada-en-silicona-de-grado-quirurgico-modelo-sport-mujeres-deportistas-o-con-alta-actividad-fisica-volumen-menstrual-escaso-a-abundante-alternativa-natural-a-los-tampones-y\/&#8221; style=&#8221;secondary&#8221; size=&#8221;large&#8221;]<\/p>\n<p>[\/ux_banner]<\/p>\n<p>[\/col]<\/p>\n<p>[col span=&#8221;1\/4&#8243;]<\/p>\n<p>[ux_banner height=&#8221;400px&#8221; bg=&#8221;14037&#8243; bg_size=&#8221;original&#8221; text_color=&#8221;light&#8221; animated=&#8221;fadeInUp&#8221; text_width=&#8221;50%&#8221; text_align=&#8221;center&#8221; text_pos=&#8221;center&#8221; parallax=&#8221;0&#8243; parallax_text=&#8221;0&#8243;]<\/p>\n<p style=\"text-align: center;font-size: 18px\">Si eres virgen, tu canal uterino es estrecho o si tu cuello c\u00e9rvico es bajo<\/p>\n<h2 style=\"text-align: center\"><strong>Tu modelo es el Bell<\/strong><\/h2>\n<p>[ux_image id=&#8221;14028&#8243; image_size=&#8221;Original&#8221; lightbox=&#8221;1&#8243;]<\/p>\n<p>[button text=&#8221;Elige tu Copa&#8221; link=&#8221;https:\/\/sileu.com\/es\/cup\/copa-menstrual-sileucup-bell\/&#8221; style=&#8221;secondary&#8221; size=&#8221;large&#8221;]<\/p>\n<p>[\/ux_banner]<\/p>\n<p>[\/col]<\/p>\n<p>[col span=&#8221;1\/4&#8243;]<\/p>\n<p>[ux_banner height=&#8221;400px&#8221; bg=&#8221;14054&#8243; bg_size=&#8221;original&#8221; text_color=&#8221;light&#8221; animated=&#8221;fadeInUp&#8221; text_width=&#8221;50%&#8221; text_align=&#8221;center&#8221; text_pos=&#8221;center&#8221; parallax=&#8221;0&#8243; parallax_text=&#8221;0&#8243;]<\/p>\n<p style=\"text-align: center;font-size: 18px\">Si tienes las paredes vaginales d\u00e9biles o sensibles, o sueles padecer infecciones de orina y\/o vaginales<\/p>\n<h2 style=\"text-align: center\"><strong>Tu modelo es la Soft<\/strong><\/h2>\n<p>[ux_image id=&#8221;14047&#8243; image_size=&#8221;Original&#8221; lightbox=&#8221;1&#8243;]<\/p>\n<p>[button text=&#8221;Elige tu Copa&#8221; link=&#8221;https:\/\/sileu.com\/es\/cup\/copa-menstrual-sileu-fabricada-en-silicona-de-grado-quirurgico-modelo-soft-volumen-menstrual-escaso-a-abundante-alternativa-natural-a-los-tampones-y-compresas\/&#8221; style=&#8221;secondary&#8221; size=&#8221;large&#8221;]<\/p>\n<p>[\/ux_banner]<\/p>\n<p>[\/col]<\/p>\n<p>[col span=&#8221;1\/4&#8243;]<\/p>\n<p>[ux_banner height=&#8221;400px&#8221; bg=&#8221;14072&#8243; bg_size=&#8221;original&#8221; text_color=&#8221;light&#8221; animated=&#8221;fadeInUp&#8221; text_width=&#8221;50%&#8221; text_align=&#8221;center&#8221; text_pos=&#8221;center&#8221; parallax=&#8221;0&#8243; parallax_text=&#8221;0&#8243;]<\/p>\n<p style=\"text-align: center;font-size: 18px\">Si tienes las paredes vaginales d\u00e9biles o sensibles, o sueles padecer infecciones de orina y\/o vaginales tu<\/p>\n<h2 style=\"text-align: center\"><strong>Modelo es la Divine<\/strong><\/h2>\n<p>[ux_image id=&#8221;14090&#8243; image_size=&#8221;Original&#8221; lightbox=&#8221;1&#8243;]<\/p>\n<p>[button text=&#8221;Elige tu Copa&#8221; link=&#8221;https:\/\/sileu.com\/es\/cup\/copa-menstrual-sileucup-divine\/&#8221; style=&#8221;secondary&#8221; size=&#8221;large&#8221;]<\/p>\n<p>[\/ux_banner]<\/p>\n<p>[\/col]<\/p>\n<p>[col span=&#8221;1\/4&#8243;]<\/p>\n<p>[ux_banner height=&#8221;400px&#8221; bg=&#8221;14100&#8243; bg_size=&#8221;original&#8221; text_color=&#8221;light&#8221; animated=&#8221;fadeInUp&#8221; text_width=&#8221;50%&#8221; text_align=&#8221;center&#8221; text_pos=&#8221;center&#8221; parallax=&#8221;0&#8243; parallax_text=&#8221;0&#8243;]<\/p>\n<p style=\"text-align: center;font-size: 18px\">Si quieres un modelo para comenzar, elige el<\/p>\n<h2 style=\"text-align: center\"><strong>Modelo Classic<\/strong><\/h2>\n<p>[ux_image id=&#8221;14080&#8243; image_size=&#8221;Original&#8221; lightbox=&#8221;1&#8243;]<\/p>\n<p>[button text=&#8221;Elige tu Copa&#8221; link=&#8221;https:\/\/sileu.com\/es\/cup\/copa-menstrual-sileu-fabricada-en-silicona-de-grado-quirurgico-modelo-classic-volumen-menstrual-escaso-a-abundante-alternativa-natural-a-los-tampones-y-compresas\/&#8221; style=&#8221;secondary&#8221; size=&#8221;large&#8221;]<\/p>\n<p>[\/ux_banner]<\/p>\n<p>[\/col]<\/p>\n<p>[col span=&#8221;1\/4&#8243;]<\/p>\n<p>[ux_banner height=&#8221;400px&#8221; bg=&#8221;14115&#8243; bg_size=&#8221;original&#8221; text_color=&#8221;light&#8221; animated=&#8221;fadeInUp&#8221; text_width=&#8221;50%&#8221; text_align=&#8221;center&#8221; text_pos=&#8221;center&#8221; parallax=&#8221;0&#8243; parallax_text=&#8221;0&#8243;]<\/p>\n<p style=\"text-align: center;font-size: 18px\">Si quieres un modelo para comenzar, elige el<\/p>\n<h2 style=\"text-align: center\"><strong>Modelo Tulip<\/strong><\/h2>\n<p>[ux_image id=&#8221;14108&#8243; image_size=&#8221;Original&#8221; lightbox=&#8221;1&#8243;]<\/p>\n<p>[button text=&#8221;Elige tu Copa&#8221; link=&#8221;https:\/\/sileu.com\/es\/cup\/copa-menstrual-sileu-fabricada-en-silicona-de-grado-quirurgico-modelo-tulip-volumen-menstrual-escaso-a-abundante-alternativa-natural-a-los-tampones-y-compresas\/&#8221; style=&#8221;secondary&#8221; size=&#8221;large&#8221;]<\/p>\n<p>[\/ux_banner]<\/p>\n<p>[\/col]<\/p>\n<p>[\/row]<\/p>\n<p>[section dark=&#8221;false&#8221; padding=&#8221;0px&#8221; margin=&#8221;0px&#8221; bg=&#8221;#ffff&#8221; img=&#8221;Click to edit&#8221; img_pos=&#8221;right&#8221; img_width=&#8221;0%&#8221; img_margin=&#8221;0&#8243;]<\/p>\n<p>[row]<\/p>\n<p>[col span=&#8221;1\/2&#8243;]<\/p>\n<p>[gap height=&#8221;50px&#8221;]<\/p>\n<h2 style=\"text-align: left\"><span style=\"color: #e80000\"><strong>\u00bfC\u00f3mo Elegir la Talla?<\/strong><\/span><\/h2>\n<p>[divider width=&#8221;medium&#8221;]<\/p>\n<p class=\"lead\"><span style=\"color: #333333\"><strong>TALLA S:<\/strong> Si no has tenido ning\u00fan parto natural o no has tenido hijos, escoge la talla S<\/span><\/p>\n<p class=\"lead\"><span style=\"color: #333333\"><strong>TALLA L: <\/strong>Si has tenido alg\u00fan parto natural, escoge la talla L<\/span><\/p>\n<p>[gap height=&#8221;50px&#8221;]<\/p>\n<p>[\/col]<\/p>\n<p>[col span=&#8221;1\/2&#8243;]<\/p>\n<p>[ux_image id=&#8221;13913&#8243;]<\/p>\n<p>[\/col]<\/p>\n<p>[\/row]<\/p>\n<p>[\/section]<\/p>\n<p>[section dark=&#8221;false&#8221; padding=&#8221;0px&#8221; margin=&#8221;0px&#8221; bg=&#8221;#fff4f4&#8243; img=&#8221;http:\/\/imageurl&#8221; img_pos=&#8221;left&#8221; img_width=&#8221;50%&#8221; img_margin=&#8221;0&#8243;]<\/p>\n<p>[row]<\/p>\n<p>[col span=&#8221;1\/2&#8243;]<\/p>\n<p>[ux_image id=&#8221;14126&#8243;]<\/p>\n<p>[\/col]<\/p>\n<p>[col span=&#8221;1\/2&#8243; align=&#8221;center&#8221;]<\/p>\n<p>[gap height=&#8221;120px&#8221;]<\/p>\n<h2 style=\"text-align: center\">\u00bf Te gustar\u00eda mejorar tu regla con la copa menstrual?<\/h2>\n<p>Disponemos de un <span style=\"color: #d83131\"><strong>PACK DE INICIO<\/strong><\/span> super c\u00f3modo que te ayudar\u00e1 a mejorar tu regla menstrual, incluye\u00a0<strong>una copa menstrual Sileu de la talla S y otra de la talla L<\/strong> (dos copas en total) por si no est\u00e1s segura que talla escoger. Puedes elegir el modelo y color que m\u00e1s te guste.[gap height=&#8221;5px&#8221;]<\/p>\n<p>[button text=&#8221;COMPRAR PACK&#8221; link=&#8221;https:\/\/sileu.com\/es\/cup\/pack-de-inicio-copa-menstrual-sileu-talla-s-l-modelo-y-color-a-elegir\/&#8221; style=&#8221;primary&#8221; size=&#8221;normal&#8221;]<\/p>\n<p>[\/col]<\/p>\n<p>[\/row]<\/p>\n<p>[\/section]<\/p>\n<p>[section dark=&#8221;false&#8221; padding=&#8221;0px&#8221; margin=&#8221;0px&#8221; bg=&#8221;#ffebeb&#8221; img=&#8221;http:\/\/imageurl&#8221; img_pos=&#8221;left&#8221; img_width=&#8221;50%&#8221; img_margin=&#8221;0&#8243;]<\/p>\n<p>[row]<\/p>\n<p>[col span=&#8221;1\/2&#8243;]<\/p>\n<p>[gap height=&#8221;20px&#8221;]<\/p>\n<p>[ux_image id=&#8221;14136&#8243;]<\/p>\n<p>[\/col]<\/p>\n<p>[col span=&#8221;1\/2&#8243; align=&#8221;center&#8221;]<\/p>\n<p>[gap height=&#8221;20px&#8221;]<\/p>\n<h2 style=\"text-align: center\">\u00bfQuieres guardar y transportar tu copa menstrual?<\/h2>\n<p style=\"text-align: justify\">Lo puedes lograr con nuestro <span style=\"color: #d83131\"><strong>PACK DIARIO<\/strong><\/span> una forma pr\u00e1ctica, discreta y elegante de llevar tu copa menstrual Sileu Rose en el bolso, mochila, maleta de viaje o donde tu prefieras. Si te baja la regla cuando no te encuentras en casa, podr\u00e1s ir de forma discreta al ba\u00f1o tu estuche Sileucase en la mano o en el bolso con total privacidad y sin que nadie vea que llevas tu copa menstrual. El <span style=\"color: #d83131\"><strong>PACK DIARIO<\/strong><\/span> incluye:<\/p>\n<ul>\n<li style=\"text-align: left\">1 Copa menstrual Sileu Rose &#8211; Rojo o Transparente<\/li>\n<li style=\"text-align: left\">Estuche en forma de rosa Sileucase &#8211; Roja o Rosa<\/li>\n<\/ul>\n<p>[gap height=&#8221;5px&#8221;]<\/p>\n<p>[button text=&#8221;COMPRAR PACK&#8221; link=&#8221;https:\/\/sileu.com\/es\/cup\/pack-de-inicio-copa-menstrual-sileu-talla-s-l-modelo-y-color-a-elegir\/&#8221; style=&#8221;primary&#8221; size=&#8221;normal&#8221;]<\/p>\n<p>[gap height=&#8221;20px&#8221;]<\/p>\n<p>[\/col]<\/p>\n<p>[\/row]<\/p>\n<p>[\/section]<\/p>\n<p>[section dark=&#8221;false&#8221; padding=&#8221;60px&#8221; margin=&#8221;0px&#8221; bg=&#8221;#fff4f4&#8243; img=&#8221;http:\/\/imageurl&#8221; img_pos=&#8221;left&#8221; img_width=&#8221;50%&#8221; img_margin=&#8221;0&#8243;]<\/p>\n<p>[row]<\/p>\n<p>[col span=&#8221;1\/2&#8243;]<\/p>\n<p>[ux_image id=&#8221;14152&#8243;]<\/p>\n<p>[\/col]<\/p>\n<p>[col span=&#8221;1\/2&#8243; align=&#8221;center&#8221;]<\/p>\n<h2 style=\"text-align: center\">PACK DE VIAJE<\/h2>\n<p style=\"text-align: justify\">Para llevar tu copa menstrual Sileu Rose de formar pr\u00e1ctica, discreta y elegante en el bolso, mochila, maleta de viaje o donde tu prefieras. Gu\u00e1rdala en tu estuche junto con el esterilizador el\u00e9ctrico para que limpies tu copa en cualquier lugar. El <span style=\"color: #d83131\"><strong>PACK DE VIAJE<\/strong><\/span>\u00a0incluye:<\/p>\n<ul>\n<li style=\"text-align: left\">1 Copa menstrual Sileu Rose &#8211; Rojo o Transparente<\/li>\n<li style=\"text-align: left\">Estuche en forma de rosa Sileucase &#8211; Roja o Rosa<\/li>\n<li style=\"text-align: left\">1 Esterilizador Sileuclean<\/li>\n<\/ul>\n<p>[button text=&#8221;COMPRAR PACK&#8221; link=&#8221;https:\/\/sileu.com\/es\/cup\/pack-viaje-sileu-passion-sweet-copa-menstrual-sileu-rose-modelo-iniciacion-principiantes-y-adolescentes-ayuda-a-prevenir-la-cistitis-estuche-en-forma-de-flor-esterilizador-plegable\/&#8221; style=&#8221;primary&#8221; size=&#8221;normal&#8221;]<\/p>\n<p>[\/col]<\/p>\n<p>[\/row]<\/p>\n<p>[\/section]<\/p>\n","protected":false},"excerpt":{"rendered":"<p>[ux_banner height=&#8221;600px&#8221; bg=&#8221;13745&#8243; text_color=&#8221;dark&#8221; animated=&#8221;fadeIn&#8221; text_width=&#8221;40%&#8221; text_align=&#8221;center&#8221; text_pos=&#8221;right center&#8221; parallax=&#8221;0&#8243; parallax_text=&#8221;0&#8243;] Con copas sileucup tu periodo no te detiene ___ de hacer lo que m\u00e1s te gusta [\/ux_banner] [row] [col span=&#8221;1\/1&#8243;] Usa la copa menstrual que mejor se ajuste a tu actividad diaria [gap height=&#8221;20px&#8221;] [\/col] [col span=&#8221;1\/4&#8243; align=&#8221;center&#8221;] [ux_image id=&#8221;13783&#8243;] [gap height=&#8221;10px&#8221;] [button text=&#8221;Sileucup [&hellip;]<\/p>\n","protected":false},"author":5359,"featured_media":0,"parent":0,"menu_order":0,"comment_status":"closed","ping_status":"closed","template":"page-blank.php","meta":{"footnotes":""},"class_list":["post-13674","page","type-page","status-publish","hentry"],"_links":{"self":[{"href":"https:\/\/sileu.com\/es\/wp-json\/wp\/v2\/pages\/13674","targetHints":{"allow":["GET"]}}],"collection":[{"href":"https:\/\/sileu.com\/es\/wp-json\/wp\/v2\/pages"}],"about":[{"href":"https:\/\/sileu.com\/es\/wp-json\/wp\/v2\/types\/page"}],"author":[{"embeddable":true,"href":"https:\/\/sileu.com\/es\/wp-json\/wp\/v2\/users\/5359"}],"replies":[{"embeddable":true,"href":"https:\/\/sileu.com\/es\/wp-json\/wp\/v2\/comments?post=13674"}],"version-history":[{"count":172,"href":"https:\/\/sileu.com\/es\/wp-json\/wp\/v2\/pages\/13674\/revisions"}],"predecessor-version":[{"id":13726,"href":"https:\/\/sileu.com\/es\/wp-json\/wp\/v2\/pages\/13674\/revisions\/13726"}],"wp:attachment":[{"href":"https:\/\/sileu.com\/es\/wp-json\/wp\/v2\/media?parent=13674"}],"curies":[{"name":"wp","href":"https:\/\/api.w.org\/{rel}","templated":true}]}}