{"id":15364,"date":"2019-09-23T14:42:41","date_gmt":"2019-09-23T14:42:41","guid":{"rendered":"https:\/\/sileu.com\/?page_id=15364"},"modified":"2020-10-20T17:47:08","modified_gmt":"2020-10-20T17:47:08","slug":"banners-oficina-con-tampon-y-copa-menstrual","status":"publish","type":"page","link":"https:\/\/sileu.com\/es\/banners-oficina-con-tampon-y-copa-menstrual\/","title":{"rendered":"12 HORAS DE PROTECCI\u00d3N CON LA COPA MENSTRUAL"},"content":{"rendered":"\t\t<div data-elementor-type=\"wp-page\" data-elementor-id=\"15364\" class=\"elementor elementor-15364\" data-elementor-post-type=\"page\">\n\t\t\t\t\t\t<section class=\"elementor-section elementor-top-section elementor-element elementor-element-e07b8f2 elementor-section-boxed elementor-section-height-default elementor-section-height-default\" data-id=\"e07b8f2\" data-element_type=\"section\" data-settings=\"{&quot;background_background&quot;:&quot;classic&quot;}\">\n\t\t\t\t\t\t<div class=\"elementor-container elementor-column-gap-default\">\n\t\t\t\t\t<div class=\"elementor-column elementor-col-100 elementor-top-column elementor-element elementor-element-f1bdd9a\" data-id=\"f1bdd9a\" data-element_type=\"column\">\n\t\t\t<div class=\"elementor-widget-wrap elementor-element-populated\">\n\t\t\t\t\t\t<div class=\"elementor-element elementor-element-663e80e elementor-widget elementor-widget-heading\" data-id=\"663e80e\" data-element_type=\"widget\" data-widget_type=\"heading.default\">\n\t\t\t\t<div class=\"elementor-widget-container\">\n\t\t\t\t\t<h2 class=\"elementor-heading-title elementor-size-default\">12 HORAS DE PROTECCI\u00d3N CON LA COPA MENSTRUAL<\/h2>\t\t\t\t<\/div>\n\t\t\t\t<\/div>\n\t\t\t\t\t<\/div>\n\t\t<\/div>\n\t\t\t\t\t<\/div>\n\t\t<\/section>\n\t\t\t\t<section class=\"elementor-section elementor-top-section elementor-element elementor-element-ba1d543 elementor-section-boxed elementor-section-height-default elementor-section-height-default\" data-id=\"ba1d543\" data-element_type=\"section\">\n\t\t\t\t\t\t<div class=\"elementor-container elementor-column-gap-default\">\n\t\t\t\t\t<div class=\"elementor-column elementor-col-100 elementor-top-column elementor-element elementor-element-255508a\" data-id=\"255508a\" data-element_type=\"column\">\n\t\t\t<div class=\"elementor-widget-wrap elementor-element-populated\">\n\t\t\t\t\t\t<div class=\"elementor-element elementor-element-de71ba8 elementor-widget elementor-widget-spacer\" data-id=\"de71ba8\" data-element_type=\"widget\" data-widget_type=\"spacer.default\">\n\t\t\t\t<div class=\"elementor-widget-container\">\n\t\t\t\t\t\t\t<div class=\"elementor-spacer\">\n\t\t\t<div class=\"elementor-spacer-inner\"><\/div>\n\t\t<\/div>\n\t\t\t\t\t\t<\/div>\n\t\t\t\t<\/div>\n\t\t\t\t\t<\/div>\n\t\t<\/div>\n\t\t\t\t\t<\/div>\n\t\t<\/section>\n\t\t\t\t<section class=\"elementor-section elementor-top-section elementor-element elementor-element-73e155a elementor-section-boxed elementor-section-height-default elementor-section-height-default\" data-id=\"73e155a\" data-element_type=\"section\">\n\t\t\t\t\t\t<div class=\"elementor-container elementor-column-gap-default\">\n\t\t\t\t\t<div class=\"elementor-column elementor-col-33 elementor-top-column elementor-element elementor-element-2cbc50b\" data-id=\"2cbc50b\" data-element_type=\"column\">\n\t\t\t<div class=\"elementor-widget-wrap elementor-element-populated\">\n\t\t\t\t\t\t<div class=\"elementor-element elementor-element-38e1b9d elementor-widget elementor-widget-text-editor\" data-id=\"38e1b9d\" data-element_type=\"widget\" data-widget_type=\"text-editor.default\">\n\t\t\t\t<div class=\"elementor-widget-container\">\n\t\t\t\t\t\t\t\t\t<h3><img fetchpriority=\"high\" decoding=\"async\" class=\"size-full wp-image-15403 aligncenter\" src=\"https:\/\/sileu.com\/wp-content\/uploads\/2019\/09\/banner-oficina-tampon-copa-300x250.gif\" alt=\"\" width=\"300\" height=\"250\" title=\"\"><\/h3><p style=\"text-align: center\"><strong>Banner 300&#215;250:<\/strong> Diferencias entre el tamp\u00f3n y la copa menstrual<\/p>\t\t\t\t\t\t\t\t<\/div>\n\t\t\t\t<\/div>\n\t\t\t\t\t<\/div>\n\t\t<\/div>\n\t\t\t\t<div class=\"elementor-column elementor-col-33 elementor-top-column elementor-element elementor-element-b05c183\" data-id=\"b05c183\" data-element_type=\"column\">\n\t\t\t<div class=\"elementor-widget-wrap elementor-element-populated\">\n\t\t\t\t\t\t<div class=\"elementor-element elementor-element-59d212b elementor-widget elementor-widget-text-editor\" data-id=\"59d212b\" data-element_type=\"widget\" data-widget_type=\"text-editor.default\">\n\t\t\t\t<div class=\"elementor-widget-container\">\n\t\t\t\t\t\t\t\t\t<h3><img decoding=\"async\" class=\"wp-image-15435 size-full aligncenter\" src=\"https:\/\/sileu.com\/wp-content\/uploads\/2019\/09\/banner-oficina-tampon-copa-336x280.gif\" alt=\"\" width=\"336\" height=\"280\" title=\"\"><\/h3><p style=\"text-align: center\"><strong>Banner 336&#215;280:<\/strong> Diferencias entre el tamp\u00f3n y la copa menstrual<\/p>\t\t\t\t\t\t\t\t<\/div>\n\t\t\t\t<\/div>\n\t\t\t\t\t<\/div>\n\t\t<\/div>\n\t\t\t\t<div class=\"elementor-column elementor-col-33 elementor-top-column elementor-element elementor-element-26fd28f\" data-id=\"26fd28f\" data-element_type=\"column\">\n\t\t\t<div class=\"elementor-widget-wrap elementor-element-populated\">\n\t\t\t\t\t\t<div class=\"elementor-element elementor-element-cd1fc9e elementor-widget elementor-widget-text-editor\" data-id=\"cd1fc9e\" data-element_type=\"widget\" data-widget_type=\"text-editor.default\">\n\t\t\t\t<div class=\"elementor-widget-container\">\n\t\t\t\t\t\t\t\t\t<h3><img decoding=\"async\" class=\"size-full wp-image-15388 aligncenter\" src=\"https:\/\/sileu.com\/wp-content\/uploads\/2019\/09\/banner-oficina-tampon-copa-250x250.gif\" alt=\"\" width=\"250\" height=\"250\" title=\"\" srcset=\"https:\/\/sileu.com\/wp-content\/uploads\/2019\/09\/banner-oficina-tampon-copa-250x250.gif 250w, https:\/\/sileu.com\/wp-content\/uploads\/2019\/09\/banner-oficina-tampon-copa-250x250-247x247.gif 247w, https:\/\/sileu.com\/wp-content\/uploads\/2019\/09\/banner-oficina-tampon-copa-250x250-100x100.gif 100w, https:\/\/sileu.com\/wp-content\/uploads\/2019\/09\/banner-oficina-tampon-copa-250x250-32x32.gif 32w\" sizes=\"(max-width: 250px) 100vw, 250px\" \/><\/h3><p style=\"text-align: center\"><strong>Banner 250&#215;250:<\/strong> Diferencias entre el tamp\u00f3n y la copa menstrual<\/p>\t\t\t\t\t\t\t\t<\/div>\n\t\t\t\t<\/div>\n\t\t\t\t\t<\/div>\n\t\t<\/div>\n\t\t\t\t\t<\/div>\n\t\t<\/section>\n\t\t\t\t<section class=\"elementor-section elementor-top-section elementor-element elementor-element-79061b3 elementor-section-boxed elementor-section-height-default elementor-section-height-default\" data-id=\"79061b3\" data-element_type=\"section\">\n\t\t\t\t\t\t<div class=\"elementor-container elementor-column-gap-default\">\n\t\t\t\t\t<div class=\"elementor-column elementor-col-50 elementor-top-column elementor-element elementor-element-d95a1aa\" data-id=\"d95a1aa\" data-element_type=\"column\">\n\t\t\t<div class=\"elementor-widget-wrap elementor-element-populated\">\n\t\t\t\t\t\t<div class=\"elementor-element elementor-element-811dcd8 elementor-widget elementor-widget-text-editor\" data-id=\"811dcd8\" data-element_type=\"widget\" data-widget_type=\"text-editor.default\">\n\t\t\t\t<div class=\"elementor-widget-container\">\n\t\t\t\t\t\t\t\t\t<p><img loading=\"lazy\" decoding=\"async\" class=\"size-full wp-image-15449 aligncenter\" src=\"https:\/\/sileu.com\/wp-content\/uploads\/2019\/09\/banner-oficina-tampon-copa-600x300.gif\" alt=\"\" width=\"600\" height=\"300\" title=\"\"><\/p><p style=\"text-align: center\"><strong>Banner 600&#215;300:<\/strong> Diferencias entre el tamp\u00f3n y la copa menstrual<\/p>\t\t\t\t\t\t\t\t<\/div>\n\t\t\t\t<\/div>\n\t\t\t\t\t<\/div>\n\t\t<\/div>\n\t\t\t\t<div class=\"elementor-column elementor-col-50 elementor-top-column elementor-element elementor-element-da48cef\" data-id=\"da48cef\" data-element_type=\"column\">\n\t\t\t<div class=\"elementor-widget-wrap elementor-element-populated\">\n\t\t\t\t\t\t<div class=\"elementor-element elementor-element-3f3e3c9 elementor-widget elementor-widget-text-editor\" data-id=\"3f3e3c9\" data-element_type=\"widget\" data-widget_type=\"text-editor.default\">\n\t\t\t\t<div class=\"elementor-widget-container\">\n\t\t\t\t\t\t\t\t\t<p><img loading=\"lazy\" decoding=\"async\" class=\"size-full wp-image-15427 aligncenter\" src=\"https:\/\/sileu.com\/wp-content\/uploads\/2019\/09\/banner-oficina-tampon-copa-320x100.gif\" alt=\"\" width=\"320\" height=\"100\" title=\"\"><\/p><p style=\"text-align: center\"><strong>Banner 320&#215;100:<\/strong> Diferencias entre el tamp\u00f3n y la copa menstrual<\/p>\t\t\t\t\t\t\t\t<\/div>\n\t\t\t\t<\/div>\n\t\t\t\t\t<\/div>\n\t\t<\/div>\n\t\t\t\t\t<\/div>\n\t\t<\/section>\n\t\t\t\t<\/div>\n\t\t","protected":false},"excerpt":{"rendered":"<p>12 HORAS DE PROTECCI\u00d3N CON LA COPA MENSTRUAL Banner 300&#215;250: Diferencias entre el tamp\u00f3n y la copa menstrual Banner 336&#215;280: Diferencias entre el tamp\u00f3n y la copa menstrual Banner 250&#215;250: Diferencias entre el tamp\u00f3n y la copa menstrual Banner 600&#215;300: Diferencias entre el tamp\u00f3n y la copa menstrual Banner 320&#215;100: Diferencias entre el tamp\u00f3n y [&hellip;]<\/p>\n","protected":false},"author":338,"featured_media":0,"parent":0,"menu_order":0,"comment_status":"closed","ping_status":"closed","template":"","meta":{"footnotes":""},"class_list":["post-15364","page","type-page","status-publish","hentry"],"_links":{"self":[{"href":"https:\/\/sileu.com\/es\/wp-json\/wp\/v2\/pages\/15364","targetHints":{"allow":["GET"]}}],"collection":[{"href":"https:\/\/sileu.com\/es\/wp-json\/wp\/v2\/pages"}],"about":[{"href":"https:\/\/sileu.com\/es\/wp-json\/wp\/v2\/types\/page"}],"author":[{"embeddable":true,"href":"https:\/\/sileu.com\/es\/wp-json\/wp\/v2\/users\/338"}],"replies":[{"embeddable":true,"href":"https:\/\/sileu.com\/es\/wp-json\/wp\/v2\/comments?post=15364"}],"version-history":[{"count":28,"href":"https:\/\/sileu.com\/es\/wp-json\/wp\/v2\/pages\/15364\/revisions"}],"predecessor-version":[{"id":78961,"href":"https:\/\/sileu.com\/es\/wp-json\/wp\/v2\/pages\/15364\/revisions\/78961"}],"wp:attachment":[{"href":"https:\/\/sileu.com\/es\/wp-json\/wp\/v2\/media?parent=15364"}],"curies":[{"name":"wp","href":"https:\/\/api.w.org\/{rel}","templated":true}]}}