{"id":3566,"date":"2016-11-08T12:32:16","date_gmt":"2016-11-08T12:32:16","guid":{"rendered":"http:\/\/sileu.com\/es\/?page_id=3566"},"modified":"2020-12-21T14:54:02","modified_gmt":"2020-12-21T14:54:02","slug":"condiciones-generales-de-venta","status":"publish","type":"page","link":"https:\/\/sileu.com\/es\/condiciones-generales-de-venta\/","title":{"rendered":"Condiciones generales de venta"},"content":{"rendered":"\t\t<div data-elementor-type=\"wp-page\" data-elementor-id=\"3566\" class=\"elementor elementor-3566\" data-elementor-post-type=\"page\">\n\t\t\t\t\t\t<section class=\"elementor-section elementor-top-section elementor-element elementor-element-e4eb773 elementor-section-boxed elementor-section-height-default elementor-section-height-default\" data-id=\"e4eb773\" data-element_type=\"section\" data-settings=\"{&quot;background_background&quot;:&quot;classic&quot;}\">\n\t\t\t\t\t\t<div class=\"elementor-container elementor-column-gap-default\">\n\t\t\t\t\t<div class=\"elementor-column elementor-col-100 elementor-top-column elementor-element elementor-element-47feda6\" data-id=\"47feda6\" data-element_type=\"column\">\n\t\t\t<div class=\"elementor-widget-wrap elementor-element-populated\">\n\t\t\t\t\t\t<div class=\"elementor-element elementor-element-f93fd4d elementor-widget elementor-widget-theme-site-title elementor-widget-heading\" data-id=\"f93fd4d\" data-element_type=\"widget\" data-widget_type=\"theme-site-title.default\">\n\t\t\t\t<div class=\"elementor-widget-container\">\n\t\t\t\t\t<h2 class=\"elementor-heading-title elementor-size-default\"><a href=\"https:\/\/sileu.com\/es\/\">Sileu cup copas menstruales y accesorios<\/a><\/h2>\t\t\t\t<\/div>\n\t\t\t\t<\/div>\n\t\t\t\t\t<\/div>\n\t\t<\/div>\n\t\t\t\t\t<\/div>\n\t\t<\/section>\n\t\t\t\t<section class=\"elementor-section elementor-top-section elementor-element elementor-element-62e001b elementor-section-boxed elementor-section-height-default elementor-section-height-default\" data-id=\"62e001b\" data-element_type=\"section\">\n\t\t\t\t\t\t<div class=\"elementor-container elementor-column-gap-default\">\n\t\t\t\t\t<div class=\"elementor-column elementor-col-100 elementor-top-column elementor-element elementor-element-5cfce10\" data-id=\"5cfce10\" data-element_type=\"column\">\n\t\t\t<div class=\"elementor-widget-wrap elementor-element-populated\">\n\t\t\t\t\t\t<div class=\"elementor-element elementor-element-3d945337 elementor-widget elementor-widget-text-editor\" data-id=\"3d945337\" data-element_type=\"widget\" data-widget_type=\"text-editor.default\">\n\t\t\t\t<div class=\"elementor-widget-container\">\n\t\t\t\t\t\t\t\t\t<p>Estas <em><strong>Condiciones Generales de Venta<\/strong><\/em>, a las que el comprador declara adherirse sin restricciones ni reservas, se aplican a todas las ventas realizadas a trav\u00e9s del sitio Internet www.sileu.com.<\/p><p>Entre:<\/p><p><strong>Fulfillment Warehouse Spain S.L.<\/strong><br \/><strong>Los Omeyas, 5 local<\/strong><br \/><strong>Cordoba 14005, Espa\u00f1a<\/strong><br \/><strong>CIF: B19316165<\/strong><\/p><p><strong>Tel.: 957 767 888<\/strong><\/p><p>y todo comprador en el sitio web <a href=\"http:\/\/sileu.com\"><em><strong>www.sileu.com.<\/strong><\/em><\/a><\/p><p>Se acuerda lo siguiente:<\/p><p><strong>1 \u2013 DEFINICI\u00d3N<\/strong><\/p><p>Comprador: Persona que desea efectuar o que efect\u00faa una compra en el sitio Internet www.sileu.com. Llamamos tambi\u00e9n \u201ccomprador\u201d a la persona que recibe el paquete, incluso si es distinta a la persona que efectu\u00f3 la compra.<\/p><p><strong>2 \u2013 PRE\u00c1MBULO<\/strong><\/p><p>Enviamos a cualquier lugar del mundo. Todo comprador, por el solo hecho de comprar en el sitio Internet www.sileu.com certifica ser mayor de edad y tener plena capacidad jur\u00eddica. En caso de que el comprador no sea mayor de edad, deber\u00e1 obligatoriamente pedir a una persona que tenga autoridad sobre \u00e9l, que efect\u00fae la compra en su lugar. Estas Condiciones Generales de Venta pueden ser actualizadas en todo momento. Las Condiciones Generales de Venta aplicables a una compra son las que est\u00e1n en vigor el d\u00eda que el comprador efect\u00faa su compra. Las Condiciones Generales de Venta son accesibles permanentemente en el sitio Internet www.sileu.com y toda persona que lo desee puede imprimirlas o guardarlas.<\/p><p><strong>3 &#8211; EL PROCESO DE COMPRA<\/strong><\/p><p>Cuando el comprador efect\u00faa su compra, acepta de manera irrevocable pagar el importe indicado en el momento de validar su compra. Dicho importe incluye el precio del\/de los art\u00edculo\/s comprado\/s, m\u00e1s, en su caso, la participaci\u00f3n en los gastos de portes y embalaje.<\/p><p><strong>4 &#8211; CONFORMIDAD DE LOS ART\u00cdCULOS<\/strong><\/p><p>Dedicamos todos nuestros esfuerzos a que el comprador pueda apreciar de la mejor manera la calidad de nuestros art\u00edculos. Detallamos e insertamos una o varias fotograf\u00edas de cada art\u00edculo para que el comprador pueda hacerse una idea lo m\u00e1s precisa posible de cada uno de ellos. El comprador es consciente de que los colores en una pantalla inform\u00e1tica y mediante una foto digital pueden ser distintos del color real. Depender\u00e1 de su equipo inform\u00e1tico, de la calidad de su pantalla, de los ajustes de la misma as\u00ed como de la luminosidad en el momento de hacer la fotograf\u00eda, de las sombras y muchos otros par\u00e1metros. Por ello, los colores no son contractuales. En caso de que para el comprador los colores debieran ser precisos, le aconsejamos que se ponga en contacto con nosotros antes de efectuar su compra.<\/p><p><strong>5 &#8211; LOS PRECIOS<\/strong><\/p><p>Los precios se indican en euros. Para pa\u00edses otros que Espa\u00f1a, los precios deber\u00e1n considerarse, sin impuestos. El IVA podr\u00e1 ser reclamado directamente al comprador por las autoridades competentes de su provincia, territorio, estado y\/o pa\u00eds (leer 6-). Las compras se facturan en euros y deben pagarse \u00fanicamente en euros. Los precios indicados no tienen en cuenta la participaci\u00f3n en los gastos de portes y embalaje. El precio debe pagarse en su totalidad y en un solo pago en el momento de la compra.<\/p><p><strong>6 &#8211; IMPUESTOS, C\u00c1NONES, DERECHOS DE ADUANA, ETC.<\/strong><\/p><p>Corresponde al comprador verificar, ante las autoridades competentes, las posibilidades de importaci\u00f3n de los productos comprados con respecto al derecho y a los reglamentos de su provincia, territorio, estado y\/o pa\u00eds de entrega. Es posible que despu\u00e9s de una compra efectuada en el sitio Internet www.sileu.com y cuando el paquete llega a su destino, el comprador deba pagar alg\u00fan impuesto, canon, derechos de aduana y\/o derechos suplementarios (por ejemplo: IVA, impuestos locales, derechos de importaci\u00f3n, impuestos estatales, etc.) a las autoridades competentes o a los intermediarios autorizados en la provincia, territorio, estado y\/o pa\u00eds de entrega, cuya direcci\u00f3n no est\u00e1 situada en Espa\u00f1a. Dichos impuestos, c\u00e1nones, derechos de aduana y\/o derechos suplementarios (por ejemplo: IVA, impuestos locales, derechos de importaci\u00f3n, impuestos estatales, etc.) vinculados a la entrega de un art\u00edculo son a cargo del comprador y son de su responsabilidad tanto por lo que se refiere a su declaraci\u00f3n como al pago a las autoridades y organismos competentes de la provincia, territorio, estado y\/o pa\u00eds de entrega correspondiente. No es responsabilidad de la sociedad Fulfillment Warehouse Spain S.L la verificaci\u00f3n y la informaci\u00f3n de dichos impuestos, c\u00e1nones, derechos de aduana y\/o derechos suplementarios (por ejemplo: IVA, impuestos locales, derechos de importaci\u00f3n, impuestos estatales, etc.) aplicables. Para conocerlos, el comprador deber\u00e1 solicitar informaci\u00f3n previamente a las autoridades competentes de su provincia, territorio, estado y\/o pa\u00eds.<\/p><p><strong>7 &#8211; PARTICIPACI\u00d3N EN LOS GASTOS DE PORTES Y EMBALAJE<\/strong><\/p><p>La participaci\u00f3n en los gastos de portes y embalaje es la que se indica en el sitio internet www.sileu.com el d\u00eda en que el comprador efect\u00faa su compra. Su importe se indica tambi\u00e9n en el momento de la validaci\u00f3n de la compra.<\/p><p><strong>8 &#8211; MODALIDADES DE PAGO<\/strong><\/p><p>Los pagos en l\u00ednea v\u00eda nuestro prestatario de pago son seguros. Con motivo de las exigencias de la venta por correspondencia v\u00eda un sitio e-comercio y a la vista del inter\u00e9s para el comprador de utilizar esta modalidad de pago (rapidez de tratamiento, env\u00edo r\u00e1pido del paquete\u2026) el comprador puede pagar sus compras \u00fanicamente en l\u00ednea y con Tarjeta bancaria (Visa, Mastercard, Maestro y Visa Electron).<\/p><p><strong>9 &#8211; LA ENTREGA<\/strong><\/p><p>Enviamos a cualquier lugar del mundo. El paquete del comprador ser\u00e1 remitido a la direcci\u00f3n que nos haya comunicado en el momento de la compra. El modo de entrega utilizado es el que se indica en el sitio Internet www.sileu.com. Los plazos de entrega son los que se indican en el sitio Internet www.sileu.com. Los plazos de entrega que se indican en el sitio Internet www.sileu.com no dependen de nosotros y por este motivo no podemos garantizarlos. No podremos aceptar ninguna responsabilidad en el caso de retraso en la entrega. Sin embargo, nos comprometemos a perseverar en la ayuda a cualquier comprador que no reciba su paquete en el plazo de 15 a 30 (quince a treinta) d\u00edas h\u00e1biles, en funci\u00f3n del pa\u00eds de destino, a partir de la entrega del paquete al transportista. Si, por cualquier motivo, no nos fuera posible mandar una compra en los plazos indicados en el sitio Internet www.sileu.com, nos pondremos en contacto con el comprador, lo m\u00e1s tarde el tercer d\u00eda h\u00e1bil despu\u00e9s de su compra y le comunicaremos un plazo de disponibilidad. El comprador podr\u00e1 elegir entonces si acepta nuestra oferta o quiere que le reembolsemos \u00edntegramente el importe de su compra, la participaci\u00f3n en los gastos de portes y embalaje, o bien si desea elegir otro art\u00edculo. En caso de cualquier problema relativo a la entrega de un paquete el comprador deber\u00e1 ponerse en contacto con nosotros a trav\u00e9s de la r\u00fabrica \u201cCont\u00e1ctenos\u201d del sitio Internet www.sileu.com. En caso de devoluci\u00f3n del paquete, por ejemplo, por \u201cdirecci\u00f3n incompleta\u201d, \u201cdesconocido en la direcci\u00f3n indicada\u201d, \u201cno vive en la direcci\u00f3n indicada\u201d, \u201cno existe un buz\u00f3n a dicho nombre\u201d, \u201cbuz\u00f3n no identificable\u201d, \u201cno reclamado\u201d, \u201cbuz\u00f3n inaccesible\u201d, \u201cpaquete rehusado\u201d o por \u201canomal\u00eda en la direcci\u00f3n\u201d que no permita la distribuci\u00f3n del paquete, sin que dicha lista sea exhaustiva, o por cualquier otro motivo que no sea imputable a nosotros, reembolsaremos al comprador el precio del\/de los art\u00edculo\/s menos 30% (treinta por ciento) del total de su compra con un m\u00ednimo de 9\u20ac (nueve euros) de gasto de gesti\u00f3n de la devoluci\u00f3n, excepto los gastos de portes y embalaje, dentro de los treinta d\u00edas siguientes a la recepci\u00f3n de la devoluci\u00f3n. Por este motivo recomendamos encarecidamente al comprador de verificar que la direcci\u00f3n que nos comunica es correcta y completa.<\/p><p><strong>10 \u2013 GARANT\u00cdAS<\/strong><\/p><p>A pesar de que prestamos una gran atenci\u00f3n a la selecci\u00f3n de nuestros art\u00edculos as\u00ed como a su embalaje y modo de env\u00edo, es posible que se presente alguna anomal\u00eda en la recepci\u00f3n o el desembalaje del paquete por el comprador.<\/p><p>Plazo de retractaci\u00f3n: Si un art\u00edculo no fuera de la entera satisfacci\u00f3n del comprador, puede devolverlo completo, sin olvidar de adjuntar todos los documentos que figuren en el interior o sobre el paquete en el momento de la entrega, lo m\u00e1s tarde 14 (catorce) d\u00edas naturales despu\u00e9s de la fecha de entrega, sin haberlo utilizado, ensuciado, estropeado, manipulado sin precauci\u00f3n, en su embalaje de origen, a la direcci\u00f3n siguiente. Reembolsaremos al comprador la totalidad de los importes pagados por la compra de dicho art\u00edculo, lo m\u00e1s tarde a los 14 (catorce) d\u00edas. Los gastos de env\u00edo de la devoluci\u00f3n son a cargo del comprador :<\/p><p>Fulfillment Warehouse Spain S.L. Calle Los Omeyas 5, Local. 14005 C\u00f3rdoba.<\/p><p>Por razones evidentes de higiene y salud, no podemos aceptar la devoluci\u00f3n de una copa menstrual Sileu cuyo embalaje haya sido abierto o bien que haya sido probada. Si el motivo de la devoluci\u00f3n depende de nosotros (por ejemplo: entrega no conforme a la compra), reembolsaremos al comprador la totalidad de los importes pagados y los gastos de devoluci\u00f3n. Si el comprador, en el momento de la entrega de su compra, constatara que el paquete es entregado en mal estado por el transportista, le recomendamos encarecidamente que lo comunique al mismo. En este caso no asumiremos ninguna responsabilidad. El reembolso se efectuar\u00e1 a trav\u00e9s del mismo modo de pago que el comprador hubiera utilizado para pagar su compra.<\/p><p><strong>11 &#8211; PROTECCI\u00d3N DE DATOS<\/strong><\/p><p>En cumplimiento de lo establecido en la Ley Org\u00e1nica 15\/1999, de Protecci\u00f3n de Datos de Car\u00e1cter Personal, les informamos que los datos personales comunicados en el momento de su compra ser\u00e1n utilizados para el fichero clientes, debidamente registrado en la Agencia espa\u00f1ola de Protecci\u00f3n de Datos y gestionado por la sociedad Fulfillment Warehouse Spain S.L. La finalidad de dicho fichero es la gesti\u00f3n de los clientes y de su fidelidad, y el env\u00edo a los clientes de informaci\u00f3n comercial. Los datos personales del cliente ser\u00e1n utilizados exclusivamente por la sociedad Fulfillment Warehouse Spain S.L y no ser\u00e1n cedidos a terceros. Usted puede ejercer su derecho de acceso, modificaci\u00f3n, supresi\u00f3n y oposici\u00f3n dirigi\u00e9ndose por escrito a:<\/p><p>Fulfillment Warehouse Spain SL. Calle Los Omeyas 5, Local. 14005 C\u00f3rdoba, Espa\u00f1a.<\/p><p>Todos los datos que nos son transmitidos son tratados con el total respeto de las leyes en vigor en Espa\u00f1a. Aseguramos la total confidencialidad de todos los datos nominativos que nos sean transmitidos. Le informamos adem\u00e1s que unas cookies registran ciertas informaciones que se almacenan en la memoria de su disco duro. Dichas informaciones nos sirven esencialmente para generar estad\u00edsticas de audiencia del sitio. Dichas cookies no contienen informaciones confidenciales referentes a su persona.<\/p><p><strong>12 &#8211; TRANSFERENCIA DE PROPIEDAD Y DE RIESGOS<\/strong><\/p><p>La transferencia de propiedad de los art\u00edculos a beneficio del comprador no se produce hasta el pago completo del precio por parte del mismo, y ello independientemente de la fecha de entrega. Por el contrario, la transferencia de los riesgos de p\u00e9rdida y deterioro de los art\u00edculos se produce a partir de la entrega y recepci\u00f3n de los art\u00edculos por el comprador<\/p><p><strong>13 \u2013 RESPONSABILIDADES<\/strong><\/p><p>Nos comprometemos a satisfacer plenamente a cada uno de nuestros compradores a lo largo del proceso de compra en el sitio Internet www.sileu.com. Intentamos dar cuantos m\u00e1s detalles posibles de cada art\u00edculo vendido en el sitio Internet www.sileu.com, paso obligatorio para el comprador para efectuar su compra. Sin embargo, no asumimos ninguna responsabilidad en el caso de que la no ejecuci\u00f3n de nuestras obligaciones fuera imputable ya sea al hecho imprevisible e insalvable de un tercero al contrato, ya sea a un caso de fuerza mayor (por ejemplo: huelga, inundaci\u00f3n, incendio\u2026). Igualmente no asumimos ninguna responsabilidad por los inconvenientes o da\u00f1os inherentes a la utilizaci\u00f3n de la red Internet, especialmente, interrupci\u00f3n de servicio, intrusi\u00f3n exterior o la presencia de virus inform\u00e1ticos\u2026<\/p><p><strong>14 &#8211; PROPIEDAD INTELECTUAL<\/strong><\/p><p>Todos los elementos del sitio Internet www.sileu.com, sean visuales o sonoros, incluyendo la tecnolog\u00eda subyacente, est\u00e1n protegidos por derechos de autor, de marcas o patentes. Son propiedad exclusiva del respectivo propietario.<\/p><p><strong>15 \u2013 INTEGRIDAD<\/strong><\/p><p>En caso de que una de las cl\u00e1usulas del presente contrato fuera nula y sin efecto por un cambio en la legislaci\u00f3n, reglamentaci\u00f3n o por una decisi\u00f3n judicial, ello no afectar\u00eda la validez y el respeto de las presentes Condiciones Generales de Venta.<\/p><p><strong>16 \u2013 DURACI\u00d3N<\/strong><\/p><p>Las presentes Condiciones Generales de Venta se aplican a cada compra y durante todo el tiempo que se encuentren en l\u00ednea los art\u00edculos vendidos en el sitio Internet www.sileu.com.<\/p><p><strong>17 \u2013 PRUEBA<\/strong><\/p><p>Los registros informatizados, conservados en nuestros sistemas inform\u00e1ticos y\/o en los de nuestros socios en condiciones razonables de seguridad, ser\u00e1n considerados como pruebas de las comunicaciones, compras y pagos realizados entre las partes.<\/p><p><strong>18 &#8211; CONSERVACI\u00d3N Y ARCHIVO DE LAS TRANSACCIONES<\/strong><\/p><p>El archivo de las facturas se efect\u00faa en un soporte fiable y duradero de manera que correspondan a una copia fiel y duradera.<\/p><p><strong>19 &#8211; DERECHO APLICABLE<\/strong><\/p><p>Todas las cl\u00e1usulas que figuran en las presentes Condiciones Generales de Venta, as\u00ed como todas las operaciones de compraventa a las que se refieren, est\u00e1n sujetas al derecho espa\u00f1ol. Los tribunales espa\u00f1oles son los \u00fanicos competentes para pronunciarse en cualquier litigio que pudiera surgir entre las partes con relaci\u00f3n a la ejecuci\u00f3n de las presentes Condiciones Generales de Venta.<\/p><p><strong>20 &#8211; ACEPTACI\u00d3N DE LAS CONDICIONES GENERALES DE VENTA POR EL CLIENTE<\/strong><\/p><p>Las presentes Condiciones Generales de Venta as\u00ed como los precios son expresamente aprobados y aceptados por el comprador que declara y reconoce tener pleno conocimiento de los mismos. Ning\u00fan otro contrato, cualquiera que sea, podr\u00e1 substituir estas Condiciones Generales de Venta en toda compra efectuada en el sitio Internet www.sileu.com. Lo mismo se refiere a eventuales condiciones generales de compra de un comprador. El mero hecho de efectuar una compra en el sitio Internet www.sileu.com implica la aceptaci\u00f3n de las presentes Condiciones Generales de Venta.<\/p>\t\t\t\t\t\t\t\t<\/div>\n\t\t\t\t<\/div>\n\t\t\t\t\t<\/div>\n\t\t<\/div>\n\t\t\t\t\t<\/div>\n\t\t<\/section>\n\t\t\t\t<\/div>\n\t\t","protected":false},"excerpt":{"rendered":"<p>Estas Condiciones Generales de Venta, a las que el comprador declara adherirse sin restricciones ni reservas, se aplican a todas las ventas realizadas a trav\u00e9s del sitio Internet www.sileu.com. Entre: Fulfillment Warehouse Spain S.L.Los Omeyas, 5 localCordoba 14005, Espa\u00f1aCIF: B19316165 Tel.: 957 767 888 y todo comprador en el sitio web www.sileu.com. Se acuerda lo [&hellip;]<\/p>\n","protected":false},"author":4815,"featured_media":0,"parent":0,"menu_order":0,"comment_status":"closed","ping_status":"closed","template":"","meta":{"footnotes":""},"class_list":["post-3566","page","type-page","status-publish","hentry"],"_links":{"self":[{"href":"https:\/\/sileu.com\/es\/wp-json\/wp\/v2\/pages\/3566","targetHints":{"allow":["GET"]}}],"collection":[{"href":"https:\/\/sileu.com\/es\/wp-json\/wp\/v2\/pages"}],"about":[{"href":"https:\/\/sileu.com\/es\/wp-json\/wp\/v2\/types\/page"}],"author":[{"embeddable":true,"href":"https:\/\/sileu.com\/es\/wp-json\/wp\/v2\/users\/4815"}],"replies":[{"embeddable":true,"href":"https:\/\/sileu.com\/es\/wp-json\/wp\/v2\/comments?post=3566"}],"version-history":[{"count":15,"href":"https:\/\/sileu.com\/es\/wp-json\/wp\/v2\/pages\/3566\/revisions"}],"predecessor-version":[{"id":79810,"href":"https:\/\/sileu.com\/es\/wp-json\/wp\/v2\/pages\/3566\/revisions\/79810"}],"wp:attachment":[{"href":"https:\/\/sileu.com\/es\/wp-json\/wp\/v2\/media?parent=3566"}],"curies":[{"name":"wp","href":"https:\/\/api.w.org\/{rel}","templated":true}]}}