{"id":3640,"date":"2016-11-08T18:42:05","date_gmt":"2016-11-08T18:42:05","guid":{"rendered":"http:\/\/sileu.com\/es\/?page_id=3640"},"modified":"2023-03-20T12:42:15","modified_gmt":"2023-03-20T12:42:15","slug":"la-copa-menstrual","status":"publish","type":"page","link":"https:\/\/sileu.com\/es\/la-copa-menstrual\/","title":{"rendered":"\u00a1Quiero saber m\u00e1s sobre la copa menstrual Sileu!"},"content":{"rendered":"\t\t<div data-elementor-type=\"wp-page\" data-elementor-id=\"3640\" class=\"elementor elementor-3640\" data-elementor-post-type=\"page\">\n\t\t\t\t\t\t<section class=\"elementor-section elementor-top-section elementor-element elementor-element-cf88907 elementor-section-boxed elementor-section-height-default elementor-section-height-default\" data-id=\"cf88907\" data-element_type=\"section\" data-settings=\"{&quot;background_background&quot;:&quot;classic&quot;}\">\n\t\t\t\t\t\t<div class=\"elementor-container elementor-column-gap-default\">\n\t\t\t\t\t<div class=\"elementor-column elementor-col-100 elementor-top-column elementor-element elementor-element-c0999a6\" data-id=\"c0999a6\" data-element_type=\"column\">\n\t\t\t<div class=\"elementor-widget-wrap elementor-element-populated\">\n\t\t\t\t\t\t<div class=\"elementor-element elementor-element-958b706 elementor-widget elementor-widget-heading\" data-id=\"958b706\" data-element_type=\"widget\" data-widget_type=\"heading.default\">\n\t\t\t\t<div class=\"elementor-widget-container\">\n\t\t\t\t\t<h2 class=\"elementor-heading-title elementor-size-default\">\u00a1QUIERO SABER M\u00c1S SOBRE LA COPA MENSTRUAL SILEU!<\/h2>\t\t\t\t<\/div>\n\t\t\t\t<\/div>\n\t\t\t\t\t<\/div>\n\t\t<\/div>\n\t\t\t\t\t<\/div>\n\t\t<\/section>\n\t\t\t\t<section class=\"elementor-section elementor-top-section elementor-element elementor-element-b137895 elementor-section-boxed elementor-section-height-default elementor-section-height-default\" data-id=\"b137895\" data-element_type=\"section\">\n\t\t\t\t\t\t<div class=\"elementor-container elementor-column-gap-default\">\n\t\t\t\t\t<div class=\"elementor-column elementor-col-100 elementor-top-column elementor-element elementor-element-491dff9\" data-id=\"491dff9\" data-element_type=\"column\">\n\t\t\t<div class=\"elementor-widget-wrap elementor-element-populated\">\n\t\t\t\t\t\t<section class=\"elementor-section elementor-inner-section elementor-element elementor-element-83d6aa4 elementor-section-boxed elementor-section-height-default elementor-section-height-default\" data-id=\"83d6aa4\" data-element_type=\"section\">\n\t\t\t\t\t\t<div class=\"elementor-container elementor-column-gap-default\">\n\t\t\t\t\t<div class=\"elementor-column elementor-col-100 elementor-inner-column elementor-element elementor-element-1b7424b\" data-id=\"1b7424b\" data-element_type=\"column\">\n\t\t\t<div class=\"elementor-widget-wrap elementor-element-populated\">\n\t\t\t\t\t\t<div class=\"elementor-element elementor-element-3d72f34 elementor-widget elementor-widget-heading\" data-id=\"3d72f34\" data-element_type=\"widget\" data-widget_type=\"heading.default\">\n\t\t\t\t<div class=\"elementor-widget-container\">\n\t\t\t\t\t<h2 class=\"elementor-heading-title elementor-size-default\">\u00bfQu\u00e9 es la copa menstrual Sileu?<\/h2>\t\t\t\t<\/div>\n\t\t\t\t<\/div>\n\t\t\t\t<div class=\"elementor-element elementor-element-1f1be87 elementor-widget-divider--view-line elementor-widget elementor-widget-divider\" data-id=\"1f1be87\" data-element_type=\"widget\" data-widget_type=\"divider.default\">\n\t\t\t\t<div class=\"elementor-widget-container\">\n\t\t\t\t\t\t\t<div class=\"elementor-divider\">\n\t\t\t<span class=\"elementor-divider-separator\">\n\t\t\t\t\t\t<\/span>\n\t\t<\/div>\n\t\t\t\t\t\t<\/div>\n\t\t\t\t<\/div>\n\t\t\t\t<div class=\"elementor-element elementor-element-4a6928d elementor-widget elementor-widget-text-editor\" data-id=\"4a6928d\" data-element_type=\"widget\" data-widget_type=\"text-editor.default\">\n\t\t\t\t<div class=\"elementor-widget-container\">\n\t\t\t\t\t\t\t\t\t<p style=\"text-align: justify;\">La copa menstrual Sileu es el futuro en higiene \u00edntima femenina, una revoluci\u00f3n en la manera en que las mujeres entienden su menstruaci\u00f3n como algo limpio y natual. Es una\u00a0alternativa f\u00e1cil de usar, segura, reutilizable y ecol\u00f3gica a las\u00a0compresas y tampones de toda la vida.<\/p><p style=\"text-align: justify;\">El uso de la copa Sileu es tan simple como doblarla, insertarla como un tamp\u00f3n, y olvidar durante 12 horas que la llevas puesta. Recoge los fluidos en su interior en lugar de absorberlos, manteniendo su interior naturalmente lubricado y saludable, sin provocar sequedad o dejar restos de fibras. En lugar de cambiarlo continuamente como en los m\u00e9todos tradicionales, basta con lavarla y reutilizarla, por lo que es m\u00e1s econ\u00f3mica y respetuosa con el medio ambiente. Nunca se te acabar\u00e1n, como si sucede con las compresas y tampones. Incluye una sencilla y funcional bolsa de algod\u00f3n ecol\u00f3gica para que la guardes y la lleves contigo, para as\u00ed siempre tenerla a mano en caso de necesidad. Con la copa menstrual Sileu, puedes simplemente relajarte y seguir con tu rutina diaria sin inconvenientes<\/p>\t\t\t\t\t\t\t\t<\/div>\n\t\t\t\t<\/div>\n\t\t\t\t\t<\/div>\n\t\t<\/div>\n\t\t\t\t\t<\/div>\n\t\t<\/section>\n\t\t\t\t<section class=\"elementor-section elementor-inner-section elementor-element elementor-element-272f39d elementor-section-boxed elementor-section-height-default elementor-section-height-default\" data-id=\"272f39d\" data-element_type=\"section\">\n\t\t\t\t\t\t<div class=\"elementor-container elementor-column-gap-default\">\n\t\t\t\t\t<div class=\"elementor-column elementor-col-100 elementor-inner-column elementor-element elementor-element-98029c2\" data-id=\"98029c2\" data-element_type=\"column\">\n\t\t\t<div class=\"elementor-widget-wrap elementor-element-populated\">\n\t\t\t\t\t\t<div class=\"elementor-element elementor-element-dc81ec6 elementor-widget elementor-widget-heading\" data-id=\"dc81ec6\" data-element_type=\"widget\" data-widget_type=\"heading.default\">\n\t\t\t\t<div class=\"elementor-widget-container\">\n\t\t\t\t\t<h2 class=\"elementor-heading-title elementor-size-default\">\u00bfCu\u00e1les son las ventajas de utilizar la copa menstrual Sileu?<\/h2>\t\t\t\t<\/div>\n\t\t\t\t<\/div>\n\t\t\t\t<div class=\"elementor-element elementor-element-68b9b45 elementor-widget-divider--view-line elementor-widget elementor-widget-divider\" data-id=\"68b9b45\" data-element_type=\"widget\" data-widget_type=\"divider.default\">\n\t\t\t\t<div class=\"elementor-widget-container\">\n\t\t\t\t\t\t\t<div class=\"elementor-divider\">\n\t\t\t<span class=\"elementor-divider-separator\">\n\t\t\t\t\t\t<\/span>\n\t\t<\/div>\n\t\t\t\t\t\t<\/div>\n\t\t\t\t<\/div>\n\t\t\t\t<div class=\"elementor-element elementor-element-20d6292 elementor-widget elementor-widget-text-editor\" data-id=\"20d6292\" data-element_type=\"widget\" data-widget_type=\"text-editor.default\">\n\t\t\t\t<div class=\"elementor-widget-container\">\n\t\t\t\t\t\t\t\t\t<p>Se puede llevar hasta 12 horas sin preocupaciones. Para vaciarla, se extrae de forma c\u00f3moda y segura, sin mancharse ni tener contacto con el flujo, se vac\u00eda, se limpia y esteriliza y ya est\u00e1 lista para ponerla de nuevo.<\/p><p>La copa menstrual Sileu se amortiza en un par de meses. Con un mantenimiento adecuado, puede llegar a durar hasta 10 a\u00f1os, con el consecuente ahorro de dinero en compresas y tampones.<\/p><p>Se limpia f\u00e1cilmente con agua y un jab\u00f3n neutro. Cuando se termina el ciclo, no hay m\u00e1s que esterilizarla hirvi\u00e9ndola o con una pastilla esterilizadora. En nuestra secci\u00f3n de <a href=\"https:\/\/sileu.com\/es\/cup\/estuche-sileucase-copas-menstruales-ideal-llevar-tampon-copa-menstrual-forma-elegante-discreta-bolso-viajes\/?v=42983b05e2f2\"><strong>Accesorios<\/strong><\/a> encontrar\u00e1s todo lo necesario para facilitarte una adecuada limpieza y mantenimiento.<\/p><p>Todas nuestras copas est\u00e1n fabricadas en silicona alemana de grado m\u00e9dico de alta calidad, con certificaci\u00f3n ISO 10993, del mismo tipo con la que se fabrica el material que se utiliza en los quir\u00f3fanos. Cualquier mujer, desde la adolescencia hasta la madurez puede utilizarlas sin problemas.<\/p><p>No altera, seca ni ara\u00f1a el entorno vaginal natural, y ninguna bacteria puede vivir en la superficie de la copa si se esteriliza de forma adecuada, por lo que se evitan restos de fibras, infecciones vaginales, el S\u00edndrome del Shock T\u00f3xico y enfermedades como la candidiasis y la cistitis.<\/p><p>Es compatible con el uso del DIU y el anillo anticonceptivo.<\/p><p>Nuestra silicona es ecol\u00f3gica, con el uso de la copa menstrual ahorras al a\u00f1o toneladas de residuos en forma de compresas y tampones que contienen sustancias qu\u00edmicas muy contaminantes y perjudiciales como el cloro, por lo que ayudas al mantenimiento del medio ambiente.<\/p><p>Utilizamos embalajes no pl\u00e1sticos, hechos de un material llamado PLA que es biodegradable, por lo que nuestras copas menstruales son respetuosas con el medio ambiente y cero residuos.<\/p>\t\t\t\t\t\t\t\t<\/div>\n\t\t\t\t<\/div>\n\t\t\t\t\t<\/div>\n\t\t<\/div>\n\t\t\t\t\t<\/div>\n\t\t<\/section>\n\t\t\t\t<section class=\"elementor-section elementor-inner-section elementor-element elementor-element-d39d0bf elementor-section-boxed elementor-section-height-default elementor-section-height-default\" data-id=\"d39d0bf\" data-element_type=\"section\">\n\t\t\t\t\t\t<div class=\"elementor-container elementor-column-gap-default\">\n\t\t\t\t\t<div class=\"elementor-column elementor-col-100 elementor-inner-column elementor-element elementor-element-334101d\" data-id=\"334101d\" data-element_type=\"column\">\n\t\t\t<div class=\"elementor-widget-wrap elementor-element-populated\">\n\t\t\t\t\t\t<div class=\"elementor-element elementor-element-d48fda6 elementor-widget elementor-widget-heading\" data-id=\"d48fda6\" data-element_type=\"widget\" data-widget_type=\"heading.default\">\n\t\t\t\t<div class=\"elementor-widget-container\">\n\t\t\t\t\t<h2 class=\"elementor-heading-title elementor-size-default\">Est\u00e1ndares de calidad de la copa menstrual Sileu<\/h2>\t\t\t\t<\/div>\n\t\t\t\t<\/div>\n\t\t\t\t<div class=\"elementor-element elementor-element-a1992c8 elementor-widget-divider--view-line elementor-widget elementor-widget-divider\" data-id=\"a1992c8\" data-element_type=\"widget\" data-widget_type=\"divider.default\">\n\t\t\t\t<div class=\"elementor-widget-container\">\n\t\t\t\t\t\t\t<div class=\"elementor-divider\">\n\t\t\t<span class=\"elementor-divider-separator\">\n\t\t\t\t\t\t<\/span>\n\t\t<\/div>\n\t\t\t\t\t\t<\/div>\n\t\t\t\t<\/div>\n\t\t\t\t<div class=\"elementor-element elementor-element-1c4b1cd elementor-widget elementor-widget-text-editor\" data-id=\"1c4b1cd\" data-element_type=\"widget\" data-widget_type=\"text-editor.default\">\n\t\t\t\t<div class=\"elementor-widget-container\">\n\t\t\t\t\t\t\t\t\t<p style=\"text-align: justify;\">La copa menstrual Sileu sigue los m\u00e1s estrictos protocolos de control y calidad en su producci\u00f3n. La silicona es controlada desde el proveedor hasta el producto final, con un seguimiento muy detallado de cada lote y cada proceso para garantizar la m\u00e1xima seguridad e higiene. Una vez fabricada la copa, esta es sellada en una bolsa de PLA herm\u00e9tica y se introduce junto una bolsa de algod\u00f3n org\u00e1nico y el manual de instrucciones en su caja correspondiente, por lo que no es manipulada en modo alguno hasta que llega a tus manos.<\/p><p style=\"text-align: left;\">Todas nuestras copas menstruales se fabrican utilizando silicona alemana de grado m\u00e9dico con certificaci\u00f3n ISO 10993. Adem\u00e1s, para nuestro color rojo, utilizamos pigmento org\u00e1nico tambi\u00e9n certificado con el ISO 10993. El color transparente en nuestras copas es nuestra silicona sin pigmento alguno.<\/p>\t\t\t\t\t\t\t\t<\/div>\n\t\t\t\t<\/div>\n\t\t\t\t\t<\/div>\n\t\t<\/div>\n\t\t\t\t\t<\/div>\n\t\t<\/section>\n\t\t\t\t<section class=\"elementor-section elementor-inner-section elementor-element elementor-element-baa9e2a elementor-section-boxed elementor-section-height-default elementor-section-height-default\" data-id=\"baa9e2a\" data-element_type=\"section\">\n\t\t\t\t\t\t<div class=\"elementor-container elementor-column-gap-default\">\n\t\t\t\t\t<div class=\"elementor-column elementor-col-100 elementor-inner-column elementor-element elementor-element-a65c41b\" data-id=\"a65c41b\" data-element_type=\"column\">\n\t\t\t<div class=\"elementor-widget-wrap elementor-element-populated\">\n\t\t\t\t\t\t<div class=\"elementor-element elementor-element-b8170f4 elementor-widget elementor-widget-heading\" data-id=\"b8170f4\" data-element_type=\"widget\" data-widget_type=\"heading.default\">\n\t\t\t\t<div class=\"elementor-widget-container\">\n\t\t\t\t\t<h2 class=\"elementor-heading-title elementor-size-default\">\u00bfPor qu\u00e9 s\u00f3lo ofrec\u00e9is talla S y talla L? \u00bfNo ten\u00e9is disponible la talla M?<\/h2>\t\t\t\t<\/div>\n\t\t\t\t<\/div>\n\t\t\t\t<div class=\"elementor-element elementor-element-3c15c24 elementor-widget-divider--view-line elementor-widget elementor-widget-divider\" data-id=\"3c15c24\" data-element_type=\"widget\" data-widget_type=\"divider.default\">\n\t\t\t\t<div class=\"elementor-widget-container\">\n\t\t\t\t\t\t\t<div class=\"elementor-divider\">\n\t\t\t<span class=\"elementor-divider-separator\">\n\t\t\t\t\t\t<\/span>\n\t\t<\/div>\n\t\t\t\t\t\t<\/div>\n\t\t\t\t<\/div>\n\t\t\t\t<div class=\"elementor-element elementor-element-9c9c163 elementor-widget elementor-widget-text-editor\" data-id=\"9c9c163\" data-element_type=\"widget\" data-widget_type=\"text-editor.default\">\n\t\t\t\t<div class=\"elementor-widget-container\">\n\t\t\t\t\t\t\t\t\t<p style=\"text-align: justify;\">La copa menstrual Sileu es el futuro en higiene \u00edntima femenina, una revoluci\u00f3n en la manera en que las mujeres entienden su menstruaci\u00f3n como algo limpio y natual. Es una\u00a0alternativa f\u00e1cil de usar, segura, reutilizable y ecol\u00f3gica a las\u00a0compresas y tampones de toda la vida.<\/p><p style=\"text-align: justify;\">El uso de la copa Sileu es tan simple como doblarla, insertarla como un tamp\u00f3n, y olvidar durante 12 horas que la llevas puesta. Recoge los fluidos en su interior en lugar de absorberlos, manteniendo su interior naturalmente lubricado y saludable, sin provocar sequedad o dejar restos de fibras. En lugar de cambiarlo continuamente como en los m\u00e9todos tradicionales, basta con lavarla y reutilizarla, por lo que es m\u00e1s econ\u00f3mica y respetuosa con el medio ambiente. Nunca se te acabar\u00e1n, como si sucede con las compresas y tampones. Incluye una sencilla y funcional bolsa de algod\u00f3n ecol\u00f3gica para que la guardes y la lleves contigo, para as\u00ed siempre tenerla a mano en caso de necesidad. Con la copa menstrual Sileu, puedes simplemente relajarte y seguir con tu rutina diaria sin inconvenientes<\/p>\t\t\t\t\t\t\t\t<\/div>\n\t\t\t\t<\/div>\n\t\t\t\t\t<\/div>\n\t\t<\/div>\n\t\t\t\t\t<\/div>\n\t\t<\/section>\n\t\t\t\t\t<\/div>\n\t\t<\/div>\n\t\t\t\t\t<\/div>\n\t\t<\/section>\n\t\t\t\t<\/div>\n\t\t","protected":false},"excerpt":{"rendered":"<p>\u00a1QUIERO SABER M\u00c1S SOBRE LA COPA MENSTRUAL SILEU! \u00bfQu\u00e9 es la copa menstrual Sileu? La copa menstrual Sileu es el futuro en higiene \u00edntima femenina, una revoluci\u00f3n en la manera en que las mujeres entienden su menstruaci\u00f3n como algo limpio y natual. Es una\u00a0alternativa f\u00e1cil de usar, segura, reutilizable y ecol\u00f3gica a las\u00a0compresas y tampones [&hellip;]<\/p>\n","protected":false},"author":4815,"featured_media":0,"parent":0,"menu_order":0,"comment_status":"closed","ping_status":"closed","template":"elementor_header_footer","meta":{"footnotes":""},"class_list":["post-3640","page","type-page","status-publish","hentry"],"_links":{"self":[{"href":"https:\/\/sileu.com\/es\/wp-json\/wp\/v2\/pages\/3640","targetHints":{"allow":["GET"]}}],"collection":[{"href":"https:\/\/sileu.com\/es\/wp-json\/wp\/v2\/pages"}],"about":[{"href":"https:\/\/sileu.com\/es\/wp-json\/wp\/v2\/types\/page"}],"author":[{"embeddable":true,"href":"https:\/\/sileu.com\/es\/wp-json\/wp\/v2\/users\/4815"}],"replies":[{"embeddable":true,"href":"https:\/\/sileu.com\/es\/wp-json\/wp\/v2\/comments?post=3640"}],"version-history":[{"count":31,"href":"https:\/\/sileu.com\/es\/wp-json\/wp\/v2\/pages\/3640\/revisions"}],"predecessor-version":[{"id":85666,"href":"https:\/\/sileu.com\/es\/wp-json\/wp\/v2\/pages\/3640\/revisions\/85666"}],"wp:attachment":[{"href":"https:\/\/sileu.com\/es\/wp-json\/wp\/v2\/media?parent=3640"}],"curies":[{"name":"wp","href":"https:\/\/api.w.org\/{rel}","templated":true}]}}