{"id":3697,"date":"2016-12-01T14:43:32","date_gmt":"2016-12-01T14:43:32","guid":{"rendered":"http:\/\/sileu.com\/?page_id=3697\/"},"modified":"2017-08-29T17:24:36","modified_gmt":"2017-08-29T17:24:36","slug":"gracias-por-su-colaboracion","status":"publish","type":"page","link":"https:\/\/sileu.com\/es\/gracias-por-su-colaboracion\/","title":{"rendered":"Gracias por su colaboraci\u00f3n"},"content":{"rendered":"<h2 style=\"text-align: center;\"><img fetchpriority=\"high\" decoding=\"async\" class=\"alignnone size-full wp-image-3698\" src=\"http:\/\/sileu.com\/wp-content\/uploads\/2016\/12\/Colaboracion-300x259.jpg\" alt=\"colaboracion-300x259\" width=\"300\" height=\"259\" title=\"\"><\/h2>\n<h2 style=\"text-align: center;\">\u00a1Gracias por su Colaboraci\u00f3n!<\/h2>\n<p>Desde Sileu le agradecemos su colaboraci\u00f3n, le enviaremos las copas menstruales a la direccion que nos ha indicado.<\/p>\n<p>Ser\u00e1 muy \u00fatil su opini\u00f3n y el art\u00edculo que publique en su web para promocionar nuestra nueva copa menstrual.<\/p>\n<p>Actualmente\u00a0el monopolio en la industria del cuidado e higiene personal de las mujeres lo tienen grandes empresas como Johnson &amp; Johnson y P&amp;G, fabricantes de tampones y compresas, y las copas menstruales, pese a todos los beneficios que implica su uso, no son m\u00e1s populares porque estas empresas se encargan de que as\u00ed sea, de otra forma, tendr\u00edan p\u00e9rdidas millonarias. Con su ayuda pondr\u00e1 su granito de arena para que las copas menstruales sean un poco m\u00e1s populares y as\u00ed ayudar a cuidar el medio ambiente con menos desechos y t\u00f3xicos.<\/p>\n<p><img decoding=\"async\" class=\"size-full wp-image-3704 aligncenter\" src=\"http:\/\/sileu.com\/wp-content\/uploads\/2016\/12\/gracias.jpg\" alt=\"gracias\" width=\"634\" height=\"349\" title=\"\" srcset=\"https:\/\/sileu.com\/wp-content\/uploads\/2016\/12\/gracias.jpg 634w, https:\/\/sileu.com\/wp-content\/uploads\/2016\/12\/gracias-510x281.jpg 510w\" sizes=\"(max-width: 634px) 100vw, 634px\" \/><\/p>\n<p style=\"text-align: right;\">Viviana Quijano<br \/>\nMarketing<br \/>\nSileu<\/p>\n<p>&nbsp;<\/p>\n","protected":false},"excerpt":{"rendered":"<p>\u00a1Gracias por su Colaboraci\u00f3n! Desde Sileu le agradecemos su colaboraci\u00f3n, le enviaremos las copas menstruales a la direccion que nos ha indicado. Ser\u00e1 muy \u00fatil su opini\u00f3n y el art\u00edculo que publique en su web para promocionar nuestra nueva copa menstrual. Actualmente\u00a0el monopolio en la industria del cuidado e higiene personal de las mujeres lo [&hellip;]<\/p>\n","protected":false},"author":5359,"featured_media":0,"parent":0,"menu_order":0,"comment_status":"closed","ping_status":"closed","template":"","meta":{"footnotes":""},"class_list":["post-3697","page","type-page","status-publish","hentry"],"_links":{"self":[{"href":"https:\/\/sileu.com\/es\/wp-json\/wp\/v2\/pages\/3697","targetHints":{"allow":["GET"]}}],"collection":[{"href":"https:\/\/sileu.com\/es\/wp-json\/wp\/v2\/pages"}],"about":[{"href":"https:\/\/sileu.com\/es\/wp-json\/wp\/v2\/types\/page"}],"author":[{"embeddable":true,"href":"https:\/\/sileu.com\/es\/wp-json\/wp\/v2\/users\/5359"}],"replies":[{"embeddable":true,"href":"https:\/\/sileu.com\/es\/wp-json\/wp\/v2\/comments?post=3697"}],"version-history":[{"count":5,"href":"https:\/\/sileu.com\/es\/wp-json\/wp\/v2\/pages\/3697\/revisions"}],"predecessor-version":[{"id":4851,"href":"https:\/\/sileu.com\/es\/wp-json\/wp\/v2\/pages\/3697\/revisions\/4851"}],"wp:attachment":[{"href":"https:\/\/sileu.com\/es\/wp-json\/wp\/v2\/media?parent=3697"}],"curies":[{"name":"wp","href":"https:\/\/api.w.org\/{rel}","templated":true}]}}