{"id":3745,"date":"2016-12-06T19:18:59","date_gmt":"2016-12-06T19:18:59","guid":{"rendered":"http:\/\/sileu.com\/?page_id=3745\/"},"modified":"2025-01-31T10:42:26","modified_gmt":"2025-01-31T10:42:26","slug":"gastos-de-envio","status":"publish","type":"page","link":"https:\/\/sileu.com\/es\/gastos-de-envio\/","title":{"rendered":"Env\u00edo y plazos de entrega"},"content":{"rendered":"\t\t<div data-elementor-type=\"wp-page\" data-elementor-id=\"3745\" class=\"elementor elementor-3745\" data-elementor-post-type=\"page\">\n\t\t\t\t\t\t<section class=\"elementor-section elementor-top-section elementor-element elementor-element-9b67847 elementor-section-boxed elementor-section-height-default elementor-section-height-default\" data-id=\"9b67847\" data-element_type=\"section\" data-settings=\"{&quot;background_background&quot;:&quot;classic&quot;}\">\n\t\t\t\t\t\t<div class=\"elementor-container elementor-column-gap-default\">\n\t\t\t\t\t<div class=\"elementor-column elementor-col-100 elementor-top-column elementor-element elementor-element-12ec2a1\" data-id=\"12ec2a1\" data-element_type=\"column\">\n\t\t\t<div class=\"elementor-widget-wrap elementor-element-populated\">\n\t\t\t\t\t\t<div class=\"elementor-element elementor-element-b9918c6 elementor-widget elementor-widget-theme-site-title elementor-widget-heading\" data-id=\"b9918c6\" data-element_type=\"widget\" data-widget_type=\"theme-site-title.default\">\n\t\t\t\t<div class=\"elementor-widget-container\">\n\t\t\t\t\t<h2 class=\"elementor-heading-title elementor-size-default\"><a href=\"https:\/\/sileu.com\/es\/\">Sileu cup copas menstruales y accesorios<\/a><\/h2>\t\t\t\t<\/div>\n\t\t\t\t<\/div>\n\t\t\t\t\t<\/div>\n\t\t<\/div>\n\t\t\t\t\t<\/div>\n\t\t<\/section>\n\t\t\t\t<section class=\"elementor-section elementor-top-section elementor-element elementor-element-163bf321 elementor-section-boxed elementor-section-height-default elementor-section-height-default\" data-id=\"163bf321\" data-element_type=\"section\">\n\t\t\t\t\t\t<div class=\"elementor-container elementor-column-gap-default\">\n\t\t\t\t\t<div class=\"elementor-column elementor-col-100 elementor-top-column elementor-element elementor-element-21787cca\" data-id=\"21787cca\" data-element_type=\"column\">\n\t\t\t<div class=\"elementor-widget-wrap elementor-element-populated\">\n\t\t\t\t\t\t<div class=\"elementor-element elementor-element-4e5ccde elementor-widget elementor-widget-text-editor\" data-id=\"4e5ccde\" data-element_type=\"widget\" data-widget_type=\"text-editor.default\">\n\t\t\t\t<div class=\"elementor-widget-container\">\n\t\t\t\t\t\t\t\t\t<h4>ENV\u00cdO Y PLAZOS DE ENTREGA<\/h4><p>No hacemos env\u00edos a las islas Canarias, Ceuta y Melilla.<\/p><hr \/><h2><span style=\"text-decoration: underline;\">ESPA\u00d1A PENINSULAR<\/span><\/h2><p><strong>Env\u00edo gratuito por compras superiores a 40\u20ac mediante CTT Express 24H:<\/strong> Si hace su pedido antes de las 08:30 am de lunes a viernes (s\u00e1bados, domingos y festivos no trabajamos), el pedido ser\u00e1 enviado ese mismo d\u00eda y el <strong>plazo de entrega est\u00e1ndar, una vez enviado el pedido, suele ser entre 24 y 48 horas laborales<\/strong>. Si se realiza m\u00e1s tarde de dicha hora, el env\u00edo se realizar\u00e1 al siguiente d\u00eda laborable. El mensajero le solicitar\u00e1 que est\u00e9 presente usted o alguien autorizado para recepcionar su env\u00edo y firmarlo.<\/p><p><strong style=\"color: var( --e-global-color-secondary ); font-size: 1rem;\">Env\u00edo mediante CTT Express 24H:<\/strong>\u00a0El coste de este servicio es de 4,99\u20ac.\u00a0<span style=\"color: var( --e-global-color-secondary ); font-size: 1rem;\">Si hace su pedido antes de las 08:30 am de lunes a viernes (s\u00e1bados, domingos y festivos no trabajamos), el pedido ser\u00e1 enviado ese mismo d\u00eda y el<\/span><span style=\"color: var( --e-global-color-secondary ); font-size: 1rem;\">\u00a0<\/span><span style=\"color: var( --e-global-color-secondary ); font-size: 1rem; font-weight: bolder;\">plazo de entrega est\u00e1ndar, una vez enviado el pedido, suele ser entre 24 y 48 horas laborales<\/span><span style=\"color: var( --e-global-color-secondary ); font-size: 1rem;\">. Si se realiza m\u00e1s tarde de dicha hora, el env\u00edo se realizar\u00e1 al siguiente d\u00eda laborable. El mensajero le solicitar\u00e1 que est\u00e9 presente usted o alguien autorizado para recepcionar su env\u00edo y firmarlo.<\/span><\/p><p><strong>Env\u00edo Correos Express 14H:<\/strong> Si necesita con extremada urgencia su pedido, ponemos a su disposici\u00f3n este servicio.\u00a0<strong>El plazo de entrega suele ser antes de las 14:00 horas del d\u00eda siguiente (s\u00e1bados, domingos y festivos excluidos). <\/strong>El coste de este servicio es 5,99\u20ac. Los pedidos recibidos hasta las 08:30 am ser\u00e1n enviados el mismo d\u00eda\u00a0<span style=\"color: var( --e-global-color-secondary ); font-size: 1rem;\">(excepto s\u00e1bados, domingos y festivos que no son laborales)<\/span><span style=\"color: var( --e-global-color-secondary ); font-size: 1rem;\">, si se realiza m\u00e1s tarde de dicha hora, el env\u00edo se realizar\u00e1 al siguiente d\u00eda laborable.<\/span><\/p><p><span style=\"color: var( --e-global-color-secondary ); font-size: 1rem;\"><b>Recogida en el almac\u00e9n local: <\/b>Seleccione este servicio si desea venir usted mismo a recoger su paquete en al almac\u00e9n de C\u00f3rdoba, situado en calle omeyas 5, local, 14005, C\u00f3rdoba, Espa\u00f1a. S\u00f3lo tenemos disponible esta ubicaci\u00f3n para venir a recogerlo personalmente. \u00danicamente se entregar\u00e1n pedidos a a persona que haya realizado la compra, previa identificaci\u00f3n con DNI.<\/span><\/p><p><b>Entrega en oficina de Correos o en City Paq: <\/b>Mediante este servicio, cuyo coste es de 4,99\u20ac, enviaremos su pedido a la oficina de Correos o City Paq que usted mismo elija en el desplegable, para que lo pueda recoger all\u00ed. Este servicio tarda aproximadamente entre 5 y 7 d\u00edas laborales. Una vez depositado el paquete, tiene un tiempo m\u00e1ximo de 15 d\u00edas para recogerlo, transcurrido este tiempo, el env\u00edo ser\u00e1 devuelto.<\/p><p><strong>Env\u00edo con contrareembolso:\u00a0<\/strong>Para los env\u00edos con contrareembolso (pago en el momento de la entrega) puede escoger el servicio de env\u00edo que desee de los anteriormente mencionados, pero adem\u00e1s se cobrar\u00e1 un cargo adicional de 2,99\u20ac por el uso de este m\u00e9todo de pago.<\/p><h2><strong style=\"color: inherit;\">ESPA\u00d1A ISLAS BALEARES<\/strong><\/h2><p><span style=\"font-weight: bolder;\">Env\u00edo gratuito por compras superiores a 60\u20ac mediante CTT Express Baleares:<\/span>\u00a0Si hace su pedido antes de las 08:30 am de lunes a viernes (s\u00e1bados, domingos y festivos no trabajamos), el pedido ser\u00e1 enviado ese mismo d\u00eda y el\u00a0<span style=\"font-weight: bolder;\">plazo de entrega est\u00e1ndar una vez enviado el pedido, suele ser entre 5-7 d\u00edas laborales<\/span>. Si se realiza m\u00e1s tarde de dicha hora, el env\u00edo se realizar\u00e1 al siguiente d\u00eda laborable. El mensajero le solicitar\u00e1 que est\u00e9 presente usted o alguien autorizado para recepcionar su env\u00edo y firmarlo.<\/p><p><span style=\"font-weight: bolder; color: var( --e-global-color-secondary ); font-size: 1rem;\">Env\u00edo mediante CTT Express Baleares:<\/span>\u00a0El coste de este servicio es de 6,99\u20ac.\u00a0<span style=\"color: var( --e-global-color-secondary ); font-size: 1rem;\">Si hace su pedido antes de las 08:30 am de lunes a viernes (s\u00e1bados, domingos y festivos no trabajamos), el pedido ser\u00e1 enviado ese mismo d\u00eda y el\u00a0<\/span><span style=\"color: var( --e-global-color-secondary ); font-size: 1rem; font-weight: bolder;\">plazo de entrega est\u00e1ndar una vez enviado el pedido, suele ser entre 5-7 d\u00edas laborales<\/span><span style=\"color: var( --e-global-color-secondary ); font-size: 1rem;\">. Si se realiza m\u00e1s tarde de dicha hora, el env\u00edo se realizar\u00e1 al siguiente d\u00eda laborable. El mensajero le solicitar\u00e1 que est\u00e9 presente usted o alguien autorizado para recepcionar su env\u00edo y firmarlo.<\/span><\/p><p><span style=\"color: var( --e-global-color-secondary ); font-size: 1rem;\"><span style=\"font-weight: bold;\">Recogida en el almac\u00e9n local:\u00a0<\/span>Seleccione este servicio si desea venir usted mismo a recoger su paquete en al almac\u00e9n de C\u00f3rdoba, situado en calle omeyas 5, local, 14005, C\u00f3rdoba, Espa\u00f1a. S\u00f3lo tenemos disponible esta ubicaci\u00f3n para venir a recogerlo personalmente. \u00danicamente se entregar\u00e1n pedidos a a persona que haya realizado la compra, previa identificaci\u00f3n con DNI.<\/span><\/p><p><span style=\"font-weight: bold;\">Entrega en oficina de Correos o en City paq:\u00a0<\/span>Mediante este servicio, cuyo coste es de 6,99\u20ac, enviaremos su pedido a la oficina de Correos o City Paq que usted mismo elija en el desplegable, para que lo pueda recoger all\u00ed. Este servicio tarda aproximadamente entre 7 y 10 d\u00edas laborales. Una vez depositado el paquete, tiene un tiempo m\u00e1ximo de 15 d\u00edas para recogerlo, transcurrido este tiempo, el env\u00edo ser\u00e1 devuelto.<\/p><p><span style=\"font-weight: bolder;\">Env\u00edo con contrareembolso:\u00a0<\/span>Para los env\u00edos con contrareembolso (pago en el momento de la entrega) puede escoger el servicio de env\u00edo que desee de los anteriormente mencionados, pero adem\u00e1s se cobrar\u00e1 un cargo adicional de 2,99\u20ac por el uso de este m\u00e9todo de pago.<\/p><p>TENGA EN CUENTA QUE PODR\u00c1 REVISAR EL COSTE TOTAL DE SU PEDIDO, INCLUYENDO LOS GASTOS DE ENV\u00cdO Y LOS GASTOS DE CONTRAREEMBOLSO (SI DESEA PAGAR AS\u00cd) ANTES DE CONFIRMAR Y PAGAR EL PEDIDO.<\/p><h2><span style=\"text-decoration: underline;\"><strong>PORTUGAL<\/strong><\/span><\/h2><p><b>Env\u00edo a Portugal:<\/b> Enviamos a Portugal mediante CTT Express, que suele tardar unas 48 horas laborales. Este servicio tiene un coste de 4,99\u20ac y tiene n\u00famero de seguimiento y firma.\u00a0<span style=\"color: var( --e-global-color-secondary ); font-size: 1rem;\">El mensajero solicitar\u00e1 que haya alguien para recepcionar y firmar la entrega. Los pedidos recibidos hasta las 08:30 am ser\u00e1n enviados el mismo d\u00eda, si se realiza m\u00e1s tarde de dicha hora, el env\u00edo se realizar\u00e1 al siguiente d\u00eda laborable.<\/span><\/p><h2><span style=\"text-decoration: underline;\"><strong><span style=\"color: var( --e-global-color-secondary ); font-size: 1rem; text-decoration: underline;\">OTROS PA\u00cdSES<\/span><\/strong><\/span><\/h2><p><span style=\"color: var( --e-global-color-secondary ); font-size: 1rem;\">Actualmente estamos haciendo env\u00edos mediante Correos Paq Light Est\u00e1ndar a todos los pa\u00edses de la UE. El precio depende del c\u00f3digo postal de destino, por favor, ingrese su c\u00f3digo postal en el calculador de env\u00edos que le aparece antes de completar el pedido para obtener un presupuesto.<\/span><\/p><p>En el correo autom\u00e1tico que recibir\u00e1 de nuestro sistema, le informar\u00e1 de la fecha estimada de env\u00edo de su pedido, pero tenga presente que es una estimaci\u00f3n, si tiene alguna duda, por favor, cont\u00e1ctenos.<\/p><p><strong>Si recibimos devuelto su pedido<\/strong> debido a una causa no imputable a nosotros como vendedor (direcci\u00f3n incorrecta, varios intentos de entrega y cliente ausente, imposibilidad de la empresa de transportes de contactar con el cliente, etc) si desea volverlo a recibir se le pedir\u00e1 que pague el importe de un nuevo env\u00edo mediante transferencia bancaria o tarjeta de cr\u00e9dito. Si no desea el producto, se le devolver\u00e1 el importe del producto menos el importe del env\u00edo. No ser\u00e1 posible enviarle nuevamente el pedido mediante contrareembolso.<\/p><p><em style=\"color: var( --e-global-color-secondary ); font-size: 1rem;\">Sileu se reserva el derecho de cambiar las empresas de transporte utilizadas en cualquiera de los apartados para ofrecer un servicio <strong>mejor<\/strong> a nuestros clientes. Si el cambio conlleva alg\u00fan tipo de perjuicio respecto a los plazos de entrega mencionados anteriormente o cualquier otro inconveniente, se proceder\u00e1 a contactar con el cliente previamente para informarle y darle la opci\u00f3n de cambiar o cancelar su pedido.<\/em><\/p>\t\t\t\t\t\t\t\t<\/div>\n\t\t\t\t<\/div>\n\t\t\t\t\t<\/div>\n\t\t<\/div>\n\t\t\t\t\t<\/div>\n\t\t<\/section>\n\t\t\t\t<\/div>\n\t\t","protected":false},"excerpt":{"rendered":"<p>ENV\u00cdO Y PLAZOS DE ENTREGA No hacemos env\u00edos a las islas Canarias, Ceuta y Melilla. ESPA\u00d1A PENINSULAR Env\u00edo gratuito por compras superiores a 40\u20ac mediante CTT Express 24H: Si hace su pedido antes de las 08:30 am de lunes a viernes (s\u00e1bados, domingos y festivos no trabajamos), el pedido ser\u00e1 enviado ese mismo d\u00eda y [&hellip;]<\/p>\n","protected":false},"author":5359,"featured_media":0,"parent":0,"menu_order":0,"comment_status":"closed","ping_status":"closed","template":"","meta":{"footnotes":""},"class_list":["post-3745","page","type-page","status-publish","hentry"],"_links":{"self":[{"href":"https:\/\/sileu.com\/es\/wp-json\/wp\/v2\/pages\/3745","targetHints":{"allow":["GET"]}}],"collection":[{"href":"https:\/\/sileu.com\/es\/wp-json\/wp\/v2\/pages"}],"about":[{"href":"https:\/\/sileu.com\/es\/wp-json\/wp\/v2\/types\/page"}],"author":[{"embeddable":true,"href":"https:\/\/sileu.com\/es\/wp-json\/wp\/v2\/users\/5359"}],"replies":[{"embeddable":true,"href":"https:\/\/sileu.com\/es\/wp-json\/wp\/v2\/comments?post=3745"}],"version-history":[{"count":38,"href":"https:\/\/sileu.com\/es\/wp-json\/wp\/v2\/pages\/3745\/revisions"}],"predecessor-version":[{"id":86685,"href":"https:\/\/sileu.com\/es\/wp-json\/wp\/v2\/pages\/3745\/revisions\/86685"}],"wp:attachment":[{"href":"https:\/\/sileu.com\/es\/wp-json\/wp\/v2\/media?parent=3745"}],"curies":[{"name":"wp","href":"https:\/\/api.w.org\/{rel}","templated":true}]}}