{"id":4039,"date":"2017-01-05T12:17:10","date_gmt":"2017-01-05T12:17:10","guid":{"rendered":"http:\/\/sileu.com\/?page_id=4039\/"},"modified":"2017-01-10T08:25:39","modified_gmt":"2017-01-10T08:25:39","slug":"bases-del-sorteo-de-la-copa-menstrual-sileu","status":"publish","type":"page","link":"https:\/\/sileu.com\/es\/bases-del-sorteo-de-la-copa-menstrual-sileu\/","title":{"rendered":"Requisitos, Bases y Extras para concurso de la copa menstrual Sileu"},"content":{"rendered":"<p>Informacion que debe proporcionarse a los participantes del concurso\u00a0Sileucup, pueden usarse para concursos o sorteos, los participantes siempre que cumplan los requisitos recibiran un premio que como minimo sera un descuento de 5 euros,y como maximo dos copas menstruales o accesorios por valor un valor maximo 30 euros que se ofrecen en sileu.com<\/p>\n<h1>Requisitos para los concursantes<\/h1>\n<ol>\n<li><a href=\"http:\/\/sileu.com\/wp-login.php?action=register\">Registrarte en Sileu<\/a><\/li>\n<li>Conseguir 50 puntos en el <a href=\"http:\/\/sileu.com\/es\/programa-de-puntos-de-sileucup\/\">programa de puntos de Sileucup<\/a>\u00a0de la siguiente forma:\n<ol>\n<li>Ser fan de Slleu en facebook (15 puntos)<\/li>\n<li>Seguir a Sileucup en twitter (10 puntos)<\/li>\n<li>Seguir Sileucup\u00a0en instagram (10 puntos)<\/li>\n<li>Compartir pagina del producto en publico (20 puntos)<\/li>\n<li>Twitear (15 puntos) la pagina de la copa menstrual que te guste.<br \/>\n<a href=\"https:\/\/www.facebook.com\/sileucom\" rel=\"nofollow noopener\" target=\"_blank\">https:\/\/www.facebook.com\/sileucom<\/a> \u00a0<a href=\"https:\/\/www.instagram.com\/sileucopamenstrual\/\" rel=\"nofollow noopener\" target=\"_blank\">https:\/\/www.instagram.com\/sileucopamenstrual\/ <\/a>y \u00a0 <a href=\"https:\/\/twitter.com\/sileucup\" rel=\"nofollow noopener\" target=\"_blank\">https:\/\/twitter.com\/sileucup<\/a><\/li>\n<\/ol>\n<\/li>\n<li>Hacer un post y etiquetar a\u00a05 amigos y Compartir\u00a0(publico)<\/li>\n<\/ol>\n<h1>BASES<\/h1>\n<ul>\n<li>Se comprobaran los datos aportados de la participacion del ganador<\/li>\n<li>Siempre se avisa por mail<\/li>\n<li>Al ganador se le pedir\u00e1 las capturas necesarias en cada caso para comprobar que ha cumplido los requisitos, si aportais urls es m\u00e1s f\u00e1cil.<\/li>\n<li>En la misma entrada del Sorteo, se pondr\u00e1 el nombre del ganador.<\/li>\n<li>La ganadora\u00a0se compromete a subir una foto de su premio una vez recibido.<\/li>\n<li>Facebook no patrocina, avala ni administra de modo alguno los sorteos ni est\u00e1 asociado a ellos. Los participantes asumen que la participaci\u00f3n est\u00e1 desvinculada de Facebook. Sileucup\u00a0es en todo momento responsable de enviar dicho premio al ganad@r.<\/li>\n<\/ul>\n<h2>Consursos\u00a0en\u00a0Facebook<\/h2>\n<ul>\n<li>Si se sospecha de perfiles dobles o participaciones fraudulentas, se anula la participaci\u00f3n.<\/li>\n<li>Se pedir\u00e1n capturas de pantalla para ver si se es fan de las p\u00e1ginas solicitadas, \u00e9stas deben aportarse siempre de los nicks que se han dejado en el comentario.<\/li>\n<li>Si no se llegan a 100 participaciones v\u00e1lidas el sorteo se declara desierto. (puede variar el n\u00famero dependiendo de la colaboradora)<\/li>\n<li>Si el ganador no aporta los datos solicitados en los 3 d\u00edas siguientes, se sacar\u00e1 nuevo ganador.<\/li>\n<li>Si no se dejan los datos solicitados, se anula la participaci\u00f3n.<\/li>\n<li>Si no se aporta url, se pedir\u00e1 captura de pantalla.<\/li>\n<\/ul>\n<p>LOS EXTRAS!!!! Siempre van en comentario aparte.<\/p>\n<h2>Concursos en el blog<\/h2>\n<ul>\n<li>Los comentarios ANONIMOS son anulados.<\/li>\n<li>En el caso de duplicar comentarios, s\u00f3lo valdr\u00e1 el primero.<\/li>\n<li>Si se dejan m\u00e1s de 2 comentarios, se anula la participaci\u00f3n.<\/li>\n<li>Si no se dejan los datos solicitados, se anula la participaci\u00f3n.<\/li>\n<li>Si no se aporta url, se pedir\u00e1 captura de pantalla.<\/li>\n<li>En el caso de que haya extras, se har\u00e1 por comentario aparte.<\/li>\n<li>Si se deja mail, se avisar\u00e1. En este caso se pedir\u00e1 se aporte los datos contestando al mail que se haya enviado.<\/li>\n<li>Si el ganador no aporta los datos solicitados en los 3 d\u00edas siguientes, se sacar\u00e1 nuevo ganador.<\/li>\n<li>Si se sospecha de perfiles dobles o participaciones fraudulentas, se anula la participaci\u00f3n.<\/li>\n<li>Se pedir\u00e1n capturas de pantalla para ver si se es fan de las p\u00e1ginas solicitadas, \u00e9stas deben aportarse siempre de los nicks que se han dejado en el comentario.<\/li>\n<li>Lo mismo pasa con el nick del blog, si no se puede comprobar que se sigue a la copa menstrual Sileu o Sileucup, se pedir\u00e1 captura de pantalla, en la que se deber\u00e1 ver el nick con el que se ha dejado el comentario<\/li>\n<\/ul>\n<h2>Extras\u00a0de los concursos<\/h2>\n<ul>\n<li>Referir a un amigo que realice una compra para Sileu 50 puntos, puede ver en la parte izquierda de la pagina de cada producto en la web de sileu.com, el formulario para enviar a un amigo la pagina del producto con el enlace que debe seguir su amiga para visitar la web y que quede registrado que usted lo refirio a ella<\/li>\n<li><a href=\"https:\/\/es.pinterest.com\/sileucup\/\" rel=\"nofollow noopener\" target=\"_blank\">Seguir sileucup en Pinterest<\/a> https:\/\/es.pinterest.com\/sileucup (10 puntos)<\/li>\n<li>Youtube (<a href=\"https:\/\/www.youtube.com\/channel\/UCFGLF7dFLxzJV_tTvA7qa_w\" rel=\"nofollow noopener\" target=\"_blank\">suscribirse a Sileu y comentar alg\u00fan video y pulgar arriba<\/a>): <a href=\"https:\/\/goo.gl\/kznbAz\" rel=\"nofollow noopener\" target=\"_blank\">https:\/\/goo.gl\/kznbAz<\/a>\u00a0(10 puntos)<\/li>\n<li>Blog (ser seguidor y comentar alg\u00fan post): indicar url de tu blog (5 puntos)<\/li>\n<li>Pon aqui tu Bloglovin o cualquier otra red de bloggers (10 puntos)<\/li>\n<li>El blogger podra sugerir cualquier otro extra acordando con Sileu el numero de puntos<\/li>\n<\/ul>\n<p>El participante debera poner todos los extras que haya conseguido aparte de los Extras espec\u00edficos que se dir\u00e1n en cada sorteo como comentario en el post del concurso, ademas del usuario con el que se ha registrado en Sileu.<\/p>\n<h2>Premios<\/h2>\n<p>Todos los que concursen tienen premio, ya que obtendran un cupon de descuento para comprar su copa menstrual, el ganador o ganadores obtendran copas menstruales sileu y\/o accesorios\u00a0por valor de hasta 30 euros.<\/p>\n<p>El valor del cupon de descuento dependera de todos los puntos que haya sumado participando en las redes sociales de sileucup, en facebook, twitter, instagram, pinterest y youtube.<\/p>\n<h2>Duracion del concurso<\/h2>\n<p>Desde el momento que cada participante comience a concursar tendra un plazo de 1 semana para que sus interacciones con nuestras redes sociales sean puntuadas, es decir que aunque se puede concursar de forma continua, nuestras puntos se sumaran en\u00a0la ultima semana de actividad en las redes sociales.<\/p>\n<p>&nbsp;<\/p>\n","protected":false},"excerpt":{"rendered":"<p>Informacion que debe proporcionarse a los participantes del concurso\u00a0Sileucup, pueden usarse para concursos o sorteos, los participantes siempre que cumplan los requisitos recibiran un premio que como minimo sera un descuento de 5 euros,y como maximo dos copas menstruales o accesorios por valor un valor maximo 30 euros que se ofrecen en sileu.com Requisitos para [&hellip;]<\/p>\n","protected":false},"author":5359,"featured_media":0,"parent":0,"menu_order":0,"comment_status":"closed","ping_status":"closed","template":"","meta":{"footnotes":""},"class_list":["post-4039","page","type-page","status-publish","hentry"],"_links":{"self":[{"href":"https:\/\/sileu.com\/es\/wp-json\/wp\/v2\/pages\/4039","targetHints":{"allow":["GET"]}}],"collection":[{"href":"https:\/\/sileu.com\/es\/wp-json\/wp\/v2\/pages"}],"about":[{"href":"https:\/\/sileu.com\/es\/wp-json\/wp\/v2\/types\/page"}],"author":[{"embeddable":true,"href":"https:\/\/sileu.com\/es\/wp-json\/wp\/v2\/users\/5359"}],"replies":[{"embeddable":true,"href":"https:\/\/sileu.com\/es\/wp-json\/wp\/v2\/comments?post=4039"}],"version-history":[{"count":10,"href":"https:\/\/sileu.com\/es\/wp-json\/wp\/v2\/pages\/4039\/revisions"}],"predecessor-version":[{"id":4076,"href":"https:\/\/sileu.com\/es\/wp-json\/wp\/v2\/pages\/4039\/revisions\/4076"}],"wp:attachment":[{"href":"https:\/\/sileu.com\/es\/wp-json\/wp\/v2\/media?parent=4039"}],"curies":[{"name":"wp","href":"https:\/\/api.w.org\/{rel}","templated":true}]}}