{"id":4058,"date":"2017-01-09T22:43:57","date_gmt":"2017-01-09T22:43:57","guid":{"rendered":"http:\/\/sileu.com\/?page_id=4058\/"},"modified":"2017-08-29T17:31:12","modified_gmt":"2017-08-29T17:31:12","slug":"programa-de-puntos-de-sileucup","status":"publish","type":"page","link":"https:\/\/sileu.com\/es\/programa-de-puntos-de-sileucup\/","title":{"rendered":"Programa de puntos de Sileucup"},"content":{"rendered":"<p><img fetchpriority=\"high\" decoding=\"async\" class=\"size-full wp-image-4077 aligncenter\" src=\"http:\/\/sileu.com\/wp-content\/uploads\/2017\/01\/comparte-ganapuntos-canjea-1.png\" alt=\"\" width=\"500\" height=\"101\" title=\"\"><\/p>\n<p><strong>Sileucup<\/strong> ha creado un programa de puntos para poder ofrecerle descuentos e incluso la posibilidad de conseguir sus copas menstruales totalmente gratis.<\/p>\n<p>Puede conseguir puntos f\u00e1cilmente haci\u00e9ndose fan de la p\u00e1gina de Sileu en Facebook, compartiendo las p\u00e1ginas de Sileucup en Facebook, sigui\u00e9ndonos en Twitter, o twiteando la p\u00e1gina de alguna copa menstrual Sileucup, sigui\u00e1ndonos en Instagram, creando un art\u00edculo en su blog o en el blog de Sileu hablando de su experiencia con Sileu, etc. Cada acci\u00f3n que realice tiene unos puntos asignados.<\/p>\n<p>En la imagen de abajo puede ver los botones que aparecen en cada producto sileu y que le permiten ganar puntos.<\/p>\n<p><img decoding=\"async\" class=\"size-medium wp-image-4067 aligncenter\" src=\"http:\/\/sileu.com\/wp-content\/uploads\/2017\/01\/sileucup-share-instructions-800x414.jpg\" alt=\"\" width=\"800\" height=\"414\" title=\"\" srcset=\"https:\/\/sileu.com\/wp-content\/uploads\/2017\/01\/sileucup-share-instructions-800x414.jpg 800w, https:\/\/sileu.com\/wp-content\/uploads\/2017\/01\/sileucup-share-instructions-510x264.jpg 510w, https:\/\/sileu.com\/wp-content\/uploads\/2017\/01\/sileucup-share-instructions-768x398.jpg 768w, https:\/\/sileu.com\/wp-content\/uploads\/2017\/01\/sileucup-share-instructions-1600x828.jpg 1600w\" sizes=\"(max-width: 800px) 100vw, 800px\" \/><\/p>\n<p>Debe\u00a0<a href=\"http:\/\/sileu.com\/wp-login.php?action=register\">registrarse<\/a> y los puntos ser\u00e1n asignados a su cuenta inmediatamente.<\/p>\n<h2>Cat\u00e1logo de puntos<\/h2>\n<ul>\n<li>Referir a un amigo que realice una compra para Sileu &#8211; 50 puntos, puede ver en la parte izquierda de la pagina de cada producto, el formulario para enviar a un amigo la pagina del producto con el enlace que debe seguir su amiga para visitar la web y que quede registrado que usted la refiri\u00f3 a ella<\/li>\n<li>Por dar me gusta a <strong>Sileucup<\/strong> en Facebook &#8211; 15 puntos<\/li>\n<li>Por compartir la p\u00e1gina del producto en Facebook &#8211; 20 puntos<\/li>\n<li>Por twitear <strong>Sileucup<\/strong>\u00a0&#8211; 15 puntos<\/li>\n<li>Por seguir a <strong>@sileucup<\/strong> en Twitter &#8211; 10 puntos<\/li>\n<li>Por seguir a <strong>@sileucup<\/strong> en Instagram &#8211; 10 puntos<\/li>\n<li>Por escribir un art\u00edculo en su blog sobre la experiencia con Sileu &#8211; 250 puntos (el ranking en Alexa del blog debe ser inferior a 1 mill\u00f3n)<\/li>\n<li>Por crear un art\u00edculo en el blog de Sileu &#8211; 100 puntos<\/li>\n<li>Por opinar sobre un producto &#8211; 10 puntos despu\u00e9s de haberlo comprado<\/li>\n<\/ul>\n<p>10 puntos equivalen a 1 euro de descuento. Acumulando 150 puntos podr\u00e1 canjearlos para comprar una copa menstrual gratis.<\/p>\n<p>Los puntos acumulados se mostraran en su carrito de compras y se podr\u00e1n canjear en el momento de tramitar la compra indicando el n\u00famero de puntos que desea consumir.<\/p>\n<p>Si tiene cualquier duda o una propuesta de colaboraci\u00f3n, p\u00f3ngase en <a href=\"http:\/\/sileu.com\/es\/pages\/contact-us\/\">contacto<\/a> con nosotros.<\/p>\n","protected":false},"excerpt":{"rendered":"<p>Sileucup ha creado un programa de puntos para poder ofrecerle descuentos e incluso la posibilidad de conseguir sus copas menstruales totalmente gratis. Puede conseguir puntos f\u00e1cilmente haci\u00e9ndose fan de la p\u00e1gina de Sileu en Facebook, compartiendo las p\u00e1ginas de Sileucup en Facebook, sigui\u00e9ndonos en Twitter, o twiteando la p\u00e1gina de alguna copa menstrual Sileucup, sigui\u00e1ndonos [&hellip;]<\/p>\n","protected":false},"author":5359,"featured_media":0,"parent":0,"menu_order":0,"comment_status":"closed","ping_status":"closed","template":"","meta":{"footnotes":""},"class_list":["post-4058","page","type-page","status-publish","hentry"],"_links":{"self":[{"href":"https:\/\/sileu.com\/es\/wp-json\/wp\/v2\/pages\/4058","targetHints":{"allow":["GET"]}}],"collection":[{"href":"https:\/\/sileu.com\/es\/wp-json\/wp\/v2\/pages"}],"about":[{"href":"https:\/\/sileu.com\/es\/wp-json\/wp\/v2\/types\/page"}],"author":[{"embeddable":true,"href":"https:\/\/sileu.com\/es\/wp-json\/wp\/v2\/users\/5359"}],"replies":[{"embeddable":true,"href":"https:\/\/sileu.com\/es\/wp-json\/wp\/v2\/comments?post=4058"}],"version-history":[{"count":7,"href":"https:\/\/sileu.com\/es\/wp-json\/wp\/v2\/pages\/4058\/revisions"}],"predecessor-version":[{"id":4854,"href":"https:\/\/sileu.com\/es\/wp-json\/wp\/v2\/pages\/4058\/revisions\/4854"}],"wp:attachment":[{"href":"https:\/\/sileu.com\/es\/wp-json\/wp\/v2\/media?parent=4058"}],"curies":[{"name":"wp","href":"https:\/\/api.w.org\/{rel}","templated":true}]}}