{"id":4143,"date":"2017-02-25T09:27:22","date_gmt":"2017-02-25T09:27:22","guid":{"rendered":"http:\/\/sileu.com\/?page_id=4143\/"},"modified":"2020-08-24T16:43:49","modified_gmt":"2020-08-24T16:43:49","slug":"calidad-y-normas-de-calidad-de-sileucup","status":"publish","type":"page","link":"https:\/\/sileu.com\/es\/calidad-y-normas-de-calidad-de-sileucup\/","title":{"rendered":"Calidad y Normas de calidad de Sileu"},"content":{"rendered":"\t\t<div data-elementor-type=\"wp-page\" data-elementor-id=\"4143\" class=\"elementor elementor-4143\" data-elementor-post-type=\"page\">\n\t\t\t\t\t\t<section class=\"elementor-section elementor-top-section elementor-element elementor-element-8a1f828 elementor-section-boxed elementor-section-height-default elementor-section-height-default\" data-id=\"8a1f828\" data-element_type=\"section\" data-settings=\"{&quot;background_background&quot;:&quot;classic&quot;}\">\n\t\t\t\t\t\t<div class=\"elementor-container elementor-column-gap-default\">\n\t\t\t\t\t<div class=\"elementor-column elementor-col-100 elementor-top-column elementor-element elementor-element-b78f2f0\" data-id=\"b78f2f0\" data-element_type=\"column\">\n\t\t\t<div class=\"elementor-widget-wrap elementor-element-populated\">\n\t\t\t\t\t\t<div class=\"elementor-element elementor-element-090fba0 elementor-widget elementor-widget-heading\" data-id=\"090fba0\" data-element_type=\"widget\" data-widget_type=\"heading.default\">\n\t\t\t\t<div class=\"elementor-widget-container\">\n\t\t\t\t\t<h2 class=\"elementor-heading-title elementor-size-xl\">Calidad y Normas de Calidad de Sileu<\/h2>\t\t\t\t<\/div>\n\t\t\t\t<\/div>\n\t\t\t\t\t<\/div>\n\t\t<\/div>\n\t\t\t\t\t<\/div>\n\t\t<\/section>\n\t\t\t\t<section class=\"elementor-section elementor-top-section elementor-element elementor-element-68e6603 elementor-section-boxed elementor-section-height-default elementor-section-height-default\" data-id=\"68e6603\" data-element_type=\"section\">\n\t\t\t\t\t\t<div class=\"elementor-container elementor-column-gap-default\">\n\t\t\t\t\t<div class=\"elementor-column elementor-col-100 elementor-top-column elementor-element elementor-element-2d808f4\" data-id=\"2d808f4\" data-element_type=\"column\">\n\t\t\t<div class=\"elementor-widget-wrap elementor-element-populated\">\n\t\t\t\t\t\t<div class=\"elementor-element elementor-element-fb2d097 elementor-widget elementor-widget-text-editor\" data-id=\"fb2d097\" data-element_type=\"widget\" data-widget_type=\"text-editor.default\">\n\t\t\t\t<div class=\"elementor-widget-container\">\n\t\t\t\t\t\t\t\t\t<p style=\"text-align: justify\">Nuestras copas menstruales est\u00e1n fabricadas con silicona alemana de grado quir\u00fargico de la m\u00e1s alta calidad, certificada con el ISO 10993, la misma con la que se fabrica por ejemplo, instrumental quir\u00fargico, las tetinas de los chupetes y biberones de los beb\u00e9s o los implantes de tipo mamario.<\/p><p style=\"text-align: justify\">Nuestras copas menstruales de color rojo incluyen pigmento org\u00e1nico con certificaci\u00f3n ISO 10993. Las copas menstruales de color transparente no incluyen pigmento alguno en su fabricaci\u00f3n.<\/p><p style=\"text-align: justify\">Nuestras copas menstruales son las \u00fanicas que pueden garantizar al 100% la m\u00e1s alta calidad y seguridad, que se traduce en tranquilidad a la hora de usarla.<\/p><p style=\"text-align: justify\">Controlamos exhaustivamente la fabricaci\u00f3n de cada producto Sileu, desde cada proveedor de materia prima hasta el producto final en tienda. Llevamos un seguimiento por lote de cada producto que nos permite garantizar la m\u00e1xima calidad e identificar y solucionar r\u00e1pidamente cualquier incidencia que pueda surgir con un producto.<\/p><p style=\"text-align: justify\">Nuestras copas son fabricadas en un entorno limpio y est\u00e9ril, e inmediatamente son selladas en su bolsa de PLA, lo que garantiza su total higiene hasta que llega a tus manos. El PLA es un material no pl\u00e1stico biodegradable, contribuyendo de esta manera al respeto al medio ambiente y al zero waste (cero residuos).<\/p><p style=\"text-align: justify\">Las bolsas de algod\u00f3n que incluimos en nuestros productos para guardar las copas, est\u00e1n fabricadas en algod\u00f3n org\u00e1nico con certificaci\u00f3n GOTS.<\/p><p style=\"text-align: justify\">En Sileu creemos firmemente en la eliminaci\u00f3n de tab\u00faes respecto a la menstruaci\u00f3n, para que todas podamos disfrutar de la experiencia de nuestro periodo como algo hermoso y natural. Queremos dar un punto de vista totalmente distinto a las mentalidades antiguas, que piensan en la menstruaci\u00f3n como algo negativo y que defienden el uso de productos para la menstruaci\u00f3n tradicionales y desechables, llenos de qu\u00edmicos perjudiciales para nuestra salud y altamente contaminantes.<\/p><p style=\"text-align: justify\">Pensamos que todas nosotras tenemos derecho a vivir nuestro periodo menstrual de forma feliz y saludable. Es por eso que hacemos todo lo posible para asegurar que todos nuestros productos est\u00e9n certificados, registrados y fabricados teniendo en mente nuestra salud y comodidad.<\/p>\t\t\t\t\t\t\t\t<\/div>\n\t\t\t\t<\/div>\n\t\t\t\t\t<\/div>\n\t\t<\/div>\n\t\t\t\t\t<\/div>\n\t\t<\/section>\n\t\t\t\t<section class=\"elementor-section elementor-top-section elementor-element elementor-element-cebf6b3 elementor-section-boxed elementor-section-height-default elementor-section-height-default\" data-id=\"cebf6b3\" data-element_type=\"section\">\n\t\t\t\t\t\t<div class=\"elementor-container elementor-column-gap-default\">\n\t\t\t\t\t<div class=\"elementor-column elementor-col-100 elementor-top-column elementor-element elementor-element-3938360\" data-id=\"3938360\" data-element_type=\"column\">\n\t\t\t<div class=\"elementor-widget-wrap elementor-element-populated\">\n\t\t\t\t\t\t<div class=\"elementor-element elementor-element-c6b52db elementor-widget elementor-widget-heading\" data-id=\"c6b52db\" data-element_type=\"widget\" data-widget_type=\"heading.default\">\n\t\t\t\t<div class=\"elementor-widget-container\">\n\t\t\t\t\t<h2 class=\"elementor-heading-title elementor-size-large\">En Sileu somos un equipo de mujeres trabajando para todas las mujeres.<\/h2>\t\t\t\t<\/div>\n\t\t\t\t<\/div>\n\t\t\t\t<div class=\"elementor-element elementor-element-4ffa3a7 elementor-widget elementor-widget-spacer\" data-id=\"4ffa3a7\" data-element_type=\"widget\" data-widget_type=\"spacer.default\">\n\t\t\t\t<div class=\"elementor-widget-container\">\n\t\t\t\t\t\t\t<div class=\"elementor-spacer\">\n\t\t\t<div class=\"elementor-spacer-inner\"><\/div>\n\t\t<\/div>\n\t\t\t\t\t\t<\/div>\n\t\t\t\t<\/div>\n\t\t\t\t\t<\/div>\n\t\t<\/div>\n\t\t\t\t\t<\/div>\n\t\t<\/section>\n\t\t\t\t<\/div>\n\t\t","protected":false},"excerpt":{"rendered":"<p>Calidad y Normas de Calidad de Sileu Nuestras copas menstruales est\u00e1n fabricadas con silicona alemana de grado quir\u00fargico de la m\u00e1s alta calidad, certificada con el ISO 10993, la misma con la que se fabrica por ejemplo, instrumental quir\u00fargico, las tetinas de los chupetes y biberones de los beb\u00e9s o los implantes de tipo mamario. [&hellip;]<\/p>\n","protected":false},"author":5359,"featured_media":0,"parent":0,"menu_order":0,"comment_status":"closed","ping_status":"closed","template":"elementor_header_footer","meta":{"footnotes":""},"class_list":["post-4143","page","type-page","status-publish","hentry"],"_links":{"self":[{"href":"https:\/\/sileu.com\/es\/wp-json\/wp\/v2\/pages\/4143","targetHints":{"allow":["GET"]}}],"collection":[{"href":"https:\/\/sileu.com\/es\/wp-json\/wp\/v2\/pages"}],"about":[{"href":"https:\/\/sileu.com\/es\/wp-json\/wp\/v2\/types\/page"}],"author":[{"embeddable":true,"href":"https:\/\/sileu.com\/es\/wp-json\/wp\/v2\/users\/5359"}],"replies":[{"embeddable":true,"href":"https:\/\/sileu.com\/es\/wp-json\/wp\/v2\/comments?post=4143"}],"version-history":[{"count":20,"href":"https:\/\/sileu.com\/es\/wp-json\/wp\/v2\/pages\/4143\/revisions"}],"predecessor-version":[{"id":76663,"href":"https:\/\/sileu.com\/es\/wp-json\/wp\/v2\/pages\/4143\/revisions\/76663"}],"wp:attachment":[{"href":"https:\/\/sileu.com\/es\/wp-json\/wp\/v2\/media?parent=4143"}],"curies":[{"name":"wp","href":"https:\/\/api.w.org\/{rel}","templated":true}]}}