{"id":4343,"date":"2017-05-15T17:23:32","date_gmt":"2017-05-15T17:23:32","guid":{"rendered":"http:\/\/sileu.com\/?page_id=4343\/"},"modified":"2021-10-05T11:46:41","modified_gmt":"2021-10-05T11:46:41","slug":"como-elegir-tu-copa-menstrual","status":"publish","type":"page","link":"https:\/\/sileu.com\/es\/como-elegir-tu-copa-menstrual\/","title":{"rendered":"C\u00f3mo elegir tu copa menstrual Sileucup ideal"},"content":{"rendered":"\t\t<div data-elementor-type=\"wp-page\" data-elementor-id=\"4343\" class=\"elementor elementor-4343\" data-elementor-post-type=\"page\">\n\t\t\t\t\t\t<section class=\"elementor-section elementor-top-section elementor-element elementor-element-cbe01e1 elementor-section-boxed elementor-section-height-default elementor-section-height-default\" data-id=\"cbe01e1\" data-element_type=\"section\" data-settings=\"{&quot;background_background&quot;:&quot;classic&quot;}\">\n\t\t\t\t\t\t<div class=\"elementor-container elementor-column-gap-default\">\n\t\t\t\t\t<div class=\"elementor-column elementor-col-100 elementor-top-column elementor-element elementor-element-e45ef72\" data-id=\"e45ef72\" data-element_type=\"column\">\n\t\t\t<div class=\"elementor-widget-wrap elementor-element-populated\">\n\t\t\t\t\t\t<div class=\"elementor-element elementor-element-cccd1dc elementor-widget elementor-widget-heading\" data-id=\"cccd1dc\" data-element_type=\"widget\" data-widget_type=\"heading.default\">\n\t\t\t\t<div class=\"elementor-widget-container\">\n\t\t\t\t\t<h2 class=\"elementor-heading-title elementor-size-large\">C\u00d3MO ELEGIR TU COPA MENSTRUAL SILEUCUP IDEAL<\/h2>\t\t\t\t<\/div>\n\t\t\t\t<\/div>\n\t\t\t\t\t<\/div>\n\t\t<\/div>\n\t\t\t\t\t<\/div>\n\t\t<\/section>\n\t\t\t\t<section class=\"elementor-section elementor-top-section elementor-element elementor-element-b5211b5 elementor-section-boxed elementor-section-height-default elementor-section-height-default\" data-id=\"b5211b5\" data-element_type=\"section\">\n\t\t\t\t\t\t<div class=\"elementor-container elementor-column-gap-default\">\n\t\t\t\t\t<div class=\"elementor-column elementor-col-100 elementor-top-column elementor-element elementor-element-0ee5522\" data-id=\"0ee5522\" data-element_type=\"column\">\n\t\t\t<div class=\"elementor-widget-wrap elementor-element-populated\">\n\t\t\t\t\t\t<div class=\"elementor-element elementor-element-b6c3061 elementor-widget elementor-widget-text-editor\" data-id=\"b6c3061\" data-element_type=\"widget\" data-widget_type=\"text-editor.default\">\n\t\t\t\t<div class=\"elementor-widget-container\">\n\t\t\t\t\t\t\t\t\t<p style=\"text-align: left;\">En nuestra p\u00e1gina web puedes encontrar diversos tipos de copas menstruales, probablemente te preguntes, \u00bfcu\u00e1l me va a funcionar mejor? \u00bfSer\u00e1 esta la ideal para mi? \u00bfCu\u00e1l debo escoger?<\/p><p>Sin duda, el cuerpo de cada mujer es un mundo, y es complicado establecer unas reglas o directrices que se vayan a ajustar a\u00a0todas las mujeres por igual, pero si es verdad que existen unos par\u00e1metros orientativos que suelen dar un resultado bastante exacto a la hora de escoger la copa menstrual Sileucup ideal para ti:<\/p><p>Ten en cuenta que hay diversos par\u00e1metros que diferencian unas copas menstruales Sileucup de otras, como el tama\u00f1o, capacidad, color, textura, forma del tallo, los agujeros de vac\u00edo, etc. Sin embargo, todos esos factores son m\u00e1s secundarios a la hora de un ajuste \u00f3ptimo de la copa a tu cuerpo.<\/p><p>Nosotras aconsejamos tener en cuenta siempre en primer lugar el par\u00e1metro que es, bajo nuestra experiencia, el m\u00e1s fundamental de todos: la flexibilidad de la copa menstrual, la cual est\u00e1 \u00edntimamente relacionada con la fortaleza del suelo p\u00e9lvico de cada mujer. La flexibilidad va en un rango de 1 al 10, siendo el 1 la copa menos flexible y el 10 la copa m\u00e1s flexible.<\/p><p><img fetchpriority=\"high\" decoding=\"async\" class=\"aligncenter size-full wp-image-76444\" src=\"https:\/\/sileu.com\/wp-content\/uploads\/2020\/08\/COPAS-ROJAS-JUNTAS.png\" alt=\"\" width=\"600\" height=\"220\" title=\"\" srcset=\"https:\/\/sileu.com\/wp-content\/uploads\/2020\/08\/COPAS-ROJAS-JUNTAS.png 600w, https:\/\/sileu.com\/wp-content\/uploads\/2020\/08\/COPAS-ROJAS-JUNTAS-510x187.png 510w\" sizes=\"(max-width: 600px) 100vw, 600px\" \/><\/p><p style=\"text-align: center; font-size: 20px; line-height: 25px; color: red;\"><strong>Aqu\u00ed va una descripci\u00f3n detallada de cada uno de los modelos, \u00a1encuentra tu Sileucup!<\/strong><\/p><ul><li><a href=\"https:\/\/sileu.com\/es\/cup\/copa-menstrual-sileu-fabricada-en-silicona-de-grado-quirurgico-modelo-sport-mujeres-deportistas-o-con-alta-actividad-fisica-volumen-menstrual-escaso-a-abundante-alternativa-natural-a-los-tampones-y\/?v=42983b05e2f2\"><strong>El modelo Sport<\/strong><\/a> tiene una flexibilidad de 1 y est\u00e1 especialmente indicado para mujeres con el suelo p\u00e9lvico muy entrenado (practican con frecuencia ejercicios como el pilates, la danza, la equitaci\u00f3n, etc). La copa Sport, al ser menos flexible, ejerce mayor presi\u00f3n sobre la pared vaginal y as\u00ed evita que la musculatura p\u00e9lvica la aplaste y provoque fugas, ajust\u00e1ndose a la perfecci\u00f3n. S\u00f3lo tiene dos agujeros de vac\u00edo, para quedar m\u00e1s sellada y segura. Es de color malva, y de tacto es la m\u00e1s dura y lisa. El tallo es plano con estr\u00edas para que a la hora de retirarla no se te escurra, aunque si el tallo te molesta, puedes optar por cortar una porci\u00f3n o directamente entero.<\/li><\/ul><ul><li><a href=\"https:\/\/sileu.com\/es\/cup\/copa-menstrual-sileu-fabricada-en-silicona-de-grado-quirurgico-modelo-soft-volumen-menstrual-escaso-a-abundante-alternativa-natural-a-los-tampones-y-compresas\/?v=42983b05e2f2\"><strong>El modelo Soft<\/strong><\/a> tiene una flexibilidad de 8, es el modelo m\u00e1s blando que tenemos disponible actualmente. Es algo m\u00e1s dif\u00edcil de desplegar una vez insertada, pero presiona menos en las paredes vaginales. Tiene cuatro agujeros de vac\u00edo, por lo que es m\u00e1s sencillo romper el sello a la hora de retirarla. Este modelo ha sido especialmente pensado para aquellas mujeres que tienen el suelo p\u00e9lvico d\u00e9bil o sensible, como por ejemplo, si hace poco diste a luz, si tienes tendencia a padecer enfermedades vaginales o si no practicas deportes de fortalecimiento del suelo p\u00e9lvico. Es de color malva y su tacto es muy suave, sedoso y blando. El tallo es corto y de forma redonda, tambi\u00e9n con estr\u00edas para que no se resbale a la hora de retirarla, igualmente se puede cortar si molesta.<\/li><\/ul><ul><li><strong><a href=\"https:\/\/sileu.com\/es\/cup\/copa-menstrual-sileu-fabricada-en-silicona-de-grado-quirurgico-modelo-classic-volumen-menstrual-escaso-a-abundante-alternativa-natural-a-los-tampones-y-compresas\/?v=42983b05e2f2\">El modelo Classic<\/a> <\/strong>tiene una flexibilidad de 5. Su firmeza media (se despliega con relativa facilidad y ejerce una presi\u00f3n est\u00e1ndar sobre las paredes vaginales) la hace ideal para la mayor\u00eda de las mujeres. Tiene cuatro agujeros de vac\u00edo. Es de color malva, de tacto suave. Su tallo es plano, de forma ovalada y con estr\u00edas para facilitar su retirada, al igual que los otros modelos, el tallo se puede cortar si se desea.<\/li><\/ul><ul><li><strong><a href=\"https:\/\/sileu.com\/es\/cup\/copa-menstrual-sileu-fabricada-en-silicona-de-grado-quirurgico-modelo-tulip-volumen-menstrual-escaso-a-abundante-alternativa-natural-a-los-tampones-y-compresas\/?v=42983b05e2f2\">El modelo Tulip<\/a> <\/strong>tiene una flexibilidad de 5 al igual que el modelo Classic, con la diferencia de que su dise\u00f1o en forma de tulip\u00e1n y su ap\u00e9ndice redondo la hace m\u00e1s sencilla de colocar, por lo que es ideal para iniciarse en el uso de la copa menstrual. Igualmente, si es la primera vez que vas a usar una copa menstrual y no sabes cu\u00e1l elegir, te recomendamos que empieces por esta. Es de color malva, tacto suave y su tallo es redondo y hueco con estr\u00edas (tambi\u00e9n se puede cortar sin problemas).<\/li><\/ul><ul><li><strong><a href=\"https:\/\/sileu.com\/es\/cup\/copa-menstrual-sileucup-rose\/?v=42983b05e2f2\">El modelo Rose<\/a><\/strong> tiene una flexibilidad de 3. Se adapta a la perfecci\u00f3n a las paredes vaginales sin moverse y sin riesgo de fugas. El modelo Rose est\u00e1 especialmente recomendada como modelo de iniciaci\u00f3n, siendo muy f\u00e1cil de colocar y extraer sin manchar ni derramar. Tiene un dise\u00f1o realizado en Espa\u00f1a totalmente \u00fanico e inimitable, asemej\u00e1ndose a una hermosa rosa de color rojo o blanco transl\u00facido seg\u00fan tu elecci\u00f3n, con el tacto aterciopelado de un p\u00e9talo de flor.<\/li><\/ul><ul><li><strong><a href=\"https:\/\/sileu.com\/es\/cup\/copa-menstrual-sileucup-divine\/?v=42983b05e2f2\">El modelo Divine<\/a><\/strong> tiene una flexibilidad de 8 al igual que el modelo Soft. Es una buena opci\u00f3n si necesitas una copa m\u00e1s flexible porque tengas el suelo p\u00e9lvico d\u00e9bil y\/o sensible pero el tallo del modelo Soft te resulte corto para extraerla f\u00e1cilmente (por ejemplo, si tienes el c\u00e9rvix alto), ya que gracias a la bolita al final del tallo es muy f\u00e1cil de asir para extraerla. Es de color malva.<\/li><\/ul><ul><li><strong><a href=\"https:\/\/sileu.com\/es\/cup\/copa-menstrual-sileucup-bell\/?v=42983b05e2f2\">El modelo Bell<\/a> <\/strong>tiene una flexibilidad de 2. Es ideal para aquellas mujeres que tienen el c\u00e9rvix bajo, ya que su forma de campana se adapta de manera ideal a las paredes vaginales. Adem\u00e1s, su tallo en forma de &#8221;hilo&#8221; imitando a la forma de los tampones hace que sea f\u00e1cil de extraer, pudi\u00e9ndose cortar a la altura que se desee. Es de color transparente.<\/li><\/ul><h1 style=\"text-align: center; font-size: 25px; line-height: 30px;\"><strong><em>Todas las copas incluyen un peque\u00f1o medidor de capacidad en el cuerpo de la copa.<\/em><\/strong><\/h1><p>Respecto a la talla, si no has tenido nunca un parto natural, la talla que recomendamos es la S. Si por el contrario has tenido uno o varios partos naturales, tu talla recomendable es la L.<\/p><p>Si no est\u00e1s segura de qu\u00e9 talla adquirir, <a href=\"https:\/\/sileucup.com\/es\/cup\/pack-de-inicio-copa-menstrual-sileu-talla-s-l-modelo-y-color-a-elegir\/\" rel=\"nofollow noopener\" target=\"_blank\">aqu\u00ed<\/a> puedes comprar un pack de iniciaci\u00f3n que incluye una talla S y una talla L del modelo que escojas.<\/p><p>En todo caso, como ya comentamos antes, cada cuerpo es un mundo y esta directrices son generales. Suelen ir bien a la mayor\u00eda de las mujeres, pero puede darse el caso de que tu te sientas m\u00e1s c\u00f3moda con otro modelo u otra talla diferente a esta orientaci\u00f3n, por lo que nuestra recomendaci\u00f3n es que vayas probando y elijas la que mejor se adapte a ti.<\/p><p><img decoding=\"async\" class=\"size-medium wp-image-17951 alignleft\" src=\"https:\/\/sileucup.com\/wp-content\/uploads\/2020\/01\/Infografia-sileucup-7-modelos-de-copas-menstruales-web-249x800.png\" alt=\"\" width=\"249\" height=\"800\" title=\"\" srcset=\"https:\/\/sileu.com\/wp-content\/uploads\/2020\/01\/Infografia-sileucup-7-modelos-de-copas-menstruales-web-249x800.png 249w, https:\/\/sileu.com\/wp-content\/uploads\/2020\/01\/Infografia-sileucup-7-modelos-de-copas-menstruales-web-510x1637.png 510w, https:\/\/sileu.com\/wp-content\/uploads\/2020\/01\/Infografia-sileucup-7-modelos-de-copas-menstruales-web-498x1600.png 498w, https:\/\/sileu.com\/wp-content\/uploads\/2020\/01\/Infografia-sileucup-7-modelos-de-copas-menstruales-web-478x1536.png 478w, https:\/\/sileu.com\/wp-content\/uploads\/2020\/01\/Infografia-sileucup-7-modelos-de-copas-menstruales-web.png 623w\" sizes=\"(max-width: 249px) 100vw, 249px\" \/>\u00a0<img decoding=\"async\" class=\"alignnone size-medium wp-image-17958\" src=\"https:\/\/sileucup.com\/wp-content\/uploads\/2020\/01\/infografia-flexibilidades-sileu-rose-09-388x800.png\" alt=\"\" width=\"388\" height=\"800\" title=\"\" srcset=\"https:\/\/sileu.com\/wp-content\/uploads\/2020\/01\/infografia-flexibilidades-sileu-rose-09-388x800.png 388w, https:\/\/sileu.com\/wp-content\/uploads\/2020\/01\/infografia-flexibilidades-sileu-rose-09-510x1052.png 510w, https:\/\/sileu.com\/wp-content\/uploads\/2020\/01\/infografia-flexibilidades-sileu-rose-09-776x1600.png 776w, https:\/\/sileu.com\/wp-content\/uploads\/2020\/01\/infografia-flexibilidades-sileu-rose-09-768x1584.png 768w, https:\/\/sileu.com\/wp-content\/uploads\/2020\/01\/infografia-flexibilidades-sileu-rose-09-745x1536.png 745w, https:\/\/sileu.com\/wp-content\/uploads\/2020\/01\/infografia-flexibilidades-sileu-rose-09-993x2048.png 993w, https:\/\/sileu.com\/wp-content\/uploads\/2020\/01\/infografia-flexibilidades-sileu-rose-09.png 1080w\" sizes=\"(max-width: 388px) 100vw, 388px\" \/><\/p><p style=\"text-align: left; font-size: 20px; line-height: 25px;\">Si necesitas m\u00e1s ayuda o tienes alguna duda o consulta sobre el modelo a escoger, puedes contactarnos mediante:<\/p><p style=\"text-align: left; font-size: 20px;\"><strong> E-mail: sales@sileu.com<\/strong><\/p><p style=\"text-align: left; font-size: 20px;\"><strong>Tel\u00e9fono: + 34 931 444 665<\/strong><\/p><p style=\"text-align: left; font-size: 20px;\"><strong>Whatsapp: + 34 693 80 22 40<\/strong><\/p><h3 style=\"text-align: center; color: red; font-size: 30px; line-height: 35px;\"><strong>Aqu\u00ed tienes una tabla resumen sobre todas las caracter\u00edsticas de las copas:<\/strong><\/h3>\t\t\t\t\t\t\t\t<\/div>\n\t\t\t\t<\/div>\n\t\t\t\t\t<\/div>\n\t\t<\/div>\n\t\t\t\t\t<\/div>\n\t\t<\/section>\n\t\t\t\t<section class=\"elementor-section elementor-top-section elementor-element elementor-element-efea895 elementor-section-boxed elementor-section-height-default elementor-section-height-default\" data-id=\"efea895\" data-element_type=\"section\">\n\t\t\t\t\t\t<div class=\"elementor-container elementor-column-gap-default\">\n\t\t\t\t\t<div class=\"elementor-column elementor-col-100 elementor-top-column elementor-element elementor-element-3b80d64\" data-id=\"3b80d64\" data-element_type=\"column\">\n\t\t\t<div class=\"elementor-widget-wrap elementor-element-populated\">\n\t\t\t\t\t\t<div class=\"elementor-element elementor-element-eaabea8 elementor-widget elementor-widget-image\" data-id=\"eaabea8\" data-element_type=\"widget\" data-widget_type=\"image.default\">\n\t\t\t\t<div class=\"elementor-widget-container\">\n\t\t\t\t\t\t\t\t\t\t\t\t\t\t\t\t<a href=\"https:\/\/sileu.com\/wp-content\/uploads\/2021\/10\/COMPARATIVA-2021-13-1.jpg\" data-elementor-open-lightbox=\"yes\" data-elementor-lightbox-title=\"COMPARATIVA-2021-13\" data-e-action-hash=\"#elementor-action%3Aaction%3Dlightbox%26settings%3DeyJpZCI6ODM4NDksInVybCI6Imh0dHBzOlwvXC9zaWxldS5jb21cL3dwLWNvbnRlbnRcL3VwbG9hZHNcLzIwMjFcLzEwXC9DT01QQVJBVElWQS0yMDIxLTEzLTEuanBnIn0%3D\">\n\t\t\t\t\t\t\t<img loading=\"lazy\" decoding=\"async\" width=\"800\" height=\"800\" src=\"https:\/\/sileu.com\/wp-content\/uploads\/2021\/10\/COMPARATIVA-2021-13-1.jpg\" class=\"attachment-large size-large wp-image-83849\" alt=\"\" srcset=\"https:\/\/sileu.com\/wp-content\/uploads\/2021\/10\/COMPARATIVA-2021-13-1.jpg 1000w, https:\/\/sileu.com\/wp-content\/uploads\/2021\/10\/COMPARATIVA-2021-13-1-800x800.jpg 800w, https:\/\/sileu.com\/wp-content\/uploads\/2021\/10\/COMPARATIVA-2021-13-1-340x340.jpg 340w, https:\/\/sileu.com\/wp-content\/uploads\/2021\/10\/COMPARATIVA-2021-13-1-768x768.jpg 768w, https:\/\/sileu.com\/wp-content\/uploads\/2021\/10\/COMPARATIVA-2021-13-1-247x247.jpg 247w, https:\/\/sileu.com\/wp-content\/uploads\/2021\/10\/COMPARATIVA-2021-13-1-510x510.jpg 510w, https:\/\/sileu.com\/wp-content\/uploads\/2021\/10\/COMPARATIVA-2021-13-1-100x100.jpg 100w, https:\/\/sileu.com\/wp-content\/uploads\/2021\/10\/COMPARATIVA-2021-13-1-32x32.jpg 32w, https:\/\/sileu.com\/wp-content\/uploads\/2021\/10\/COMPARATIVA-2021-13-1-90x90.jpg 90w\" sizes=\"(max-width: 800px) 100vw, 800px\" title=\"\">\t\t\t\t\t\t\t\t<\/a>\n\t\t\t\t\t\t\t\t\t\t\t\t\t\t\t<\/div>\n\t\t\t\t<\/div>\n\t\t\t\t\t<\/div>\n\t\t<\/div>\n\t\t\t\t\t<\/div>\n\t\t<\/section>\n\t\t\t\t<section class=\"elementor-section elementor-top-section elementor-element elementor-element-2f4ff0b elementor-section-boxed elementor-section-height-default elementor-section-height-default\" data-id=\"2f4ff0b\" data-element_type=\"section\">\n\t\t\t\t\t\t<div class=\"elementor-container elementor-column-gap-default\">\n\t\t\t\t\t<div class=\"elementor-column elementor-col-100 elementor-top-column elementor-element elementor-element-972e15e\" data-id=\"972e15e\" data-element_type=\"column\">\n\t\t\t<div class=\"elementor-widget-wrap elementor-element-populated\">\n\t\t\t\t\t\t<div class=\"elementor-element elementor-element-f6eaa09 elementor-widget elementor-widget-heading\" data-id=\"f6eaa09\" data-element_type=\"widget\" data-widget_type=\"heading.default\">\n\t\t\t\t<div class=\"elementor-widget-container\">\n\t\t\t\t\t<h2 class=\"elementor-heading-title elementor-size-default\">Si tienes alguna duda sobre nuestras copas, \u00a1cont\u00e1ctanos! estamos a tu disposici\u00f3n.<\/h2>\t\t\t\t<\/div>\n\t\t\t\t<\/div>\n\t\t\t\t<div class=\"elementor-element elementor-element-203678c elementor-widget elementor-widget-spacer\" data-id=\"203678c\" data-element_type=\"widget\" data-widget_type=\"spacer.default\">\n\t\t\t\t<div class=\"elementor-widget-container\">\n\t\t\t\t\t\t\t<div class=\"elementor-spacer\">\n\t\t\t<div class=\"elementor-spacer-inner\"><\/div>\n\t\t<\/div>\n\t\t\t\t\t\t<\/div>\n\t\t\t\t<\/div>\n\t\t\t\t\t<\/div>\n\t\t<\/div>\n\t\t\t\t\t<\/div>\n\t\t<\/section>\n\t\t\t\t<\/div>\n\t\t","protected":false},"excerpt":{"rendered":"<p>C\u00d3MO ELEGIR TU COPA MENSTRUAL SILEUCUP IDEAL En nuestra p\u00e1gina web puedes encontrar diversos tipos de copas menstruales, probablemente te preguntes, \u00bfcu\u00e1l me va a funcionar mejor? \u00bfSer\u00e1 esta la ideal para mi? \u00bfCu\u00e1l debo escoger? Sin duda, el cuerpo de cada mujer es un mundo, y es complicado establecer unas reglas o directrices que [&hellip;]<\/p>\n","protected":false},"author":4815,"featured_media":14407,"parent":0,"menu_order":0,"comment_status":"closed","ping_status":"closed","template":"elementor_header_footer","meta":{"footnotes":""},"class_list":["post-4343","page","type-page","status-publish","has-post-thumbnail","hentry"],"_links":{"self":[{"href":"https:\/\/sileu.com\/es\/wp-json\/wp\/v2\/pages\/4343","targetHints":{"allow":["GET"]}}],"collection":[{"href":"https:\/\/sileu.com\/es\/wp-json\/wp\/v2\/pages"}],"about":[{"href":"https:\/\/sileu.com\/es\/wp-json\/wp\/v2\/types\/page"}],"author":[{"embeddable":true,"href":"https:\/\/sileu.com\/es\/wp-json\/wp\/v2\/users\/4815"}],"replies":[{"embeddable":true,"href":"https:\/\/sileu.com\/es\/wp-json\/wp\/v2\/comments?post=4343"}],"version-history":[{"count":53,"href":"https:\/\/sileu.com\/es\/wp-json\/wp\/v2\/pages\/4343\/revisions"}],"predecessor-version":[{"id":83858,"href":"https:\/\/sileu.com\/es\/wp-json\/wp\/v2\/pages\/4343\/revisions\/83858"}],"wp:featuredmedia":[{"embeddable":true,"href":"https:\/\/sileu.com\/es\/wp-json\/wp\/v2\/media\/14407"}],"wp:attachment":[{"href":"https:\/\/sileu.com\/es\/wp-json\/wp\/v2\/media?parent=4343"}],"curies":[{"name":"wp","href":"https:\/\/api.w.org\/{rel}","templated":true}]}}