{"id":522,"date":"2013-08-11T19:06:15","date_gmt":"2013-08-11T19:06:15","guid":{"rendered":"http:\/\/localhost:8888\/test\/?page_id=520"},"modified":"2019-11-21T12:39:22","modified_gmt":"2019-11-21T12:39:22","slug":"about-us","status":"publish","type":"page","link":"https:\/\/sileu.com\/es\/about-us\/","title":{"rendered":"Sobre nosotros"},"content":{"rendered":"<p>Somos una empresa espa\u00f1ola llena de pasi\u00f3n e impulso para la creaci\u00f3n de un cambio social y una revoluci\u00f3n femenina en el modo de entender nuestro ciclo menstrual.<\/p>\n<p>Creemos en el empoderamiento de la mujer y el control y la aceptaci\u00f3n sobre nuestro propio cuerpo, sin importar raza, religi\u00f3n, color, edad, grupo \u00e9tnico o cualquier otro factor.<\/p>\n<p>So\u00f1amos con un mundo libre de prejuicios y tab\u00faes sobre algo tan natural como es nuestra menstruaci\u00f3n, y que esta sea vista como algo limpio y bueno y no como motivo de verg\u00fcenza, ocultaci\u00f3n e incluso, rechazo.<\/p>\n<p>Proporcionamos un m\u00e9todo limpio, higi\u00e9nico, econ\u00f3mico y sostenible para que todas las mujeres que lo deseen puedan usarlo y as\u00ed librarse de la\u201d esclavitud\u201d que supone el uso de los m\u00e9todos tradicionales como compresas y tampones.<\/p>\n<p>Hemos avanzado y mejorado desde nuestros inicios, en compa\u00f1\u00eda de nuestras clientas para crear productos deseables y ecol\u00f3gicos, que puedan solucionar sus necesidades en sentirse c\u00f3modas y protegidas durante sus d\u00edas menstruales.<\/p>\n<p>Para ello, nos hemos comprometido firmemente con dos principales l\u00edneas de actuaci\u00f3n:<\/p>\n<ul>\n<li>S\u00f3lo materia prima de alta calidad: Fabricamos nuestras copas menstruales utilizando silicona de grado m\u00e9dico Wacker, de fabricaci\u00f3n alemana y certificada con el ISO 10993, al igual que el instrumental quir\u00fargico y los implantes que se utilizan en quir\u00f3fanos. De esta manera, garantizamos la total calidad, seguridad y biocompatibilidad de nuestras copas menstruales. Asimismo, nuestros colorantes tambi\u00e9n est\u00e1n certificados con el ISO 10993 y ofrecemos alternativas en color transparente (sin colorante a\u00f1adido).<\/li>\n<li>Zero waste: No utilizamos pl\u00e1sticos en nuestros productos y adem\u00e1s todos nuestros embalajes son reciclables, reutilizables o compostables. De esta manera, utilizando una copa menstrual Sileu aseguramos que el impacto al medio ambiente ser\u00e1 m\u00ednimo durante los siguientes 10 a\u00f1os.<\/li>\n<\/ul>\n<p>En Sileu, somos pioneras en introducir un concepto \u00fanico en el mundo de las copas menstruales: la flexibilidad.<\/p>\n<p>Ofrecemos copas menstruales con diferentes flexibilidades, ya que somos muy conscientes de que cada cuerpo es diferente y no es v\u00e1lido ofrecer un modelo estandarizado, ya que no sirve para todas las mujeres.<\/p>\n<p>Mediante la flexibilidad, buscamos que todas nosotras podamos elegir el modelo de copa menstrual que mejor se adapte a nuestro estilo de vida y nuestras necesidades, para intentar ofrecerte una copa menstrual personalizada a tus caracter\u00edsticas.<\/p>\n<p>Disponemos de dos tallas:<\/p>\n<ul>\n<li>La talla S es recomendada para mujeres que no han tenido ning\u00fan parto natural y\/o menores de 30 a\u00f1os. Si tienes m\u00e1s de 30 a\u00f1os y\/o has tenido alg\u00fan parto natural, pero ejercitas con regularidad el suelo p\u00e9lvico (Kegel, pilates, yoga, equitaci\u00f3n, danza, etc.), la talla S tambi\u00e9n es para ti.<\/li>\n<li>La talla L es recomendada para mujeres que han tenido alg\u00fan parto natural y\/o mayores de 30 a\u00f1os, exceptuando lo mencionado previamente.<\/li>\n<\/ul>\n<p>MISI\u00d3N<\/p>\n<p>Nuestra misi\u00f3n es ofrecer esta alternativa a los m\u00e9todos tradicionales para la menstruaci\u00f3n a mujeres de todo el mundo, adem\u00e1s de ofrecer educaci\u00f3n menstrual y atenci\u00f3n personalizada. De esta manera, lograremos crear conciencia de la menstruaci\u00f3n como algo natural y hermoso, a la vez que ayudamos a un cambio social, econ\u00f3mico y medioambiental.<\/p>\n<p>VISI\u00d3N<\/p>\n<p>Nuestra visi\u00f3n es lograr que en el 2021 nuestras copas menstruales y accesorios sean de f\u00e1cil acceso para cualquier mujer que lo desee a trav\u00e9s de medios f\u00edsicos como centros comerciales, tiendas, droguer\u00edas y farmacias.<\/p>\n<p>VALORES<\/p>\n<ul>\n<li>Innovaci\u00f3n y mejora continua, calidad y seguridad.<\/li>\n<li>Fabricaci\u00f3n responsable, sostenibilidad econ\u00f3mica, social y medioambiental.<\/li>\n<li>Disminuci\u00f3n de desechos y utilizaci\u00f3n de materiales amigables con el medio ambiente.<\/li>\n<li>Transparencia e integridad, responsabilidad social.<\/li>\n<\/ul>\n<hr \/>\n<p>[block id=&#8221;team-members&#8221;]<\/p>\n","protected":false},"excerpt":{"rendered":"<p>[ux_banner bg=&#8221;http:\/\/tommyvedvik.com\/dummy.gif&#8221; height=&#8221;300px&#8221; animation=&#8221;flipInX&#8221; parallax=&#8221;3&#8243;]<\/p>\n<h1>ABOUT US<\/h1>\n<p>___<br \/>\n[share]<\/p>\n<p>[\/ux_banner]<\/p>\n","protected":false},"author":5359,"featured_media":0,"parent":0,"menu_order":0,"comment_status":"closed","ping_status":"closed","template":"page-blank-container.php","meta":{"footnotes":""},"class_list":["post-522","page","type-page","status-publish","hentry"],"_links":{"self":[{"href":"https:\/\/sileu.com\/es\/wp-json\/wp\/v2\/pages\/522","targetHints":{"allow":["GET"]}}],"collection":[{"href":"https:\/\/sileu.com\/es\/wp-json\/wp\/v2\/pages"}],"about":[{"href":"https:\/\/sileu.com\/es\/wp-json\/wp\/v2\/types\/page"}],"author":[{"embeddable":true,"href":"https:\/\/sileu.com\/es\/wp-json\/wp\/v2\/users\/5359"}],"replies":[{"embeddable":true,"href":"https:\/\/sileu.com\/es\/wp-json\/wp\/v2\/comments?post=522"}],"version-history":[{"count":8,"href":"https:\/\/sileu.com\/es\/wp-json\/wp\/v2\/pages\/522\/revisions"}],"predecessor-version":[{"id":16264,"href":"https:\/\/sileu.com\/es\/wp-json\/wp\/v2\/pages\/522\/revisions\/16264"}],"wp:attachment":[{"href":"https:\/\/sileu.com\/es\/wp-json\/wp\/v2\/media?parent=522"}],"curies":[{"name":"wp","href":"https:\/\/api.w.org\/{rel}","templated":true}]}}