{"id":532,"date":"2013-08-11T19:22:53","date_gmt":"2013-08-11T19:22:53","guid":{"rendered":"http:\/\/localhost:8888\/test\/?page_id=532"},"modified":"2021-02-25T13:48:57","modified_gmt":"2021-02-25T13:48:57","slug":"contact-us","status":"publish","type":"page","link":"https:\/\/sileu.com\/es\/contact-us\/","title":{"rendered":"Contacta con nosotros"},"content":{"rendered":"<h3 align=\"center\">Existen varias formas de contactar con nosotros o encontrar la informacion que necesita antes de que nos envie un mensaje:<\/h3>\n<table width=\"100%\">\n<tbody>\n<tr>\n<td valign=\"top\" width=\"20%\">\n<h3 style=\"text-align: center;\">Sileu Blog<\/h3>\n<p><img decoding=\"async\" class=\"wp-image-14991 aligncenter\" src=\"https:\/\/sileu.com\/wp-content\/uploads\/2019\/09\/blog-2.jpg\" alt=\"\" width=\"166\" height=\"166\" title=\"\"><\/p>\n<p>El <a href=\"http:\/\/Https:\/\/sileu.com\/es\/blog\">blog de Sileu<\/a> donde explicamos\u00a0 los procesos de certificaci\u00f3n de calidad, trucos para colocar, extraer y limpiar la copa menstrual, tips para medir tu c\u00e9rvix y longitud vaginal para elegir tu copa menstrual ideal, y mucho m\u00e1s.<\/td>\n<td valign=\"top\" width=\"20%\">\n<h3 style=\"text-align: center;\">Videos Sileu<\/h3>\n<p><img decoding=\"async\" class=\"wp-image-14991 aligncenter\" src=\"https:\/\/sileu.com\/wp-content\/uploads\/2019\/09\/videos-instructivos-2.jpg\" alt=\"\" width=\"182\" height=\"182\" title=\"\"><\/p>\n<p>Videos y tutoriales para explicarte visualmente c\u00f3mo colocar tu copa menstrual, cu\u00e1l copa debes elegir seg\u00fan cada caso, como extraer la copa y mucho m\u00e1s. Los puedes encontrar en la pagina de <a href=\"https:\/\/sileu.com\/es\/videos-copa-menstrual-sileucup\/\">V\u00eddeos de Sileu<\/a> y en <a href=\"https:\/\/youtube.com\/sileucup\" rel=\"nofollow noopener\" target=\"_blank\">Youtube<\/a>.<\/td>\n<td valign=\"top\" width=\"20%\">\n<h3 style=\"text-align: center;\">Sileu Chatbot<\/h3>\n<p><img decoding=\"async\" class=\"wp-image-14991 alignnone\" src=\"https:\/\/sileu.com\/wp-content\/uploads\/2019\/09\/chat-bot-sileu_web-1.jpg\" alt=\"\" width=\"169\" height=\"169\" title=\"\" srcset=\"https:\/\/sileu.com\/wp-content\/uploads\/2019\/09\/chat-bot-sileu_web-1.jpg 400w, https:\/\/sileu.com\/wp-content\/uploads\/2019\/09\/chat-bot-sileu_web-1-247x247.jpg 247w, https:\/\/sileu.com\/wp-content\/uploads\/2019\/09\/chat-bot-sileu_web-1-100x100.jpg 100w, https:\/\/sileu.com\/wp-content\/uploads\/2019\/09\/chat-bot-sileu_web-1-340x340.jpg 340w, https:\/\/sileu.com\/wp-content\/uploads\/2019\/09\/chat-bot-sileu_web-1-32x32.jpg 32w\" sizes=\"(max-width: 169px) 100vw, 169px\" \/><\/p>\n<p>Si no has encontrado lo que buscabas en Sileu blog o en los videos, en la p\u00e1gina oficial de Sileu siempre tenemos un chat activo disponible en la esquina inferior derecha en todas las paginas.<\/td>\n<td valign=\"top\" width=\"20%\">\n<h3 style=\"text-align: center;\">Citas online y presenciales<\/h3>\n<p><img loading=\"lazy\" decoding=\"async\" class=\"wp-image-14998 aligncenter\" src=\"https:\/\/sileu.com\/wp-content\/uploads\/2019\/09\/citas-online-por-facebook_Mesa-de-trabajo-1-1.jpg\" alt=\"\" width=\"170\" height=\"170\" title=\"\" srcset=\"https:\/\/sileu.com\/wp-content\/uploads\/2019\/09\/citas-online-por-facebook_Mesa-de-trabajo-1-1.jpg 400w, https:\/\/sileu.com\/wp-content\/uploads\/2019\/09\/citas-online-por-facebook_Mesa-de-trabajo-1-1-247x247.jpg 247w, https:\/\/sileu.com\/wp-content\/uploads\/2019\/09\/citas-online-por-facebook_Mesa-de-trabajo-1-1-100x100.jpg 100w, https:\/\/sileu.com\/wp-content\/uploads\/2019\/09\/citas-online-por-facebook_Mesa-de-trabajo-1-1-340x340.jpg 340w, https:\/\/sileu.com\/wp-content\/uploads\/2019\/09\/citas-online-por-facebook_Mesa-de-trabajo-1-1-32x32.jpg 32w\" sizes=\"(max-width: 170px) 100vw, 170px\" \/><\/p>\n<p>puedes <a href=\"https:\/\/fb.com\/book\/sileucom\" target=\"_blank\" rel=\"noopener noreferrer nofollow\">pedir una cita<\/a> en la que se te brindar\u00e1 <strong>asesor\u00eda personalizada<\/strong> en nuestra pagina de Sileu en Facebook<\/td>\n<td valign=\"top\" width=\"20%\">\n<h3 style=\"text-align: center;\">Whatsapp<\/h3>\n<p><img loading=\"lazy\" decoding=\"async\" class=\"wp-image-15005 aligncenter\" src=\"https:\/\/sileu.com\/wp-content\/uploads\/2019\/09\/copa-whatsapp-1.jpg\" alt=\"\" width=\"149\" height=\"149\" title=\"\" srcset=\"https:\/\/sileu.com\/wp-content\/uploads\/2019\/09\/copa-whatsapp-1.jpg 400w, https:\/\/sileu.com\/wp-content\/uploads\/2019\/09\/copa-whatsapp-1-247x247.jpg 247w, https:\/\/sileu.com\/wp-content\/uploads\/2019\/09\/copa-whatsapp-1-100x100.jpg 100w, https:\/\/sileu.com\/wp-content\/uploads\/2019\/09\/copa-whatsapp-1-340x340.jpg 340w, https:\/\/sileu.com\/wp-content\/uploads\/2019\/09\/copa-whatsapp-1-32x32.jpg 32w\" sizes=\"(max-width: 149px) 100vw, 149px\" \/><\/p>\n<p>Te proporcionamos un numero de telefono whatsapp para hacer las consultas por <a href=\"https:\/\/api.whatsapp.com\/send?phone=693802240&amp;text=Asesoramiento%20copas%20menstruales\" rel=\"nofollow noopener\" target=\"_blank\">chat en linea a trav\u00e9s de Whatsapp<\/a><\/td>\n<\/tr>\n<\/tbody>\n<\/table>\n<table align=\"center\">\n<tbody>\n<tr>\n<td><noscript class=\"ninja-forms-noscript-message\">\n\tNotice: JavaScript is required for this content.<\/noscript>\nNo Fields Found.<div id=\"nf-form-1-cont\" class=\"nf-form-cont\" aria-live=\"polite\" aria-labelledby=\"nf-form-title-1\" aria-describedby=\"nf-form-errors-1\" role=\"form\">\n\n    <div class=\"nf-loading-spinner\"><\/div>\n\n<\/div>\n        <!-- That data is being printed as a workaround to page builders reordering the order of the scripts loaded-->\n        <script>var formDisplay=1;var nfForms=nfForms||[];var form=[];form.id='1';form.settings={\"ninjaForms\":\"Ninja Forms\",\"changeEmailErrorMsg\":\"Please enter a valid email address!\",\"changeDateErrorMsg\":\"Please enter a valid date!\",\"confirmFieldErrorMsg\":\"These fields must match!\",\"fieldNumberNumMinError\":\"Number Min Error\",\"fieldNumberNumMaxError\":\"Number Max Error\",\"fieldNumberIncrementBy\":\"Please increment by \",\"fieldTextareaRTEInsertLink\":\"Insert Link\",\"fieldTextareaRTEInsertMedia\":\"Insert Media\",\"fieldTextareaRTESelectAFile\":\"Select a file\",\"formErrorsCorrectErrors\":\"Please correct errors before submitting this form.\",\"formHoneypot\":\"If you are a human seeing this field, please leave it empty.\",\"validateRequiredField\":\"This is a required field.\",\"honeypotHoneypotError\":\"Honeypot Error\",\"fileUploadOldCodeFileUploadInProgress\":\"File Upload in Progress.\",\"fileUploadOldCodeFileUpload\":\"FILE UPLOAD\",\"currencySymbol\":\"$\",\"fieldsMarkedRequired\":\"Fields marked with an <span class=\\\"ninja-forms-req-symbol\\\">*<\\\/span> are required\",\"thousands_sep\":\".\",\"decimal_point\":\",\",\"siteLocale\":\"es_ES\",\"dateFormat\":\"d\\\/m\\\/Y\",\"startOfWeek\":\"1\",\"of\":\"of\",\"previousMonth\":\"Previous Month\",\"nextMonth\":\"Next Month\",\"months\":[\"January\",\"February\",\"March\",\"April\",\"May\",\"June\",\"July\",\"August\",\"September\",\"October\",\"November\",\"December\"],\"monthsShort\":[\"Jan\",\"Feb\",\"Mar\",\"Apr\",\"May\",\"Jun\",\"Jul\",\"Aug\",\"Sep\",\"Oct\",\"Nov\",\"Dec\"],\"weekdays\":[\"Sunday\",\"Monday\",\"Tuesday\",\"Wednesday\",\"Thursday\",\"Friday\",\"Saturday\"],\"weekdaysShort\":[\"Sun\",\"Mon\",\"Tue\",\"Wed\",\"Thu\",\"Fri\",\"Sat\"],\"weekdaysMin\":[\"Su\",\"Mo\",\"Tu\",\"We\",\"Th\",\"Fr\",\"Sa\"],\"recaptchaConsentMissing\":\"reCaptcha validation couldn&#039;t load.\",\"recaptchaMissingCookie\":\"reCaptcha v3 validation couldn&#039;t load the cookie needed to submit the form.\",\"recaptchaConsentEvent\":\"Accept reCaptcha cookies before sending the form.\",\"embed_form\":\"\",\"currency_symbol\":\"\",\"title\":\"\",\"beforeForm\":\"\",\"beforeFields\":\"\",\"afterFields\":\"\",\"afterForm\":\"\"};form.fields=[];nfForms.push(form);<\/script>\n        <\/td>\n<\/tr>\n<\/tbody>\n<\/table>\n<h2 style=\"text-align: center;\">\u00bfD\u00f3nde est\u00e1 nuestra\u00a0oficina?<\/h2>\n<p style=\"text-align: center;\"><iframe style=\"border: 0;\" src=\"https:\/\/www.google.com\/maps\/embed?pb=!1m18!1m12!1m3!1d393.61272271323014!2d-4.7916324878637875!3d37.885979579739335!2m3!1f0!2f0!3f0!3m2!1i1024!2i768!4f13.1!3m3!1m2!1s0xd6cdf5e725b3c87%3A0x8307e1d4b15e94b1!2sCalle+los+Omeyas%2C+5%2C+14005+C%C3%B3rdoba!5e0!3m2!1ses!2ses!4v1504115502074\" width=\"600\" height=\"450\" frameborder=\"0\" allowfullscreen=\"allowfullscreen\"><\/iframe><\/p>\n<p style=\"text-align: center;\">Sileu. Calle de Los Omeyas 5, Local. Cordoba 14005. Espa\u00f1a. Tel\u00e9fono: 931 444 665<\/p>\n","protected":false},"excerpt":{"rendered":"<p>Existen varias formas de contactar con nosotros o encontrar la informacion que necesita antes de que nos envie un mensaje: Sileu Blog El blog de Sileu donde explicamos\u00a0 los procesos de certificaci\u00f3n de calidad, trucos para colocar, extraer y limpiar la copa menstrual, tips para medir tu c\u00e9rvix y longitud vaginal para elegir tu copa [&hellip;]<\/p>\n","protected":false},"author":5359,"featured_media":0,"parent":0,"menu_order":0,"comment_status":"closed","ping_status":"closed","template":"","meta":{"footnotes":""},"class_list":["post-532","page","type-page","status-publish","hentry"],"_links":{"self":[{"href":"https:\/\/sileu.com\/es\/wp-json\/wp\/v2\/pages\/532","targetHints":{"allow":["GET"]}}],"collection":[{"href":"https:\/\/sileu.com\/es\/wp-json\/wp\/v2\/pages"}],"about":[{"href":"https:\/\/sileu.com\/es\/wp-json\/wp\/v2\/types\/page"}],"author":[{"embeddable":true,"href":"https:\/\/sileu.com\/es\/wp-json\/wp\/v2\/users\/5359"}],"replies":[{"embeddable":true,"href":"https:\/\/sileu.com\/es\/wp-json\/wp\/v2\/comments?post=532"}],"version-history":[{"count":35,"href":"https:\/\/sileu.com\/es\/wp-json\/wp\/v2\/pages\/532\/revisions"}],"predecessor-version":[{"id":80737,"href":"https:\/\/sileu.com\/es\/wp-json\/wp\/v2\/pages\/532\/revisions\/80737"}],"wp:attachment":[{"href":"https:\/\/sileu.com\/es\/wp-json\/wp\/v2\/media?parent=532"}],"curies":[{"name":"wp","href":"https:\/\/api.w.org\/{rel}","templated":true}]}}