{"id":13586,"date":"2019-08-08T11:14:27","date_gmt":"2019-08-08T11:14:27","guid":{"rendered":"https:\/\/sileu.com\/?post_type=product&#038;p=13586"},"modified":"2025-10-19T18:16:20","modified_gmt":"2025-10-19T18:16:20","slug":"pack-de-inicio-copa-menstrual-sileu-talla-s-l-modelo-y-color-a-elegir","status":"publish","type":"product","link":"https:\/\/sileu.com\/es\/cup\/pack-de-inicio-copa-menstrual-sileu-talla-s-l-modelo-y-color-a-elegir\/","title":{"rendered":"Sileu Starter pack de inicio: Copa Menstrual Sileu, talla S + L, modelo y color a elegir"},"content":{"rendered":"<p>Mediante este pack de iniciaci\u00f3n, puedes adquirir el modelo de SileuCup que mejor se adapte a ti y tus necesidades.<\/p>\n<p>Este pack incluye <strong>una copa menstrual Sileu de la talla S y otra de la talla L<\/strong> (dos copas menstruales en total) por si no est\u00e1s segura de qu\u00e9 talla escoger, tienes las dos opciones para probar. Tambi\u00e9n es \u00fatil para poder utilizar la talla L en los d\u00edas de mayor cantidad de flujo y as\u00ed tener que cambiarte con menos frecuencia.<\/p>\n<p>En Sileu, medimos la flexiblidad de las copas en base de una <strong>escala de 1 a 10<\/strong>, donde un valor de 1 es la copa <em>menos flexible<\/em> (m\u00e1s r\u00edgida) y un valor de 10 es la copa <em>m\u00e1s flexible<\/em> (m\u00e1s blanda).<\/p>\n<p style=\"text-align: center;\"><strong>MODELOS DISPONIBLES DE SILEUCUP:<\/strong><\/p>\n<ul>\n<li><strong>Modelo Sileu Sport<\/strong>: La flexibilidad de esta copa es de 1, es decir, es un modelo r\u00edgido. Esto no significa que esta copa menstrual sea inc\u00f3moda o dura, sino que esa flexibilidad permite adaptarse a la perfecci\u00f3n a las paredes vaginales para aquellas mujeres que practican deporte de forma cotidiana, en especial, aquellos deportes relacionados con el fortalecimiento del suelo p\u00e9lvico, como pilates, yoga, danza o equitaci\u00f3n. As\u00ed se evita posibles p\u00e9rdidas o fugas mientras que se realiza la actividad deportiva. Tambi\u00e9n es recomendable para mujeres atletas.<\/li>\n<li><strong>Modelo Sileu Bell<\/strong>: La flexibilidad de esa copa es de 2, es decir, es un modelo r\u00edgido pero algo menos que la copa Sport. La copa Bell tiene una forma ideal para adaptarse a aquellas mujeres que tiene el cuello uterino bajo y\/o la longitud vaginal es corta (por ejemplo, si padeces de prolapso vaginal). Tambi\u00e9n es recomendable para adolescentes y mujeres v\u00edrgenes.<\/li>\n<li><strong>Modelo Sileu Rose<\/strong>: La flexibilidad de esta bonita copa en forma de rosa es de 5 (modelo Sileu Rose Standard), por lo que es nuestra copa &#8221;todoterreno&#8221; y suele funcionar bien a todas las mujeres que la prueban. Es muy c\u00f3moda y suave, con un tacto aterciopelado que imita los p\u00e9talos de las rosas. Adem\u00e1s, es el modelo m\u00e1s f\u00e1cil de aprender a poner y quitar, ya que se abre con mucha facilidad al colocarla, siendo dif\u00edcil que haya p\u00e9rdidas o fugas.<\/li>\n<li><strong>Modelo Sileu Classic y Sileu Tulip<\/strong>: Ambos modelos tienen una flexibilidad est\u00e1ndar de 5, por lo que los convierte en una buena opci\u00f3n como modelo est\u00e1ndar para comenzar. S\u00f3lamente se diferencian entre ellas en la forma del tallo, el tallo de la copa Classic es ancho y plano y el de la copa Tulip es cil\u00edndrico.<\/li>\n<li><strong>Modelo Sileu Soft y Sileu Divine<\/strong>: Ambos modelos tienen una flexibilidad de 8, lo que las convierte en las copas m\u00e1s flexibles (blandas) disponibles en Sileu. Estas copas est\u00e1n especialmente recomendadas si tienes el suelo p\u00e9lvico d\u00e9bil y\/o sensible, as\u00ed como si sueles padecer con frecuencia infecciones vaginales y\/o urinarias. Ten en cuenta que, al ser copas m\u00e1s blandas, son algo m\u00e1s dif\u00edciles de colocar, ya que hay que asegurarse que se han abierto del todo una vez colocadas, por lo que no son recomendables si tu suelo p\u00e9lvico tiene un tono bueno o normal (por ejemplo, en el caso de mujeres j\u00f3venes saludables). Ambos modelos se diferencian simplemente en el tallo, el tallo de la Soft es corto y cil\u00edndrico, el tallo de la Divine es una bolita maciza.<\/li>\n<\/ul>\n<p style=\"text-align: center;\"><strong>ACERCA DE NUESTRAS COPAS MENSTRUALES SILEU<\/strong><\/p>\n<p>Todas nuestras copas menstruales se fabrican utilizando<strong> silicona alemana de grado m\u00e9dico, certificada con el ISO 10993<\/strong>, al igual que nuestro colorante rojo, que es <strong>org\u00e1nico y tambi\u00e9n certificado con el ISO 10993<\/strong>. El color transparente en nuestras copas no contiene pigmento alguno.<\/p>\n<p>Cada copa menstrual viene en una bolsa sellada para garantizar su total higiene. Esta bolsa est\u00e1 hecha con PLA, un material no pl\u00e1stico y biodegradable por lo cual se contribuye al medio ambiente al ser <strong>#zero plastic<\/strong> y <strong>#zero waste<\/strong>.<\/p>\n<p>Incluimos de regalo en todas nuestras copas una <strong>bolsa de algod\u00f3n org\u00e1nico con certificaci\u00f3n GOTS<\/strong> para que puedas guardarla cuando no la est\u00e9s usando.<\/p>\n<p style=\"text-align: center;\"><strong>\u00bfQU\u00c9 VOY A RECIBIR?<\/strong><\/p>\n<p>El pack incluye dos copas menstruales, una de la talla S y otra de la talla L, en el color elegido y ambas selladas individualmente en una bolsa de PLA biodegradable, una bolsa de <strong>algod\u00f3n org\u00e1nico con certificaci\u00f3n GOTS<\/strong> para guardarlas, un manual de instrucciones multilenguaje (espa\u00f1ol, ingl\u00e9s, franc\u00e9s, alem\u00e1n, italiano, ruso y portugu\u00e9s) que incluye \u00fatiles im\u00e1genes y consejos para ponerla y extraerla y una caja de cart\u00f3n.<\/p>\n","protected":false},"excerpt":{"rendered":"<p>Mediante este pack de iniciaci\u00f3n, puedes adquirir el modelo de SileuCup que mejor se adapte a ti y tus necesidades. Este pack incluye una copa menstrual Sileu de la talla S y otra de la talla L (dos copas menstruales en total) por si no est\u00e1s segura de qu\u00e9 talla escoger, tienes las dos opciones [&hellip;]<\/p>\n","protected":false},"featured_media":81502,"comment_status":"open","ping_status":"closed","template":"","meta":[],"product_brand":[],"product_cat":[195],"product_tag":[],"class_list":{"0":"post-13586","1":"product","2":"type-product","3":"status-publish","4":"has-post-thumbnail","6":"product_cat-packs-sileu","8":"first","9":"instock","10":"sale","11":"taxable","12":"shipping-taxable","13":"purchasable","14":"product-type-variable"},"supplier_id":null,"supplier_sku":"","barcode":null,"atum_controlled":true,"out_stock_date":null,"out_stock_threshold":null,"inheritable":true,"inbound_stock":0,"stock_on_hold":42,"sold_today":0,"sales_last_days":0,"reserved_stock":0,"customer_returns":0,"warehouse_damage":0,"lost_in_post":0,"other_logs":0,"out_stock_days":null,"lost_sales":0,"has_location":false,"update_date":"2025-10-20T08:59:00","atum_locations":[],"atum_stock_status":"instock","restock_status":false,"low_stock_amount":"","sales_update_date":"2025-06-10T19:38:59","calc_backorders":null,"_links":{"self":[{"href":"https:\/\/sileu.com\/es\/wp-json\/wp\/v2\/product\/13586","targetHints":{"allow":["GET"]}}],"collection":[{"href":"https:\/\/sileu.com\/es\/wp-json\/wp\/v2\/product"}],"about":[{"href":"https:\/\/sileu.com\/es\/wp-json\/wp\/v2\/types\/product"}],"replies":[{"embeddable":true,"href":"https:\/\/sileu.com\/es\/wp-json\/wp\/v2\/comments?post=13586"}],"wp:featuredmedia":[{"embeddable":true,"href":"https:\/\/sileu.com\/es\/wp-json\/wp\/v2\/media\/81502"}],"wp:attachment":[{"href":"https:\/\/sileu.com\/es\/wp-json\/wp\/v2\/media?parent=13586"}],"wp:term":[{"taxonomy":"product_brand","embeddable":true,"href":"https:\/\/sileu.com\/es\/wp-json\/wp\/v2\/product_brand?post=13586"},{"taxonomy":"product_cat","embeddable":true,"href":"https:\/\/sileu.com\/es\/wp-json\/wp\/v2\/product_cat?post=13586"},{"taxonomy":"product_tag","embeddable":true,"href":"https:\/\/sileu.com\/es\/wp-json\/wp\/v2\/product_tag?post=13586"}],"curies":[{"name":"wp","href":"https:\/\/api.w.org\/{rel}","templated":true}]}}