{"id":20457,"date":"2020-03-26T11:14:40","date_gmt":"2020-03-26T11:14:40","guid":{"rendered":"https:\/\/sileu.com\/?post_type=product&#038;p=20457"},"modified":"2024-03-20T16:57:08","modified_gmt":"2024-03-20T16:57:08","slug":"sileu-kegel-entrenador-del-suelo-pelvico-para-ejercicios-kegel-con-set-de-3-piedras-semipreciosas","status":"publish","type":"product","link":"https:\/\/sileu.com\/es\/cup\/sileu-kegel-entrenador-del-suelo-pelvico-para-ejercicios-kegel-con-set-de-3-piedras-semipreciosas\/","title":{"rendered":"Sileu Kegel &#8211; Entrenador del Suelo P\u00e9lvico para Ejercicios Kegel con Set de 3 Piedras Semipreciosas"},"content":{"rendered":"<h2 style=\"text-align: center;\">\u00bfQu\u00e9 voy a recibir?<\/h2>\n<p>Comprando este producto, usted recibir\u00e1:<\/p>\n<ul>\n<li>Set de 3 piedras semipreciosas a elegir entre obsidiana, cuarzo rosa, jade verde o unakita.<\/li>\n<li>Set de 3 fundas de silicona m\u00e9dica, cada una adecuada para cada piedra en espec\u00edfico (color rosa principiante, para la piedra de mayor tama\u00f1o, color rojo medio, para la piedra media, color burdeos experto, para la piedra de tama\u00f1o m\u00e1s peque\u00f1o).<\/li>\n<li>Bolsa gris de seda.<\/li>\n<li>Estuche Sileu Case de 8 cm en color rojo para guardar el kit.<\/li>\n<li>Caja redonda impresa con las instrucciones de uso y consejos para la realizaci\u00f3n del ejercicio.<\/li>\n<\/ul>\n<h2 style=\"text-align: center;\">Sileu Kegel: Fortalece tu suelo p\u00e9lvico de forma natural y consciente<\/h2>\n<p>Para realizar ejercicios Kegel y entrenar tu suelo p\u00e9lvico de forma sana, y segura, ponemos a tu disposici\u00f3n Sileu Kegel. Es un kit de tres piedras minerales de alta calidad, talladas en forma de huevo, con un acabado totalmente pulido y suave, cada una junto con una peque\u00f1a funda de silicona alemana m\u00e9dica, con certificaci\u00f3n ISO 10993. Su uso es muy f\u00e1cil, tan s\u00f3lo debes seleccionar el huevo que deseas utilizar e insertarlo en la ranura de la funda de silicona. Cuando quieras limpiar el kit, no tienes m\u00e1s que esterilizarlo con nuestro esterilizador el\u00e9ctrico Sileu Clean Plus o con pastillas esterilizadoras. No te recomendamos hervir las gemas, para evitar que se puedan fracturar, pero la funda de silicona sin gema en el interior si puede ser hervida.<\/p>\n<h2 style=\"text-align: center;\">\u00bfPor qu\u00e9 es importante entrenar el suelo p\u00e9lvico?<\/h2>\n<p>Hoy en d\u00eda, debidos a m\u00faltiples factores tales como la pr\u00e1ctica de ejercicios que suponen impactos repetitivos (como, por ejemplo, correr), dar a luz o ciertas enfermedades o dolencias (por ejemplo, prolapso de \u00f3rganos p\u00e9lvicos o POP), las mujeres suelen padecer con frecuencia debilidad del suelo p\u00e9lvico, lo cual se traduce en problemas de salud como incontinencia urinaria. Es por ello que es recomendable ejercitar el suelo p\u00e9lvico, y una forma f\u00e1cil y sencilla de hacerlo es mediante ejercicios Kegel.<\/p>\n<h2 style=\"text-align: center;\">\u00bfPor qu\u00e9 Sileu Kegel utiliza piedras semipreciosas en lugar de bolas de metal?<\/h2>\n<p>Los huevos de gemas se han utilizado desde hace miles de a\u00f1os para mejorar y fortalecer el suelo p\u00e9lvico de la mujer. Es un m\u00e9todo probado, seguro, natural, ecol\u00f3gico y respetuoso con el medio ambiente. F\u00e1ciles de limpiar y esterilizar gracias al uso de piedra natural y el cordel de silicona de grado m\u00e9dico. La ventaja de de utilizar gemas en lugar de metales es clara, de esta manera, no contiene sustancias qu\u00edmicas peligrosas para nuestra salud. En algunos casos, para fabricar bolas chinas se suelen utilizar en su interior metales de baja calidad para abaratar el coste. Estos metales se oxidan con el tiempo por completo, con el posible riesgo de infecciones y enfermedades que supone.<\/p>\n<h2 style=\"text-align: center;\">Las gemas semipreciosas de Sileu Kegel<\/h2>\n<p>Cada una de las gemas del kit tiene un peso diferente (55 gramos la m\u00e1s grande, 35 gramos la mediana y 12 gramos la peque\u00f1a). Para realizar los ejercicios, se recomienda comenzar por la m\u00e1s grande, ya que, aunque pese un poco m\u00e1s, su tama\u00f1o hace m\u00e1s sencillo a las principiantes retenerla en el interior. Conforme se va avanzando en dominio y fortaleza, se van utilizando progresivamente en los ejercicios el huevo mediano y, por \u00faltimo, para maestr\u00eda, el huevo peque\u00f1o. Los beneficios del uso de los huevos Sileu son m\u00faltiples:<\/p>\n<ul>\n<li>Ayuda a mejorar el tono y la musculatura del suelo p\u00e9lvico<\/li>\n<li>Reduce los s\u00edntomas del s\u00edndrome premenstrual y los calambres menstruales<\/li>\n<li>Aumenta la libido<\/li>\n<li>Armoniza mente, cuerpo y esp\u00edritu gracias a las energ\u00edas de los cristales<\/li>\n<li>Reduce el estr\u00e9s<\/li>\n<li>Alivia la tensi\u00f3n muscular y emocional<\/li>\n<li>Mejora la lubricaci\u00f3n natural del cuerpo<\/li>\n<li>Ayuda a meditar y establecer objetivos de bienestar<\/li>\n<\/ul>\n<h2 style=\"text-align: center;\">Propiedades de las gemas semipreciosas de Sileu Kegel<\/h2>\n<p>Cada kit de tres huevos Sileu est\u00e1 disponible en un tipo de piedra semipreciosa natural diferente, para aprovechar las diferentes propiedades energ\u00e9ticas que nos ofrecen:<\/p>\n<ul>\n<li>Cuarzo rosa: Al ser una gema relacionada con el chakra del coraz\u00f3n, se dice que aumenta los beneficios para este \u00f3rgano. Es ideal para mejorar la circulaci\u00f3n de la sangre y evita problemas cardiovasculares. Tambi\u00e9n es usado para calmar la ansiedad y el estr\u00e9s de las personas. Da valor, sana las emociones traum\u00e1ticas y las heridas emocionales. Restaura la armon\u00eda en las relaciones de pareja o familiares, puede reducir la agresi\u00f3n, el resentimiento y el enfado y permite pedir perd\u00f3n. Puede tambi\u00e9n ayudar a establecer conexiones emocionales, a expresar y experimentar el amor y la amistad y a sentir confianza en ti misma.<\/li>\n<li>Jade verde: Ayuda en la b\u00fasqueda del amor, ya que atraer\u00e1 energ\u00edas positivas de aquellas personas compatibles y favorecer\u00e1 que la relaci\u00f3n sea duradera. Esta gema tambi\u00e9n es considerada una piedra de la buena suerte. Favorece el desarrollo de sabidur\u00eda y el conocimiento, y otorga paz y equilibrio emocional. Ayuda a lidiar con el estr\u00e9s y la sobrecarga mental producto de las preocupaciones del d\u00eda a d\u00eda. Favorece la meditaci\u00f3n y eleva los niveles de concentraci\u00f3n.<\/li>\n<li>Obsidiana negra: La obsidiana es un mineral muy poderoso, nos impulsa a crecer d\u00e1ndonos apoyo. Ayuda a la curaci\u00f3n y revitalizaci\u00f3n del alma, eliminando bloqueos energ\u00e9ticos y tensiones. Te ayuda a saber qui\u00e9n eres y a mejorar tu autocontrol y percepci\u00f3n de ti misma. Es una piedra muy protectora que forma un escudo contra de la negatividad, dispers\u00e1ndola y absorbiendo las energ\u00edas negativas del entorno. Estimula el crecimiento a todos los niveles, animando a explorar y afrontar lo desconocido.<\/li>\n<li>Unakita: La unakita es especialmente reconocida como una piedra de regeneraci\u00f3n y fortalecimiento del cuerpo. Parece tener un efecto positivo sobre el sistema inmunol\u00f3gico, los huesos y los dientes, los cuales fortalece y revitaliza. Favorable a la eliminaci\u00f3n de grasas y toxinas del cuerpo, la unakita se recomienda en caso de dieta. Tambi\u00e9n ayuda a las mujeres durante la ovulaci\u00f3n y promueve la renovaci\u00f3n de tejidos y c\u00e9lulas, por lo que es un mineral que fomenta y ayuda a la fertilidad. Es un excelente apoyo para aquellas que sufren de molestias y traumas de bloqueo relacionados con el pasado, as\u00ed como persona que padecen de ira o celos excesivos ya que esta gema ayuda a moderar los sentimientos negativos. Promueve la introspecci\u00f3n y el autoconocimiento, dando a la persona la sabidur\u00eda para templar los juicios y las apreciaciones.<\/li>\n<\/ul>\n<h2 style=\"text-align: center;\">Si estoy embarazada o tengo alguna patolog\u00eda relacionada con el suelo p\u00e9lvico, \u00bfpuedo usar Sileu Kegel?<\/h2>\n<p>No se recomienda el uso de huevos de gema en mujeres embarazadas o con problemas relacionados con el suelo p\u00e9lvico, es recomendable acudir al m\u00e9dico primero y evaluar la idoneidad del uso de gimnasia Kegel.<\/p>\n","protected":false},"excerpt":{"rendered":"<p>\u00bfQu\u00e9 voy a recibir? Comprando este producto, usted recibir\u00e1: Set de 3 piedras semipreciosas a elegir entre obsidiana, cuarzo rosa, jade verde o unakita. Set de 3 fundas de silicona m\u00e9dica, cada una adecuada para cada piedra en espec\u00edfico (color rosa principiante, para la piedra de mayor tama\u00f1o, color rojo medio, para la piedra media, [&hellip;]<\/p>\n","protected":false},"featured_media":82017,"comment_status":"open","ping_status":"closed","template":"","meta":[],"product_brand":[],"product_cat":[8621],"product_tag":[],"class_list":{"0":"post-20457","1":"product","2":"type-product","3":"status-publish","4":"has-post-thumbnail","6":"product_cat-sileukegel","8":"first","9":"instock","10":"taxable","11":"shipping-taxable","12":"purchasable","13":"product-type-variable"},"supplier_id":null,"supplier_sku":"","barcode":null,"atum_controlled":true,"out_stock_date":null,"out_stock_threshold":null,"inheritable":false,"inbound_stock":0,"stock_on_hold":12,"sold_today":null,"sales_last_days":null,"reserved_stock":0,"customer_returns":0,"warehouse_damage":0,"lost_in_post":0,"other_logs":0,"out_stock_days":null,"lost_sales":null,"has_location":false,"update_date":"2025-06-10T19:38:48","atum_locations":[],"atum_stock_status":"instock","restock_status":false,"low_stock_amount":"","sales_update_date":"2025-06-10T19:38:48","calc_backorders":null,"_links":{"self":[{"href":"https:\/\/sileu.com\/es\/wp-json\/wp\/v2\/product\/20457","targetHints":{"allow":["GET"]}}],"collection":[{"href":"https:\/\/sileu.com\/es\/wp-json\/wp\/v2\/product"}],"about":[{"href":"https:\/\/sileu.com\/es\/wp-json\/wp\/v2\/types\/product"}],"replies":[{"embeddable":true,"href":"https:\/\/sileu.com\/es\/wp-json\/wp\/v2\/comments?post=20457"}],"wp:featuredmedia":[{"embeddable":true,"href":"https:\/\/sileu.com\/es\/wp-json\/wp\/v2\/media\/82017"}],"wp:attachment":[{"href":"https:\/\/sileu.com\/es\/wp-json\/wp\/v2\/media?parent=20457"}],"wp:term":[{"taxonomy":"product_brand","embeddable":true,"href":"https:\/\/sileu.com\/es\/wp-json\/wp\/v2\/product_brand?post=20457"},{"taxonomy":"product_cat","embeddable":true,"href":"https:\/\/sileu.com\/es\/wp-json\/wp\/v2\/product_cat?post=20457"},{"taxonomy":"product_tag","embeddable":true,"href":"https:\/\/sileu.com\/es\/wp-json\/wp\/v2\/product_tag?post=20457"}],"curies":[{"name":"wp","href":"https:\/\/api.w.org\/{rel}","templated":true}]}}