{"id":2764,"date":"2016-07-01T15:41:47","date_gmt":"2016-07-01T15:41:47","guid":{"rendered":"http:\/\/sileu.com\/?post_type=product&#038;p=2764"},"modified":"2026-05-12T16:00:52","modified_gmt":"2026-05-12T16:00:52","slug":"copa-menstrual-sileu-fabricada-en-silicona-de-grado-quirurgico-modelo-sport-mujeres-deportistas-o-con-alta-actividad-fisica-volumen-menstrual-escaso-a-abundante-alternativa-natural-a-los-tampones-y","status":"publish","type":"product","link":"https:\/\/sileu.com\/es\/cup\/copa-menstrual-sileu-fabricada-en-silicona-de-grado-quirurgico-modelo-sport-mujeres-deportistas-o-con-alta-actividad-fisica-volumen-menstrual-escaso-a-abundante-alternativa-natural-a-los-tampones-y\/","title":{"rendered":"Sileu Sport Copa menstrual"},"content":{"rendered":"<p style=\"text-align: center;\"><strong>\u00bfC\u00d3MO ELIJO MI TALLA?<\/strong><\/p>\n<ul>\n<li>Talla S: Mujeres que no han tenido hijos o que no han dado a luz mediante parto natural (por ejemplo, han dado a luz mediante ces\u00e1rea). Si has dado a luz mediante parto natural pero has realizado ejercicios para recuperar la tonicidad del suelo p\u00e9lvico, la talla S tambi\u00e9n te puede dar buen resultado.<\/li>\n<li>Talla L: Mujeres que han dado a luz por parto natural y a\u00fan no han recuperado al completo la tonicidad del suelo p\u00e9lvico.<\/li>\n<\/ul>\n<p style=\"text-align: center;\"><strong>\u00bfQU\u00c9 ES LA COPA MENSTRUAL SILEU?<\/strong><\/p>\n<p><b>La copa menstrual<\/b> es una peque\u00f1a copita fabricada en silicona m\u00e9dica, que se introduce en el interior de la vagina (de la misma manera que un tamp\u00f3n) durante la menstruaci\u00f3n. Se adapta a la perfecci\u00f3n, de esta manera, no hay fugas ni se mueve, no la notar\u00e1s que llevas puesta.<\/p>\n<p><b>Este modelo Sport es menos flexible que el resto de modelos, por lo que est\u00e1 especialmente indicado para mujeres deportistas, atletas o con mucha actividad f\u00edsica cotidiana.<\/b> Que la copa sea menos flexible no es algo negativo, ni significa que pueda ser inc\u00f3moda o doler, sino que se ajusta a la perfecci\u00f3n a las paredes vaginales manteni\u00e9ndose fija sin moverse y evitando as\u00ed que pudiese haber fugas a la hora de la pr\u00e1ctica de actividad deportiva.<\/p>\n<p>La copa menstrual Sileu, a diferencia de los productos tradicionales de la regla, no absorbe sino que recoge el flujo menstrual en su interior, pudi\u00e9ndose llevar <b>hasta 12h<\/b> en el interior sin tener que preocuparse. Esto se traduce en dos ventajas: La primera es que no hay malos olores, restos de fibras, ni incomodidad, y la segunda es que es m\u00e1s as\u00e9ptica e higi\u00e9nica, ya que no estamos en contacto constante con la humedad del flujo y es m\u00e1s dif\u00edcil que se desarrollen infecciones de orina, vaginales y otras dolencias.<\/p>\n<p>Tambi\u00e9n es m\u00e1s econ\u00f3mica al uso que otros productos desechables, ya que con un adecuado mantenimiento puede durar hasta 10 a\u00f1os y su coste se amortiza en aproximadamente dos meses de uso, adem\u00e1s que evitamos generar tantos residuos al desechar cientos de compresas y tampones al a\u00f1o.<\/p>\n<p>Cuando finaliza el ciclo, no hay m\u00e1s que esterilizarla con agua hirviendo usando un esterilizador de copas menstruales o un cazo y guardarla en tu bolsita hasta la siguiente menstruaci\u00f3n. Tambi\u00e9n es posible esterilizarla en seco utilizando nuestro <a href=\"https:\/\/sileu.com\/es\/cup\/sileu-clean-plus-esterilizador-electrico-recargable-usb-compacto-para-copas-menstruales-lampara-de-cuarzo-uv-y-ozono\/\">esterilizador de copas menstruales de tecnolog\u00eda dual ozono-rayos UV<\/a>.<\/p>\n<p>Todas nuestras copas menstruales se fabrican utilizando<strong> silicona de grado m\u00e9dico, certificada con el ISO 10993<\/strong>, al igual que nuestro colorante rojo, que es <strong>org\u00e1nico y tambi\u00e9n certificado con el ISO 10993<\/strong>. El color transparente en nuestras copas no contiene pigmento alguno. Esto significa que nuestras copas menstruales son totalmente hipoalerg\u00e9nicas y antialergias, haciendo posible que todas las mujeres las puedan usar sin problema.<\/p>\n<p>Cada copa menstrual viene en una bolsa sellada para garantizar su total higiene. Esta bolsa est\u00e1 fabricada con PLA, un material no pl\u00e1stico y biodegradable por lo cual se contribuye al medio ambiente al ser <strong>#zero plastic<\/strong> y <strong>#zero waste<\/strong>.<\/p>\n<p>Incluimos de regalo en todas nuestras copas una <strong>bolsa de algod\u00f3n org\u00e1nico con certificaci\u00f3n GOTS<\/strong> para que puedas guardarla cuando no la est\u00e9s usando. Esta bolsa no ha sido tratada con ning\u00fan qu\u00edmico, como blanqueantes, de ah\u00ed su color.<\/p>\n<p>El uso de la copa es compatible con el uso del DIU y el anillo anticonceptivo.<\/p>\n","protected":false},"excerpt":{"rendered":"<p>\u00bfC\u00d3MO ELIJO MI TALLA? Talla S: Mujeres que no han tenido hijos o que no han dado a luz mediante parto natural (por ejemplo, han dado a luz mediante ces\u00e1rea). Si has dado a luz mediante parto natural pero has realizado ejercicios para recuperar la tonicidad del suelo p\u00e9lvico, la talla S tambi\u00e9n te puede [&hellip;]<\/p>\n","protected":false},"featured_media":81121,"comment_status":"open","ping_status":"closed","template":"","meta":[],"product_brand":[],"product_cat":[59],"product_tag":[],"class_list":{"0":"post-2764","1":"product","2":"type-product","3":"status-publish","4":"has-post-thumbnail","6":"product_cat-sileu-cup","8":"first","9":"instock","10":"sale","11":"taxable","12":"shipping-taxable","13":"purchasable","14":"product-type-variable"},"supplier_id":null,"supplier_sku":"","barcode":null,"atum_controlled":true,"out_stock_date":null,"out_stock_threshold":null,"inheritable":false,"inbound_stock":null,"stock_on_hold":13,"sold_today":0,"sales_last_days":0,"reserved_stock":null,"customer_returns":null,"warehouse_damage":null,"lost_in_post":null,"other_logs":null,"out_stock_days":null,"lost_sales":0,"has_location":null,"update_date":"2026-05-13T11:04:55","atum_locations":[],"atum_stock_status":"instock","restock_status":false,"low_stock_amount":"","sales_update_date":null,"calc_backorders":null,"_links":{"self":[{"href":"https:\/\/sileu.com\/es\/wp-json\/wp\/v2\/product\/2764","targetHints":{"allow":["GET"]}}],"collection":[{"href":"https:\/\/sileu.com\/es\/wp-json\/wp\/v2\/product"}],"about":[{"href":"https:\/\/sileu.com\/es\/wp-json\/wp\/v2\/types\/product"}],"replies":[{"embeddable":true,"href":"https:\/\/sileu.com\/es\/wp-json\/wp\/v2\/comments?post=2764"}],"wp:featuredmedia":[{"embeddable":true,"href":"https:\/\/sileu.com\/es\/wp-json\/wp\/v2\/media\/81121"}],"wp:attachment":[{"href":"https:\/\/sileu.com\/es\/wp-json\/wp\/v2\/media?parent=2764"}],"wp:term":[{"taxonomy":"product_brand","embeddable":true,"href":"https:\/\/sileu.com\/es\/wp-json\/wp\/v2\/product_brand?post=2764"},{"taxonomy":"product_cat","embeddable":true,"href":"https:\/\/sileu.com\/es\/wp-json\/wp\/v2\/product_cat?post=2764"},{"taxonomy":"product_tag","embeddable":true,"href":"https:\/\/sileu.com\/es\/wp-json\/wp\/v2\/product_tag?post=2764"}],"curies":[{"name":"wp","href":"https:\/\/api.w.org\/{rel}","templated":true}]}}