{"id":2796,"date":"2016-07-01T16:54:52","date_gmt":"2016-07-01T16:54:52","guid":{"rendered":"http:\/\/sileu.com\/producto\/copa-menstrual-sileu-fabricada-en-silicona-de-grado-quirurgico-modelo-soft-volumen-menstrual-escaso-a-abundante-alternativa-natural-a-los-tampones-y-compresas\/"},"modified":"2026-04-14T09:11:58","modified_gmt":"2026-04-14T09:11:58","slug":"copa-menstrual-sileu-fabricada-en-silicona-de-grado-quirurgico-modelo-soft-volumen-menstrual-escaso-a-abundante-alternativa-natural-a-los-tampones-y-compresas","status":"publish","type":"product","link":"https:\/\/sileu.com\/es\/cup\/copa-menstrual-sileu-fabricada-en-silicona-de-grado-quirurgico-modelo-soft-volumen-menstrual-escaso-a-abundante-alternativa-natural-a-los-tampones-y-compresas\/","title":{"rendered":"Sileu Soft copa menstrual"},"content":{"rendered":"<p style=\"text-align: center;\"><strong>\u00bfQU\u00c9 TALLA ELEGIR?<\/strong><\/p>\n<ul>\n<li>Talla S: Mujeres que no han dado a luz mediante parto natural.<\/li>\n<li>Talla L: Mujeres que han dado a luz por parto natural.<\/li>\n<\/ul>\n<p style=\"text-align: center;\"><strong>\u00bfQU\u00c9 ES LA COPA MENSTRUAL?<\/strong><\/p>\n<p><b>La copa menstrual<\/b> es un recipiente fabricado en silicona quir\u00fargica que se introduce en el interior de la vagina (igual que un tamp\u00f3n) durante la menstruaci\u00f3n, adapt\u00e1ndose a las paredes vaginales de cada mujer en todo momento, sin que tengas que preocuparte por que se te mueva.<\/p>\n<p>La copa recoge el flujo menstrual en su interior, pudi\u00e9ndose llevar <b>hasta 12h<\/b> en el interior sin tener que preocuparse. Es m\u00e1s econ\u00f3mica al uso que otros productos desechables, ya que con un adecuado mantenimiento puede durar hasta 10 a\u00f1os y su coste se amortiza en dos meses.<\/p>\n<p>Cuando finaliza el ciclo, no hay m\u00e1s que esterilizarla con agua hirviendo en un esterilizador de copas menstruales o un cazo y guardarla en tu bolsita hasta la siguiente menstruaci\u00f3n.<\/p>\n<p>Todas nuestras copas menstruales se fabrican utilizando<strong> silicona alemana de grado m\u00e9dico, certificada con el ISO 10993<\/strong>, al igual que nuestro colorante rojo, que es <strong>org\u00e1nico y tambi\u00e9n certificado con el ISO 10993<\/strong>. El color transparente en nuestras copas no contiene pigmento alguno.<\/p>\n<p>Cada copa menstrual viene en una bolsa sellada para garantizar su total higiene. Esta bolsa est\u00e1 hecha con PLA, un material no pl\u00e1stico y biodegradable por lo cual se contribuye al medio ambiente al ser <strong>#zero plastic<\/strong> y <strong>#zero waste<\/strong>.<\/p>\n<p>Incluimos de regalo en todas nuestras copas una <strong>bolsa de algod\u00f3n org\u00e1nico con certificaci\u00f3n GOTS<\/strong> para que puedas guardarla cuando no la est\u00e9s usando.<\/p>\n<p>Ninguna bacteria puede permanecer en su superficie totalmente lisa y que no absorbe ning\u00fan l\u00edquido, por lo que no se producen alteraciones en el entorno vaginal natural. Al ser de silicona m\u00e9dica, <b>no ara\u00f1a ni seca<\/b> las paredes vaginales y <b>tampoco deja restos de fibras<\/b> (a diferencia de los tampones y compresas adicionales).<\/p>\n<p>Es compatible con el uso del DIU y el anillo anticonceptivo. El uso de la copa menstrual no est\u00e1 asociado a ning\u00fan caso conocido de S\u00edndrome de Shock T\u00f3xico (SST). Nuestra silicona es eco-friendly. Con su uso, <b>evitas tener que usar compresas y tampones,<\/b> altamente contaminantes para el medio ambiente, ya que en la fabricaci\u00f3n de estos productos se utilizan diversos productos qu\u00edmicos como blanqueantes industriales, y adem\u00e1s, tardan much\u00edsimos a\u00f1os en degradarse.<\/p>\n<p style=\"text-align: center;\"><strong>CARACTER\u00cdSTICAS<\/strong><\/p>\n<ul>\n<li>La copa menstrual Sileu <strong>Soft<\/strong> tiene una <strong>flexibilidad de 8<\/strong>. Se adapta a la perfecci\u00f3n a las paredes vaginales sin moverse y sin riesgo de fugas. Tambi\u00e9n tenemos disponible el modelo <strong>Classic (flexibilidad 5)<\/strong> y el modelo <strong>Sport (flexibilidad 1)<\/strong>. Sileu indica el grado de flexibilidad en una escala de 0 a 10, siendo un valor peque\u00f1o m\u00e1s duro, \u00a1escoge el m\u00e1s conveniente para ti!<\/li>\n<\/ul>\n<ul>\n<li>Fabricada en <strong>silicona quir\u00fargica 100% hipoalerg\u00e9nica<\/strong>, el material m\u00e1s seguro y biocompatible que puede entrar en contacto con nuestro cuerpo, puesto que no nos va a causar ning\u00fan tipo de reacci\u00f3n (como una alergia o inflamaci\u00f3n). Se adapta a la perfecci\u00f3n a la anatom\u00eda de cada mujer y te asegura <strong>12 horas de protecci\u00f3n<\/strong> sin tener que limpiarla constantemente.<\/li>\n<\/ul>\n<ul>\n<li>Es la alternativa m\u00e1s econ\u00f3mica al uso de otros productos desechables, ya que su resistencia permite utilizarla durante 10 a\u00f1os aproximadamente. <strong>Su coste se amortiza en 2 meses<\/strong>.<\/li>\n<\/ul>\n<ul>\n<li>En su proceso de fabricaci\u00f3n <strong>no se utilizan blanqueantes<\/strong> como el cloro, que generan dioxinas que contaminan el agua, el aire, la tierra y que se almacenan con facilidad en nuestras c\u00e9lulas adiposas. Gracias a su larga vida \u00fatil genera menos residuos que los tampones y compresas.<\/li>\n<\/ul>\n<ul>\n<li>Compatible con el <strong>anillo anticonceptivo<\/strong> y el <strong>DIU<\/strong>.<\/li>\n<\/ul>\n","protected":false},"excerpt":{"rendered":"<p>\u00bfQU\u00c9 TALLA ELEGIR? Talla S: Mujeres que no han dado a luz mediante parto natural. Talla L: Mujeres que han dado a luz por parto natural. \u00bfQU\u00c9 ES LA COPA MENSTRUAL? La copa menstrual es un recipiente fabricado en silicona quir\u00fargica que se introduce en el interior de la vagina (igual que un tamp\u00f3n) durante [&hellip;]<\/p>\n","protected":false},"featured_media":81163,"comment_status":"open","ping_status":"closed","template":"","meta":[],"product_brand":[],"product_cat":[59],"product_tag":[],"class_list":{"0":"post-2796","1":"product","2":"type-product","3":"status-publish","4":"has-post-thumbnail","6":"product_cat-sileu-cup","8":"first","9":"instock","10":"sale","11":"taxable","12":"shipping-taxable","13":"purchasable","14":"product-type-variable"},"supplier_id":null,"supplier_sku":"","barcode":null,"atum_controlled":true,"out_stock_date":null,"out_stock_threshold":null,"inheritable":false,"inbound_stock":null,"stock_on_hold":8,"sold_today":0,"sales_last_days":0,"reserved_stock":null,"customer_returns":null,"warehouse_damage":null,"lost_in_post":null,"other_logs":null,"out_stock_days":null,"lost_sales":0,"has_location":null,"update_date":"2026-04-14T11:11:12","atum_locations":[],"atum_stock_status":"instock","restock_status":false,"low_stock_amount":"","sales_update_date":null,"calc_backorders":null,"_links":{"self":[{"href":"https:\/\/sileu.com\/es\/wp-json\/wp\/v2\/product\/2796","targetHints":{"allow":["GET"]}}],"collection":[{"href":"https:\/\/sileu.com\/es\/wp-json\/wp\/v2\/product"}],"about":[{"href":"https:\/\/sileu.com\/es\/wp-json\/wp\/v2\/types\/product"}],"replies":[{"embeddable":true,"href":"https:\/\/sileu.com\/es\/wp-json\/wp\/v2\/comments?post=2796"}],"wp:featuredmedia":[{"embeddable":true,"href":"https:\/\/sileu.com\/es\/wp-json\/wp\/v2\/media\/81163"}],"wp:attachment":[{"href":"https:\/\/sileu.com\/es\/wp-json\/wp\/v2\/media?parent=2796"}],"wp:term":[{"taxonomy":"product_brand","embeddable":true,"href":"https:\/\/sileu.com\/es\/wp-json\/wp\/v2\/product_brand?post=2796"},{"taxonomy":"product_cat","embeddable":true,"href":"https:\/\/sileu.com\/es\/wp-json\/wp\/v2\/product_cat?post=2796"},{"taxonomy":"product_tag","embeddable":true,"href":"https:\/\/sileu.com\/es\/wp-json\/wp\/v2\/product_tag?post=2796"}],"curies":[{"name":"wp","href":"https:\/\/api.w.org\/{rel}","templated":true}]}}