{"id":2878,"date":"2016-07-05T16:27:13","date_gmt":"2016-07-05T16:27:13","guid":{"rendered":"http:\/\/sileu.com\/?post_type=product&#038;p=2878"},"modified":"2026-02-18T17:26:50","modified_gmt":"2026-02-18T17:26:50","slug":"esterilizador-plegable-con-tapa-sileu-para-copa-menstrual-fabricado-en-silicona-de-grado-medico-reutilizable-color-rosa-complemento-ideal-para-la-copa-menstrual","status":"publish","type":"product","link":"https:\/\/sileu.com\/es\/cup\/esterilizador-plegable-con-tapa-sileu-para-copa-menstrual-fabricado-en-silicona-de-grado-medico-reutilizable-color-rosa-complemento-ideal-para-la-copa-menstrual\/","title":{"rendered":"Sileu Clean Esterilizador de silicona Plegable con Tapa para Copa Menstrual Sileu"},"content":{"rendered":"<p>Con el <b>esterilizador plegable con tapa para copas menstruales<\/b> podr\u00e1s hervir f\u00e1cil y c\u00f3modamente tu copa menstrual en el microondas sin necesidad de utilizar tus recipientes de cocina ni pastillas esterilizadoras. Est\u00e1 fabricado en <b>silicona de grado alimentario<\/b>, 100% libre de cualquier tipo de qu\u00edmicos nocivos para la salud. Gracias a su <b>dise\u00f1o plegable<\/b>, ocupa muy poco espacio, por lo que es muy c\u00f3modo y pr\u00e1ctico: Podr\u00e1s llevar discretamente tu esterilizador a cualquier parte en tu bolso, tu neceser, tu mochila, etc. Tambi\u00e9n puedes utilizarlo para <b>guardar tu copa menstrual<\/b> cuando no la est\u00e9s utilizando o para guardar tu copa menstrual de repuesto.<\/p>\n<p>Para esterilizar tu copa menstrual, no tienes m\u00e1s que extraerla con cuidado, vaciarla y limpiarla. Introduce la copa menstrual en el esterilizador y rell\u00e9nalo de agua. Introd\u00facelo en el microondas (sin la tapa) y programa la temperatura para que el agua hierva durante 2-3 minutos. Mediante este simple proceso, tu copa menstrual quedar\u00e1 impecable de forma r\u00e1pida y eficaz, sin necesidad de utilizar tus recipientes de cocina.<\/p>\n<p>Tambi\u00e9n se puede utilizar para esterilizar la copa menstrual Sileu con <a href=\"http:\/\/sileu.com\/es\/cup\/pastillas-esterilizadoras-mini-milton-pastillas-para-esterilizar-y-desinfectar-la-copa-menstrual-sileu-ideales-para-usar-con-el-esterilizador-plegable-sileu\/\">pastillas esterilizadoras<\/a>.<\/p>\n<p>Caracter\u00edsticas:<\/p>\n<ul>\n<li>Esteriliza f\u00e1cil y r\u00e1pidamente tu copa menstrual en 3 minutos en el microondas, sin tener que utilizar tus recipientes de cocina.<\/li>\n<li>Su dise\u00f1o compacto y plegable te permitir\u00e1 guardarlo sin ocupar apenas espacio, as\u00ed como transportarlo a todas partes c\u00f3modamente<\/li>\n<li>Fabricado en silicona de grado m\u00e9dico 100% libre de componentes t\u00f3xicos para la salud.<\/li>\n<li>Reutilizable y ecol\u00f3gico; ahorrar\u00e1s dinero a la vez que ayudas al medioambiente.<\/li>\n<li>Su dise\u00f1o con tapa incluida permite utilizarlo para guardar la copa menstrual cuando no se est\u00e1 usando.<\/li>\n<\/ul>\n","protected":false},"excerpt":{"rendered":"<p>Con el esterilizador plegable con tapa para copas menstruales podr\u00e1s hervir f\u00e1cil y c\u00f3modamente tu copa menstrual en el microondas sin necesidad de utilizar tus recipientes de cocina ni pastillas esterilizadoras. Est\u00e1 fabricado en silicona de grado alimentario, 100% libre de cualquier tipo de qu\u00edmicos nocivos para la salud. Gracias a su dise\u00f1o plegable, ocupa [&hellip;]<\/p>\n","protected":false},"featured_media":78208,"comment_status":"open","ping_status":"closed","template":"","meta":[],"product_brand":[],"product_cat":[60],"product_tag":[],"class_list":{"0":"post-2878","1":"product","2":"type-product","3":"status-publish","4":"has-post-thumbnail","6":"product_cat-sileu-clean","8":"first","9":"instock","10":"sale","11":"taxable","12":"shipping-taxable","13":"purchasable","14":"product-type-variable"},"supplier_id":null,"supplier_sku":"","barcode":null,"atum_controlled":true,"out_stock_date":null,"out_stock_threshold":null,"inheritable":false,"inbound_stock":null,"stock_on_hold":12,"sold_today":0,"sales_last_days":0,"reserved_stock":null,"customer_returns":null,"warehouse_damage":null,"lost_in_post":null,"other_logs":null,"out_stock_days":null,"lost_sales":0,"has_location":null,"update_date":"2026-02-19T11:09:33","atum_locations":[],"atum_stock_status":"instock","restock_status":false,"low_stock_amount":"","sales_update_date":null,"calc_backorders":null,"_links":{"self":[{"href":"https:\/\/sileu.com\/es\/wp-json\/wp\/v2\/product\/2878","targetHints":{"allow":["GET"]}}],"collection":[{"href":"https:\/\/sileu.com\/es\/wp-json\/wp\/v2\/product"}],"about":[{"href":"https:\/\/sileu.com\/es\/wp-json\/wp\/v2\/types\/product"}],"replies":[{"embeddable":true,"href":"https:\/\/sileu.com\/es\/wp-json\/wp\/v2\/comments?post=2878"}],"wp:featuredmedia":[{"embeddable":true,"href":"https:\/\/sileu.com\/es\/wp-json\/wp\/v2\/media\/78208"}],"wp:attachment":[{"href":"https:\/\/sileu.com\/es\/wp-json\/wp\/v2\/media?parent=2878"}],"wp:term":[{"taxonomy":"product_brand","embeddable":true,"href":"https:\/\/sileu.com\/es\/wp-json\/wp\/v2\/product_brand?post=2878"},{"taxonomy":"product_cat","embeddable":true,"href":"https:\/\/sileu.com\/es\/wp-json\/wp\/v2\/product_cat?post=2878"},{"taxonomy":"product_tag","embeddable":true,"href":"https:\/\/sileu.com\/es\/wp-json\/wp\/v2\/product_tag?post=2878"}],"curies":[{"name":"wp","href":"https:\/\/api.w.org\/{rel}","templated":true}]}}