{"id":3194,"date":"2016-08-04T18:00:14","date_gmt":"2016-08-04T18:00:14","guid":{"rendered":"http:\/\/sileu.com\/es\/?post_type=product&#038;p=3194"},"modified":"2025-10-10T09:04:59","modified_gmt":"2025-10-10T09:04:59","slug":"copa-menstrual-sileucup-bell","status":"publish","type":"product","link":"https:\/\/sileu.com\/es\/cup\/copa-menstrual-sileucup-bell\/","title":{"rendered":"Sileu Bell copa menstrual"},"content":{"rendered":"<p style=\"text-align: center;\"><strong>\u00bfQU\u00c9 TALLA ELEGIR?<\/strong><\/p>\n<ul>\n<li>Talla S: Mujeres que no han dado a luz mediante parto natural.<\/li>\n<li>Talla L: Mujeres que han dado a luz por parto natural.<\/li>\n<\/ul>\n<p style=\"text-align: center;\"><strong>\u00bfQU\u00c9 ES LA COPA MENSTRUAL?<\/strong><\/p>\n<p><b>La copa menstrual<\/b> es un recipiente fabricado en silicona quir\u00fargica que se introduce en el interior de la vagina (igual que un tamp\u00f3n) durante la menstruaci\u00f3n, adapt\u00e1ndose a las paredes vaginales de cada mujer en todo momento, sin que tengas que preocuparte por que se te mueva.<\/p>\n<p>La copa recoge el flujo menstrual en su interior, pudi\u00e9ndose llevar <b>hasta 12h<\/b> en el interior sin tener que preocuparse. Es m\u00e1s econ\u00f3mica al uso que otros productos desechables, ya que con un adecuado mantenimiento puede durar hasta 10 a\u00f1os y su coste se amortiza en dos meses.<\/p>\n<p>Cuando finaliza el ciclo, no hay m\u00e1s que esterilizarla con agua hirviendo en un esterilizador de copas menstruales o un cazo y guardarla en tu bolsita hasta la siguiente menstruaci\u00f3n.<\/p>\n<p>Todas nuestras copas menstruales se fabrican utilizando<strong> silicona alemana de grado m\u00e9dico, certificada con el ISO 10993<\/strong>, al igual que nuestro colorante rojo, que es <strong>org\u00e1nico y tambi\u00e9n certificado con el ISO 10993<\/strong>. El color transparente en nuestras copas no contiene pigmento alguno.<\/p>\n<p>Cada copa menstrual viene en una bolsa sellada para garantizar su total higiene. Esta bolsa est\u00e1 hecha con PLA, un material no pl\u00e1stico y biodegradable por lo cual se contribuye al medio ambiente al ser <strong>#zero plastic<\/strong> y <strong>#zero waste<\/strong>.<\/p>\n<p>Incluimos de regalo en todas nuestras copas una <strong>bolsa de algod\u00f3n org\u00e1nico con certificaci\u00f3n GOTS<\/strong> para que puedas guardarla cuando no la est\u00e9s usando.<\/p>\n<p>Ninguna bacteria puede permanecer en su superficie totalmente lisa y que no absorbe ning\u00fan l\u00edquido, por lo que no se producen alteraciones en el entorno vaginal natural. Al ser de silicona m\u00e9dica, <b>no ara\u00f1a ni seca<\/b> las paredes vaginales y <b>tampoco deja restos de fibras<\/b> (a diferencia de los tampones y compresas adicionales).<\/p>\n<p>Es compatible con el uso del DIU y el anillo anticonceptivo. El uso de la copa menstrual no est\u00e1 asociado a ning\u00fan caso conocido de S\u00edndrome de Shock T\u00f3xico (SST). Nuestra silicona es eco-friendly. Con su uso, <b>evitas tener que usar compresas y tampones,<\/b> altamente contaminantes para el medio ambiente, ya que en la fabricaci\u00f3n de estos productos se utilizan diversos productos qu\u00edmicos como blanqueantes industriales, y adem\u00e1s, tardan much\u00edsimos a\u00f1os en degradarse.<\/p>\n","protected":false},"excerpt":{"rendered":"<p>\u00bfQU\u00c9 TALLA ELEGIR? Talla S: Mujeres que no han dado a luz mediante parto natural. Talla L: Mujeres que han dado a luz por parto natural. \u00bfQU\u00c9 ES LA COPA MENSTRUAL? La copa menstrual es un recipiente fabricado en silicona quir\u00fargica que se introduce en el interior de la vagina (igual que un tamp\u00f3n) durante [&hellip;]<\/p>\n","protected":false},"featured_media":81361,"comment_status":"open","ping_status":"closed","template":"","meta":[],"product_brand":[],"product_cat":[59],"product_tag":[],"class_list":{"0":"post-3194","1":"product","2":"type-product","3":"status-publish","4":"has-post-thumbnail","6":"product_cat-sileu-cup","8":"first","9":"outofstock","10":"sale","11":"taxable","12":"shipping-taxable","13":"purchasable","14":"product-type-variable"},"supplier_id":null,"supplier_sku":"","barcode":null,"atum_controlled":true,"out_stock_date":null,"out_stock_threshold":null,"inheritable":true,"inbound_stock":0,"stock_on_hold":43,"sold_today":0,"sales_last_days":0,"reserved_stock":0,"customer_returns":0,"warehouse_damage":0,"lost_in_post":0,"other_logs":0,"out_stock_days":null,"lost_sales":0,"has_location":false,"update_date":"2025-10-10T09:13:35","atum_locations":[],"atum_stock_status":"outofstock","restock_status":false,"low_stock_amount":"","sales_update_date":"2025-06-10T19:39:33","calc_backorders":null,"_links":{"self":[{"href":"https:\/\/sileu.com\/es\/wp-json\/wp\/v2\/product\/3194","targetHints":{"allow":["GET"]}}],"collection":[{"href":"https:\/\/sileu.com\/es\/wp-json\/wp\/v2\/product"}],"about":[{"href":"https:\/\/sileu.com\/es\/wp-json\/wp\/v2\/types\/product"}],"replies":[{"embeddable":true,"href":"https:\/\/sileu.com\/es\/wp-json\/wp\/v2\/comments?post=3194"}],"wp:featuredmedia":[{"embeddable":true,"href":"https:\/\/sileu.com\/es\/wp-json\/wp\/v2\/media\/81361"}],"wp:attachment":[{"href":"https:\/\/sileu.com\/es\/wp-json\/wp\/v2\/media?parent=3194"}],"wp:term":[{"taxonomy":"product_brand","embeddable":true,"href":"https:\/\/sileu.com\/es\/wp-json\/wp\/v2\/product_brand?post=3194"},{"taxonomy":"product_cat","embeddable":true,"href":"https:\/\/sileu.com\/es\/wp-json\/wp\/v2\/product_cat?post=3194"},{"taxonomy":"product_tag","embeddable":true,"href":"https:\/\/sileu.com\/es\/wp-json\/wp\/v2\/product_tag?post=3194"}],"curies":[{"name":"wp","href":"https:\/\/api.w.org\/{rel}","templated":true}]}}