{"id":3667,"date":"2016-11-22T18:34:05","date_gmt":"2016-11-22T18:34:05","guid":{"rendered":"http:\/\/sileu.com\/es\/?post_type=product&#038;p=3667"},"modified":"2026-04-11T12:44:13","modified_gmt":"2026-04-11T12:44:13","slug":"pastillas-esterilizadoras-mini-milton-pastillas-para-esterilizar-y-desinfectar-la-copa-menstrual-sileu-ideales-para-usar-con-el-esterilizador-plegable-sileu","status":"publish","type":"product","link":"https:\/\/sileu.com\/es\/cup\/pastillas-esterilizadoras-mini-milton-pastillas-para-esterilizar-y-desinfectar-la-copa-menstrual-sileu-ideales-para-usar-con-el-esterilizador-plegable-sileu\/","title":{"rendered":"Milton Pastillas Esterilizadoras para Copa Menstrual Sileu"},"content":{"rendered":"<p>CADUCIDAD: JULIO 2026<\/p>\n<p><b>Milton es una pastilla esterilizadora que te permite esterilizar tu copa menstrual Sileu en agua fr\u00eda en tan s\u00f3lo 15 minutos, produciendo el mismo efecto que si la hirvieses<\/b>. No es necesario enjuagar la copa despu\u00e9s de la esterilizaci\u00f3n. Milton est\u00e1 dise\u00f1ado para eliminar el 99,9% de los g\u00e9rmenes (bacterias, hongos y virus) y su soluci\u00f3n permanece est\u00e9ril durante 24 horas, por lo que se puede reutilizar durante todo ese tiempo. Adecuada para desinfectar art\u00edculos para el beb\u00e9 como biberones, tetinas, chupetes, mordedores, y tu copa menstrual.<\/p>\n<p><b>\u00bfC\u00f3mo usar Milton con la copa menstrual?<\/b><\/p>\n<p>Limpia la copa como haces habitualmente.. Disuelve una pastilla Milton en unos 100 ml de agua fr\u00eda, para ello puedes utilizar nuestros esterilizadores de silicona plegables, ya que son ideales para este uso. Sumerge por completo la copa menstrual dentro de la soluci\u00f3n esterilizadora, evitando dejar zonas al aire. Una vez pasados 15 minutos, lava tus manos y retira la copa menstrual de la soluci\u00f3n. Deja secar y ya est\u00e1 lista para ser utilizada.<\/p>\n<p><b>Beneficios de esterilizar la copa menstrual Sileu con Milton:<\/b><\/p>\n<p>&#8211; Evitas el riesgo de quemar tu copa menstrual al hervirla por un despiste, por calcular mal el tiempo, etc.<br \/>\n&#8211; La copa recuperar\u00e1 en buena medida su color original, ya que suelen adquirir un tono rojizo por su uso.<br \/>\n&#8211; Es ideal cuando vas de viaje o camping, o simplemente est\u00e9s fuera de casa o en el trabajo, ya que te otorga mayor flexibilidad y la posibilidad de esterilizar tu copa cada vez que quieras.<br \/>\n&#8211; Puedes dejar la copa dentro de la soluci\u00f3n hasta 24 horas y permanecer\u00e1 perfectamente esterilizada durante ese tiempo.<\/p>\n<p><b>Tiempo de eliminaci\u00f3n de pat\u00f3genos:<\/b><\/p>\n<p>1 minuto: bactericida EN104, listeria, salmonella, campylobacter.<br \/>\n5 minutos: EN1276 bactericida.<br \/>\n15 minutos: Virucida NFT72-180.<\/p>\n","protected":false},"excerpt":{"rendered":"<p>CADUCIDAD: JULIO 2026 Milton es una pastilla esterilizadora que te permite esterilizar tu copa menstrual Sileu en agua fr\u00eda en tan s\u00f3lo 15 minutos, produciendo el mismo efecto que si la hirvieses. No es necesario enjuagar la copa despu\u00e9s de la esterilizaci\u00f3n. Milton est\u00e1 dise\u00f1ado para eliminar el 99,9% de los g\u00e9rmenes (bacterias, hongos y [&hellip;]<\/p>\n","protected":false},"featured_media":11367,"comment_status":"open","ping_status":"closed","template":"","meta":[],"product_brand":[],"product_cat":[60],"product_tag":[],"class_list":{"0":"post-3667","1":"product","2":"type-product","3":"status-publish","4":"has-post-thumbnail","6":"product_cat-sileu-clean","8":"first","9":"instock","10":"sale","11":"taxable","12":"shipping-taxable","13":"purchasable","14":"product-type-variable"},"supplier_id":null,"supplier_sku":"","barcode":null,"atum_controlled":true,"out_stock_date":null,"out_stock_threshold":null,"inheritable":true,"inbound_stock":0,"stock_on_hold":2,"sold_today":0,"sales_last_days":0,"reserved_stock":0,"customer_returns":0,"warehouse_damage":0,"lost_in_post":0,"other_logs":0,"out_stock_days":null,"lost_sales":0,"has_location":false,"update_date":"2026-04-13T07:36:41","atum_locations":[],"atum_stock_status":"instock","restock_status":false,"low_stock_amount":"","sales_update_date":"2025-06-10T19:39:31","calc_backorders":null,"_links":{"self":[{"href":"https:\/\/sileu.com\/es\/wp-json\/wp\/v2\/product\/3667","targetHints":{"allow":["GET"]}}],"collection":[{"href":"https:\/\/sileu.com\/es\/wp-json\/wp\/v2\/product"}],"about":[{"href":"https:\/\/sileu.com\/es\/wp-json\/wp\/v2\/types\/product"}],"replies":[{"embeddable":true,"href":"https:\/\/sileu.com\/es\/wp-json\/wp\/v2\/comments?post=3667"}],"wp:featuredmedia":[{"embeddable":true,"href":"https:\/\/sileu.com\/es\/wp-json\/wp\/v2\/media\/11367"}],"wp:attachment":[{"href":"https:\/\/sileu.com\/es\/wp-json\/wp\/v2\/media?parent=3667"}],"wp:term":[{"taxonomy":"product_brand","embeddable":true,"href":"https:\/\/sileu.com\/es\/wp-json\/wp\/v2\/product_brand?post=3667"},{"taxonomy":"product_cat","embeddable":true,"href":"https:\/\/sileu.com\/es\/wp-json\/wp\/v2\/product_cat?post=3667"},{"taxonomy":"product_tag","embeddable":true,"href":"https:\/\/sileu.com\/es\/wp-json\/wp\/v2\/product_tag?post=3667"}],"curies":[{"name":"wp","href":"https:\/\/api.w.org\/{rel}","templated":true}]}}