{"id":5621,"date":"2017-12-12T17:43:29","date_gmt":"2017-12-12T17:43:29","guid":{"rendered":"http:\/\/sileu.com\/?post_type=product&#038;p=5621"},"modified":"2026-04-15T18:55:02","modified_gmt":"2026-04-15T18:55:02","slug":"copa-menstrual-sileucup-rose","status":"publish","type":"product","link":"https:\/\/sileu.com\/es\/cup\/copa-menstrual-sileucup-rose\/","title":{"rendered":"Sileu Rose Copa Menstrual"},"content":{"rendered":"<p style=\"text-align: center;\"><strong>\u00bfQU\u00c9 TALLA ELEGIR?<\/strong><\/p>\n<ul>\n<li>Talla XS: Talla extra peque\u00f1a, recomendada para adolescentes, mujeres con el c\u00e9rvix muy bajo o con muy poco flujo menstrual.<\/li>\n<li>Talla S: Mujeres que no han dado a luz mediante parto natural.<\/li>\n<li>Talla L: Mujeres que han dado a luz por parto natural.<\/li>\n<\/ul>\n<p style=\"text-align: center;\"><strong>\u00bfQU\u00c9 FLEXIBILIDAD ELEGIR?<\/strong><\/p>\n<ul>\n<li>La copa menstrual <strong>Sileu Rose Sport<\/strong> tiene una flexibilidad de 2. Es menos flexible que otros modelos, para de esta manera adaptarse a la perfecci\u00f3n a las paredes vaginales y evitar fugas, sobre todo en aquellas mujeres que se ejercitan con frecuencia y practican deportes como pilates, yoga, danza, equitaci\u00f3n, etc. Tambi\u00e9n est\u00e1 recomendada para mujeres con suelo p\u00e9lvico fuerte y ejercitado (por ejemplo, que practica ejercicios Kegel) y para deportistas y atletas de competici\u00f3n.<\/li>\n<li>La copa menstrual <strong>Sileu Rose Standard<\/strong> tiene una flexibilidad de 5. Esto la hace ideal como modelo de inciciaci\u00f3n o si no se est\u00e1 muy segura de qu\u00e9 flexibilidad escoger al comienzo para probar. Este es nuestro modelo estrella m\u00e1s popular y la elecci\u00f3n m\u00e1s frecuente entre las mujeres que usan nuestras copas menstruales ya que debido a su dise\u00f1o, es muy f\u00e1cil de poner y que se abra correctamente.<\/li>\n<li>La copa menstrual <strong>Sileu Rose Soft<\/strong> tiene una flexibilidad de 9. Es nuestra copa menstrual m\u00e1s blanda y flexible y est\u00e1 recomendada para mujeres con el suelo p\u00e9lvico d\u00e9bil, poco ejercitado y sensible, como por ejemplo, en el caso de mujeres que dieron recientemente a luz y nuevamente comienzan a tener la regla o mujeres que suelen padecer con frecuencia infecciones vaginales y\/o urinarias tales como cistitis.<\/li>\n<\/ul>\n<p style=\"text-align: center;\"><strong>Si tienes dudas acerca de qu\u00e9 talla y flexibilidad ser\u00eda la m\u00e1s adecuada para ti, cont\u00e1ctanos, estamos aqu\u00ed para ayudarte.<\/strong><\/p>\n<p style=\"text-align: center;\"><strong>ACERCA DE SILEU ROSE COPA MENSTRUAL<\/strong><\/p>\n<p>Nuestro modelo Rose est\u00e1 especialmente <strong>dise\u00f1ado y testado por nosotras mismas<\/strong>, el equipo de SileuCup, para garantizar la mayor comodidad y confort en su uso diario. Tiene un dise\u00f1o <strong>realizado en Espa\u00f1a<\/strong> totalmente \u00fanico e inimitable, asemej\u00e1ndose a una hermosa rosa de color rojo o transparente mate seg\u00fan tu elecci\u00f3n.<\/p>\n<p>Esta bonita copa menstrual tiene el tacto de un p\u00e9talo de flor, siendo muy suave a la vez que firme, para garantizar que se abra sin ning\u00fan problema al introducirla y que sea gentil y delicada con la zona \u00edntima, ya que no ara\u00f1a, seca, ni deja ning\u00fan tipo de residuo. \u00a1Nunca habr\u00e1s probado una copa m\u00e1s suave ni f\u00e1cil de colocar!<\/p>\n<p>Todas nuestras copas menstruales se fabrican utilizando<strong> silicona alemana de grado m\u00e9dico, certificada con el ISO 10993<\/strong>, al igual que nuestro colorante rojo, que es <strong>org\u00e1nico y tambi\u00e9n certificado con el ISO 10993<\/strong>. El color transparente en nuestras copas no contiene pigmento alguno.<\/p>\n<p>Cada copa menstrual viene en una bolsa sellada para garantizar su total higiene. Esta bolsa est\u00e1 hecha con PLA, un material no pl\u00e1stico y biodegradable por lo cual se contribuye al medio ambiente al ser <strong>#zero plastic<\/strong> y <strong>#zero waste<\/strong>.<\/p>\n<p>Incluimos de regalo en todas nuestras copas una <strong>bolsa de algod\u00f3n org\u00e1nico con certificaci\u00f3n GOTS<\/strong> para que puedas guardarla cuando no la est\u00e9s usando.<\/p>\n<p>Hemos realizado el cuerpo de la copa con mayor capacidad sin que por ello pierda comodidad al hacerla m\u00e1s alargada. Podemos llevarla en el interior <strong>hasta 12 horas<\/strong> sin preocupaci\u00f3n, teniendo una capacidad suficiente para durar todo ese tiempo sin llenarse por completo, incluso en los casos de mayor abundancia de flujo.<\/p>\n<p>El tallo se puede acortar sin problemas a la altura que se desee, e incluso se puede eliminar por completo.<\/p>\n<p>Con un mantenimiento adecuado, la copa Sileu Rose puede durar hasta 10 a\u00f1os sin problemas, con el consecuente ahorro econ\u00f3mico que supone no gastar dinero en otros m\u00e9todos para la regla y reduciendo dr\u00e1sticamente nuestro impacto medioambiental personal.<\/p>\n<p>Las compresas y los tampones est\u00e1n fabricadas con fibras tratadas con productos qu\u00edmicos como los blanqueantes que, no s\u00f3lo resultan perjudiciales para nosotras sino que resultan tambi\u00e9n altamente contaminantes. Utilizando una copa menstrual, ponemos nuestro granito de arena a la conservaci\u00f3n de los ecosistemas y cuantas m\u00e1s seamos, \u00a1mayores resultados lograremos!<\/p>\n<p>No hay problema en usar <strong>Sileu Rose<\/strong> si utilizamos anticonceptivos como el DIU o el anillo anticonceptivo.<\/p>\n<p style=\"text-align: center;\"><strong>\u00bfQU\u00c9 VOY A RECIBIR?<\/strong><\/p>\n<p>El pack incluye la copa menstrual de la talla y color elegida sellada en una bolsa de PLA biodegradable, una bolsa de <strong>algod\u00f3n org\u00e1nico con certificaci\u00f3n GOTS<\/strong> para guardarla, un manual de instrucciones multilenguaje (espa\u00f1ol, ingl\u00e9s, franc\u00e9s, alem\u00e1n, italiano, ruso y portugu\u00e9s) que incluye \u00fatiles im\u00e1genes y consejos para ponerla y extraerla y una caja de cart\u00f3n.<\/p>\n","protected":false},"excerpt":{"rendered":"<p>\u00bfQU\u00c9 TALLA ELEGIR? Talla XS: Talla extra peque\u00f1a, recomendada para adolescentes, mujeres con el c\u00e9rvix muy bajo o con muy poco flujo menstrual. Talla S: Mujeres que no han dado a luz mediante parto natural. Talla L: Mujeres que han dado a luz por parto natural. \u00bfQU\u00c9 FLEXIBILIDAD ELEGIR? La copa menstrual Sileu Rose Sport [&hellip;]<\/p>\n","protected":false},"featured_media":81071,"comment_status":"open","ping_status":"closed","template":"","meta":[],"product_brand":[],"product_cat":[59],"product_tag":[],"class_list":{"0":"post-5621","1":"product","2":"type-product","3":"status-publish","4":"has-post-thumbnail","6":"product_cat-sileu-cup","8":"first","9":"instock","10":"sale","11":"featured","12":"taxable","13":"shipping-taxable","14":"purchasable","15":"product-type-variable"},"supplier_id":null,"supplier_sku":"","barcode":null,"atum_controlled":true,"out_stock_date":null,"out_stock_threshold":null,"inheritable":false,"inbound_stock":0,"stock_on_hold":14,"sold_today":0,"sales_last_days":0,"reserved_stock":0,"customer_returns":0,"warehouse_damage":0,"lost_in_post":0,"other_logs":0,"out_stock_days":null,"lost_sales":0,"has_location":false,"update_date":"2026-04-16T09:02:42","atum_locations":[],"atum_stock_status":"instock","restock_status":false,"low_stock_amount":"","sales_update_date":"2025-06-10T19:39:25","calc_backorders":null,"_links":{"self":[{"href":"https:\/\/sileu.com\/es\/wp-json\/wp\/v2\/product\/5621","targetHints":{"allow":["GET"]}}],"collection":[{"href":"https:\/\/sileu.com\/es\/wp-json\/wp\/v2\/product"}],"about":[{"href":"https:\/\/sileu.com\/es\/wp-json\/wp\/v2\/types\/product"}],"replies":[{"embeddable":true,"href":"https:\/\/sileu.com\/es\/wp-json\/wp\/v2\/comments?post=5621"}],"wp:featuredmedia":[{"embeddable":true,"href":"https:\/\/sileu.com\/es\/wp-json\/wp\/v2\/media\/81071"}],"wp:attachment":[{"href":"https:\/\/sileu.com\/es\/wp-json\/wp\/v2\/media?parent=5621"}],"wp:term":[{"taxonomy":"product_brand","embeddable":true,"href":"https:\/\/sileu.com\/es\/wp-json\/wp\/v2\/product_brand?post=5621"},{"taxonomy":"product_cat","embeddable":true,"href":"https:\/\/sileu.com\/es\/wp-json\/wp\/v2\/product_cat?post=5621"},{"taxonomy":"product_tag","embeddable":true,"href":"https:\/\/sileu.com\/es\/wp-json\/wp\/v2\/product_tag?post=5621"}],"curies":[{"name":"wp","href":"https:\/\/api.w.org\/{rel}","templated":true}]}}