{"id":7206,"date":"2018-10-16T18:18:01","date_gmt":"2018-10-16T18:18:01","guid":{"rendered":"https:\/\/sileu.com\/?post_type=product&#038;p=7206"},"modified":"2026-03-31T13:40:01","modified_gmt":"2026-03-31T13:40:01","slug":"estuche-sileucase-copas-menstruales-ideal-llevar-tampon-copa-menstrual-forma-elegante-discreta-bolso-viajes","status":"publish","type":"product","link":"https:\/\/sileu.com\/es\/cup\/estuche-sileucase-copas-menstruales-ideal-llevar-tampon-copa-menstrual-forma-elegante-discreta-bolso-viajes\/","title":{"rendered":"Estuche SileuCase para copas menstruales &#8211; Ideal para llevar tu tamp\u00f3n o copa menstrual de forma elegante y discreta en tu bolso o para viajes"},"content":{"rendered":"<p>Con este\u00a0pr\u00e1ctico y bonito estuche en forma de rosa podr\u00e1s transportar de forma c\u00f3moda, discreta y elegante tu copa menstrual en el bolso, en la mochila, en la maleta al ir de viaje, en la guantera del coche o donde t\u00fa prefieras.<\/p>\n<p>Si te baja la regla mientras que est\u00e1s en el trabajo, en una reuni\u00f3n, en la calle, en el gimnasio, etc podr\u00e1s ir de forma discreta al ba\u00f1o con el estuche Sileu en la mano o en el bolso con total privacidad y sin que nadie vea que llevas.<\/p>\n<p>Este estuche est\u00e1 especialmente dise\u00f1ado para guardar la copa menstrual, de esta manera estar\u00e1 protegida del polvo, pelusas y suciedad, as\u00ed como de que se pueda ara\u00f1ar o da\u00f1ar con otros objetos que transportemos, siempre estar\u00e1 lista para utilizar cuando se necesite.<\/p>\n<p>Est\u00e1 fabricado en espuma r\u00edgida, indeformable y resistente. Adem\u00e1s, incorpora en su interior una redecilla para enganchar la copa y evitar que se mueva o se pueda caer repentinamente al abrir el estuche.<\/p>\n<p>El estuche est\u00e1 disponible en varios colores a elegir y en dos tama\u00f1os:<\/p>\n<ul>\n<li>El tama\u00f1o peque\u00f1o (8 cm de di\u00e1metro): Es ideal para transportar una sola copa menstrual de forma discreta para utilizar en cualquier momento y evitar que se pierda en por el fondo del bolso, mochila, maleta, bolsa, etc<\/li>\n<li>El tama\u00f1o grande (10 cm de di\u00e1metro): Es ideal como pack de viaje, ya que su tama\u00f1o permite guardar una copa menstrual, el esterilizador de copas menstruales Sileu Clean e incluso algunas mini pastillas esterilizadoras para limpiar la copa cuando nos encontramos fuera de casa. Tambi\u00e9n se puede utilizar para guardar dos copas menstruales y mantenerlas limpias y preparadas hasta el momento de usarlas.<\/li>\n<\/ul>\n<p>Con este pr\u00e1ctico estuche, se acabaron los apuros cuando la regla baja repentinamente, \u00a1siempre tendr\u00e1s tu copa menstrual Sileu lista para utilizar en cualquier momento y lugar!<\/p>\n<p><strong>**Comprando este producto usted recibir\u00e1 un estuche Sileu del color y tama\u00f1o elegido. Copa y accesorios no incluidos.<\/strong><\/p>\n","protected":false},"excerpt":{"rendered":"<p>Con este\u00a0pr\u00e1ctico y bonito estuche en forma de rosa podr\u00e1s transportar de forma c\u00f3moda, discreta y elegante tu copa menstrual en el bolso, en la mochila, en la maleta al ir de viaje, en la guantera del coche o donde t\u00fa prefieras. Si te baja la regla mientras que est\u00e1s en el trabajo, en una [&hellip;]<\/p>\n","protected":false},"featured_media":81064,"comment_status":"open","ping_status":"closed","template":"","meta":[],"product_brand":[],"product_cat":[4128],"product_tag":[],"class_list":{"0":"post-7206","1":"product","2":"type-product","3":"status-publish","4":"has-post-thumbnail","6":"product_cat-neceser","8":"first","9":"instock","10":"sale","11":"featured","12":"taxable","13":"shipping-taxable","14":"purchasable","15":"product-type-variable"},"supplier_id":null,"supplier_sku":"","barcode":null,"atum_controlled":true,"out_stock_date":null,"out_stock_threshold":null,"inheritable":false,"inbound_stock":0,"stock_on_hold":6,"sold_today":0,"sales_last_days":0,"reserved_stock":0,"customer_returns":0,"warehouse_damage":0,"lost_in_post":0,"other_logs":0,"out_stock_days":null,"lost_sales":0,"has_location":false,"update_date":"2026-03-31T13:40:02","atum_locations":[],"atum_stock_status":"instock","restock_status":false,"low_stock_amount":"","sales_update_date":"2025-06-10T19:39:19","calc_backorders":null,"_links":{"self":[{"href":"https:\/\/sileu.com\/es\/wp-json\/wp\/v2\/product\/7206","targetHints":{"allow":["GET"]}}],"collection":[{"href":"https:\/\/sileu.com\/es\/wp-json\/wp\/v2\/product"}],"about":[{"href":"https:\/\/sileu.com\/es\/wp-json\/wp\/v2\/types\/product"}],"replies":[{"embeddable":true,"href":"https:\/\/sileu.com\/es\/wp-json\/wp\/v2\/comments?post=7206"}],"wp:featuredmedia":[{"embeddable":true,"href":"https:\/\/sileu.com\/es\/wp-json\/wp\/v2\/media\/81064"}],"wp:attachment":[{"href":"https:\/\/sileu.com\/es\/wp-json\/wp\/v2\/media?parent=7206"}],"wp:term":[{"taxonomy":"product_brand","embeddable":true,"href":"https:\/\/sileu.com\/es\/wp-json\/wp\/v2\/product_brand?post=7206"},{"taxonomy":"product_cat","embeddable":true,"href":"https:\/\/sileu.com\/es\/wp-json\/wp\/v2\/product_cat?post=7206"},{"taxonomy":"product_tag","embeddable":true,"href":"https:\/\/sileu.com\/es\/wp-json\/wp\/v2\/product_tag?post=7206"}],"curies":[{"name":"wp","href":"https:\/\/api.w.org\/{rel}","templated":true}]}}