{"id":7769,"date":"2019-03-21T09:31:50","date_gmt":"2019-03-21T09:31:50","guid":{"rendered":"https:\/\/sileu.com\/?post_type=product&#038;p=7769"},"modified":"2026-03-31T13:39:58","modified_gmt":"2026-03-31T13:39:58","slug":"pack-diario-sileu-passion-sweet-copa-menstrual-rose-modelo-iniciacion-para-principiantes-y-adolescentes-alternativa-ecologica-natural-a-tampones-y-compresas-estuche-en-forma-de-flor","status":"publish","type":"product","link":"https:\/\/sileu.com\/es\/cup\/pack-diario-sileu-passion-sweet-copa-menstrual-rose-modelo-iniciacion-para-principiantes-y-adolescentes-alternativa-ecologica-natural-a-tampones-y-compresas-estuche-en-forma-de-flor\/","title":{"rendered":"Sileu Go: Copa menstrual Sileu Rose + Estuche en forma de flor 8 cm"},"content":{"rendered":"<p style=\"text-align: center;\"><strong>\u00bfQU\u00c9 TALLA ELEGIR?<\/strong><\/p>\n<ul>\n<li>Talla XS: Talla extra peque\u00f1a, recomendada para adolescentes, mujeres con el c\u00e9rvix muy bajo o con muy poco flujo menstrual.<\/li>\n<li>Talla S: Mujeres que no han dado a luz mediante parto natural.<\/li>\n<li>Talla L: Mujeres que han dado a luz por parto natural.<\/li>\n<\/ul>\n<p style=\"text-align: center;\"><strong>\u00bfQU\u00c9 FLEXIBILIDAD ELEGIR?<\/strong><\/p>\n<ul>\n<li>La copa menstrual <strong>Sileu Rose Sport<\/strong> tiene una flexibilidad de 2. Es menos flexible que otros modelos, para de esta manera adaptarse a la perfecci\u00f3n a las paredes vaginales y evitar fugas, sobre todo en aquellas mujeres que se ejercitan con frecuencia y practican deportes como pilates, yoga, danza, equitaci\u00f3n, etc. Tambi\u00e9n est\u00e1 recomendada para mujeres con suelo p\u00e9lvico fuerte y ejercitado (por ejemplo, que practica ejercicios Kegel) y para deportistas y atletas de competici\u00f3n.<\/li>\n<li>La copa menstrual <strong>Sileu Rose Standard<\/strong> tiene una flexibilidad de 5. Esto la hace ideal como modelo de inciciaci\u00f3n o si no se est\u00e1 muy segura de qu\u00e9 flexibilidad escoger al comienzo para probar. Este es nuestro modelo estrella m\u00e1s popular y la elecci\u00f3n m\u00e1s frecuente entre las mujeres que usan nuestras copas menstruales ya que debido a su dise\u00f1o, es muy f\u00e1cil de poner y que se abra correctamente.<\/li>\n<li>La copa menstrual <strong>Sileu Rose Soft<\/strong> tiene una flexibilidad de 9. Es nuestra copa menstrual m\u00e1s blanda y flexible y est\u00e1 recomendada para mujeres con el suelo p\u00e9lvico d\u00e9bil, poco ejercitado y sensible, como por ejemplo, en el caso de mujeres que dieron recientemente a luz y nuevamente comienzan a tener la regla o mujeres que suelen padecer con frecuencia infecciones vaginales y\/o urinarias tales como cistitis.<\/li>\n<\/ul>\n<p style=\"text-align: center;\"><strong>Si tienes dudas acerca de qu\u00e9 talla y flexibilidad ser\u00eda la m\u00e1s adecuada para ti, cont\u00e1ctanos, estamos aqu\u00ed para ayudarte.<\/strong><\/p>\n<p style=\"text-align: center;\"><strong>ACERCA DE SILEU GO<\/strong><\/p>\n<p>Con el pack este pack de diario Sileu Go podr\u00e1s transportar de forma c\u00f3moda, discreta y elegante tu copa menstrual Sileu Rose y tu esterilizador en el bolso, en la mochila, en la maleta al ir de viaje, en la guantera del coche o donde t\u00fa prefieras. Si te baja la regla cuando no te encuentras en casa, podr\u00e1s ir de forma discreta al ba\u00f1o con el estuche Sileu en la mano o en el bolso con total privacidad y sin que nadie vea que llevas.<\/p>\n<p>Todas nuestras copas menstruales se fabrican utilizando<strong> silicona alemana de grado m\u00e9dico, certificada con el ISO 10993<\/strong>, al igual que nuestro colorante rojo, que es <strong>org\u00e1nico y tambi\u00e9n certificado con el ISO 10993<\/strong>. El color transparente en nuestras copas no contiene pigmento alguno.<\/p>\n<p>Cada copa menstrual viene en una bolsa sellada para garantizar su total higiene. Esta bolsa est\u00e1 hecha con PLA, un material no pl\u00e1stico y biodegradable por lo cual se contribuye al medio ambiente al ser <strong>#zero plastic<\/strong> y <strong>#zero waste<\/strong>.<\/p>\n<p>Incluimos de regalo en todas nuestras copas una <strong>bolsa de algod\u00f3n org\u00e1nico con certificaci\u00f3n GOTS<\/strong> para que puedas guardarla cuando no la est\u00e9s usando.<\/p>\n<p>El estuche mide <strong>8 cm de di\u00e1metro<\/strong> y est\u00e1 especialmente dise\u00f1ado para guardar la copa menstrual, de esta manera estar\u00e1 protegida del polvo, pelusas y suciedad, as\u00ed como de que se pueda ara\u00f1ar o da\u00f1ar con otros objetos que transportemos, siempre estar\u00e1 lista para utilizar cuando se necesite. Est\u00e1 fabricado en espuma r\u00edgida y resistente. Adem\u00e1s, incorpora en su interior una redecilla para enganchar la copa y evitar que se mueva o se pueda caer al abrir el estuche.<\/p>\n<p><b>Con este pr\u00e1ctico pack, se acabaron los apuros cuando la regla baja repentinamente, \u00a1siempre tendr\u00e1s tu copa menstrual Sileu lista para utilizar en cualquier momento y lugar!<\/b><\/p>\n<p style=\"text-align: center;\"><strong>\u00bfQU\u00c9 VOY A RECIBIR?<\/strong><\/p>\n<p>El pack incluye la copa menstrual de la talla y color elegida sellada en una bolsa de PLA biodegradable, una bolsa de <strong>algod\u00f3n org\u00e1nico con certificaci\u00f3n GOTS<\/strong> para guardarla, un manual de instrucciones multilenguaje (espa\u00f1ol, ingl\u00e9s, franc\u00e9s, alem\u00e1n, italiano, ruso y portugu\u00e9s) que incluye \u00fatiles im\u00e1genes y consejos para ponerla y extraerla, un estuche en forma de flor de 8 cm de di\u00e1metro del color escogido y una caja de cart\u00f3n.<\/p>\n","protected":false},"excerpt":{"rendered":"<p>\u00bfQU\u00c9 TALLA ELEGIR? Talla XS: Talla extra peque\u00f1a, recomendada para adolescentes, mujeres con el c\u00e9rvix muy bajo o con muy poco flujo menstrual. Talla S: Mujeres que no han dado a luz mediante parto natural. Talla L: Mujeres que han dado a luz por parto natural. \u00bfQU\u00c9 FLEXIBILIDAD ELEGIR? La copa menstrual Sileu Rose Sport [&hellip;]<\/p>\n","protected":false},"featured_media":81694,"comment_status":"open","ping_status":"closed","template":"","meta":[],"product_brand":[],"product_cat":[195],"product_tag":[],"class_list":{"0":"post-7769","1":"product","2":"type-product","3":"status-publish","4":"has-post-thumbnail","6":"product_cat-packs-sileu","8":"first","9":"instock","10":"featured","11":"taxable","12":"shipping-taxable","13":"purchasable","14":"product-type-variable"},"supplier_id":null,"supplier_sku":"","barcode":null,"atum_controlled":true,"out_stock_date":null,"out_stock_threshold":null,"inheritable":false,"inbound_stock":0,"stock_on_hold":2,"sold_today":0,"sales_last_days":0,"reserved_stock":0,"customer_returns":0,"warehouse_damage":0,"lost_in_post":0,"other_logs":0,"out_stock_days":null,"lost_sales":0,"has_location":false,"update_date":"2026-03-31T13:40:00","atum_locations":[],"atum_stock_status":"instock","restock_status":false,"low_stock_amount":"","sales_update_date":"2025-06-10T19:39:13","calc_backorders":null,"_links":{"self":[{"href":"https:\/\/sileu.com\/es\/wp-json\/wp\/v2\/product\/7769","targetHints":{"allow":["GET"]}}],"collection":[{"href":"https:\/\/sileu.com\/es\/wp-json\/wp\/v2\/product"}],"about":[{"href":"https:\/\/sileu.com\/es\/wp-json\/wp\/v2\/types\/product"}],"replies":[{"embeddable":true,"href":"https:\/\/sileu.com\/es\/wp-json\/wp\/v2\/comments?post=7769"}],"wp:featuredmedia":[{"embeddable":true,"href":"https:\/\/sileu.com\/es\/wp-json\/wp\/v2\/media\/81694"}],"wp:attachment":[{"href":"https:\/\/sileu.com\/es\/wp-json\/wp\/v2\/media?parent=7769"}],"wp:term":[{"taxonomy":"product_brand","embeddable":true,"href":"https:\/\/sileu.com\/es\/wp-json\/wp\/v2\/product_brand?post=7769"},{"taxonomy":"product_cat","embeddable":true,"href":"https:\/\/sileu.com\/es\/wp-json\/wp\/v2\/product_cat?post=7769"},{"taxonomy":"product_tag","embeddable":true,"href":"https:\/\/sileu.com\/es\/wp-json\/wp\/v2\/product_tag?post=7769"}],"curies":[{"name":"wp","href":"https:\/\/api.w.org\/{rel}","templated":true}]}}