{"id":82729,"date":"2021-04-13T15:10:19","date_gmt":"2021-04-13T15:10:19","guid":{"rendered":"https:\/\/sileu.com\/?post_type=product&#038;p=82729"},"modified":"2025-09-10T07:27:56","modified_gmt":"2025-09-10T07:27:56","slug":"sileu-sea-esponja-marina-menstrual-natural-reutilizable","status":"publish","type":"product","link":"https:\/\/sileu.com\/es\/cup\/sileu-sea-esponja-marina-menstrual-natural-reutilizable\/","title":{"rendered":"Sileu Sea Esponja Marina Menstrual Natural Reutilizable"},"content":{"rendered":"<h2 style=\"text-align: center;\">\u00bfQu\u00e9 es Sileu Sea?<\/h2>\n<p>Las esponjas marinas han sido un m\u00e9todo natural utilizado desde hace miles de a\u00f1os por mujeres en todo el mundo para la regla. <span class=\"a-list-item\">La esponja marina natural Sileu proporciona el mismo grado de absorci\u00f3n que un tamp\u00f3n normal, siendo la esponja un m\u00e9todo mucho m\u00e1s natural y ecol\u00f3gico que los tampones tradicionales.<\/span><\/p>\n<p>Sileu Sea es apta para mujeres que padezcan sequedad vaginal o alergias a otros productos tradicionales para la regla, ya que son agradables y suaves a la piel. Se pueden adaptar a cualquier tama\u00f1o que se necesite simplemente recort\u00e1ndola y d\u00e1ndole forma a las necesidades de cada mujer.<\/p>\n<p>Para alcanzar el m\u00e1ximo grado de seguridad y debido a que son esponjas marinas cosechadas directamente del mar Caribe, nuestras esponjas menstruales han sido previamente blanqueadas, para garantizar que son as\u00e9pticas, hipoalerg\u00e9nicas y que no contienen ning\u00fan organismo da\u00f1ino para la salud.<\/p>\n<p>Sileu Sea es reutilizable, por lo que ahorrar\u00e1s mucho dinero en productos tradicionales para la regla, a la vez que evitas el desperdicio de pl\u00e1sticos. Adem\u00e1s, es biodegradable, por lo que al ser desechada puede hacerse junto con la materia org\u00e1nica y ser procesada con seguridad.<\/p>\n<p>Sileu Sea es ecosostenible, ya que al ser cosechadas del mar, este proceso se realiza de forma que no da\u00f1e la ra\u00edz de la esponja y esta pueda seguir produciendo nuevas esponjas en el futuro.<\/p>\n<h2 style=\"text-align: center;\">Ventajas de Sileu Sea<\/h2>\n<ul>\n<li>Totalmente ecol\u00f3gico y natural, respetuoso con el cuerpo y con el medio ambiente, proviene de fuentes ecosostenibles.<\/li>\n<li>Segura e hipoalerg\u00e9nica, nuestras esponjas son blanqueadas para asegurar su calidad y seguridad.<\/li>\n<li>Compatibles con alergias y sequedad vaginal.<\/li>\n<li>Muy f\u00e1cil de poner y quitar, se puede a\u00f1adir un hilo de algod\u00f3n cosido para facilitar la extracci\u00f3n si se desea.<\/li>\n<li>Totalmente ajustable, el tama\u00f1o de Sileu Sea es el grande, y se puede recortar con unas tijeras a las dimensiones deseadas.<\/li>\n<li>Hasta 3-5 horas seguidas de uso dependiendo del volumen de flujo menstrual.<\/li>\n<li>F\u00e1ciles de limpiar, con agua y vinagre.<\/li>\n<li>Se pueden mantener relaciones sexuales con la esponja puesta sin molestias ni fugas.<\/li>\n<\/ul>\n<h2 style=\"text-align: center;\">\u00bfC\u00f3mo se utiliza?<\/h2>\n<ul>\n<li>Antes del primer uso, se recomienda lavarla. Para ello, coloca la esponja en una mezcla de agua y vinagre, en proporci\u00f3n 2\/3 de agua y 1\/3 de vinagre, durante al menos 6 horas. Luego no hay m\u00e1s que enjuagarla bien con agua y exprimirla bien.<\/li>\n<li>Para insertar la esponja, humed\u00e9cela bien y exprime el agua sobrante. Aprieta la esponja e ins\u00e9rtala con suavidad como si fuese un tamp\u00f3n. Normalmente, la esponja debe cambiarse y lavarse cada 3-5 horas, dependiendo del nivel de flujo.<\/li>\n<li>Para extraer la esponja, simplemente hay que empujar con los m\u00fasculos p\u00e9lvicos para que descienda. Cuanto m\u00e1s llena est\u00e9, m\u00e1s f\u00e1cil ser\u00e1 extraerla. Se le puede coser un peque\u00f1o hilo de algod\u00f3n si se experimenta alguna dificultad a la hora de extraerla, para tirar de ella.<\/li>\n<li>Una vez extra\u00edda, se enjuaga bien con agua limpia y se repite el paso de dejarla en agua con vinagre durante unas horas. Luego se vuelve a enjuagar bien y exprimir el agua sobrante.<\/li>\n<li>No hiervas la esponja menstrual ni uses jabones, pastillas esterilizadoras ni detergentes. Al ser un producto natural, no puede ser esterilizada en el esterilizador Sileu Clean.<\/li>\n<\/ul>\n<h2 style=\"text-align: center;\">\u00bfQu\u00e9 voy a recibir?<\/h2>\n<ul>\n<li>Esponja menstrual marina natural Sileu Sea en una bolsa de PLA biodegradable.<\/li>\n<li>Caja de cart\u00f3n reciclable impresa con instrucciones de uso y lavado.<\/li>\n<\/ul>\n","protected":false},"excerpt":{"rendered":"<p>\u00bfQu\u00e9 es Sileu Sea? Las esponjas marinas han sido un m\u00e9todo natural utilizado desde hace miles de a\u00f1os por mujeres en todo el mundo para la regla. La esponja marina natural Sileu proporciona el mismo grado de absorci\u00f3n que un tamp\u00f3n normal, siendo la esponja un m\u00e9todo mucho m\u00e1s natural y ecol\u00f3gico que los tampones [&hellip;]<\/p>\n","protected":false},"featured_media":82732,"comment_status":"open","ping_status":"closed","template":"","meta":[],"product_brand":[],"product_cat":[50902],"product_tag":[],"class_list":{"0":"post-82729","1":"product","2":"type-product","3":"status-publish","4":"has-post-thumbnail","6":"product_cat-sileu-sea","8":"first","9":"instock","10":"taxable","11":"shipping-taxable","12":"purchasable","13":"product-type-variable"},"supplier_id":null,"supplier_sku":"","barcode":null,"atum_controlled":true,"out_stock_date":null,"out_stock_threshold":null,"inheritable":false,"inbound_stock":0,"stock_on_hold":19,"sold_today":0,"sales_last_days":0,"reserved_stock":0,"customer_returns":0,"warehouse_damage":0,"lost_in_post":0,"other_logs":0,"out_stock_days":null,"lost_sales":0,"has_location":false,"update_date":"2025-09-10T08:56:16","atum_locations":[],"atum_stock_status":"instock","restock_status":false,"low_stock_amount":"","sales_update_date":"2025-06-10T19:38:48","calc_backorders":null,"_links":{"self":[{"href":"https:\/\/sileu.com\/es\/wp-json\/wp\/v2\/product\/82729","targetHints":{"allow":["GET"]}}],"collection":[{"href":"https:\/\/sileu.com\/es\/wp-json\/wp\/v2\/product"}],"about":[{"href":"https:\/\/sileu.com\/es\/wp-json\/wp\/v2\/types\/product"}],"replies":[{"embeddable":true,"href":"https:\/\/sileu.com\/es\/wp-json\/wp\/v2\/comments?post=82729"}],"wp:featuredmedia":[{"embeddable":true,"href":"https:\/\/sileu.com\/es\/wp-json\/wp\/v2\/media\/82732"}],"wp:attachment":[{"href":"https:\/\/sileu.com\/es\/wp-json\/wp\/v2\/media?parent=82729"}],"wp:term":[{"taxonomy":"product_brand","embeddable":true,"href":"https:\/\/sileu.com\/es\/wp-json\/wp\/v2\/product_brand?post=82729"},{"taxonomy":"product_cat","embeddable":true,"href":"https:\/\/sileu.com\/es\/wp-json\/wp\/v2\/product_cat?post=82729"},{"taxonomy":"product_tag","embeddable":true,"href":"https:\/\/sileu.com\/es\/wp-json\/wp\/v2\/product_tag?post=82729"}],"curies":[{"name":"wp","href":"https:\/\/api.w.org\/{rel}","templated":true}]}}