{"id":82808,"date":"2021-04-26T13:41:55","date_gmt":"2021-04-26T13:41:55","guid":{"rendered":"https:\/\/sileu.com\/?post_type=product&#038;p=82808"},"modified":"2024-12-13T04:24:01","modified_gmt":"2024-12-13T04:24:01","slug":"nina-kiki-spray-limpiador-y-desinfectante-de-copas-menstruales-150-ml","status":"publish","type":"product","link":"https:\/\/sileu.com\/es\/cup\/nina-kiki-spray-limpiador-y-desinfectante-de-copas-menstruales-150-ml\/","title":{"rendered":"Spray limpiador y desinfectante de copas menstruales &#8211; 150 ml"},"content":{"rendered":"<p>Spray limpiador y desinfectante, especialmente dise\u00f1ado para utilizar con art\u00edculos de silicona de grado m\u00e9dico, como copas menstruales, bolas chinas, entrenadores de suelo p\u00e9lvico o art\u00edculos er\u00f3ticos.<\/p>\n<p>Su f\u00f3rmula especialmente dise\u00f1ada, no contiene alcohol, por lo que ayuda a mantener la vida \u00fatil de los productos fabricados en silicona. Aplicado sobre las copas Sileu, no permite que se generen hongos, bacterias, ni virus, por lo que la copa queda perfectamente desinfectada.<\/p>\n<p>&nbsp;<\/p>\n<h3>Ventajas del spray desinfectante Nina Kiki:<\/h3>\n<ul>\n<li>F\u00e1cil y r\u00e1pido de utilizar: Puede llevarse en el bolso y desinfectar la copa menstrual en cualquier sitio cuando lo necesites.<\/li>\n<li>Seguro e higi\u00e9nico: Su formato en spray hace la aplicaci\u00f3n del producto sencilla y sin goteos. La copa menstrual queda perfectamente desinfectada y lista para su siguiente uso.<\/li>\n<li>Elimina totalmente las bacterias, virus y hongos.<\/li>\n<li>Multiusos: Es compatible con todas las copas menstruales Sileu y con el entrenador de suelo p\u00e9lvico Sileu Kegel.<\/li>\n<li>Gracias a su formato spray de 150 ml, este limpiador cunde mucho, no es necesario usar una gran cantidad para desinfectar.<\/li>\n<li>Compatible con la limpieza de otros art\u00edculos de silicona, como juguetes er\u00f3ticos. Compatible con l\u00e1tex, silicona y gelatina.<\/li>\n<li>Incoloro.<\/li>\n<li>Aroma fresco y limpio.<\/li>\n<\/ul>\n<p>&nbsp;<\/p>\n<h3>Recomendaciones de uso:<\/h3>\n<ol>\n<li>Una vez extraiga la copa menstrual Sileu, l\u00e1vela bien con agua y jab\u00f3n neutro hasta que quede totalmente limpia.<\/li>\n<li>Seque con un trapo limpio o deje secar la copa al aire hasta que no queden restos de agua.<\/li>\n<li>Pulverice el spray limpiador sobre toda la superficie de la copa. Fr\u00f3tela con un pa\u00f1o limpio para extender bien el limpiador por todos los rincones. Deje actuar un par de minutos, luego enjuague con abundante agua.<\/li>\n<li>Seque la copa menstrual con un pa\u00f1o o al aire y ya estar\u00e1 lista para guardarla o para su siguiente uso.<\/li>\n<\/ol>\n<p>&nbsp;<\/p>\n<p>Ingredientes: Contiene: \u00a0&lt; 5% &#8211; Surfactantes no i\u00f3nicos &#8211; Surfactantes ani\u00f3nicos, Parfum, Limonene,\u00a0 Metilcloroisotiazolinona, Metilisotiazolinona.<\/p>\n","protected":false},"excerpt":{"rendered":"<p>Spray limpiador y desinfectante, especialmente dise\u00f1ado para utilizar con art\u00edculos de silicona de grado m\u00e9dico, como copas menstruales, bolas chinas, entrenadores de suelo p\u00e9lvico o art\u00edculos er\u00f3ticos. Su f\u00f3rmula especialmente dise\u00f1ada, no contiene alcohol, por lo que ayuda a mantener la vida \u00fatil de los productos fabricados en silicona. Aplicado sobre las copas Sileu, no [&hellip;]<\/p>\n","protected":false},"featured_media":82809,"comment_status":"open","ping_status":"closed","template":"","meta":[],"product_brand":[],"product_cat":[60],"product_tag":[],"class_list":{"0":"post-82808","1":"product","2":"type-product","3":"status-publish","4":"has-post-thumbnail","6":"product_cat-sileu-clean","8":"first","9":"outofstock","10":"taxable","11":"shipping-taxable","12":"purchasable","13":"product-type-simple"},"supplier_id":null,"supplier_sku":"","barcode":null,"atum_controlled":true,"out_stock_date":null,"out_stock_threshold":null,"inheritable":false,"inbound_stock":0,"stock_on_hold":0,"sold_today":0,"sales_last_days":0,"reserved_stock":0,"customer_returns":0,"warehouse_damage":0,"lost_in_post":0,"other_logs":0,"out_stock_days":0,"lost_sales":0,"has_location":false,"update_date":"2025-06-10T19:38:48","atum_locations":[],"atum_stock_status":"instock","restock_status":false,"low_stock_amount":"","sales_update_date":"2025-06-10T19:38:48","calc_backorders":null,"_links":{"self":[{"href":"https:\/\/sileu.com\/es\/wp-json\/wp\/v2\/product\/82808","targetHints":{"allow":["GET"]}}],"collection":[{"href":"https:\/\/sileu.com\/es\/wp-json\/wp\/v2\/product"}],"about":[{"href":"https:\/\/sileu.com\/es\/wp-json\/wp\/v2\/types\/product"}],"replies":[{"embeddable":true,"href":"https:\/\/sileu.com\/es\/wp-json\/wp\/v2\/comments?post=82808"}],"wp:featuredmedia":[{"embeddable":true,"href":"https:\/\/sileu.com\/es\/wp-json\/wp\/v2\/media\/82809"}],"wp:attachment":[{"href":"https:\/\/sileu.com\/es\/wp-json\/wp\/v2\/media?parent=82808"}],"wp:term":[{"taxonomy":"product_brand","embeddable":true,"href":"https:\/\/sileu.com\/es\/wp-json\/wp\/v2\/product_brand?post=82808"},{"taxonomy":"product_cat","embeddable":true,"href":"https:\/\/sileu.com\/es\/wp-json\/wp\/v2\/product_cat?post=82808"},{"taxonomy":"product_tag","embeddable":true,"href":"https:\/\/sileu.com\/es\/wp-json\/wp\/v2\/product_tag?post=82808"}],"curies":[{"name":"wp","href":"https:\/\/api.w.org\/{rel}","templated":true}]}}