{"id":83521,"date":"2021-06-01T13:50:00","date_gmt":"2021-06-01T13:50:00","guid":{"rendered":"https:\/\/sileu.com\/?post_type=product&#038;p=83521"},"modified":"2026-02-05T12:22:30","modified_gmt":"2026-02-05T12:22:30","slug":"bioglide-gel-lubricante-grado-medico-bio-sin-olor-ni-sabor-ph-optimo-natural-vegano","status":"publish","type":"product","link":"https:\/\/sileu.com\/es\/cup\/bioglide-gel-lubricante-grado-medico-bio-sin-olor-ni-sabor-ph-optimo-natural-vegano\/","title":{"rendered":"BIOglide Gel lubricante grado m\u00e9dico, BIO, sin olor ni sabor, pH \u00f3ptimo, natural, vegano"},"content":{"rendered":"<p>BIOglide es un gel lubricante de grado m\u00e9dico, totalmente natural y con un pH \u00f3ptimo para su uso vaginal, adem\u00e1s no tiene olor ni sabor y es vegano.<\/p>\n<p>BIOglide destaca por su excelente calidad y compatibilidad dermatol\u00f3gica, ya que cumple con las m\u00e1s estrictas exigencias en cuanto a las normas de calidad y se destaca por su alto grado de tolerancia dermatol\u00f3gica, que permite el uso sin limitaci\u00f3n de tiempo.<\/p>\n<p>Por estas caracter\u00edsticas, el lubricante BIOglide es un excelente apoyo al uso de la copa menstrual, ya que facilita su insersi\u00f3n en aquellas personas que necesiten un peque\u00f1o extra de lubricaci\u00f3n para poder colocarla correctamente.<\/p>\n<p style=\"text-align: center;\"><strong>Caracter\u00edsticas de BIOglide:<\/strong><\/p>\n<ul>\n<li>100 % BIO<\/li>\n<li>Muy efectivo, cunde mucho, con una peque\u00f1a dosis es suficiente<\/li>\n<li>Homologado como producto medicinal<\/li>\n<li>Control de calidad permanente<\/li>\n<li>Hidrosoluble y libre de grasas<\/li>\n<li>Comprobado dermatol\u00f3gica y cl\u00ednicamente<\/li>\n<li>Especialmente suave a la piel<\/li>\n<li>Valor pH optimizado<\/li>\n<li>Con propiedades \u00fanicas de lubricaci\u00f3n de larga duraci\u00f3n<\/li>\n<li>No mancha, f\u00e1cil de eliminar<\/li>\n<\/ul>\n<p>&nbsp;<\/p>\n<p>Disponible en 4 diferentes formatos: monodosis de 3ml, tubo de 40ml, tubo de 150ml o botella de 500ml con dosificador.<\/p>\n<p>Ingredientes: Vegetable Glycerin, Aqua, Sodium Lactate, Xanthan Gum, Levulinic Acid, Lactid Acid, Sodium Levulinate, Alcohol.<\/p>\n<p><img fetchpriority=\"high\" decoding=\"async\" class=\"size-full wp-image-83556 aligncenter\" src=\"https:\/\/sileu.com\/wp-content\/uploads\/2021\/06\/BIOglide_vegan_EN.png\" alt=\"\" width=\"387\" height=\"131\" title=\"\"><\/p>\n","protected":false},"excerpt":{"rendered":"<p>BIOglide es un gel lubricante de grado m\u00e9dico, totalmente natural y con un pH \u00f3ptimo para su uso vaginal, adem\u00e1s no tiene olor ni sabor y es vegano. BIOglide destaca por su excelente calidad y compatibilidad dermatol\u00f3gica, ya que cumple con las m\u00e1s estrictas exigencias en cuanto a las normas de calidad y se destaca [&hellip;]<\/p>\n","protected":false},"featured_media":83526,"comment_status":"open","ping_status":"closed","template":"","meta":[],"product_brand":[],"product_cat":[50904],"product_tag":[],"class_list":{"0":"post-83521","1":"product","2":"type-product","3":"status-publish","4":"has-post-thumbnail","6":"product_cat-lubricantes-bio","8":"first","9":"instock","10":"taxable","11":"shipping-taxable","12":"purchasable","13":"product-type-variable"},"supplier_id":null,"supplier_sku":"","barcode":null,"atum_controlled":true,"out_stock_date":null,"out_stock_threshold":null,"inheritable":true,"inbound_stock":0,"stock_on_hold":2,"sold_today":1,"sales_last_days":1,"reserved_stock":0,"customer_returns":0,"warehouse_damage":0,"lost_in_post":0,"other_logs":0,"out_stock_days":null,"lost_sales":0,"has_location":false,"update_date":"2026-02-05T14:22:12","atum_locations":[],"atum_stock_status":"instock","restock_status":false,"low_stock_amount":"","sales_update_date":"2025-06-10T19:38:47","calc_backorders":null,"_links":{"self":[{"href":"https:\/\/sileu.com\/es\/wp-json\/wp\/v2\/product\/83521","targetHints":{"allow":["GET"]}}],"collection":[{"href":"https:\/\/sileu.com\/es\/wp-json\/wp\/v2\/product"}],"about":[{"href":"https:\/\/sileu.com\/es\/wp-json\/wp\/v2\/types\/product"}],"replies":[{"embeddable":true,"href":"https:\/\/sileu.com\/es\/wp-json\/wp\/v2\/comments?post=83521"}],"wp:featuredmedia":[{"embeddable":true,"href":"https:\/\/sileu.com\/es\/wp-json\/wp\/v2\/media\/83526"}],"wp:attachment":[{"href":"https:\/\/sileu.com\/es\/wp-json\/wp\/v2\/media?parent=83521"}],"wp:term":[{"taxonomy":"product_brand","embeddable":true,"href":"https:\/\/sileu.com\/es\/wp-json\/wp\/v2\/product_brand?post=83521"},{"taxonomy":"product_cat","embeddable":true,"href":"https:\/\/sileu.com\/es\/wp-json\/wp\/v2\/product_cat?post=83521"},{"taxonomy":"product_tag","embeddable":true,"href":"https:\/\/sileu.com\/es\/wp-json\/wp\/v2\/product_tag?post=83521"}],"curies":[{"name":"wp","href":"https:\/\/api.w.org\/{rel}","templated":true}]}}