{"id":83563,"date":"2021-06-29T08:12:20","date_gmt":"2021-06-29T08:12:20","guid":{"rendered":"https:\/\/sileu.com\/?post_type=product&#038;p=83563"},"modified":"2026-03-14T03:04:13","modified_gmt":"2026-03-14T03:04:13","slug":"soft-tampons-tampones-ecologicos-sin-hilos-hipoalergenicos-comodos-sin-quimicos","status":"publish","type":"product","link":"https:\/\/sileu.com\/es\/cup\/soft-tampons-tampones-ecologicos-sin-hilos-hipoalergenicos-comodos-sin-quimicos\/","title":{"rendered":"Soft Tampons Tampones ecol\u00f3gicos sin hilos, hipoalerg\u00e9nicos, c\u00f3modos, sin qu\u00edmicos"},"content":{"rendered":"<p>Los Tampones Soft son tampones empaquetados individualmente que han logrado la perfecci\u00f3n a trav\u00e9s de permanentes ensayos dermatol\u00f3gicos y cl\u00ednicos. Tampones higi\u00e9nicos de f\u00e1cil aplicaci\u00f3n sin hilo, especialmente dise\u00f1ados para proporcionar la m\u00e1xima protecci\u00f3n, comodidad y discreci\u00f3n.Se elaboran de un material esponjoso libre de t\u00f3xicos y no contaminante del medio ambiente y no contiene sustancia qu\u00edmica alguna, por lo que no producen ning\u00fan tipo de irritaci\u00f3n o alergias en la zona \u00edntima.<\/p>\n<p>Son muy c\u00f3modos y agradables de utilizar, a la vez que suaves y delicados. Se destacan por ser de un material blando y flexible as\u00ed como por su escaso peso, tan s\u00f3lo dos gramos. Son sencillos de colocar y retirar, cada uno es de un s\u00f3lo uso.<\/p>\n<p>Los Soft Tampons son tambi\u00e9n ideales para momentos especiales, por ejemplo, son imperceptibles durante las relaciones sexuales y presentan una gran comodidad en su manipulaci\u00f3n: A trav\u00e9s de una ventajosa solapa puede introducir y extraer el tamp\u00f3n muy f\u00e1cilmente &#8211; \u00a1con s\u00f3lo un dedo! Los Soft Tampons han logrado la combinaci\u00f3n ideal entre seguridad, higiene, bienestar y diversi\u00f3n; perfectos tambi\u00e9n en caso de flujos menstruales muy fuertes.<\/p>\n<p>Ventajas de Soft Tampons:<\/p>\n<ul>\n<li>Sin sustancias qu\u00edmicas, no contaminan el medio ambiente<\/li>\n<li>Fabricados con material ecol\u00f3gico, saludable e hipoalerg\u00e9nico<\/li>\n<li>Testados cl\u00ednica y dermatol\u00f3gicamente<\/li>\n<li>Fabricaci\u00f3n 100% en Alemania<\/li>\n<li>Adaptaci\u00f3n perfecta a la anatom\u00eda femenina<\/li>\n<li>Muy c\u00f3modos y agradables de utilizar<\/li>\n<li>F\u00e1ciles de poner y quitar<\/li>\n<li>Se pueden utilizar en cualquier ocasi\u00f3n, incluso para piscina, sauna o nataci\u00f3n<\/li>\n<li>Se pueden utilizar durante el sexo, ideales para la utilizaci\u00f3n de espermicidas<\/li>\n<\/ul>\n<p>&nbsp;<\/p>\n","protected":false},"excerpt":{"rendered":"<p>Los Tampones Soft son tampones empaquetados individualmente que han logrado la perfecci\u00f3n a trav\u00e9s de permanentes ensayos dermatol\u00f3gicos y cl\u00ednicos. Tampones higi\u00e9nicos de f\u00e1cil aplicaci\u00f3n sin hilo, especialmente dise\u00f1ados para proporcionar la m\u00e1xima protecci\u00f3n, comodidad y discreci\u00f3n.Se elaboran de un material esponjoso libre de t\u00f3xicos y no contaminante del medio ambiente y no contiene sustancia [&hellip;]<\/p>\n","protected":false},"featured_media":83665,"comment_status":"open","ping_status":"closed","template":"","meta":[],"product_brand":[],"product_cat":[50903],"product_tag":[],"class_list":{"0":"post-83563","1":"product","2":"type-product","3":"status-publish","4":"has-post-thumbnail","6":"product_cat-tampones-ecologicos","8":"first","9":"instock","10":"taxable","11":"shipping-taxable","12":"purchasable","13":"product-type-variable"},"supplier_id":null,"supplier_sku":"","barcode":null,"atum_controlled":true,"out_stock_date":null,"out_stock_threshold":null,"inheritable":false,"inbound_stock":0,"stock_on_hold":0,"sold_today":0,"sales_last_days":0,"reserved_stock":0,"customer_returns":0,"warehouse_damage":0,"lost_in_post":0,"other_logs":0,"out_stock_days":null,"lost_sales":0,"has_location":false,"update_date":"2026-03-14T03:04:15","atum_locations":[],"atum_stock_status":"instock","restock_status":false,"low_stock_amount":"","sales_update_date":"2025-06-10T19:38:46","calc_backorders":null,"_links":{"self":[{"href":"https:\/\/sileu.com\/es\/wp-json\/wp\/v2\/product\/83563","targetHints":{"allow":["GET"]}}],"collection":[{"href":"https:\/\/sileu.com\/es\/wp-json\/wp\/v2\/product"}],"about":[{"href":"https:\/\/sileu.com\/es\/wp-json\/wp\/v2\/types\/product"}],"replies":[{"embeddable":true,"href":"https:\/\/sileu.com\/es\/wp-json\/wp\/v2\/comments?post=83563"}],"wp:featuredmedia":[{"embeddable":true,"href":"https:\/\/sileu.com\/es\/wp-json\/wp\/v2\/media\/83665"}],"wp:attachment":[{"href":"https:\/\/sileu.com\/es\/wp-json\/wp\/v2\/media?parent=83563"}],"wp:term":[{"taxonomy":"product_brand","embeddable":true,"href":"https:\/\/sileu.com\/es\/wp-json\/wp\/v2\/product_brand?post=83563"},{"taxonomy":"product_cat","embeddable":true,"href":"https:\/\/sileu.com\/es\/wp-json\/wp\/v2\/product_cat?post=83563"},{"taxonomy":"product_tag","embeddable":true,"href":"https:\/\/sileu.com\/es\/wp-json\/wp\/v2\/product_tag?post=83563"}],"curies":[{"name":"wp","href":"https:\/\/api.w.org\/{rel}","templated":true}]}}