{"id":84338,"date":"2022-02-08T14:54:58","date_gmt":"2022-02-08T14:54:58","guid":{"rendered":"https:\/\/sileu.com\/?post_type=product&#038;p=84338"},"modified":"2024-03-21T12:39:31","modified_gmt":"2024-03-21T12:39:31","slug":"chilly-gel-intimo-protector-con-complejo-probiotico-ph-3-5-450-ml","status":"publish","type":"product","link":"https:\/\/sileu.com\/es\/cup\/chilly-gel-intimo-protector-con-complejo-probiotico-ph-3-5-450-ml\/","title":{"rendered":"Chilly Gel \u00edntimo protector con complejo probi\u00f3tico pH 3.5, 450 ml"},"content":{"rendered":"<p>Chilly es un gel \u00edntimo suave y delicado con la zona \u00edntima, es apto para uso diario. Limpia gentil y suavemente la zona, es respetuoso con las pieles delicadas, es apto para su uso en adultos, ni\u00f1as y adolescentes.<\/p>\n<p>Con complejo probi\u00f3tico y \u00e1cido l\u00e1ctico, ayuda a mantener el pH de la zona \u00edntima. El pH 3.5 est\u00e1 recomendado para la edad f\u00e9rtil, para su uso durante el ciclo menstrual y durante el postparto. Nutre la flora \u00edntima y refuerza las defensas.<\/p>\n<p>Apto para limpiar la copa menstrual Sileu:<\/p>\n<ol>\n<li>Vaciar la copa menstrual en el inodoro.<\/li>\n<li>Enjuagar la copa, verter una gota del gel \u00edntimo Chilly (del tama\u00f1o de un guisante) y enjabonar la copa cuidadosamente por todas partes, frotando con las manos o con una esponja suavemente.<\/li>\n<li>Dejar actuar el jab\u00f3n unos segundos, enjuagar completamente la copa eliminando todos los restos de jab\u00f3n.<\/li>\n<li>Secar la copa con un pa\u00f1o limpio o dejar secar al aire antes de volverla a usar.<\/li>\n<\/ol>\n<p>&nbsp;<\/p>\n<p>Ingredientes<\/p>\n<p>Aqua, glycerin, TEA-lauryl sulfate, ammonium lauryl sulfate, citric acid, polysorbate 20, hydroxyethylcellulose, sodium benzoate, parfum, alpha-glucan oligosaccaride, plymnia sonchifolia root juice, maltodextrin, lactobacillus, sodium citrate, tetrasodium glutamate diacetate, lactic acid.<\/p>\n","protected":false},"excerpt":{"rendered":"<p>Chilly es un gel \u00edntimo suave y delicado con la zona \u00edntima, es apto para uso diario. Limpia gentil y suavemente la zona, es respetuoso con las pieles delicadas, es apto para su uso en adultos, ni\u00f1as y adolescentes. Con complejo probi\u00f3tico y \u00e1cido l\u00e1ctico, ayuda a mantener el pH de la zona \u00edntima. El [&hellip;]<\/p>\n","protected":false},"featured_media":84339,"comment_status":"open","ping_status":"closed","template":"","meta":[],"product_brand":[],"product_cat":[195],"product_tag":[],"class_list":{"0":"post-84338","1":"product","2":"type-product","3":"status-publish","4":"has-post-thumbnail","6":"product_cat-packs-sileu","8":"first","9":"outofstock","10":"taxable","11":"shipping-taxable","12":"purchasable","13":"product-type-simple"},"supplier_id":null,"supplier_sku":"","barcode":null,"atum_controlled":true,"out_stock_date":null,"out_stock_threshold":null,"inheritable":false,"inbound_stock":0,"stock_on_hold":0,"sold_today":0,"sales_last_days":0,"reserved_stock":0,"customer_returns":0,"warehouse_damage":0,"lost_in_post":0,"other_logs":0,"out_stock_days":0,"lost_sales":0,"has_location":false,"update_date":"2025-06-10T19:38:46","atum_locations":[],"atum_stock_status":"instock","restock_status":false,"low_stock_amount":"","sales_update_date":"2025-06-10T19:38:46","calc_backorders":null,"_links":{"self":[{"href":"https:\/\/sileu.com\/es\/wp-json\/wp\/v2\/product\/84338","targetHints":{"allow":["GET"]}}],"collection":[{"href":"https:\/\/sileu.com\/es\/wp-json\/wp\/v2\/product"}],"about":[{"href":"https:\/\/sileu.com\/es\/wp-json\/wp\/v2\/types\/product"}],"replies":[{"embeddable":true,"href":"https:\/\/sileu.com\/es\/wp-json\/wp\/v2\/comments?post=84338"}],"wp:featuredmedia":[{"embeddable":true,"href":"https:\/\/sileu.com\/es\/wp-json\/wp\/v2\/media\/84339"}],"wp:attachment":[{"href":"https:\/\/sileu.com\/es\/wp-json\/wp\/v2\/media?parent=84338"}],"wp:term":[{"taxonomy":"product_brand","embeddable":true,"href":"https:\/\/sileu.com\/es\/wp-json\/wp\/v2\/product_brand?post=84338"},{"taxonomy":"product_cat","embeddable":true,"href":"https:\/\/sileu.com\/es\/wp-json\/wp\/v2\/product_cat?post=84338"},{"taxonomy":"product_tag","embeddable":true,"href":"https:\/\/sileu.com\/es\/wp-json\/wp\/v2\/product_tag?post=84338"}],"curies":[{"name":"wp","href":"https:\/\/api.w.org\/{rel}","templated":true}]}}