{"id":3559,"date":"2016-11-04T16:43:31","date_gmt":"2016-11-04T16:43:31","guid":{"rendered":"http:\/\/sileu.com\/fr\/?page_id=3559"},"modified":"2017-08-31T11:37:25","modified_gmt":"2017-08-31T11:37:25","slug":"voulez-vous-etre-un-distributeur-de-nos-produits-sileu","status":"publish","type":"page","link":"https:\/\/sileu.com\/fr\/voulez-vous-etre-un-distributeur-de-nos-produits-sileu\/","title":{"rendered":"Voulez-vous \u00eatre un distributeur de nos produits Sileu?"},"content":{"rendered":"<p>Si vous voulez \u00eatre un distributeur de nos produits, s&#8217;il vous pla\u00eet remplir le formulaire et nous prendrons contact avec vous.<\/p>\n<form method=\"post\"  id=\"um_form_distributorform\" class=\"um_user_form  um_generated_form\"  enctype=\"multipart\/form-data\" > <div class=\"um_field_container\"><label id=\"um_field_1_distributorform_label\" class=\"um_hidden\" for=\"um_field_1_distributorform\">R\u00f4le<\/label><input type=\"hidden\" name=\"role\" value=\"distribuidor\" id=\"um_field_1_distributorform\" class=\"um_field_1 um_input\"\/><input type=\"hidden\" name=\"role_field_id\" value=\"1\"\/><\/div><div class=\"um_field_container\"><label id=\"um_field_2_distributorform_label\" class=\"um_label_top\" for=\"um_field_2_distributorform\">Usuario \/ User \/ Benutzer \/ Utilisateur \/ Utente<\/label><input type=\"text\" name=\"user_login\" id=\"um_field_2_distributorform\" class=\"um_field_2 um_input validate[required]\" style=\"width:20;\" maxlength=\"20\"\/><\/div><div class=\"um_field_container\"><label id=\"um_field_3_distributorform_label\" class=\"um_label_top\" for=\"um_field_3_distributorform\">Contrase\u00f1a \/ Password \/ Passwort \/ Mot de passe \/ Parola d'ordine<\/label><input type=\"password\" name=\"user_pass\" id=\"um_field_3_distributorform\" class=\"um_field_3 um_input validate[required]\" style=\"width:20;\" maxlength=\"20\"\/><p><label id=\"um_field_3_distributorform_label_retype\" class=\"um_label_top\" for=\"um_field_3_distributorform_retype\">Introducir de nuevo contrase\u00f1a \/ Enter again the password \/ Geben Sie das Passwort erneut ein \/ Entrez de nouveau le mot de passe \/ Inserisci nuovamente la password<\/label><input type=\"password\" name=\"user_pass_retype\" id=\"um_field_3_distributorform_retype\" class=\"um_field_3 um_input validate[required,equals[um_field_3_distributorform]]\" style=\"width:20;\" maxlength=\"20\"\/><\/p><\/div><div class=\"um_field_container\"><label id=\"um_field_4_distributorform_label\" class=\"um_label_top\" for=\"um_field_4_distributorform\">Empresa \/ Company \/ Unternehmen \/ Compagnie \/ Azienda<\/label><input type=\"text\" name=\"display_name\" id=\"um_field_4_distributorform\" class=\"um_field_4 um_input validate[required]\" style=\"width:40;\" maxlength=\"40\"\/><\/div><div class=\"um_field_container\"><label id=\"um_field_5_distributorform_label\" class=\"um_label_top\" for=\"um_field_5_distributorform\">Nombre \/ Name \/ Name \/ Pr\u00e9nom \/ Nome<\/label><input type=\"text\" name=\"first_name\" id=\"um_field_5_distributorform\" class=\"um_field_5 um_input validate[required]\"\/><\/div><div class=\"um_field_container um_inline\"><label id=\"um_field_6_distributorform_label\" class=\"um_label_inline\" for=\"um_field_6_distributorform\">Apellidos \/ Surname \/ Familien-oder Nachname \/ Nom de famille \/ Cognome<\/label><input type=\"text\" name=\"last_name\" id=\"um_field_6_distributorform\" class=\"um_field_6 um_input validate[required]\"\/><\/div><div class=\"um_field_container\"><label id=\"um_field_7_distributorform_label\" class=\"um_label_top\" for=\"um_field_7_distributorform\">Courriel<\/label><input type=\"email\" name=\"user_email\" id=\"um_field_7_distributorform\" class=\"um_field_7 um_input validate[required,custom[email]]\"\/><\/div><div class=\"um_clear\"><\/div><input type=\"hidden\" name=\"form_key\" value=\"distributor form\"\/><input type=\"hidden\" name=\"action_type\" value=\"registration\"\/><input type=\"hidden\" name=\"user_id\"\/><input type=\"hidden\" name=\"pf_nonce\" value=\"cb13f3427a\" \/><input type=\"hidden\" name=\"_wp_http_referer\" value=\"\/fr\/wp-json\/wp\/v2\/pages\/3559\" \/><input type=\"hidden\" name=\"method_name\" value=\"InsertUser\" \/><input type=\"hidden\" name=\"um_post_method_nonce\" value=\"c39c3252d7\" \/><input type=\"submit\" name=\"um_submit_button\" value=\"Enviar\" id=\"insert_user\" class=\"um_button\"\/><\/form>\n<p>Distributeur exclusif en Espagne:\u00a0Home Health Europe<\/p>\n<p>Distributeur exclusif au Ghana: Royal Connections<\/p>\n","protected":false},"excerpt":{"rendered":"<p>Si vous voulez \u00eatre un distributeur de nos produits, s&#8217;il vous pla\u00eet remplir le formulaire et nous prendrons contact avec vous. Distributeur exclusif en Espagne:\u00a0Home Health Europe Distributeur exclusif au Ghana: Royal Connections<\/p>\n","protected":false},"author":4815,"featured_media":0,"parent":0,"menu_order":0,"comment_status":"closed","ping_status":"closed","template":"","meta":{"footnotes":""},"class_list":["post-3559","page","type-page","status-publish","hentry"],"_links":{"self":[{"href":"https:\/\/sileu.com\/fr\/wp-json\/wp\/v2\/pages\/3559","targetHints":{"allow":["GET"]}}],"collection":[{"href":"https:\/\/sileu.com\/fr\/wp-json\/wp\/v2\/pages"}],"about":[{"href":"https:\/\/sileu.com\/fr\/wp-json\/wp\/v2\/types\/page"}],"author":[{"embeddable":true,"href":"https:\/\/sileu.com\/fr\/wp-json\/wp\/v2\/users\/4815"}],"replies":[{"embeddable":true,"href":"https:\/\/sileu.com\/fr\/wp-json\/wp\/v2\/comments?post=3559"}],"version-history":[{"count":2,"href":"https:\/\/sileu.com\/fr\/wp-json\/wp\/v2\/pages\/3559\/revisions"}],"predecessor-version":[{"id":5021,"href":"https:\/\/sileu.com\/fr\/wp-json\/wp\/v2\/pages\/3559\/revisions\/5021"}],"wp:attachment":[{"href":"https:\/\/sileu.com\/fr\/wp-json\/wp\/v2\/media?parent=3559"}],"curies":[{"name":"wp","href":"https:\/\/api.w.org\/{rel}","templated":true}]}}