{"id":5181,"date":"2016-11-08T18:42:05","date_gmt":"2016-11-08T18:42:05","guid":{"rendered":"http:\/\/sileu.com\/?page_id=5181\/"},"modified":"2020-08-27T13:07:17","modified_gmt":"2020-08-27T13:07:17","slug":"propos-de-sileu-menstrual-cups","status":"publish","type":"page","link":"https:\/\/sileu.com\/fr\/propos-de-sileu-menstrual-cups\/","title":{"rendered":"\u00c0 propos de Sileu Menstrual Cups"},"content":{"rendered":"\t\t<div data-elementor-type=\"wp-page\" data-elementor-id=\"5181\" class=\"elementor elementor-5181 elementor-3640\" data-elementor-post-type=\"page\">\n\t\t\t\t\t\t<section class=\"elementor-section elementor-top-section elementor-element elementor-element-62038c3 elementor-section-boxed elementor-section-height-default elementor-section-height-default\" data-id=\"62038c3\" data-element_type=\"section\" data-settings=\"{&quot;background_background&quot;:&quot;classic&quot;}\">\n\t\t\t\t\t\t<div class=\"elementor-container elementor-column-gap-default\">\n\t\t\t\t\t<div class=\"elementor-column elementor-col-100 elementor-top-column elementor-element elementor-element-b3155f2\" data-id=\"b3155f2\" data-element_type=\"column\">\n\t\t\t<div class=\"elementor-widget-wrap elementor-element-populated\">\n\t\t\t\t\t\t\t<\/div>\n\t\t<\/div>\n\t\t\t\t\t<\/div>\n\t\t<\/section>\n\t\t\t\t<section class=\"elementor-section elementor-top-section elementor-element elementor-element-5c3769c1 elementor-section-boxed elementor-section-height-default elementor-section-height-default\" data-id=\"5c3769c1\" data-element_type=\"section\">\n\t\t\t\t\t\t<div class=\"elementor-container elementor-column-gap-default\">\n\t\t\t\t\t<div class=\"elementor-column elementor-col-100 elementor-top-column elementor-element elementor-element-422d728b\" data-id=\"422d728b\" data-element_type=\"column\">\n\t\t\t<div class=\"elementor-widget-wrap elementor-element-populated\">\n\t\t\t\t\t\t<div class=\"elementor-element elementor-element-8678253 elementor-widget elementor-widget-accordion\" data-id=\"8678253\" data-element_type=\"widget\" data-widget_type=\"accordion.default\">\n\t\t\t\t<div class=\"elementor-widget-container\">\n\t\t\t\t\t\t\t<div class=\"elementor-accordion\">\n\t\t\t\t\t\t\t<div class=\"elementor-accordion-item\">\n\t\t\t\t\t<div id=\"elementor-tab-title-1411\" class=\"elementor-tab-title\" data-tab=\"1\" role=\"button\" aria-controls=\"elementor-tab-content-1411\" aria-expanded=\"false\">\n\t\t\t\t\t\t\t\t\t\t\t\t\t<span class=\"elementor-accordion-icon elementor-accordion-icon-right\" aria-hidden=\"true\">\n\t\t\t\t\t\t\t\t\t\t\t\t\t\t\t<span class=\"elementor-accordion-icon-closed\"><i class=\"fas fa-plus\"><\/i><\/span>\n\t\t\t\t\t\t\t\t<span class=\"elementor-accordion-icon-opened\"><i class=\"fas fa-minus\"><\/i><\/span>\n\t\t\t\t\t\t\t\t\t\t\t\t\t\t<\/span>\n\t\t\t\t\t\t\t\t\t\t\t\t<a class=\"elementor-accordion-title\" tabindex=\"0\">Qu\u2019est-ce que la coupe menstruelle<\/a>\n\t\t\t\t\t<\/div>\n\t\t\t\t\t<div id=\"elementor-tab-content-1411\" class=\"elementor-tab-content elementor-clearfix\" data-tab=\"1\" role=\"region\" aria-labelledby=\"elementor-tab-title-1411\"><p>La coupe menstruelle Sileu est l&#8217;avenir de l&#8217;hygi\u00e8ne intime f\u00e9minine, une r\u00e9volution dans la fa\u00e7on dont les femmes comprennent leurs r\u00e8gles comme quelque chose de propre et naturel. C&#8217;est une alternative facile \u00e0 utiliser, s\u00fbre, r\u00e9utilisable et respectueuse de l&#8217;environnement.<br \/>L&#8217;utilisation de la coupelle Sileu est aussi simple que de la plier, l&#8217;ins\u00e9rer comme tampon et d&#8217;oublier pendant 12 heures que vous la portez. Elle \u00e9limine les fluides \u00e0 l&#8217;int\u00e9rieur au lieu de les absorber, en gardant son int\u00e9rieur naturellement lubrifi\u00e9 et sain, sans provoquer de s\u00e9cheresse ou laisser de traces de fibres. Au lieu de la changer sans arr\u00eat comme dans les m\u00e9thodes traditionnelles, il suffit de laver et de la r\u00e9utiliser. Vous ne serez jamais \u00e9puis\u00e9, comme pour les compresses et les tampons. Il comprend un sac en coton simple et fonctionnel pour la conserver et la transporter avec vous, donc vous l\u2019aurez toujours sous la main si besoin. Avec la tasse mensuelle Sileu, vous pouvez simplement vous d\u00e9tendre et continuer votre routine quotidienne sans probl\u00e8me.<\/p><\/div>\n\t\t\t\t<\/div>\n\t\t\t\t\t\t\t<div class=\"elementor-accordion-item\">\n\t\t\t\t\t<div id=\"elementor-tab-title-1412\" class=\"elementor-tab-title\" data-tab=\"2\" role=\"button\" aria-controls=\"elementor-tab-content-1412\" aria-expanded=\"false\">\n\t\t\t\t\t\t\t\t\t\t\t\t\t<span class=\"elementor-accordion-icon elementor-accordion-icon-right\" aria-hidden=\"true\">\n\t\t\t\t\t\t\t\t\t\t\t\t\t\t\t<span class=\"elementor-accordion-icon-closed\"><i class=\"fas fa-plus\"><\/i><\/span>\n\t\t\t\t\t\t\t\t<span class=\"elementor-accordion-icon-opened\"><i class=\"fas fa-minus\"><\/i><\/span>\n\t\t\t\t\t\t\t\t\t\t\t\t\t\t<\/span>\n\t\t\t\t\t\t\t\t\t\t\t\t<a class=\"elementor-accordion-title\" tabindex=\"0\">Profitez d\u2019avantages sans limite<\/a>\n\t\t\t\t\t<\/div>\n\t\t\t\t\t<div id=\"elementor-tab-content-1412\" class=\"elementor-tab-content elementor-clearfix\" data-tab=\"2\" role=\"region\" aria-labelledby=\"elementor-tab-title-1412\"><ul><li>Il peut rester jusqu&#8217;\u00e0 12 heures \u00e0 l&#8217;int\u00e9rieur sans soucis. Pour la vider, elle est extraite confortablement et en toute s\u00e9curit\u00e9, sans coloration ni contact avec le flux, se vide, se nettoie et est pr\u00eate \u00e0 \u00eatre remise.<\/li><li>La coupe mensuelle Sileu est amortie en quelques mois. Avec un entretien ad\u00e9quat, elle peut durer jusqu&#8217;\u00e0 10 ans, ce qui permet d&#8217;\u00e9conomiser de l&#8217;argent dans les tampons hygi\u00e9niques et les tampons.<\/li><li>Elle se nettoie facilement avec de l&#8217;eau et un savon doux. Lorsque le cycle est termin\u00e9, il suffit de la st\u00e9riliser en la faisant bouillir ou en utilisant une tablette st\u00e9rilisante. Dans notre section Accessoires, vous trouverez tout ce dont vous avez besoin pour faciliter le nettoyage et la maintenance.<\/li><li>Toutes nos tasses sont en silicone de qualit\u00e9 m\u00e9dicale de haute qualit\u00e9, du m\u00eame type que le mat\u00e9riau utilis\u00e9 dans les salles d&#8217;op\u00e9ration. Elles sont hypoallerg\u00e9niques \u00e0 100%, de sorte que toute femme peut les utiliser sans risque d&#8217;allergie.<\/li><li>Elle n\u2019alt\u00e8re pas, ne s\u00e8che ou ne rase pas l&#8217;environnement vaginal naturel, et aucune bact\u00e9rie ne peut vivre \u00e0 la surface de la tasse si elle est correctement st\u00e9rilis\u00e9e, \u00e9vitant ainsi les restes de fibres, les infections vaginales, le syndrome toxique de choc et les maladies telles que la candidose et la cystite.<\/li><li>Elle est compatible avec l&#8217;utilisation du st\u00e9rilet et de l&#8217;anneau contraceptif.<\/li><li>Notre silicone est \u00e9cologique, avec l&#8217;utilisation de la coupe menstruelle, vous \u00e9viterez un an de tonnes de d\u00e9chets sous la forme de compresses et de tampons contenant des produits chimiques hautement polluants et nocifs tels que le chlore, c\u2019est pourquoi elle aide \u00e0 maintenir l&#8217;environnement.<\/li><\/ul><\/div>\n\t\t\t\t<\/div>\n\t\t\t\t\t\t\t<div class=\"elementor-accordion-item\">\n\t\t\t\t\t<div id=\"elementor-tab-title-1413\" class=\"elementor-tab-title\" data-tab=\"3\" role=\"button\" aria-controls=\"elementor-tab-content-1413\" aria-expanded=\"false\">\n\t\t\t\t\t\t\t\t\t\t\t\t\t<span class=\"elementor-accordion-icon elementor-accordion-icon-right\" aria-hidden=\"true\">\n\t\t\t\t\t\t\t\t\t\t\t\t\t\t\t<span class=\"elementor-accordion-icon-closed\"><i class=\"fas fa-plus\"><\/i><\/span>\n\t\t\t\t\t\t\t\t<span class=\"elementor-accordion-icon-opened\"><i class=\"fas fa-minus\"><\/i><\/span>\n\t\t\t\t\t\t\t\t\t\t\t\t\t\t<\/span>\n\t\t\t\t\t\t\t\t\t\t\t\t<a class=\"elementor-accordion-title\" tabindex=\"0\">Standards de qualit\u00e9 de la coupe menstruelle Sileucup<\/a>\n\t\t\t\t\t<\/div>\n\t\t\t\t\t<div id=\"elementor-tab-content-1413\" class=\"elementor-tab-content elementor-clearfix\" data-tab=\"3\" role=\"region\" aria-labelledby=\"elementor-tab-title-1413\"><p><img decoding=\"async\" class=\"irc_mi iG_UN1fWpPWg-pQOPx8XEepE alignleft\" src=\"http:\/\/www.sgs.com\/images\/SGS_Logo_500px_RGB.jpg\" alt=\"Resultado de imagen de sgs\" width=\"148\" height=\"148\" title=\"\"><\/p><p>La tasse menstruelle Sileucup suit les protocoles les plus stricts de contr\u00f4le et de qualit\u00e9 dans sa production. Le silicone est contr\u00f4l\u00e9e du fournisseur au produit final, avec une surveillance tr\u00e8s d\u00e9taill\u00e9e dans chaque processus afin d&#8217;assurer une s\u00e9curit\u00e9 et une hygi\u00e8ne maximales. Une fois la coupe produite, elle est scell\u00e9e dans un sac en plastique, ins\u00e9r\u00e9 dans son sac en coton avec le mode d&#8217;emploi dans sa bo\u00eete correspondante. Elle n&#8217;est donc pas manipul\u00e9e jusqu&#8217;\u00e0 ce qu&#8217;elle atteigne vos mains.<\/p><p>La coupe mensuelle Sileucup a \u00e9t\u00e9 test\u00e9e par Intertek pour s&#8217;assurer qu&#8217;elle ne contient pas de substances toxiques ou inqui\u00e9tantes, en passant le test SVHC (REACH), \u00e0 la fois le silicone utilis\u00e9 dans leur fabrication et celui contenu dans le produit final. Cette double analyse garantit la qualit\u00e9 maximale et la s\u00e9curit\u00e9 de l&#8217;utilisation de nos coupes menstruelles, qui ne contiennent aucune trace de quelconque substance dangereuse pour le corps humain.<\/p><\/div>\n\t\t\t\t<\/div>\n\t\t\t\t\t\t\t\t<\/div>\n\t\t\t\t\t\t<\/div>\n\t\t\t\t<\/div>\n\t\t\t\t\t<\/div>\n\t\t<\/div>\n\t\t\t\t\t<\/div>\n\t\t<\/section>\n\t\t\t\t<\/div>\n\t\t","protected":false},"excerpt":{"rendered":"<p>Qu\u2019est-ce que la coupe menstruelle La coupe menstruelle Sileu est l&#8217;avenir de l&#8217;hygi\u00e8ne intime f\u00e9minine, une r\u00e9volution dans la fa\u00e7on dont les femmes comprennent leurs r\u00e8gles comme quelque chose de propre et naturel. C&#8217;est une alternative facile \u00e0 utiliser, s\u00fbre, r\u00e9utilisable et respectueuse de l&#8217;environnement.L&#8217;utilisation de la coupelle Sileu est aussi simple que de la [&hellip;]<\/p>\n","protected":false},"author":4815,"featured_media":0,"parent":0,"menu_order":0,"comment_status":"closed","ping_status":"closed","template":"elementor_header_footer","meta":{"footnotes":""},"class_list":["post-5181","page","type-page","status-publish","hentry"],"_links":{"self":[{"href":"https:\/\/sileu.com\/fr\/wp-json\/wp\/v2\/pages\/5181","targetHints":{"allow":["GET"]}}],"collection":[{"href":"https:\/\/sileu.com\/fr\/wp-json\/wp\/v2\/pages"}],"about":[{"href":"https:\/\/sileu.com\/fr\/wp-json\/wp\/v2\/types\/page"}],"author":[{"embeddable":true,"href":"https:\/\/sileu.com\/fr\/wp-json\/wp\/v2\/users\/4815"}],"replies":[{"embeddable":true,"href":"https:\/\/sileu.com\/fr\/wp-json\/wp\/v2\/comments?post=5181"}],"version-history":[{"count":5,"href":"https:\/\/sileu.com\/fr\/wp-json\/wp\/v2\/pages\/5181\/revisions"}],"predecessor-version":[{"id":76969,"href":"https:\/\/sileu.com\/fr\/wp-json\/wp\/v2\/pages\/5181\/revisions\/76969"}],"wp:attachment":[{"href":"https:\/\/sileu.com\/fr\/wp-json\/wp\/v2\/media?parent=5181"}],"curies":[{"name":"wp","href":"https:\/\/api.w.org\/{rel}","templated":true}]}}