{"id":5186,"date":"2017-09-01T11:10:00","date_gmt":"2017-09-01T11:10:00","guid":{"rendered":"http:\/\/sileu.com\/?page_id=5186\/"},"modified":"2018-10-25T09:41:38","modified_gmt":"2018-10-25T09:41:38","slug":"mentions-legales","status":"publish","type":"page","link":"https:\/\/sileu.com\/fr\/mentions-legales\/","title":{"rendered":"Mentions l\u00e9gales"},"content":{"rendered":"<ol>\n<li>Donn\u00e9es de l&#8217;entreprise: Conform\u00e9ment \u00e0 l&#8217;article 10 de la loi 34\/2002 du 11 juillet sur les services de la soci\u00e9t\u00e9 de l&#8217;information et du commerce \u00e9lectronique, les donn\u00e9es d&#8217;identification de l&#8217;entreprise sont les suivantes. Nom de l&#8217;entreprise: Fulfillment Warehouse Spain S.L., domicili\u00e9 \u00e0 Calle Buend\u00eda 11, 19005, Guadalajara, Espagne, B19316165.<\/li>\n<li>Propri\u00e9t\u00e9 intellectuelle: Le code source, les dessins graphiques, les images, les photographies, les sons, les animations, les logiciels, les textes, ainsi que les informations et contenus inclus sur ce site sont prot\u00e9g\u00e9s par la l\u00e9gislation espagnole sur les droits de propri\u00e9t\u00e9 intellectuelle et industrielle en faveur de Fulfillment Warehouse Spain SL ainsi que la reproduction ou la publication totale ou partielle du site, son traitement informatique, sa distribution, sa diffusion ou sa transformation, sa transformation ou sa d\u00e9compilation, ou tout autre droit l\u00e9galement reconnu, sans l&#8217;autorisation \u00e9crite pr\u00e9alable de Fulfillment Warehouse Spain SL . L&#8217;utilisateur ne peut utiliser que le mat\u00e9riel qui appara\u00eet sur ce site Web pour son usage personnel et priv\u00e9, \u00e9tant interdit son utilisation \u00e0 des fins commerciales ou \u00e0 des activit\u00e9s illicites. Tous les droits d\u00e9riv\u00e9s de la propri\u00e9t\u00e9 intellectuelle sont express\u00e9ment r\u00e9serv\u00e9s par Fulfillment Warehouse Spain SL, Fulfillment Warehouse Spain SL, assurera le respect des conditions ci-dessus ainsi que l&#8217;utilisation r\u00e9guli\u00e8re des contenus pr\u00e9sent\u00e9s sur ses pages Web, exer\u00e7ant toutes les actions civiles et p\u00e9nalit\u00e9s vous correspondant en cas d&#8217;infraction ou de violation de ces droits par l&#8217;utilisateur.3. Protection des donn\u00e9es personnelles. Dans le cadre du respect de la l\u00e9gislation en vigueur, conform\u00e9ment \u00e0 la loi organique 15\/1999 du 13 d\u00e9cembre sur la protection des donn\u00e9es \u00e0 caract\u00e8re personnel (LOPD), qui vise \u00e0 garantir et \u00e0 prot\u00e9ger, le traitement des donn\u00e9es personnelles, les libert\u00e9s fondamentales et les droits des personnes physiques, et en particulier leur honneur et leur vie priv\u00e9e, Fulfillment Warehouse Spain SL, informe les utilisateurs que sur ce site ne sont pas demand\u00e9s ou enregistr\u00e9s des donn\u00e9es personnelles.<\/li>\n<li>Divers<\/li>\n<\/ol>\n<p>A.- \u200b\u200bFulfillment Warehouse Spain S.L., n&#8217;utilise pas de cookies stock\u00e9s sur l&#8217;ordinateur. Les cookies sont de petits fichiers que notre ordinateur vous envoie, mais ils ne nous fournissent pas d&#8217;informations sur votre nom ou sur vos donn\u00e9es personnelles. Lorsque l&#8217;utilisateur parcourt les pages Web de Fulfillment Warehouse Spain S.L., le serveur o\u00f9 il est h\u00e9berg\u00e9 reconna\u00eet automatiquement l&#8217;adresse IP de votre ordinateur, le jour et l&#8217;heure de la visite, quand il quitte la visite, ainsi que des informations sur les diff\u00e9rentes sections consult\u00e9es. Il est n\u00e9cessaire que le serveur connaisse ces donn\u00e9es pour pouvoir communiquer et envoyer la demande effectu\u00e9e et que le navigateur peut \u00eatre visualis\u00e9 \u00e0 l&#8217;\u00e9cran.<\/p>\n<p>B.- Entrep\u00f4t Warehouse Spain S.L. Vous pouvez modifier, sans pr\u00e9avis, les informations contenues dans votre site Web, ainsi que sa configuration et sa pr\u00e9sentation.<\/p>\n<p>C.- Warehouse Warehouse Spain S.L. Elle s&#8217;engage donc \u00e0 NE PAS ENGAGER DE PUBLICIT\u00c9 TROMPEUSE. A ces effets, par cons\u00e9quent, les erreurs formelles ou num\u00e9riques qui peuvent \u00eatre trouv\u00e9es tout au long du contenu des diff\u00e9rentes sections du site Web de Fulfillment Warehouse Spain SL, produites \u00e0 la suite d&#8217;une maintenance et \/ ou d&#8217;une mise \u00e0 jour, informations incompl\u00e8tes ou d\u00e9fectueuses contenues dans ces sections . Fulfillment Warehouse Spain S.L., en cons\u00e9quence des dispositions de la pr\u00e9sente section, s&#8217;engage \u00e0 le corriger d\u00e8s qu&#8217;il aura pris connaissance de telles erreurs.<\/p>\n<p>D.- Fulfillment Warehouse Spain S.L. s&#8217;engage \u00e0 NE PAS ENVOYER DE CORRESPONDANCE PUBLICITAIRE SANS L\u2019IDENTIFIER EN TANT QUE TELLE, conform\u00e9ment aux dispositions de la loi 34\/2002 sur les services de la soci\u00e9t\u00e9 de l&#8217;information et le commerce \u00e9lectronique. A ces effets, aucune information ne sera envoy\u00e9e aux CLIENTS de Fulfillment Warehouse Spain S.L. Pourvu que son but soit de maintenir la relation contractuelle existante entre le client et Fulfillment Warehouse Spain S.L., ainsi que l&#8217;ex\u00e9cution de l&#8217;information, de la formation et d&#8217;autres activit\u00e9s du service que le client a contract\u00e9es avec la soci\u00e9t\u00e9.<\/p>\n<p>E.- Fulfillment Warehouse Spain S.L. N&#8217;est pas responsable de la violation de toute norme applicable que l&#8217;utilisateur peut encourir en acc\u00e9dant au site Web et \/ ou \u00e0 l&#8217;utilisation de l&#8217;information qui y est contenue.<\/p>\n<p>F.- Fulfillment Warehouse Spain S.L. Ne sera pas responsable des dommages et des pertes caus\u00e9s ou susceptibles de se produire, quelle que soit leur nature, r\u00e9sultant de l&#8217;utilisation de l&#8217;information, des mat\u00e9riaux contenus dans ce site Web et des programmes qu&#8217;ils int\u00e8grent. Les liens et l&#8217;hypertexte qui permettent \u00e0 l&#8217;utilisateur d&#8217;acc\u00e9der aux services et services offerts par des tiers, via le site Web de ce site, n&#8217;appartiennent pas et ne sont pas sous le contr\u00f4le de Fulfillment Warehouse Spain S.L. Cette entit\u00e9 n&#8217;est pas responsable de l&#8217;information contenue dans celle-ci ou des effets qui pourraient r\u00e9sulter d&#8217;une telle information.<\/p>\n<p>G.- Fulfillment Warehouse Spain S.L. N&#8217;est pas responsable de l&#8217;utilisation ill\u00e9gitime que les tiers peuvent faire des noms de marques, des noms de produits, des noms commerciaux qui, bien que n&#8217;appartiennent pas \u00e0 cette entit\u00e9, apparaissent sur ce site. Il n\u2019est pas non plus responsible de l\u2019int\u00e9grit\u00e9, de la v\u00e9racit\u00e9 et de la l\u00e9galit\u00e9 du contenu des liens vers des sites internet acessibles depuis ce site internet.<\/p>\n<p>H.- En bref, l\u2019utilisateur est seul responsable de l\u2019utilisation qu\u2019il fait des services, contenus, liens et hypertextes contenus sur le site internet.<\/p>\n","protected":false},"excerpt":{"rendered":"<p>Donn\u00e9es de l&#8217;entreprise: Conform\u00e9ment \u00e0 l&#8217;article 10 de la loi 34\/2002 du 11 juillet sur les services de la soci\u00e9t\u00e9 de l&#8217;information et du commerce \u00e9lectronique, les donn\u00e9es d&#8217;identification de l&#8217;entreprise sont les suivantes. Nom de l&#8217;entreprise: Fulfillment Warehouse Spain S.L., domicili\u00e9 \u00e0 Calle Buend\u00eda 11, 19005, Guadalajara, Espagne, B19316165. Propri\u00e9t\u00e9 intellectuelle: Le code source, [&hellip;]<\/p>\n","protected":false},"author":4815,"featured_media":0,"parent":0,"menu_order":0,"comment_status":"closed","ping_status":"closed","template":"","meta":{"footnotes":""},"class_list":["post-5186","page","type-page","status-publish","hentry"],"_links":{"self":[{"href":"https:\/\/sileu.com\/fr\/wp-json\/wp\/v2\/pages\/5186","targetHints":{"allow":["GET"]}}],"collection":[{"href":"https:\/\/sileu.com\/fr\/wp-json\/wp\/v2\/pages"}],"about":[{"href":"https:\/\/sileu.com\/fr\/wp-json\/wp\/v2\/types\/page"}],"author":[{"embeddable":true,"href":"https:\/\/sileu.com\/fr\/wp-json\/wp\/v2\/users\/4815"}],"replies":[{"embeddable":true,"href":"https:\/\/sileu.com\/fr\/wp-json\/wp\/v2\/comments?post=5186"}],"version-history":[{"count":3,"href":"https:\/\/sileu.com\/fr\/wp-json\/wp\/v2\/pages\/5186\/revisions"}],"predecessor-version":[{"id":7325,"href":"https:\/\/sileu.com\/fr\/wp-json\/wp\/v2\/pages\/5186\/revisions\/7325"}],"wp:attachment":[{"href":"https:\/\/sileu.com\/fr\/wp-json\/wp\/v2\/media?parent=5186"}],"curies":[{"name":"wp","href":"https:\/\/api.w.org\/{rel}","templated":true}]}}