{"id":5187,"date":"2017-09-01T11:12:30","date_gmt":"2017-09-01T11:12:30","guid":{"rendered":"http:\/\/sileu.com\/?page_id=5187\/"},"modified":"2020-08-27T13:24:01","modified_gmt":"2020-08-27T13:24:01","slug":"qualite-et-normes-de-qualite-de-sileucup","status":"publish","type":"page","link":"https:\/\/sileu.com\/fr\/qualite-et-normes-de-qualite-de-sileucup\/","title":{"rendered":"Qualit\u00e9 et normes de qualit\u00e9 de SileuCup"},"content":{"rendered":"\t\t<div data-elementor-type=\"wp-page\" data-elementor-id=\"5187\" class=\"elementor elementor-5187 elementor-4143\" data-elementor-post-type=\"page\">\n\t\t\t\t\t\t<section class=\"elementor-section elementor-top-section elementor-element elementor-element-15702b9 elementor-section-boxed elementor-section-height-default elementor-section-height-default\" data-id=\"15702b9\" data-element_type=\"section\" data-settings=\"{&quot;background_background&quot;:&quot;classic&quot;}\">\n\t\t\t\t\t\t<div class=\"elementor-container elementor-column-gap-default\">\n\t\t\t\t\t<div class=\"elementor-column elementor-col-100 elementor-top-column elementor-element elementor-element-9041a47\" data-id=\"9041a47\" data-element_type=\"column\">\n\t\t\t<div class=\"elementor-widget-wrap elementor-element-populated\">\n\t\t\t\t\t\t<div class=\"elementor-element elementor-element-4a70af2 elementor-widget elementor-widget-theme-site-title elementor-widget-heading\" data-id=\"4a70af2\" data-element_type=\"widget\" data-widget_type=\"theme-site-title.default\">\n\t\t\t\t<div class=\"elementor-widget-container\">\n\t\t\t\t\t<h2 class=\"elementor-heading-title elementor-size-default\"><a href=\"https:\/\/sileu.com\/fr\/\">Coupes menstruelles et accessoires Sileu cup<\/a><\/h2>\t\t\t\t<\/div>\n\t\t\t\t<\/div>\n\t\t\t\t\t<\/div>\n\t\t<\/div>\n\t\t\t\t\t<\/div>\n\t\t<\/section>\n\t\t\t\t<section class=\"elementor-section elementor-top-section elementor-element elementor-element-95cff06 elementor-section-boxed elementor-section-height-default elementor-section-height-default\" data-id=\"95cff06\" data-element_type=\"section\">\n\t\t\t\t\t\t<div class=\"elementor-container elementor-column-gap-default\">\n\t\t\t\t\t<div class=\"elementor-column elementor-col-100 elementor-top-column elementor-element elementor-element-3d9b9a11\" data-id=\"3d9b9a11\" data-element_type=\"column\">\n\t\t\t<div class=\"elementor-widget-wrap elementor-element-populated\">\n\t\t\t\t\t\t<div class=\"elementor-element elementor-element-45815c67 elementor-widget elementor-widget-text-editor\" data-id=\"45815c67\" data-element_type=\"widget\" data-widget_type=\"text-editor.default\">\n\t\t\t\t<div class=\"elementor-widget-container\">\n\t\t\t\t\t\t\t\t\t<p>Nos coupes menstruelles sont fabriqu\u00e9es avec le silicone chirurgical de la plus haute qualit\u00e9, identique \u00e0 celui utilis\u00e9 par exemple pour fabriquer des instruments chirurgicaux, des t\u00e9tines pour t\u00e9tines pour b\u00e9b\u00e9s et des biberons ou des implants mammaires.<\/p><p>Toutes nos tasses menstruelles ont \u00e9t\u00e9 test\u00e9es par Intertek dans leur laboratoire ind\u00e9pendant en Allemagne gr\u00e2ce \u00e0 une analyse de laboratoire qui recherche les tasses chimiques appel\u00e9es SVHC (Substances hautement concern\u00e9es). Ces substances sont catalogu\u00e9es dans la r\u00e9glementation REACH dans ce qui suit:<\/p><ul><li>Substances canc\u00e9rog\u00e8nes<\/li><li>Substances mutag\u00e8nes<\/li><li>Substances toxiques pour la reproduction<\/li><li>Substances persistantes, bioaccumulables et toxiques<\/li><li>Substances pour lesquelles il existe &#8220;des preuves scientifiques d&#8217;effets graves sur la sant\u00e9 humaine ou l&#8217;environnement qui engendrent un niveau de pr\u00e9occupation \u00e9quivalent&#8221;<\/li><\/ul><p>\u00a0<\/p><p>Aucune trace de SVHC n&#8217;a \u00e9t\u00e9 trouv\u00e9e dans les tasses menstruelles de Sileu; Par cons\u00e9quent, nos tasses menstruelles poss\u00e8dent les sceaux de qualit\u00e9: &#8220;Test de PAH&#8221; (pas d&#8217;hydrocarbures aromatiques polycycliques), &#8220;sans plomb&#8221;, &#8220;sans cadmium&#8221; et &#8220;compos\u00e9s organiques de l&#8217;\u00e9tain test\u00e9s&#8221;.<\/p><p>Intertek est un leader international en mati\u00e8re de certification de produits avec plus de 36 000 employ\u00e9s et 1 000 sites dans plus de 100 pays \u00e0 travers le monde. Ils garantissent, gr\u00e2ce \u00e0 une analyse en laboratoire, que les produits analys\u00e9s r\u00e9pondent aux normes les plus \u00e9lev\u00e9es en mati\u00e8re de qualit\u00e9, de sant\u00e9, de s\u00e9curit\u00e9, d&#8217;environnement et de responsabilit\u00e9 sociale dans n&#8217;importe quel march\u00e9 du monde.<\/p><p>Par cons\u00e9quent, nos tasses menstruelles sont les seules qui peuvent garantir 100% de la plus haute qualit\u00e9 et s\u00e9curit\u00e9, ce qui se traduit par votre tranquillit\u00e9 d&#8217;esprit lors de son utilisation. Ils sont tr\u00e8s durables et faciles \u00e0 st\u00e9riliser, avec un entretien ad\u00e9quat, ils peuvent durer jusqu&#8217;\u00e0 10 ans.<\/p><p>Chez SileuCup, nous croyons fermement \u00e0 l&#8217;\u00e9limination des tabous concernant les menstruations, afin que nous puissions tous profiter de l&#8217;exp\u00e9rience de notre p\u00e9riode comme quelque chose de beau et naturel. Nous voulons donner un point de vue totalement diff\u00e9rent aux anciennes mentalit\u00e9s, qui pensent \u00e0 la menstruation comme quelque chose de n\u00e9gatif et qui d\u00e9fendent l&#8217;utilisation de produits de menstruation traditionnels et jetables, pleins de produits chimiques nuisibles \u00e0 notre sant\u00e9 et hautement polluants.<\/p><p>Nous pensons que nous avons tous le droit de vivre notre p\u00e9riode menstruelle de mani\u00e8re heureuse et saine. C&#8217;est pourquoi nous faisons tous les efforts pour que tous nos produits soient certifi\u00e9s, enregistr\u00e9s et fabriqu\u00e9s avec notre sant\u00e9 et notre confort.<\/p><h4 style=\"text-align: center\"><span style=\"color: #ff0000\"><strong><em>Chez SileuCup, nous sommes une \u00e9quipe de femmes travaillant pour toutes les femmes, pour leur autonomisation et pour un monde meilleur.<\/em><\/strong><\/span><\/h4>\t\t\t\t\t\t\t\t<\/div>\n\t\t\t\t<\/div>\n\t\t\t\t\t<\/div>\n\t\t<\/div>\n\t\t\t\t\t<\/div>\n\t\t<\/section>\n\t\t\t\t<\/div>\n\t\t","protected":false},"excerpt":{"rendered":"<p>Nos coupes menstruelles sont fabriqu\u00e9es avec le silicone chirurgical de la plus haute qualit\u00e9, identique \u00e0 celui utilis\u00e9 par exemple pour fabriquer des instruments chirurgicaux, des t\u00e9tines pour t\u00e9tines pour b\u00e9b\u00e9s et des biberons ou des implants mammaires. Toutes nos tasses menstruelles ont \u00e9t\u00e9 test\u00e9es par Intertek dans leur laboratoire ind\u00e9pendant en Allemagne gr\u00e2ce \u00e0 [&hellip;]<\/p>\n","protected":false},"author":4815,"featured_media":0,"parent":0,"menu_order":0,"comment_status":"closed","ping_status":"closed","template":"elementor_header_footer","meta":{"footnotes":""},"class_list":["post-5187","page","type-page","status-publish","hentry"],"_links":{"self":[{"href":"https:\/\/sileu.com\/fr\/wp-json\/wp\/v2\/pages\/5187","targetHints":{"allow":["GET"]}}],"collection":[{"href":"https:\/\/sileu.com\/fr\/wp-json\/wp\/v2\/pages"}],"about":[{"href":"https:\/\/sileu.com\/fr\/wp-json\/wp\/v2\/types\/page"}],"author":[{"embeddable":true,"href":"https:\/\/sileu.com\/fr\/wp-json\/wp\/v2\/users\/4815"}],"replies":[{"embeddable":true,"href":"https:\/\/sileu.com\/fr\/wp-json\/wp\/v2\/comments?post=5187"}],"version-history":[{"count":2,"href":"https:\/\/sileu.com\/fr\/wp-json\/wp\/v2\/pages\/5187\/revisions"}],"predecessor-version":[{"id":76971,"href":"https:\/\/sileu.com\/fr\/wp-json\/wp\/v2\/pages\/5187\/revisions\/76971"}],"wp:attachment":[{"href":"https:\/\/sileu.com\/fr\/wp-json\/wp\/v2\/media?parent=5187"}],"curies":[{"name":"wp","href":"https:\/\/api.w.org\/{rel}","templated":true}]}}