{"id":5190,"date":"2017-09-01T11:22:21","date_gmt":"2017-09-01T11:22:21","guid":{"rendered":"http:\/\/sileu.com\/?page_id=5190\/"},"modified":"2020-08-27T13:51:26","modified_gmt":"2020-08-27T13:51:26","slug":"comment-choisir-votre-ideal-coupe-menstruelle-sileucup","status":"publish","type":"page","link":"https:\/\/sileu.com\/fr\/comment-choisir-votre-ideal-coupe-menstruelle-sileucup\/","title":{"rendered":"Comment choisir votre id\u00e9al coupe menstruelle SileuCup"},"content":{"rendered":"\t\t<div data-elementor-type=\"wp-page\" data-elementor-id=\"5190\" class=\"elementor elementor-5190 elementor-4343\" data-elementor-post-type=\"page\">\n\t\t\t\t\t\t<section class=\"elementor-section elementor-top-section elementor-element elementor-element-d124031 elementor-section-boxed elementor-section-height-default elementor-section-height-default\" data-id=\"d124031\" data-element_type=\"section\" data-settings=\"{&quot;background_background&quot;:&quot;classic&quot;}\">\n\t\t\t\t\t\t<div class=\"elementor-container elementor-column-gap-default\">\n\t\t\t\t\t<div class=\"elementor-column elementor-col-100 elementor-top-column elementor-element elementor-element-2cdb5ba\" data-id=\"2cdb5ba\" data-element_type=\"column\">\n\t\t\t<div class=\"elementor-widget-wrap elementor-element-populated\">\n\t\t\t\t\t\t<div class=\"elementor-element elementor-element-1c7a19d elementor-widget elementor-widget-heading\" data-id=\"1c7a19d\" data-element_type=\"widget\" data-widget_type=\"heading.default\">\n\t\t\t\t<div class=\"elementor-widget-container\">\n\t\t\t\t\t<h2 class=\"elementor-heading-title elementor-size-default\">Comment choisir votre id\u00e9al coupe menstruelle SileuCup<\/h2>\t\t\t\t<\/div>\n\t\t\t\t<\/div>\n\t\t\t\t\t<\/div>\n\t\t<\/div>\n\t\t\t\t\t<\/div>\n\t\t<\/section>\n\t\t\t\t<section class=\"elementor-section elementor-top-section elementor-element elementor-element-6191e28d elementor-section-boxed elementor-section-height-default elementor-section-height-default\" data-id=\"6191e28d\" data-element_type=\"section\">\n\t\t\t\t\t\t<div class=\"elementor-container elementor-column-gap-default\">\n\t\t\t\t\t<div class=\"elementor-column elementor-col-100 elementor-top-column elementor-element elementor-element-1182870a\" data-id=\"1182870a\" data-element_type=\"column\">\n\t\t\t<div class=\"elementor-widget-wrap elementor-element-populated\">\n\t\t\t\t\t\t<div class=\"elementor-element elementor-element-7f800cb8 elementor-widget elementor-widget-text-editor\" data-id=\"7f800cb8\" data-element_type=\"widget\" data-widget_type=\"text-editor.default\">\n\t\t\t\t<div class=\"elementor-widget-container\">\n\t\t\t\t\t\t\t\t\t<p>Sur notre site internet vous pouvez trouver diff\u00e9rents mod\u00e8les de coupes menstruelles. Vous vous demandez sans doute, lequel marche le mieux ? Celui-l\u00e0 sera l\u2019id\u00e9al pour moi ? Lequel dois-je choisir ?<\/p><p>Sans aucun doute, le corps de chaque femme est un monde \u00e0 part enti\u00e8re, et il est difficile d\u2019\u00e9tablir des r\u00e8gles ou des lignes de conduite qui s\u2019adapteront \u00e0 toutes les femmes, mais il est vrai que certaines r\u00e8gles donne un assez bon r\u00e9sultat pour choisir la coupe menstruelle Silecup id\u00e9ale pour vous :<\/p><p>Gardez \u00e0 l\u2019esprit qu\u2019il y a plusieurs param\u00e8tres qui diff\u00e9rencient les coupes menstruelles Sileucup des autres, comme leur taille, leur capacit\u00e9, leur couleur, leur texture, leur forme, leurs trous d\u2019\u00e9vacuation, etc. Cependant, tous ces facteurs sont plus secondaires quand on recherche la coupe menstruelle optimale pour votre corps.<\/p><p>Nous recommandons toujours de prendre en compte le param\u00e8tre qui est, selon notre exp\u00e9rience, le plus fondamental de tous : la flexibilit\u00e9 de la coupe menstruelle, qui est intimement reli\u00e9e \u00e0 la force du plancher pelvien de chaque femme. La flexibilit\u00e9 varie sur une \u00e9chelle de 1 \u00e0 10, 1 \u00e9tant le moins flexibile et 10 le plus flexible.<\/p><p><img fetchpriority=\"high\" decoding=\"async\" class=\"aligncenter wp-image-76446 size-full\" src=\"https:\/\/sileu.com\/wp-content\/uploads\/2020\/08\/COPAS-ROJAS-JUNTAS.png\" alt=\"\" width=\"600\" height=\"220\" title=\"\" srcset=\"https:\/\/sileu.com\/wp-content\/uploads\/2020\/08\/COPAS-ROJAS-JUNTAS.png 600w, https:\/\/sileu.com\/wp-content\/uploads\/2020\/08\/COPAS-ROJAS-JUNTAS-510x187.png 510w\" sizes=\"(max-width: 600px) 100vw, 600px\" \/><\/p><h4 style=\"text-align: center\"><strong><span style=\"color: #ff0000\"><em>Voici une description d\u00e9taill\u00e9e de chaque mod\u00e8le, trouvez votre Sileucup !<\/em><\/span><\/strong><\/h4><ul><li><em><strong>Le mod\u00e8le Sport <\/strong>a une flexibilit\u00e9 de 1<\/em> et est particuli\u00e8rement adapt\u00e9 aux femmes ayant un plancher pelvien bien entrain\u00e9 (elles pratiquent r\u00e9guli\u00e8rement des exercices comme les pilates, la danse, l&#8217;\u00e9quitation, etc.). La coupe menstruelle Sport, moins souple, exerce une pression accrue sur la paroi vaginale, ce qui emp\u00eache la fuite et s\u2019ajuste parfaitement. Elle n&#8217;a que deux trous d&#8217;\u00e9vacuation, pour \u00eatre plus ferm\u00e9e et s\u00fbre. Ell est rose, et le toucher est le plus dur mais le plus doux. La tige est plate, bien que si cela vous d\u00e9range, vous pouvez choisir d\u2019en couper une partie ou la tige enti\u00e8re.<\/li><\/ul><p>\u00a0<\/p><ul><li><strong><em>Le mod\u00e8le Soft <\/em><\/strong><em>a une flexibilit\u00e9 de 8<\/em>, c\u2019est le mod\u00e8le le plus doux dont nous disposons actuellement. Il est un peu plus difficile \u00e0 d\u00e9plier une fois ins\u00e9r\u00e9, mais il met exerce de pression sur les parois vaginales. Il a quatre trous d&#8217;\u00e9vacuation, il est donc plus facile de casser le joint lors du retrait. Ce mod\u00e8le a \u00e9t\u00e9 sp\u00e9cialement con\u00e7u pour les femmes qui ont un plancher pelvien faible ou sensible, par exemple, si vous avez accouch\u00e9 r\u00e9cemment, si vous avez tendance \u00e0 souffrir de maladies vaginales ou si vous ne pratiquez pas de sport de renforcement du plancher pelvien. Il est de couleur mauve et son toucher est tr\u00e8s doux, soyeux et doux. La tige est courte et ronde, elle peut \u00e9galement \u00eatre coup\u00e9e si elle d\u00e9range.<\/li><\/ul><p>\u00a0<\/p><ul><li><em><strong>Le mod\u00e8le Classic <\/strong>a une flexibilit\u00e9 de 5<\/em>. Sa fermet\u00e9 moyenne (elle se d\u00e9plie relativement facilement et exerce une pression standard sur les parois vaginales) la rend id\u00e9ale pour la plupart des femmes. Elle a quatre trous d\u2019\u00e9vacuation. Elle est mauve, et a un toucher doux. Sa tige est plate et ovale, et comme les autres mod\u00e8les, la tige peut \u00eatre coup\u00e9e si d\u00e9sir\u00e9.<\/li><\/ul><p>\u00a0<\/p><ul><li><em><strong>Le mod\u00e8le Tulip <\/strong>a une flexibilit\u00e9 de 5<\/em> comme le mod\u00e8le Classic, avec la diff\u00e9rence que son design en forme de tulipe et son appendice ronde la rend plus facile \u00e0 placer, ce qui la rend id\u00e9al pour commencer \u00e0 utiliser la coupe menstruelle. De m\u00eame, si c&#8217;est la premi\u00e8re fois que vous allez utiliser une coupe menstruelle et que vous ne savez pas quel choix faire, nous vous recommandons de commencer par celle-ci. Elle est de couleur mauve, douce et sa tige est ronde et creuse (elle peut \u00e9galement \u00eatre d\u00e9coup\u00e9e).<\/li><\/ul><p>\u00a0<\/p><ul><li><em><strong>Le mod\u00e8le Rose <\/strong>a une flexibilit\u00e9 de 3.<\/em> Il s&#8217;adapte parfaitement aux parois vaginales sans bouger et sans risque de fuite. Le mod\u00e8le Rose est particuli\u00e8rement recommand\u00e9 comme mod\u00e8le de d\u00e9part, \u00e9tant tr\u00e8s facile \u00e0 placer et \u00e0 enlever sans tacher ni renverser. Il a un design totalement unique et inimitable fabriqu\u00e9 en Espagne, ressemblant \u00e0 une belle rose translucide rouge ou blanche selon votre choix, avec la touche velout\u00e9e d&#8217;un p\u00e9tale de fleur.<\/li><\/ul><p>\u00a0<\/p><ul><li><em><strong>Le mod\u00e8le Divine<\/strong> a un flex de 8<\/em> tout comme le mod\u00e8le Soft. C&#8217;est une bonne option si vous avez besoin d&#8217;une cupule plus flexible car vous avez un plancher pelvien faible et \/ ou sensible mais la tige du mod\u00e8le Soft est courte pour que vous puissiez l&#8217;extraire facilement (par exemple, si vous avez un col haut), car gr\u00e2ce \u00e0 la balle au l&#8217;extr\u00e9mit\u00e9 de la tige est tr\u00e8s facile \u00e0 saisir pour extraire. Il est de couleur mauve.<\/li><\/ul><p>\u00a0<\/p><ul><li><em><strong>Le mod\u00e8le Bell <\/strong>a une flexibilit\u00e9 de 2.<\/em> Il est id\u00e9al pour les femmes avec un col bas, car sa forme en cloche s&#8217;adapte id\u00e9alement aux parois vaginales. De plus, sa tige en forme de &#8220;fil&#8221;, imitant la forme des tampons, le rend facile \u00e0 extraire, et peut \u00eatre coup\u00e9e \u00e0 la hauteur d\u00e9sir\u00e9e. Il est de couleur transparente.<\/li><\/ul><p>\u00a0<\/p><h4 style=\"text-align: center\"><span style=\"color: #ff0000\"><em><strong>Toutes les tasses comprennent un petit m\u00e8tre de capacit\u00e9 sur le corps de la tasse.<\/strong><\/em><\/span><\/h4><p>En ce qui concerne la taille, si vous avez moins de 25 ans et \/ ou n&#8217;avez jamais eu un accouchement naturel, la taille que nous recommandons est S. Si au contraire, vous avez plus de 25 ans et \/ ou avez eu une ou plusieurs naissances naturelles, votre taille recommand\u00e9e est L.<\/p><p>En tout cas, comme nous l&#8217;avons d\u00e9j\u00e0 dit, chaque corps est un monde et ces lignes directrices sont g\u00e9n\u00e9rales. Elles fonctionnent g\u00e9n\u00e9ralement bien pour la plupart des femmes, mais vous pouvez vous sentir plus \u00e0 l&#8217;aise avec un autre mod\u00e8le ou une autre taille que cette orientation. Nous recommandons donc d&#8217;essayer de choisir celui qui vous convient le mieux.<\/p><p>\u00a0<\/p><p><img decoding=\"async\" class=\"size-medium wp-image-7938 aligncenter\" src=\"https:\/\/sileu.com\/wp-content\/uploads\/2019\/04\/CUADRO-COMPARATIVO-PEQUENO-FR-800x400.jpg\" alt=\"\" width=\"800\" height=\"400\" title=\"\" srcset=\"https:\/\/sileu.com\/wp-content\/uploads\/2019\/04\/CUADRO-COMPARATIVO-PEQUENO-FR-800x400.jpg 800w, https:\/\/sileu.com\/wp-content\/uploads\/2019\/04\/CUADRO-COMPARATIVO-PEQUENO-FR-510x255.jpg 510w, https:\/\/sileu.com\/wp-content\/uploads\/2019\/04\/CUADRO-COMPARATIVO-PEQUENO-FR-768x384.jpg 768w, https:\/\/sileu.com\/wp-content\/uploads\/2019\/04\/CUADRO-COMPARATIVO-PEQUENO-FR-1600x800.jpg 1600w, https:\/\/sileu.com\/wp-content\/uploads\/2019\/04\/CUADRO-COMPARATIVO-PEQUENO-FR-1320x660.jpg 1320w\" sizes=\"(max-width: 800px) 100vw, 800px\" \/><\/p>\t\t\t\t\t\t\t\t<\/div>\n\t\t\t\t<\/div>\n\t\t\t\t\t<\/div>\n\t\t<\/div>\n\t\t\t\t\t<\/div>\n\t\t<\/section>\n\t\t\t\t<\/div>\n\t\t","protected":false},"excerpt":{"rendered":"<p>Comment choisir votre id\u00e9al coupe menstruelle SileuCup Sur notre site internet vous pouvez trouver diff\u00e9rents mod\u00e8les de coupes menstruelles. Vous vous demandez sans doute, lequel marche le mieux ? Celui-l\u00e0 sera l\u2019id\u00e9al pour moi ? Lequel dois-je choisir ? Sans aucun doute, le corps de chaque femme est un monde \u00e0 part enti\u00e8re, et il [&hellip;]<\/p>\n","protected":false},"author":4815,"featured_media":14409,"parent":0,"menu_order":0,"comment_status":"closed","ping_status":"closed","template":"elementor_header_footer","meta":{"footnotes":""},"class_list":["post-5190","page","type-page","status-publish","has-post-thumbnail","hentry"],"_links":{"self":[{"href":"https:\/\/sileu.com\/fr\/wp-json\/wp\/v2\/pages\/5190","targetHints":{"allow":["GET"]}}],"collection":[{"href":"https:\/\/sileu.com\/fr\/wp-json\/wp\/v2\/pages"}],"about":[{"href":"https:\/\/sileu.com\/fr\/wp-json\/wp\/v2\/types\/page"}],"author":[{"embeddable":true,"href":"https:\/\/sileu.com\/fr\/wp-json\/wp\/v2\/users\/4815"}],"replies":[{"embeddable":true,"href":"https:\/\/sileu.com\/fr\/wp-json\/wp\/v2\/comments?post=5190"}],"version-history":[{"count":7,"href":"https:\/\/sileu.com\/fr\/wp-json\/wp\/v2\/pages\/5190\/revisions"}],"predecessor-version":[{"id":76973,"href":"https:\/\/sileu.com\/fr\/wp-json\/wp\/v2\/pages\/5190\/revisions\/76973"}],"wp:featuredmedia":[{"embeddable":true,"href":"https:\/\/sileu.com\/fr\/wp-json\/wp\/v2\/media\/14409"}],"wp:attachment":[{"href":"https:\/\/sileu.com\/fr\/wp-json\/wp\/v2\/media?parent=5190"}],"curies":[{"name":"wp","href":"https:\/\/api.w.org\/{rel}","templated":true}]}}