{"id":5192,"date":"2017-09-01T11:25:52","date_gmt":"2017-09-01T11:25:52","guid":{"rendered":"http:\/\/sileu.com\/?page_id=5192\/"},"modified":"2017-09-01T11:25:52","modified_gmt":"2017-09-01T11:25:52","slug":"frais-dexpedition","status":"publish","type":"page","link":"https:\/\/sileu.com\/fr\/frais-dexpedition\/","title":{"rendered":"Frais d\u2019exp\u00e9dition"},"content":{"rendered":"<p><strong>Expedition en Espagne, vers la P\u00e9ninsule et vers les Bal\u00e9ares<\/strong><\/p>\n<p>Les frais d\u2019exp\u00e9dition sont gratuits pour les commandes de plus de 29 euros.<\/p>\n<p>Pour des commandes vers la P\u00e9ninsule de moins de 29 eurso, les frais d\u2019exp\u00e9dition sont de 3\u20ac99. Les commandes sont lir\u00e9es par Correos PAQ72 et la livraison se fait en entre 24 et 72 heures.<\/p>\n<p>Vous pouvez choisir la livraison avec Correos Express, en option, avec une livraison garantie en 24 heures. Si vous faites une commande avant 17h00 (heure d\u2019Europe Centrale), la commande sera livr\u00e9e le jour m\u00eame.<\/p>\n<p>La livraison aux \u00eeles Canaries est faite par courier ordinaire et le prix est de 9\u20ac90, la livraison est faite entre 5 et 7 jours.<\/p>\n<p>&nbsp;<\/p>\n<p><strong>Livraison en Europe<\/strong><\/p>\n<p>La livraison est faite avec FedEx Economy, pour 12\u20ac99 avec un d\u00e9lai de livraison entre 3 et 4 jours.<\/p>\n<p>&nbsp;<\/p>\n<p><strong>Livraison en Am\u00e9rique du Sud<\/strong><\/p>\n<p>La livraison est faite avec FedEx Eonomy, pour 29\u20ac99 avec un d\u00e9lai de livraison entre 5 et 7 jours.<\/p>\n<p>&nbsp;<\/p>\n<p><strong>Livraison en Am\u00e9rique du Nord<\/strong><\/p>\n<p>La livraison est faite avec FedEx Economy, pour 19\u20ac99 avec un d\u00e9lai de livraison entre 4 et 5 jours.<\/p>\n","protected":false},"excerpt":{"rendered":"<p>Expedition en Espagne, vers la P\u00e9ninsule et vers les Bal\u00e9ares Les frais d\u2019exp\u00e9dition sont gratuits pour les commandes de plus de 29 euros. Pour des commandes vers la P\u00e9ninsule de moins de 29 eurso, les frais d\u2019exp\u00e9dition sont de 3\u20ac99. Les commandes sont lir\u00e9es par Correos PAQ72 et la livraison se fait en entre 24 [&hellip;]<\/p>\n","protected":false},"author":4815,"featured_media":0,"parent":0,"menu_order":0,"comment_status":"closed","ping_status":"closed","template":"","meta":{"footnotes":""},"class_list":["post-5192","page","type-page","status-publish","hentry"],"_links":{"self":[{"href":"https:\/\/sileu.com\/fr\/wp-json\/wp\/v2\/pages\/5192","targetHints":{"allow":["GET"]}}],"collection":[{"href":"https:\/\/sileu.com\/fr\/wp-json\/wp\/v2\/pages"}],"about":[{"href":"https:\/\/sileu.com\/fr\/wp-json\/wp\/v2\/types\/page"}],"author":[{"embeddable":true,"href":"https:\/\/sileu.com\/fr\/wp-json\/wp\/v2\/users\/4815"}],"replies":[{"embeddable":true,"href":"https:\/\/sileu.com\/fr\/wp-json\/wp\/v2\/comments?post=5192"}],"version-history":[{"count":1,"href":"https:\/\/sileu.com\/fr\/wp-json\/wp\/v2\/pages\/5192\/revisions"}],"predecessor-version":[{"id":5202,"href":"https:\/\/sileu.com\/fr\/wp-json\/wp\/v2\/pages\/5192\/revisions\/5202"}],"wp:attachment":[{"href":"https:\/\/sileu.com\/fr\/wp-json\/wp\/v2\/media?parent=5192"}],"curies":[{"name":"wp","href":"https:\/\/api.w.org\/{rel}","templated":true}]}}