{"id":5193,"date":"2017-09-01T11:27:18","date_gmt":"2017-09-01T11:27:18","guid":{"rendered":"http:\/\/sileu.com\/?page_id=5193\/"},"modified":"2017-09-01T11:27:18","modified_gmt":"2017-09-01T11:27:18","slug":"merci-pour-votre-cooperation","status":"publish","type":"page","link":"https:\/\/sileu.com\/fr\/merci-pour-votre-cooperation\/","title":{"rendered":"Merci pour votre coop\u00e9ration!"},"content":{"rendered":"<h2 style=\"text-align: center;\"><img fetchpriority=\"high\" decoding=\"async\" class=\"alignnone size-full wp-image-3698\" src=\"http:\/\/sileu.com\/wp-content\/uploads\/2016\/12\/Colaboracion-300x259.jpg\" alt=\"colaboracion-300x259\" width=\"300\" height=\"259\" title=\"\"><\/h2>\n<h2 style=\"text-align: center;\">Merci pour votre coop\u00e9ration!<\/h2>\n<p>De la part de Sileu, nous voulons vous remercier pour votre coop\u00e9ration, nous vous enverrons les coupes menstruelles \u00e0 l\u2019adresse que vous avez indiqu\u00e9e.<\/p>\n<p>Votre opinion et l\u2019article que vous posterez sur notre site pour promouvoir notre nouvelle coupe menstruelle sera tr\u00e8s utile.<\/p>\n<p>Actuellement, le monopole dans l\u2019industrie des soins personnels pour femmes est d\u00e9tenu par des grandes entreprises comme Johnson &amp; Johnson et P &amp; G, des fabricants de tampons et de serviettes hygi\u00e9niques et les coupes menstruelles, malgr\u00e9 les avantages \u00e0 la utiliser, ne sont pas tr\u00e8s populaires car ces enreprises s\u2019occupent de ne pas les promouoir, autrement ils perdraient des millions. Gr\u00e2ce \u00e0 votre aide, nous pourrons rendre les coupes menstruelles plus connues et ainsi aider \u00e0 prendre soin de l\u2019environnement avec moins de d\u00e9chets et de produits toxiques.<\/p>\n<p><img decoding=\"async\" class=\"size-full wp-image-3704 aligncenter\" src=\"http:\/\/sileu.com\/wp-content\/uploads\/2016\/12\/gracias.jpg\" alt=\"gracias\" width=\"634\" height=\"349\" title=\"\" srcset=\"https:\/\/sileu.com\/wp-content\/uploads\/2016\/12\/gracias.jpg 634w, https:\/\/sileu.com\/wp-content\/uploads\/2016\/12\/gracias-510x281.jpg 510w\" sizes=\"(max-width: 634px) 100vw, 634px\" \/><\/p>\n<p style=\"text-align: right;\">Viviana Quijano<br \/>\nMarketing<br \/>\nSileu<\/p>\n<p>&nbsp;<\/p>\n","protected":false},"excerpt":{"rendered":"<p>Merci pour votre coop\u00e9ration! De la part de Sileu, nous voulons vous remercier pour votre coop\u00e9ration, nous vous enverrons les coupes menstruelles \u00e0 l\u2019adresse que vous avez indiqu\u00e9e. Votre opinion et l\u2019article que vous posterez sur notre site pour promouvoir notre nouvelle coupe menstruelle sera tr\u00e8s utile. Actuellement, le monopole dans l\u2019industrie des soins personnels [&hellip;]<\/p>\n","protected":false},"author":4815,"featured_media":0,"parent":0,"menu_order":0,"comment_status":"closed","ping_status":"closed","template":"","meta":{"footnotes":""},"class_list":["post-5193","page","type-page","status-publish","hentry"],"_links":{"self":[{"href":"https:\/\/sileu.com\/fr\/wp-json\/wp\/v2\/pages\/5193","targetHints":{"allow":["GET"]}}],"collection":[{"href":"https:\/\/sileu.com\/fr\/wp-json\/wp\/v2\/pages"}],"about":[{"href":"https:\/\/sileu.com\/fr\/wp-json\/wp\/v2\/types\/page"}],"author":[{"embeddable":true,"href":"https:\/\/sileu.com\/fr\/wp-json\/wp\/v2\/users\/4815"}],"replies":[{"embeddable":true,"href":"https:\/\/sileu.com\/fr\/wp-json\/wp\/v2\/comments?post=5193"}],"version-history":[{"count":1,"href":"https:\/\/sileu.com\/fr\/wp-json\/wp\/v2\/pages\/5193\/revisions"}],"predecessor-version":[{"id":5204,"href":"https:\/\/sileu.com\/fr\/wp-json\/wp\/v2\/pages\/5193\/revisions\/5204"}],"wp:attachment":[{"href":"https:\/\/sileu.com\/fr\/wp-json\/wp\/v2\/media?parent=5193"}],"curies":[{"name":"wp","href":"https:\/\/api.w.org\/{rel}","templated":true}]}}