{"id":5194,"date":"2017-09-01T11:28:59","date_gmt":"2017-09-01T11:28:59","guid":{"rendered":"http:\/\/sileu.com\/?page_id=5194\/"},"modified":"2017-09-01T11:28:59","modified_gmt":"2017-09-01T11:28:59","slug":"propos-de-nous","status":"publish","type":"page","link":"https:\/\/sileu.com\/fr\/propos-de-nous\/","title":{"rendered":"\u00c0 propos de nous"},"content":{"rendered":"<p><strong>Conna\u00eetre notre projet<\/strong><\/p>\n<p>La coupe menstruelle SileuCup est fabriqu\u00e9e par Home Health Europe, une entreprise passion\u00e9e et motiv\u00e9e pour la cr\u00e9ation d\u2019un changement social et d\u2019une r\u00e9volution pour les femmes afin qu\u2019elles comprennent leur cycle menstruel.<\/p>\n<p>Nous visons l\u2019autonomisation des femmes, le contr\u00f4le et l\u2019acceptation de leur corps sans tenir compte de la race, de la religion, de la couleur de peau, de l\u2019ethnie ou de quelconque autre facteur.<\/p>\n<p>Nous proposons une m\u00e9thode propre, hygi\u00e9nique, \u00e9conomique et durable pour toutes les femmes qui veulent l\u2019utiliser et ainsi se d\u00e9barasser de cet \u00abesclavage\u00bb qu\u2019implique l\u2019utilisation de m\u00e9thodes traditionnelles comme les compresses ou les tampons.<\/p>\n<p>Actuellement, nous avons deux g\u00e9ants \u00e0 combattre dans le monde :<\/p>\n<p>Les premiers sont les multinationales commercialisant des tampons, comme J &amp; J ou P &amp; G, qui ne se pr\u00e9occupent pas de comprendre les femmes et ne sont pas int\u00e9ress\u00e9es par l\u2019utilisation de coupes menstruelles car elles pourraient ainsi perdre une march\u00e9 de plusieurs milliards de dollars.<\/p>\n<p>Les seconds sont les grandes entreprises commercialisant des coupes menstruelles, les vendent \u00e0 des prix \u00e9lev\u00e9s et parfois disproportionn\u00e9s, ce qui fait que s\u2019en procurer est peu abordable. Nous voulons vous proposer nos coupes menstruelles \u00e0 un prix raisonnable, et d\u2019une qualit\u00e9 parfaitement comparable \u00e0 des coupes menstruelles vendues \u00e0 un prix bien plus \u00e9lev\u00e9.<\/p>\n<p>&nbsp;<\/p>\n<p><strong>Valeurs<\/strong><\/p>\n<p>Nous promouvons la durabilit\u00e9 : \u00e9conomique, sociale et environnementale. Nous accordons de l\u2019importance \u00e0 la transparence, \u00e0 l\u2019int\u00e9grit\u00e9 et \u00e0 la confiance dans toutes nos relations.<\/p>\n<p>L\u2019association du Syndrome du choc toxique mentruel (SCT) li\u00e9 \u00e0 l\u2019utilisation de tampons synth\u00e9tiques a pouss\u00e9 beaucoup de femmes \u00e0 s\u2019orienter vers des alternatives comme des coupes mentruelles ou des tampons en coton qui sont disponible sur le march\u00e9. Le SCT, une maladie infectieuse parfois mortelle, caract\u00e9ris\u00e9e par des fi\u00e8vres, diarrh\u00e9es, naus\u00e9es, des \u00e9ryth\u00e8mes diffus et des chocs, appara\u00eet surtout chez les femmes qui utilisent des tampons \u00e0 haut degr\u00e9 d\u2019absorption. La pr\u00e9sence de dioxine, un produit d\u00e9riv\u00e9 du processus de blanchiment au chlore, touche \u00e9galement n\u00e9gativement la sant\u00e9 des femmes.<\/p>\n<p>L\u2019amiante, la dioxine ou la soie artificielle sont pr\u00e9sentes dans la fabrication de la plupart des tampons et des serviettes hygi\u00e9niques et ainsi les risques d\u2019\u00eatre atteinte du Syndrome du choc toxique (SCT) sont augment\u00e9s par l\u2019utilisation des tampons.<\/p>\n<hr \/>\n<p>[block id=&#8221;team-members&#8221;]<\/p>\n","protected":false},"excerpt":{"rendered":"<p>[ux_banner bg=&#8221;http:\/\/tommyvedvik.com\/dummy.gif&#8221; height=&#8221;300px&#8221; animation=&#8221;flipInX&#8221; parallax=&#8221;3&#8243;]<\/p>\n<h1>ABOUT US<\/h1>\n<p>___<br \/>\n[share]<\/p>\n<p>[\/ux_banner]<\/p>\n","protected":false},"author":4815,"featured_media":0,"parent":0,"menu_order":0,"comment_status":"closed","ping_status":"closed","template":"page-blank-container.php","meta":{"footnotes":""},"class_list":["post-5194","page","type-page","status-publish","hentry"],"_links":{"self":[{"href":"https:\/\/sileu.com\/fr\/wp-json\/wp\/v2\/pages\/5194","targetHints":{"allow":["GET"]}}],"collection":[{"href":"https:\/\/sileu.com\/fr\/wp-json\/wp\/v2\/pages"}],"about":[{"href":"https:\/\/sileu.com\/fr\/wp-json\/wp\/v2\/types\/page"}],"author":[{"embeddable":true,"href":"https:\/\/sileu.com\/fr\/wp-json\/wp\/v2\/users\/4815"}],"replies":[{"embeddable":true,"href":"https:\/\/sileu.com\/fr\/wp-json\/wp\/v2\/comments?post=5194"}],"version-history":[{"count":1,"href":"https:\/\/sileu.com\/fr\/wp-json\/wp\/v2\/pages\/5194\/revisions"}],"predecessor-version":[{"id":5205,"href":"https:\/\/sileu.com\/fr\/wp-json\/wp\/v2\/pages\/5194\/revisions\/5205"}],"wp:attachment":[{"href":"https:\/\/sileu.com\/fr\/wp-json\/wp\/v2\/media?parent=5194"}],"curies":[{"name":"wp","href":"https:\/\/api.w.org\/{rel}","templated":true}]}}